{"id":2453,"date":"2016-12-06T14:45:28","date_gmt":"2016-12-06T14:45:28","guid":{"rendered":"http:\/\/www.aquaquick2000.com\/?page_id=2453"},"modified":"2023-01-27T10:17:38","modified_gmt":"2023-01-27T10:17:38","slug":"aquaquick-2000-product-benefits","status":"publish","type":"page","link":"https:\/\/www.aquaquick2000.com\/cs\/aquaquick-2000-product-benefits\/","title":{"rendered":"V\u00fdhody produktu AQUAQUICK 2000"},"content":{"rendered":"<section class=\"section dark\" id=\"section_2076790210\">\n\t\t<div class=\"section-bg fill\" >\n\t\t\t<img decoding=\"async\" width=\"1920\" height=\"441\" src=\"https:\/\/b3871678.smushcdn.com\/3871678\/wp-content\/uploads\/2020\/09\/aquaquick-2000-oil-cleaning-waterwave.jpg?lossy=2&strip=1&webp=1\" class=\"bg attachment- size-\" alt=\"\" title=\"\" srcset=\"https:\/\/b3871678.smushcdn.com\/3871678\/wp-content\/uploads\/2020\/09\/aquaquick-2000-oil-cleaning-waterwave.jpg?lossy=2&amp;strip=1&amp;webp=1 1920w, https:\/\/b3871678.smushcdn.com\/3871678\/wp-content\/uploads\/2020\/09\/aquaquick-2000-oil-cleaning-waterwave-510x117.jpg?lossy=2&amp;strip=1&amp;webp=1 510w, https:\/\/b3871678.smushcdn.com\/3871678\/wp-content\/uploads\/2020\/09\/aquaquick-2000-oil-cleaning-waterwave-500x115.jpg?lossy=2&amp;strip=1&amp;webp=1 500w, https:\/\/b3871678.smushcdn.com\/3871678\/wp-content\/uploads\/2020\/09\/aquaquick-2000-oil-cleaning-waterwave-1280x294.jpg?lossy=2&amp;strip=1&amp;webp=1 1280w, https:\/\/b3871678.smushcdn.com\/3871678\/wp-content\/uploads\/2020\/09\/aquaquick-2000-oil-cleaning-waterwave-768x176.jpg?lossy=2&amp;strip=1&amp;webp=1 768w, https:\/\/b3871678.smushcdn.com\/3871678\/wp-content\/uploads\/2020\/09\/aquaquick-2000-oil-cleaning-waterwave-1536x353.jpg?lossy=2&amp;strip=1&amp;webp=1 1536w, https:\/\/b3871678.smushcdn.com\/3871678\/wp-content\/uploads\/2020\/09\/aquaquick-2000-oil-cleaning-waterwave.jpg?size=204x47&amp;lossy=2&amp;strip=1&amp;webp=1 204w, https:\/\/b3871678.smushcdn.com\/3871678\/wp-content\/uploads\/2020\/09\/aquaquick-2000-oil-cleaning-waterwave.jpg?size=408x94&amp;lossy=2&amp;strip=1&amp;webp=1 408w, https:\/\/b3871678.smushcdn.com\/3871678\/wp-content\/uploads\/2020\/09\/aquaquick-2000-oil-cleaning-waterwave.jpg?size=612x141&amp;lossy=2&amp;strip=1&amp;webp=1 612w, https:\/\/b3871678.smushcdn.com\/3871678\/wp-content\/uploads\/2020\/09\/aquaquick-2000-oil-cleaning-waterwave.jpg?size=1020x234&amp;lossy=2&amp;strip=1&amp;webp=1 1020w\" sizes=\"(max-width: 1920px) 100vw, 1920px\">\t\t\t\t\t\t<div class=\"section-bg-overlay absolute fill\"><\/div>\n\t\t\t\n\n\t\t<\/div>\n\n\t\t\n\n\t\t<div class=\"section-content relative\">\n\t\t\t\n<h2 style=\"text-align: center;\">V\u00fdhody produktu AQUAQUICK 2000<\/h2>\n\t\t<\/div>\n\n\t\t\n<style>\n#section_2076790210 {\n  padding-top: 60px;\n  padding-bottom: 60px;\n}\n#section_2076790210 .section-bg-overlay {\n  background-color: rgba(0, 0, 0, 0.22);\n}\n<\/style>\n\t<\/section>\n\t\n\n\t<section class=\"section\" id=\"section_432344935\">\n\t\t<div class=\"section-bg fill\" >\n\t\t\t\t\t\t\t\t\t\n\t\t\t\n\n\t\t<\/div>\n\n\t\t\n\n\t\t<div class=\"section-content relative\">\n\t\t\t\n<div class=\"row\"  id=\"row-1871663987\">\n\n\t<div id=\"col-1048635763\" class=\"col medium-6 small-12 large-6\"  >\n\t\t\t\t<div class=\"col-inner\"  >\n\t\t\t\n\t\t\t\n<h3>Zcela u\u017eivatelsky a ekologicky \u0161etrn\u00fd v\u00fdrobek\n<\/h3><p>AQUAQUICK 2000 obsahuje pouze p\u0159\u00edrodn\u00ed slo\u017eky bez obsahu chlorid\u016f, rozpou\u0161t\u011bdel a alkaloid\u016f. P\u0159\u00edpravek AQUAQUICK 2000 byl schv\u00e1len a testov\u00e1n mnoha nez\u00e1visl\u00fdmi v\u00fdzkumn\u00fdmi institucemi po cel\u00e9m sv\u011bt\u011b, p\u0159i\u010dem\u017e certifikace pro pou\u017eit\u00ed poch\u00e1z\u00ed z TNO Nizozemsko, MIGAS Indon\u00e9sie, Mezin\u00e1rodn\u00ed n\u00e1mo\u0159n\u00ed organizace (IMO) a mnoha dal\u0161\u00edch.\n<hr\/>\n<h3>Netoxick\u00fd pro v\u0161echny vodn\u00ed organismy<\/h3>\n<p>AQUAQUICK 2000 ve z\u0159ed\u011bn\u00e9m stavu 1:50, co\u017e je 10 ml AQUAQUICKU 2000 rozm\u00edchan\u00fdch v 1 litru vody, lze pou\u017e\u00edt k \u010di\u0161t\u011bn\u00ed ropn\u00fdch skvrn, kter\u00e9 pokryly \u017eivo\u010dichy a vegetaci ve vodn\u00edm prost\u0159ed\u00ed.<\/p>\n<hr \/>\n<h3>Sni\u017euje mno\u017estv\u00ed chemick\u00e9ho odpadu<\/h3>\n<p>AQUAQUICK 2000 biomolekul\u00e1rn\u011b rozkl\u00e1d\u00e1 soudr\u017enost struktur uhlovod\u00edk\u016f t\u00edm, \u017ee vytv\u00e1\u0159\u00ed mikroemulzi na \u010d\u00e1stice o velikosti p\u0159ibli\u017en\u011b 3 mikron\u016f. Tyto mikrony a speci\u00e1ln\u00ed \u017eiviny zp\u016fsobuj\u00ed explozi r\u016fstu bakteri\u00ed, kter\u00e9 jsou v prost\u0159ed\u00ed, co\u017e zp\u016fsobuje jejich snadn\u00e9 odstran\u011bn\u00ed.<\/p>\n<hr \/>\n<h3>\u00daspora energie a n\u00edzk\u00e9 n\u00e1klady<\/h3>\n<p>AQUAQUICK 2000 poskytuje ekonomick\u00e9 \u0159e\u0161en\u00ed, kter\u00e9 zvy\u0161uje produktivitu t\u00edm, \u017ee sni\u017euje prostoje a v\u00fddaje spojen\u00e9 s \u010di\u0161t\u011bn\u00edm v pr\u016fmyslu, jako jsou n\u00e1klady na samotn\u00e9 v\u00fdrobky, p\u0159epravu v\u00fdrobku, skladov\u00e1n\u00ed v\u00fdrobku, n\u00e1klady na osobn\u00ed ochrann\u00e9 prost\u0159edky, urychluje postupy a zvy\u0161uje bezpe\u010dnost zam\u011bstnanc\u016f. AQUAQUICK 2000 nahrazuje mnoho \u0161iroce pou\u017e\u00edvan\u00fdch \u010distic\u00edch prost\u0159edk\u016f, toxick\u00fdch rozpou\u0161t\u011bdel a alkalick\u00fdch l\u00e1tek, kter\u00e9 nahrad\u00ed, ale nerozlo\u017e\u00ed uhlovod\u00edky. Od u\u017eivatele vy\u017eaduje jen velmi mal\u00e9 \u00fasil\u00ed p\u0159i drhnut\u00ed a po aplikaci jej lze snadno set\u0159\u00edt vlhk\u00fdm hadrem.<\/p>\n<hr \/>\n<h3>nekorozivn\u00ed a nedr\u00e1\u017ed\u00ed lidskou poko\u017eku<\/h3>\n<p>AQUAQUICK 2000 je dermatologicky schv\u00e1len jako dostate\u010dn\u011b bezpe\u010dn\u00fd pro dom\u00e1c\u00ed pou\u017eit\u00ed jako ka\u017edodenn\u00ed m\u00fddlo na ruce nebo m\u016f\u017ee b\u00fdt pou\u017e\u00edv\u00e1n v r\u016fzn\u00fdch odv\u011btv\u00edch jako m\u00fddlo na ruce, proto\u017ee jeho p\u0159\u00edrodn\u00ed slo\u017eky nedr\u00e1\u017ed\u00ed bu\u0148ky lidsk\u00e9 poko\u017eky.<\/p>\n<hr \/>\n<h3>AQUAQUICK 2000 nekoroduje kovy.<\/h3>\n<p>Nepo\u0161kozuje kovy, barvy, n\u00e1t\u011bry, pry\u017ee ani plasty - Neovliv\u0148uje podklady a je bezpe\u010dn\u00fd pro \u010di\u0161t\u011bn\u00ed plast\u016f, kov\u016f, n\u00e1t\u011br\u016f, barev, pry\u017e\u00ed, epoxid\u016f atd.<\/p>\n<hr \/>\n<h3>AQUAQUICK 2000 nem\u00e1 \u017e\u00e1dnou trvanlivost<\/h3>\n<p>Tento v\u00fdrobek nem\u00e1 datum spot\u0159eby. P\u0159i del\u0161\u00edm skladov\u00e1n\u00ed v\u0161ak m\u016f\u017ee doj\u00edt k usazov\u00e1n\u00ed. M\u00edch\u00e1n\u00ed v\u00fdrobku umo\u017en\u00ed dos\u00e1hnout jeho homogenn\u00ed hmotnosti. Tento v\u00fdrobek je bezpe\u010dn\u00e9 pou\u017e\u00edvat nep\u0159etr\u017eit\u011b, dokud se nevy\u010derp\u00e1 to, co jste si zakoupili, i kdy\u017e je to 2 nebo v\u00edce let po datu n\u00e1kupu. P\u0159\u00edrodn\u00ed slo\u017eky v n\u011bm obsa\u017een\u00e9 obsahuj\u00ed vlastn\u00ed konzerva\u010dn\u00ed l\u00e1tky, kter\u00e9 chr\u00e1n\u00ed kontinuitu v\u00fdrobku po mnoho let.<\/p>\n<hr \/>\n\t\t<\/div>\n\t\t\t\t\t<\/div>\n\n\t\n\n\t<div id=\"col-1006156137\" class=\"col medium-6 small-12 large-6\"  >\n\t\t\t\t<div class=\"col-inner\"  >\n\t\t\t\n\t\t\t\n<h3>V\u00edce\u00fa\u010delov\u00fd \u010distic\u00ed prost\u0159edek\n<\/h3><p>AQUAQUICK 2000 je bioemulg\u00e1tor, odma\u0161\u0165ova\u010d, \u010disti\u010d uhlovod\u00edk\u016f a disperg\u00e1tor oleje, kter\u00fd je na b\u00e1zi vody a lze jej pou\u017e\u00edt k \u010di\u0161t\u011bn\u00ed n\u00e1dr\u017e\u00ed, \u010di\u0161t\u011bn\u00ed potrub\u00ed, odma\u0161\u0165ov\u00e1n\u00ed, \u00fadr\u017eb\u011b plo\u0161in, myt\u00ed p\u016fdy, \u010di\u0161t\u011bn\u00ed podlah a za\u0159\u00edzen\u00ed v potravin\u00e1\u0159sk\u00e9m pr\u016fmyslu, \u010di\u0161t\u011bn\u00ed palub, strojoven a podpalub\u00ed lod\u00ed; je dostate\u010dn\u011b bezpe\u010dn\u00fd, aby se dal pou\u017e\u00edt jako b\u011b\u017en\u00e9 m\u00fddlo na ruce.<\/p><hr\/>\n<h3>AQUAQUICK 2000 Lze pou\u017e\u00edt jako hasic\u00ed p\u0159\u00edstroj<\/h3>\n<p>AQUAQUICK 2000 byl schv\u00e1len k pou\u017eit\u00ed hasi\u010dsk\u00fdmi sbory v Jakart\u011b v Indon\u00e9sii i v dal\u0161\u00edch zem\u00edch jako zpomalova\u010d ho\u0159en\u00ed paliva k uha\u0161en\u00ed po\u017e\u00e1ru a m\u016f\u017ee b\u00fdt pou\u017eit k \u00faklidu n\u00e1sledn\u00e9ho nepo\u0159\u00e1dku.<\/p>\n<hr \/>\n<h3>Celkov\u00e9 \u010distic\u00ed \u0159e\u0161en\u00ed<\/h3>\n<p>AQUAQUICK 2000 je vhodn\u00fd k \u010di\u0161t\u011bn\u00ed jak\u00e9hokoli uhlovod\u00edkov\u00e9ho zne\u010di\u0161t\u011bn\u00ed a byl schv\u00e1len pro \u010di\u0161t\u011bn\u00ed produkt\u016f v t\u011bchto pr\u016fmyslov\u00fdch odv\u011btv\u00edch: Ropn\u00fd a plyn\u00e1rensk\u00fd pr\u016fmysl, vl\u00e1dn\u00ed agentury, automobilov\u00fd a stroj\u00edrensk\u00fd pr\u016fmysl, lodn\u00ed a n\u00e1mo\u0159n\u00ed pr\u016fmysl, leteck\u00fd pr\u016fmysl, zpracovatelsk\u00fd pr\u016fmysl, potravin\u00e1\u0159sk\u00fd a n\u00e1pojov\u00fd pr\u016fmysl a pr\u016fmysl v\u0161eobecn\u00e9ho \u010di\u0161t\u011bn\u00ed.<\/p>\n<hr \/>\n<h3>Pln\u011b biologicky rozlo\u017eiteln\u00fd (100%&lt;21 dn\u00ed)<\/h3>\n<p>AQUAQUICK 2000 existuje ji\u017e mnoho desetilet\u00ed a je dr\u017eitelem mnoha zpr\u00e1v a schv\u00e1len\u00ed, kter\u00e9 zaru\u010duj\u00ed aspekty bezpe\u010dnosti a stavu \u017eivotn\u00edho prost\u0159ed\u00ed. Pro aplikaci v\u00fdrobku AQUAQUICK 2000 nejsou stanovena \u017e\u00e1dn\u00e1 zvl\u00e1\u0161tn\u00ed opat\u0159en\u00ed, skladov\u00e1n\u00ed ani varov\u00e1n\u00ed. Z hlediska ekotoxick\u00fdch \u00fa\u010dink\u016f je tento v\u00fdrobek zcela biologicky odbourateln\u00fd. V za\u0159\u00edzen\u00edch na \u010di\u0161t\u011bn\u00ed vody je p\u0159\u00edpravek AQUAQUICK 2000 100% biologicky rozlo\u017eiteln\u00fd za m\u00e9n\u011b ne\u017e 60 minut. V povrchov\u00fdch vod\u00e1ch je AQUAQUICK 2000 100% biologicky rozlo\u017eiteln\u00fd za m\u00e9n\u011b ne\u017e 21 dn\u00ed. Na na\u0161\u00ed v\u00fdzkumn\u00e9 str\u00e1nce se m\u016f\u017eete dozv\u011bd\u011bt v\u00edce o 21denn\u00edm procesu rozkladu p\u0159\u00edpravku AQUAQUICK 2000. <\/p>\n<hr \/>\n<h3>AQUAQUICK 2000 je neho\u0159lav\u00fd<\/h3>\n<p>M\u00fddlo AQUAQUICK 2000 je dermatologicky schv\u00e1leno jako dostate\u010dn\u011b bezpe\u010dn\u00e9 pro dom\u00e1c\u00ed pou\u017eit\u00ed jako ka\u017edodenn\u00ed m\u00fddlo na ruce nebo m\u016f\u017ee b\u00fdt pou\u017eito v r\u016fzn\u00fdch odv\u011btv\u00edch jako m\u00fddlo na ruce, proto\u017ee jeho p\u0159\u00edrodn\u00ed slo\u017eky nedr\u00e1\u017ed\u00ed bu\u0148ky lidsk\u00e9 poko\u017eky.<\/p>\n<hr \/>\n<h3>Organick\u00e1 a biologick\u00e1 disperze<\/h3>\n<p>Nepo\u0161kozuje kovy, barvy, n\u00e1t\u011bry, pry\u017ee ani plasty - Neovliv\u0148uje podklady a je bezpe\u010dn\u00fd pro \u010di\u0161t\u011bn\u00ed plast\u016f, kov\u016f, n\u00e1t\u011br\u016f, barev, pry\u017e\u00ed, epoxid\u016f atd.<\/p>\n<hr \/>\n<h3>Technick\u00e1 podpora produktu AQUAQUICK 2000<\/h3>\n<p>AQUAQUICK 2000 se pou\u017e\u00edv\u00e1 pro mnoho r\u016fzn\u00fdch \u010distic\u00edch aplikac\u00ed po cel\u00e9m sv\u011bt\u011b. N\u00e1\u0161 t\u00fdm technick\u00fdch odborn\u00edk\u016f se za posledn\u00edch n\u011bkolik desetilet\u00ed zna\u010dn\u011b rozrostl. V\u017edy poskytujeme technickou podporu t\u011bm, kte\u0159\u00ed pot\u0159ebuj\u00ed pomoc nebo informace t\u00fdkaj\u00edc\u00ed se syst\u00e9mu AQUAQUICK 2000. Dod\u00e1v\u00e1me, aplikujeme a pln\u00edme po\u017eadavky a jsme celosv\u011btov\u00fdm v\u00fdrobcem p\u0159\u00edpravku AQUAQUICK 2000. Pro p\u0159\u00edm\u00e9 informace o technick\u00e9 podpo\u0159e n\u00e1m napi\u0161te na business@aquaquick2000.com.  <\/p>\n<hr \/>\n\t\t<\/div>\n\t\t\t\t\t<\/div>\n\n\t\n<\/div>\n\t\t<\/div>\n\n\t\t\n<style>\n#section_432344935 {\n  padding-top: 30px;\n  padding-bottom: 30px;\n}\n<\/style>\n\t<\/section>","protected":false},"excerpt":{"rendered":"","protected":false},"author":1,"featured_media":8707,"parent":0,"menu_order":0,"comment_status":"closed","ping_status":"closed","template":"page-blank.php","meta":{"cybocfi_hide_featured_image":"","footnotes":"","_links_to":"","_links_to_target":""},"class_list":["post-2453","page","type-page","status-publish","has-post-thumbnail","hentry"],"_links":{"self":[{"href":"https:\/\/www.aquaquick2000.com\/cs\/wp-json\/wp\/v2\/pages\/2453","targetHints":{"allow":["GET"]}}],"collection":[{"href":"https:\/\/www.aquaquick2000.com\/cs\/wp-json\/wp\/v2\/pages"}],"about":[{"href":"https:\/\/www.aquaquick2000.com\/cs\/wp-json\/wp\/v2\/types\/page"}],"author":[{"embeddable":true,"href":"https:\/\/www.aquaquick2000.com\/cs\/wp-json\/wp\/v2\/users\/1"}],"replies":[{"embeddable":true,"href":"https:\/\/www.aquaquick2000.com\/cs\/wp-json\/wp\/v2\/comments?post=2453"}],"version-history":[{"count":0,"href":"https:\/\/www.aquaquick2000.com\/cs\/wp-json\/wp\/v2\/pages\/2453\/revisions"}],"wp:featuredmedia":[{"embeddable":true,"href":"https:\/\/www.aquaquick2000.com\/cs\/wp-json\/wp\/v2\/media\/8707"}],"wp:attachment":[{"href":"https:\/\/www.aquaquick2000.com\/cs\/wp-json\/wp\/v2\/media?parent=2453"}],"curies":[{"name":"wp","href":"https:\/\/api.w.org\/{rel}","templated":true}]}}