{"id":2532,"date":"2017-01-02T12:53:57","date_gmt":"2017-01-02T12:53:57","guid":{"rendered":"http:\/\/www.aquaquick2000.com\/?page_id=2532"},"modified":"2023-01-26T13:03:21","modified_gmt":"2023-01-26T13:03:21","slug":"seznam-schvaleni-osvedceni","status":"publish","type":"page","link":"https:\/\/www.aquaquick2000.com\/cs\/accreditations\/list-of-approvals-certificates\/","title":{"rendered":"Seznam schv\u00e1len\u00ed a certifik\u00e1t\u016f"},"content":{"rendered":"Seznam schv\u00e1len\u00ed a certifik\u00e1t\u016f\n\n<h2>Seznam schv\u00e1len\u00ed a certifik\u00e1t\u016f pro AQUAQUICK 2000.<\/h2>\n<p>V\u00fdrobek AQUAQUICK 2000 ji\u017e \u010dty\u0159i desetilet\u00ed udivuje sv\u011bt pozoruhodn\u00fdmi v\u00fdsledky. Od t\u00e9 doby se AQUAQUICK 2000 \u00fasp\u011b\u0161n\u011b pou\u017e\u00edv\u00e1 v mnoha pr\u016fmyslov\u00fdch aplikac\u00edch. AQUAQUICK 2000 byl testov\u00e1n a schv\u00e1len nebo certifikov\u00e1n n\u00e1sleduj\u00edc\u00edmi organizacemi, spole\u010dnostmi a vl\u00e1dn\u00edmi institucemi. <\/p>\n<ul>\n<li class=\"bullet-checkmark\">UT Enschede, Nizozemsko - AQUAQUICK 2000 je p\u0159i pou\u017eit\u00ed v \u010dist\u00edrn\u011b odpadn\u00edch vod pln\u011b biologicky odbourateln\u00fd, neobsahuje chlor, neprodukuje \u017e\u00e1dn\u00e1 zvl\u00e1\u0161tn\u00ed zdravotn\u00ed rizika ani toxick\u00e9 vedlej\u0161\u00ed produkty a z\u00e1rove\u0148 snadno odstra\u0148uje uhlovod\u00edky z p\u016fdy.<\/li>\n<li class=\"bullet-checkmark\">TNO University Delft, Nizozemsko - Tento v\u00fdrobek nem\u00e1 dlouhodob\u00e9 nep\u0159\u00edzniv\u00e9 \u00fa\u010dinky na ekosyst\u00e9my, vodn\u00ed syst\u00e9my ani u\u017eivatele, proto\u017ee AQUAQUICK 2000 je pln\u011b biologicky odbourateln\u00fd, nen\u00ed senzibilizuj\u00edc\u00ed a nekoroduje lidskou poko\u017eku ani o\u010di.<\/li>\n<li class=\"bullet-checkmark\">Ministerstvo zdravotnictv\u00ed, Nizozemsko - AQUAQUICK 2000 spl\u0148uje v\u0161echny nizozemsk\u00e9 p\u0159edpisy pro pou\u017eit\u00ed v potravin\u00e1\u0159sk\u00e9m pr\u016fmyslu.<\/li>\n<li class=\"bullet-checkmark\">Nizozemsk\u00e9 ministerstvo obrany, Nizozemsko - AQUAQUICK 2000 neni\u010d\u00ed malby ani n\u00e1t\u011bry a uk\u00e1zal se jako vhodn\u00fd pro odstra\u0148ov\u00e1n\u00ed uhlovod\u00edk\u016f p\u0159i vytv\u00e1\u0159en\u00ed stabiln\u00ed emulze.<\/li>\n<li class=\"bullet-checkmark\">Nizozemsk\u00e9 vodohospod\u00e1\u0159sk\u00e9 okresy, Nizozemsko - AQUAQUICK 2000 lze po odstran\u011bn\u00ed odlou\u010den\u00fdch uhlovod\u00edk\u016f, kter\u00e9 nesm\u00ed b\u00fdt zne\u010di\u0161t\u011bny zak\u00e1zan\u00fdmi l\u00e1tkami, vypou\u0161t\u011bt do kanalizace.<\/li>\n<li class=\"bullet-checkmark\">Gener\u00e1ln\u00ed \u0159editelstv\u00ed pro n\u00e1mo\u0159n\u00ed dopravu, Lond\u00fdn, Spojen\u00e9 kr\u00e1lovstv\u00ed (IMO) - AQUAQUICK 2000 a AQUAQUICK 2000 SP spl\u0148uj\u00ed v\u0161echny pokyny uveden\u00e9 v p\u0159\u00edloze II MARPOL, \u010ci\u0161t\u011bn\u00ed n\u00e1dr\u017e\u00ed (MERC.2\/CIRC.8) a pracovn\u00ed skupiny ESPH.<\/li>\n<li class=\"bullet-checkmark\">NS Dutch Railways Utrecht, Nizozemsko - AQUAQUICK 2000 je vhodn\u00fd univerz\u00e1ln\u00ed \u010distic\u00ed prost\u0159edek pro \u010di\u0161t\u011bn\u00ed kov\u016f a lakovan\u00fdch povrch\u016f, pro jeho\u017e aplikaci nejsou nutn\u00e9 \u017e\u00e1dn\u00e9 zvl\u00e1\u0161tn\u00ed bezpe\u010dnostn\u00ed postupy. Lze jej pou\u017e\u00edt i s vysokotlak\u00fdm disperzn\u00edm za\u0159\u00edzen\u00edm.<\/li>\n<li class=\"bullet-checkmark\">American Bureau of Shipping Lond\u00fdn, Velk\u00e1 Brit\u00e1nie - AQUAQUICK 2000 a AQUAQUICK 2000 SP z\u00edskaly certifik\u00e1t o posouzen\u00ed designu v\u00fdrobku pro schv\u00e1len\u00ed k p\u0159eprav\u011b.<\/li>\n<li class=\"bullet-checkmark\">St\u00e1tn\u00ed b\u00e1\u0148sk\u00fd dozor, Nizozemsko - AQUAQUICK 2000 byl podle \u010dl. 49B odst. 1 na\u0159\u00edzen\u00ed o t\u011b\u017eb\u011b v kontinent\u00e1ln\u00edm \u0161elfu shled\u00e1n ne\u0161kodn\u00fdm pro mo\u0159sk\u00e9 prost\u0159ed\u00ed.<\/li>\n<li class=\"bullet-checkmark\">V\u00fdzkumn\u00fd \u00fastav TUV v Hannoveru, N\u011bmecko - AQUAQUICK 2000 SP byl schv\u00e1len pro pou\u017eit\u00ed v automobilov\u00e9m a kovozpracuj\u00edc\u00edm pr\u016fmyslu, spl\u0148uje v\u0161echny po\u017eadavky na rychl\u00e9 separa\u010dn\u00ed \u010distic\u00ed prost\u0159edky a z\u00e1rove\u0148 vyhovuje n\u011bmeck\u00fdm p\u0159edpis\u016fm pro nebezpe\u010dn\u00e9 l\u00e1tky nebo p\u0159\u00edpravky ze sm\u011brnice o \u017eivotn\u00edm prost\u0159ed\u00ed.<\/li>\n<li class=\"bullet-checkmark\">Dekra Umwelt Gmbh Stuttgart, N\u011bmecko - AQUAQUICK 2000 SP spl\u0148uje normy schv\u00e1len\u00ed pro pou\u017eit\u00ed v odlu\u010dova\u010d\u00edch olej\u016f a tuk\u016f (rakousk\u00e1 norma B 5105) s klasifikac\u00ed p\u0159epravy jako materi\u00e1l, kter\u00fd nen\u00ed nebezpe\u010dn\u00fd.<\/li>\n<li class=\"bullet-checkmark\">Institut hygieny Gelsenkirchen, N\u011bmecko - AQUAQUICK 2000 je schv\u00e1len\u00fd \u010distic\u00ed prost\u0159edek pro \u010di\u0161t\u011bn\u00ed olejov\u00fdch povrch\u016f silnic.<\/li>\n<li class=\"bullet-checkmark\">St\u00e1tn\u00ed laborato\u0159 pro materi\u00e1lov\u00fd v\u00fdzkum Dortmund, N\u011bmecko - bylo zji\u0161t\u011bno, \u017ee AQUAQUICK 2000 je v souladu se zaveden\u00fdmi \"metodami odstra\u0148ov\u00e1n\u00ed olejov\u00fdch stop z povrchu vozovek s v\u00fdjimkou olejov\u00fdch absorbent\u016f.<\/li>\n<li class=\"bullet-checkmark\">Chemick\u00e1 laborato\u0159 Webling, N\u011bmecko - AQUAQUICK 2000 je 100% biologicky odbourateln\u00fd, nezp\u016fsobuje \u017e\u00e1dn\u00e9 nep\u0159\u00edzniv\u00e9 \u00fa\u010dinky v \u010dist\u00edrn\u00e1ch odpadn\u00edch vod ani na za\u0159\u00edzen\u00ed.<\/li>\n<li class=\"bullet-checkmark\">V\u00fdzkum v Malajsii - Bylo zji\u0161t\u011bno, \u017ee AQUAQUICK 2000 nen\u00ed toxick\u00fd pro vodn\u00ed prost\u0159ed\u00ed v souladu s klasifikac\u00ed v\u00fdrobk\u016f Mezin\u00e1rodn\u00ed n\u00e1mo\u0159n\u00ed organizace (IMO) (hodnoty LC50 a EC50 &gt;1000 mg\/l). Testy uk\u00e1zaly, \u017ee obsah tuk\u016f a olej\u016f v odpadn\u00edch vod\u00e1ch se sn\u00ed\u017eil a\u017e na 94% za pouh\u00fdch 21 dn\u00ed.<\/li>\n<li class=\"bullet-checkmark\">Mikrobiologick\u00e1 laborato\u0159 J. Balfanz Munster, N\u011bmecko - AQUAQUICK 2000 V-93 stimuluje r\u016fst bakteri\u00ed a mikroorganism\u016f a urychluje rozklad uhlovod\u00edk\u016f v povrchov\u00e9 p\u016fd\u011b a vod\u011b. V\u00fdzkum prok\u00e1zal pr\u016fm\u011brn\u00fd rozklad uhlovod\u00edk\u016f 90% za 35 dn\u00ed.<\/li>\n<li class=\"bullet-checkmark\">Mechem Technical &amp; Laboratory Services Pte, Ltd., Singapur - Bylo zji\u0161t\u011bno, \u017ee AQUAQUICK 2000 spl\u0148uje specifikace pro disperzanty uveden\u00e9 v prvn\u00edm seznamu pro prevenci zne\u010di\u0161t\u011bn\u00ed mo\u0159\u00ed. (P\u0159edpisy z roku 1999.)<\/li>\n<li class=\"bullet-checkmark\">Migas Laboratories, Indon\u00e9sie - AQUAQUICK 2000 lze leg\u00e1ln\u011b a bezpe\u010dn\u011b pou\u017e\u00edvat ke kontrole ropn\u00fdch skvrn a k \u010di\u0161t\u011bn\u00ed lod\u00ed na pob\u0159e\u017e\u00ed i mimo n\u011bj po na\u0159ed\u011bn\u00ed v pom\u011bru 1:50 s 10 ml vody.<\/li>\n<li class=\"bullet-checkmark\">Lond\u00fdnsk\u00e9 metro Velk\u00e1 Brit\u00e1nie - AQUAQUICK 2000 je p\u0159ijateln\u00fd pro pou\u017eit\u00ed v lond\u00fdnsk\u00e9m metru Ltd., bez jak\u00fdchkoli zdravotn\u00edch nebo bezpe\u010dnostn\u00edch n\u00e1mitek. (Zpr\u00e1va \u010d. C7638, 9. \u00fanora 1996)<\/li>\n<li class=\"bullet-checkmark\">Bylo zji\u0161t\u011bno, \u017ee SABA - AQUAQUICK 2000 a AQUAQUICK 2000 SP nemaj\u00ed \u017e\u00e1dn\u00e9 \u0161kodliv\u00e9 \u00fa\u010dinky na kapalinot\u011bsn\u00e9 podlahov\u00e9 tmely pro \u010derpac\u00ed stanice vyr\u00e1b\u011bn\u00e9 spole\u010dnostmi Simson a SABA.<\/li>\n<li class=\"bullet-checkmark\">Canadian Food Inspection Agency, Ontario, Kanada - AQUAQUICK 2000 a AQUAQUICK 2000 SP jsou schv\u00e1leny pro pou\u017eit\u00ed p\u0159i pr\u016fmyslov\u00e9m \u010di\u0161t\u011bn\u00ed za\u0159\u00edzen\u00ed v potravin\u00e1\u0159sk\u00e9m pr\u016fmyslu. Jejich n\u00e1lezy ukazuj\u00ed, \u017ee nedojde ke kontaminaci potravin. Tyto v\u00fdrobky lze pou\u017e\u00edvat na podlahy a st\u011bny v potravin\u00e1\u0159sk\u00fdch prostor\u00e1ch, pokud se s potravinami nemanipuluje.<\/li>\n<li class=\"bullet-checkmark\">Islandsk\u00e1 potravin\u00e1\u0159sk\u00e1 inspekce, Island - AQUAQUICK 2000 byl schv\u00e1len pro pr\u016fmyslov\u00e9 \u010di\u0161t\u011bn\u00ed v\u0161ech za\u0159\u00edzen\u00ed v potravin\u00e1\u0159sk\u00e9m pr\u016fmyslu. Bylo zji\u0161t\u011bno, \u017ee nen\u00ed toxick\u00fd, nekoroduje a je \u0161etrn\u00fd k u\u017eivateli i \u017eivotn\u00edmu prost\u0159ed\u00ed.<\/li>\n<li class=\"bullet-checkmark\">Polsk\u00e1 potravin\u00e1\u0159sk\u00e1 inspekce, Polsko - AQUAQUICK 2000 byl schv\u00e1len pro pr\u016fmyslov\u00e9 \u010di\u0161t\u011bn\u00ed potravin\u00e1\u0159sk\u00fdch za\u0159\u00edzen\u00ed.<\/li>\n<li class=\"bullet-checkmark\">Deutschland Environmental Protection Group, N\u011bmecko - AQUAQUICK 2000 byl shled\u00e1n bezpe\u010dn\u00fdm a schv\u00e1len pro v\u0161echny aplikace v oblasti \u017eivotn\u00edho prost\u0159ed\u00ed v N\u011bmecku.<\/li>\n<li class=\"bullet-checkmark\">Thajsko\/Malajsie - AQUAQUICK 2000 byl schv\u00e1len pro pou\u017eit\u00ed ve v\u0161ech pr\u016fmyslov\u00fdch a environment\u00e1ln\u00edch aplikac\u00edch v regionech Thajska a Malajsie.<\/li>\n<li class=\"bullet-checkmark\">Peru - AQUAQUICK 2000 byl schv\u00e1len pro pou\u017eit\u00ed p\u0159i \u010di\u0161t\u011bn\u00ed v Peru.<\/li>\n<li class=\"bullet-checkmark\">Egypt - AQUAQUICK 2000 z\u00edskal schv\u00e1len\u00ed pro v\u0161eobecn\u00e9 a pr\u016fmyslov\u00e9 aplikace pro \u010di\u0161t\u011bn\u00ed. V Egypt\u011b je tak\u00e9 povolen pro o\u0161et\u0159en\u00ed ropn\u00fdch skvrn.<\/li>\n<li class=\"bullet-checkmark\">Filip\u00ednsk\u00e1 pob\u0159e\u017en\u00ed str\u00e1\u017e, Filip\u00edny - AQUAQUICK 2000 spl\u0148uje v\u0161echny akredita\u010dn\u00ed po\u017eadavky na disperg\u00e1tor ropn\u00fdch skvrn.<\/li>\n<li class=\"bullet-checkmark\">Surface-washing Agents: an Update 2013, Spill Science, Edmonton, Alberta, Kanada - uv\u00e1d\u00ed AQUAQUICK 2000 jako schv\u00e1len\u00fd disperzant pro myt\u00ed povrch\u016f, kter\u00fd splnil v\u0161echny normy testov\u00e1n\u00ed \u00fa\u010dinnosti, toxicity a pou\u017eit\u00ed.<\/li>\n<\/ul>","protected":false},"excerpt":{"rendered":"<p>List of approvals &amp; certificates List of Approvals &amp; Certificates for AQUAQUICK 2000. For the past 4 decades the AQUAQUICK 2000 product has amazed the world with remarkable results. Since then AQUAQUICK 2000 has been used as a successful solution for many industrial applications. AQUAQUICK 2000 has been tested and approved or certified by the [&#8230;]\n","protected":false},"author":1,"featured_media":4384,"parent":2528,"menu_order":0,"comment_status":"closed","ping_status":"closed","template":"","meta":{"cybocfi_hide_featured_image":"","footnotes":"","_links_to":"","_links_to_target":""},"class_list":["post-2532","page","type-page","status-publish","has-post-thumbnail","hentry"],"_links":{"self":[{"href":"https:\/\/www.aquaquick2000.com\/cs\/wp-json\/wp\/v2\/pages\/2532","targetHints":{"allow":["GET"]}}],"collection":[{"href":"https:\/\/www.aquaquick2000.com\/cs\/wp-json\/wp\/v2\/pages"}],"about":[{"href":"https:\/\/www.aquaquick2000.com\/cs\/wp-json\/wp\/v2\/types\/page"}],"author":[{"embeddable":true,"href":"https:\/\/www.aquaquick2000.com\/cs\/wp-json\/wp\/v2\/users\/1"}],"replies":[{"embeddable":true,"href":"https:\/\/www.aquaquick2000.com\/cs\/wp-json\/wp\/v2\/comments?post=2532"}],"version-history":[{"count":0,"href":"https:\/\/www.aquaquick2000.com\/cs\/wp-json\/wp\/v2\/pages\/2532\/revisions"}],"up":[{"embeddable":true,"href":"https:\/\/www.aquaquick2000.com\/cs\/wp-json\/wp\/v2\/pages\/2528"}],"wp:featuredmedia":[{"embeddable":true,"href":"https:\/\/www.aquaquick2000.com\/cs\/wp-json\/wp\/v2\/media\/4384"}],"wp:attachment":[{"href":"https:\/\/www.aquaquick2000.com\/cs\/wp-json\/wp\/v2\/media?parent=2532"}],"curies":[{"name":"wp","href":"https:\/\/api.w.org\/{rel}","templated":true}]}}