{"id":29,"date":"2014-10-20T12:48:29","date_gmt":"2014-10-20T12:48:29","guid":{"rendered":"http:\/\/xml-io.proteusthemes.com\/buildpress\/?page_id=29"},"modified":"2023-01-27T10:26:45","modified_gmt":"2023-01-27T10:26:45","slug":"kontakt-us","status":"publish","type":"page","link":"https:\/\/www.aquaquick2000.com\/cs\/contact-us\/","title":{"rendered":"Kontaktujte n\u00e1s"},"content":{"rendered":"<section class=\"section dark\" id=\"section_1563586862\">\n\t\t<div class=\"section-bg fill\" >\n\t\t\t<img decoding=\"async\" width=\"1920\" height=\"593\" src=\"https:\/\/b3871678.smushcdn.com\/3871678\/wp-content\/uploads\/2017\/12\/page-header-AQ-2000-bubbles-1.jpg?lossy=2&strip=1&webp=1\" class=\"bg attachment- size-\" alt=\"\" title=\"\" srcset=\"https:\/\/b3871678.smushcdn.com\/3871678\/wp-content\/uploads\/2017\/12\/page-header-AQ-2000-bubbles-1.jpg?lossy=2&amp;strip=1&amp;webp=1 1920w, https:\/\/b3871678.smushcdn.com\/3871678\/wp-content\/uploads\/2017\/12\/page-header-AQ-2000-bubbles-1-510x158.jpg?lossy=2&amp;strip=1&amp;webp=1 510w, https:\/\/b3871678.smushcdn.com\/3871678\/wp-content\/uploads\/2017\/12\/page-header-AQ-2000-bubbles-1-300x93.jpg?lossy=2&amp;strip=1&amp;webp=1 300w, https:\/\/b3871678.smushcdn.com\/3871678\/wp-content\/uploads\/2017\/12\/page-header-AQ-2000-bubbles-1-768x237.jpg?lossy=2&amp;strip=1&amp;webp=1 768w, https:\/\/b3871678.smushcdn.com\/3871678\/wp-content\/uploads\/2017\/12\/page-header-AQ-2000-bubbles-1-1024x316.jpg?lossy=2&amp;strip=1&amp;webp=1 1024w, https:\/\/b3871678.smushcdn.com\/3871678\/wp-content\/uploads\/2017\/12\/page-header-AQ-2000-bubbles-1-280x86.jpg?lossy=2&amp;strip=1&amp;webp=1 280w, https:\/\/b3871678.smushcdn.com\/3871678\/wp-content\/uploads\/2017\/12\/page-header-AQ-2000-bubbles-1-1170x361.jpg?lossy=2&amp;strip=1&amp;webp=1 1170w, https:\/\/b3871678.smushcdn.com\/3871678\/wp-content\/uploads\/2017\/12\/page-header-AQ-2000-bubbles-1-600x185.jpg?lossy=2&amp;strip=1&amp;webp=1 600w, https:\/\/b3871678.smushcdn.com\/3871678\/wp-content\/uploads\/2017\/12\/page-header-AQ-2000-bubbles-1.jpg?size=204x63&amp;lossy=2&amp;strip=1&amp;webp=1 204w, https:\/\/b3871678.smushcdn.com\/3871678\/wp-content\/uploads\/2017\/12\/page-header-AQ-2000-bubbles-1.jpg?size=408x126&amp;lossy=2&amp;strip=1&amp;webp=1 408w, https:\/\/b3871678.smushcdn.com\/3871678\/wp-content\/uploads\/2017\/12\/page-header-AQ-2000-bubbles-1.jpg?size=1530x473&amp;lossy=2&amp;strip=1&amp;webp=1 1530w\" sizes=\"(max-width: 1920px) 100vw, 1920px\">\t\t\t\t\t\t<div class=\"section-bg-overlay absolute fill\"><\/div>\n\t\t\t\n\n\t\t<\/div>\n\n\t\t\n\n\t\t<div class=\"section-content relative\">\n\t\t\t\n\n<div class=\"row\"  id=\"row-227223835\">\n\n\n\t<div id=\"col-969397338\" class=\"col small-12 large-12\"  >\n\t\t\t\t<div class=\"col-inner text-center\"  >\n\t\t\t\n\t\t\t\n\n<h2 style=\"font-size: 200%;\">Kontaktujte spole\u010dnost AQUAQUICK GLOBAL<\/h2>\n<p>Pro v\u00edce informac\u00ed nebo dotazy ohledn\u011b AQUAQUICK 2000 n\u00e1s kontaktujte n\u00ed\u017ee.<\/p>\n\t<div id=\"gap-495253679\" class=\"gap-element clearfix\" style=\"display:block; height:auto;\">\n\t\t\n<style>\n#gap-495253679 {\n  padding-top: 60px;\n}\n<\/style>\n\t<\/div>\n\t\n\n\n\t\t<\/div>\n\t\t\t\t\n<style>\n#col-969397338 > .col-inner {\n  padding: 20px 0px 0px 0px;\n}\n<\/style>\n\t<\/div>\n\n\t\n\n<\/div>\n\n\t\t<\/div>\n\n\t\t\n<style>\n#section_1563586862 {\n  padding-top: 33px;\n  padding-bottom: 33px;\n  background-color: rgb(40, 40, 40);\n}\n#section_1563586862 .section-bg-overlay {\n  background-color: rgba(0, 0, 0, 0.39);\n}\n<\/style>\n\t<\/section>\n\t\n\n\t<section class=\"section\" id=\"section_851159510\">\n\t\t<div class=\"section-bg fill\" >\n\t\t\t\t\t\t\t\t\t\n\t\t\t\n\n\t\t<\/div>\n\n\t\t\n\n\t\t<div class=\"section-content relative\">\n\t\t\t\n\n<div class=\"row\"  id=\"row-1086759561\">\n\n\n\t<div id=\"col-4743828\" class=\"col small-12 large-12\"  >\n\t\t\t\t<div class=\"col-inner\"  >\n\t\t\t\n\t\t\t\n\n<div class=\"row align-equal\"  id=\"row-1635987769\">\n\n\n\t<div id=\"col-565886725\" class=\"col medium-6 small-12 large-6\"  >\n\t\t\t\t<div class=\"col-inner text-center\"  >\n\t\t\t\n\t\t\t\n\n\n\t\t<div class=\"icon-box featured-box icon-box-center text-center\"  >\n\t\t\t\t<div class=\"icon-box-text last-reset\">\n\t\t\t\t\t\t\t\t\t\n\n<h4>Telefonick\u00fd kontakt<\/h4>\n<p>M\u00e1te-li jak\u00e9koli dotazy nebo p\u0159ipom\u00ednky k p\u0159\u00edpravku AQUAQUICK 2000, kter\u00e9 chcete probrat telefonicky, m\u016f\u017eete n\u00e1s kontaktovat na n\u00ed\u017ee uveden\u00e9m telefonn\u00edm \u010d\u00edsle.<\/p>\n\t<div id=\"gap-791438547\" class=\"gap-element clearfix\" style=\"display:block; height:auto;\">\n\t\t\n<style>\n#gap-791438547 {\n  padding-top: 20px;\n}\n<\/style>\n\t<\/div>\n\t\n\n<a class=\"button primary expand\" >\n\t\t<span>Jaimy de Vries: +31 6 41 293 851<\/span>\n\t<\/a>\n\n\n<a class=\"button secondary expand\" >\n\t\t<span>Bart de Vries: +31 6 411 89 424<\/span>\n\t<\/a>\n\n\n\n\t\t<\/div>\n\t<\/div>\n\t\n\t\n\n\t\t<\/div>\n\t\t\t\t\t<\/div>\n\n\t\n\n\t<div id=\"col-1388273564\" class=\"col medium-6 small-12 large-6\"  >\n\t\t\t\t<div class=\"col-inner text-center\"  >\n\t\t\t\n\t\t\t\n\n\n\t\t<div class=\"icon-box featured-box icon-box-center text-center\"  >\n\t\t\t\t<div class=\"icon-box-text last-reset\">\n\t\t\t\t\t\t\t\t\t\n\n<h4>Online kontaktn\u00ed podpora<\/h4>\n<p>M\u00e1te dotaz nebo obavu t\u00fdkaj\u00edc\u00ed se AQUAQUICK 2000, kter\u00e1 prost\u011b nem\u016f\u017ee po\u010dkat? Nev\u00e1hejte se obr\u00e1tit na na\u0161i online podporu, kter\u00e1 v\u00e1m okam\u017eit\u011b pom\u016f\u017ee.<\/p>\n\t<div id=\"gap-571849492\" class=\"gap-element clearfix\" style=\"display:block; height:auto;\">\n\t\t\n<style>\n#gap-571849492 {\n  padding-top: 20px;\n}\n<\/style>\n\t<\/div>\n\t\n\n\n\t\t<\/div>\n\t<\/div>\n\t\n\t\n<a href=\"https:\/\/wa.me\/31641293851\" target=\"_blank\" class=\"button primary expand\" rel=\"noopener\">\n\t\t<span>Kontakt p\u0159es Whatsapp<\/span>\n\t<\/a>\n\n\n<a href=\"https:\/\/t.me\/jaimydevries\" target=\"_blank\" class=\"button secondary expand\" rel=\"noopener\">\n\t\t<span>Kontakt p\u0159es Telegram<\/span>\n\t<\/a>\n\n\n\n\t\t<\/div>\n\t\t\t\t\t<\/div>\n\n\t\n\n\t<div id=\"col-1169212765\" class=\"col small-12 large-12\"  >\n\t\t\t\t<div class=\"col-inner text-center\" style=\"background-color:rgb(255,255,255);\" >\n\t\t\t\n\t\t\t\n\n<h3>V p\u0159\u00edpad\u011b dotaz\u016f nebo p\u0159ipom\u00ednek k p\u0159\u00edpravku AQUAQUICK 2000 vypl\u0148te n\u00ed\u017ee uveden\u00fd formul\u00e1\u0159.<\/h3>\n<div class=\"is-divider divider clearfix\" ><\/div>\n\n<div class=\"row align-center\"  id=\"row-711715744\">\n\n\n\t<div id=\"col-723093722\" class=\"col medium-11 small-12 large-7\"  >\n\t\t\t\t<div class=\"col-inner text-left\"  >\n\t\t\t\n\t\t\t\n\n\n            <div \n                class=\"elfsight-widget-contact-form elfsight-widget\" \n                data-elfsight-contact-form-options=\"%7B%22ei%22%3A%22%22%2C%22fields%22%3A%5B%7B%22type%22%3A%22text%22%2C%22placeholder%22%3A%22John%20Denver%22%2C%22description%22%3A%22%22%2C%22label%22%3A%22Full%20name%22%2C%22required%22%3Afalse%2C%22columnWidth%22%3A50%2C%22id%22%3A%22%5Bfull-name%5D%22%7D%2C%7B%22type%22%3A%22email%22%2C%22label%22%3A%22Email%20address%22%2C%22description%22%3A%22%22%2C%22placeholder%22%3A%22example%40aquaquick2000.com%22%2C%22required%22%3Atrue%2C%22columnWidth%22%3A50%2C%22id%22%3A%22%5Bemail-address%5D%22%7D%2C%7B%22type%22%3A%22phone%22%2C%22label%22%3A%22Phone%20number%22%2C%22placeholder%22%3A%22%2B1-999-999-9999%22%2C%22description%22%3A%22%22%2C%22required%22%3Afalse%2C%22columnWidth%22%3A50%2C%22id%22%3A%22%5Bphone-number%5D%22%7D%2C%7B%22type%22%3A%22dropdown%22%2C%22label%22%3A%22Topic%20of%20your%20question%22%2C%22name%22%3A%22%22%2C%22placeholder%22%3A%22Choose%20an%20option%22%2C%22options%22%3A%22General%20question%20%5CnTechnical%20product%20support%5CnPurchase%20AQUAQUICK%202000%5CnDistributor%20license%20AQUAQUICK%202000%22%2C%22scaleNumbersMin%22%3A1%2C%22scaleNumbersMax%22%3A10%2C%22leftCaption%22%3A%22Not%20likely%22%2C%22rightCaption%22%3A%22Very%20likely%22%2C%22fileLinkCaption%22%3A%22Choose%20file%22%2C%22fileDragCaption%22%3A%22or%20drag%20%26%20drop%20here%22%2C%22text%22%3A%22Text%22%2C%22title%22%3A%22Heading%22%2C%22caption%22%3A%22%22%2C%22value%22%3A%22%22%2C%22labelText%22%3A%22Label%22%2C%22dateTime%22%3A%22date%22%2C%22dateFormat%22%3A%22d.m.Y%22%2C%22timeFormat%22%3A%22H%3Ai%22%2C%22starsCount%22%3A5%2C%22required%22%3Atrue%2C%22description%22%3A%22%22%2C%22columnWidth%22%3A50%2C%22elementColumnWidth%22%3A100%2C%22fileAllowedAll%22%3Atrue%2C%22fileAllowed%22%3A%5B%22.jpg%22%2C%22.jpeg%22%2C%22.png%22%2C%22.gif%22%2C%22.txt%22%2C%22.pdf%22%2C%22.doc%22%2C%22.docx%22%2C%22.pages%22%2C%22.numbers%22%2C%22.xls%22%2C%22.xlsx%22%2C%22.odt%22%2C%22.ppt%22%2C%22.pptx%22%2C%22.pps%22%2C%22.ppsx%22%2C%22.html%22%5D%2C%22fileMax%22%3A25%2C%22fields%22%3A%22%22%2C%22id%22%3A%22%5Btopic-of-your-question%5D%22%7D%2C%7B%22type%22%3A%22textarea%22%2C%22label%22%3A%22Write%20your%20message%22%2C%22description%22%3A%22%22%2C%22placeholder%22%3A%22Tell%20us%20briefly%20about%20what%20you%20are%20looking%20for.%22%2C%22required%22%3Atrue%2C%22columnWidth%22%3A100%2C%22id%22%3A%22%5Bwrite-your-message%5D%22%7D%5D%2C%22headerActive%22%3Afalse%2C%22headerTitle%22%3A%22Get%20in%20Touch%22%2C%22headerText%22%3A%22Leave%20your%20message%20and%20we%27ll%20get%20back%20to%20you%20shortly.%22%2C%22headerPictureUrl%22%3A%22message%22%2C%22footerText%22%3A%22%22%2C%22actionAfterSubmit%22%3A%22message%22%2C%22successMessage%22%3A%22Your%20message%20was%20successfully%20sent%21%20We%20will%20reply%20to%20you%20shortly.%22%2C%22successContinueText%22%3A%22OK%22%2C%22redirectUrl%22%3A%22https%3A%5C%2F%5C%2Fexample.com%22%2C%22submitText%22%3A%22Submit%22%2C%22stepsMessagesDivider%22%3Anull%2C%22stepsMessagesTitle%22%3Anull%2C%22stepsText%22%3A%22step%20%251%20of%20%252%22%2C%22stepBackText%22%3A%22Back%22%2C%22stepNextText%22%3A%22Next%22%2C%22errorMessageAllRequired%22%3A%22Please%2C%20fill%20all%20the%20required%20fields%22%2C%22errorMessageAllIncorrect%22%3A%22Please%2C%20fill%20all%20the%20fields%20correctly%22%2C%22errorMessageSetMailTo%22%3A%22Please%2C%20set%20the%20email%20to%20send%20messages%20to%22%2C%22errorMessageRequiredCaptcha%22%3A%22Please%2C%20enter%20the%20captcha%22%2C%22errorMessageFileSizeLimit%22%3A%22File%20size%20limit%20exceeded%22%2C%22errorMessageFileNotAllowed%22%3A%22File%20extension%20not%20allowed%22%2C%22errorMessageUnknown%22%3A%22Unknown%20error%22%2C%22errorMessageRequired%22%3A%22Required%20field%22%2C%22errorMessageInvalid%22%3A%22Invalid%22%2C%22errorMessageInvalidEmail%22%3A%22Invalid%20email%22%2C%22errorMessageInvalidPhone%22%3A%22Invalid%20phone%20number%22%2C%22errorMessageInvalidUrl%22%3A%22Invalid%20URL%22%2C%22calendarWeekdaysShorthand%22%3A%22Sun%5CnMon%5CnTue%5CnWed%5CnThu%5CnFri%5CnSat%22%2C%22calendarMonthsLonghand%22%3A%22January%5CnFebruary%5CnMarch%5CnApril%5CnMay%5CnJune%5CnJuly%5CnAugust%5CnSeptember%5CnOctober%5CnNovember%5CnDecember%22%2C%22showProgress%22%3Atrue%2C%22recaptchaType%22%3A%22invisible%22%2C%22integrationsGoogleToken%22%3A%22%22%2C%22integrationsGoogleSheetId%22%3A%22%22%2C%22layout%22%3A%22default%22%2C%22floatingIcon%22%3A%22message%22%2C%22floatingText%22%3A%22%22%2C%22floatingPosition%22%3A%22right%22%2C%22width%22%3A%22580%22%2C%22style%22%3A%22classic%22%2C%22mainColor%22%3A%22rgba%2828%2C%20145%2C%20255%2C%201%29%22%2C%22apiUrl%22%3A%22https%3A%5C%2F%5C%2Fwww.aquaquick2000.com%5C%2Fcs%5C%2Fwp-json%5C%2Felfsight-contact-form%5C%2Fapi%22%2C%22recaptchaKeyCheckbox%22%3A%226LfXGHgUAAAAAHNIE_EH7kEI1l4xvf_ynIlg5bfo%22%2C%22recaptchaKeyInvisible%22%3A%226Ld1CXgUAAAAAFTHmixC1Eo-NP7_3ddB1YOj9AfX%22%2C%22widgetId%22%3A%221%22%7D\" \n                data-elfsight-contact-form-version=\"2.3.1\"\n                data-elfsight-widget-id=\"elfsight-contact-form-1\">\n            <\/div>\n            \n\n\t\t<\/div>\n\t\t\t\t\t<\/div>\n\n\t\n\n\t<div id=\"col-82255993\" class=\"col medium-11 small-12 large-5\"  >\n\t\t\t\t<div class=\"col-inner text-left\"  >\n\t\t\t\n\t\t\t\n\n\t<div id=\"gap-656502630\" class=\"gap-element clearfix\" style=\"display:block; height:auto;\">\n\t\t\n<style>\n#gap-656502630 {\n  padding-top: 45px;\n}\n<\/style>\n\t<\/div>\n\t\n\n<h3 class=\"uppercase\" style=\"text-align: left;\"><span style=\"font-size: 90%;\"><strong>kontaktn\u00ed informace<\/strong><\/span><\/h3>\n<p style=\"text-align: left;\"><strong>Spole\u010dnost:<\/strong> AQUAQUICK GLOBAL B.V<\/p>\n<hr>\n<p style=\"text-align: left;\"><strong>Adresa:<\/strong> Rutbekerveldweg 275 | 7548PP Enschede<\/p>\n<hr>\n<p style=\"text-align: left;\"><strong>Telefonn\u00ed \u010d\u00edslo Bart de Vries:<\/strong> +31641189424<\/p>\n<hr>\n<p style=\"text-align: left;\"><strong>Telefonn\u00ed \u010d\u00edslo Jaimy de Vries:<\/strong> +31641293851<\/p>\n<hr>\n<p style=\"text-align: left;\"><strong>Obchodn\u00ed dotazy:<\/strong> business@aquaquick2000.com<\/p>\n<hr>\n<p style=\"text-align: left;\"><strong>Obchodn\u00ed dotazy:<\/strong> info@aquaquick2000.com<\/p>\n\n\t\t<\/div>\n\t\t\t\t\t<\/div>\n\n\t\n\n<\/div>\n\n\t\t<\/div>\n\t\t\t\t\n<style>\n#col-1169212765 > .col-inner {\n  padding: 5px 5px 5px 5;\n  margin: 0 0px 0px 0px;\n}\n<\/style>\n\t<\/div>\n\n\t\n\n\n<style>\n#row-1635987769 > .col > .col-inner {\n  padding: 40px 40px 40px 40px;\n  background-color: rgb(255,255,255);\n}\n<\/style>\n<\/div>\n\n\t\t<\/div>\n\t\t\t\t\n<style>\n#col-4743828 > .col-inner {\n  margin: -100px 0px 0px 0px;\n}\n<\/style>\n\t<\/div>\n\n\t\n\n<\/div>\n<div class=\"row\"  id=\"row-1569302404\">\n\n\n\t<div id=\"col-784986091\" class=\"col small-12 large-12\"  >\n\t\t\t\t<div class=\"col-inner text-center\"  >\n\t\t\t\n\t\t\t\n\n<h4>AQUAQUICK GLOBAL B.V Podrobnosti o spole\u010dnosti<\/h4>\n<p><b>AQUAQUICK GLOBAL B.V<\/b> Rutbekerveldweg 275 | 7548PP, Nizozemsko | Enschede<\/p>\n<p><a href=\"mailto:business@aquaquick2000.com\">business@aquaquick2000.com<\/a> <b>|<\/b> <a href=\"mailto:jaimy@aquaquick2000.com\">jaimy@aquaquick2000.com<\/a> <b> | <\/b> <a href=\"mailto:bart@aquaquick2000.com\">bart@aquaquick2000.com<\/a><\/p>\n<p>Registrace podniku: \u010c\u00edslo DPH: 8522.56.814B01 \/\/ Obchodn\u00ed komora: 56680236<\/p>\n\n\t\t<\/div>\n\t\t\t\t\t<\/div>\n\n\t\n\n<\/div>\n\n\t\t<\/div>\n\n\t\t\n<style>\n#section_851159510 {\n  padding-top: 30px;\n  padding-bottom: 30px;\n  background-color: rgb(244, 244, 244);\n}\n<\/style>\n\t<\/section>","protected":false},"excerpt":{"rendered":"","protected":false},"author":1,"featured_media":8695,"parent":0,"menu_order":0,"comment_status":"closed","ping_status":"closed","template":"page-blank.php","meta":{"cybocfi_hide_featured_image":"","footnotes":"","_links_to":"","_links_to_target":""},"class_list":["post-29","page","type-page","status-publish","has-post-thumbnail","hentry"],"_links":{"self":[{"href":"https:\/\/www.aquaquick2000.com\/cs\/wp-json\/wp\/v2\/pages\/29","targetHints":{"allow":["GET"]}}],"collection":[{"href":"https:\/\/www.aquaquick2000.com\/cs\/wp-json\/wp\/v2\/pages"}],"about":[{"href":"https:\/\/www.aquaquick2000.com\/cs\/wp-json\/wp\/v2\/types\/page"}],"author":[{"embeddable":true,"href":"https:\/\/www.aquaquick2000.com\/cs\/wp-json\/wp\/v2\/users\/1"}],"replies":[{"embeddable":true,"href":"https:\/\/www.aquaquick2000.com\/cs\/wp-json\/wp\/v2\/comments?post=29"}],"version-history":[{"count":0,"href":"https:\/\/www.aquaquick2000.com\/cs\/wp-json\/wp\/v2\/pages\/29\/revisions"}],"wp:featuredmedia":[{"embeddable":true,"href":"https:\/\/www.aquaquick2000.com\/cs\/wp-json\/wp\/v2\/media\/8695"}],"wp:attachment":[{"href":"https:\/\/www.aquaquick2000.com\/cs\/wp-json\/wp\/v2\/media?parent=29"}],"curies":[{"name":"wp","href":"https:\/\/api.w.org\/{rel}","templated":true}]}}