{"id":3561,"date":"2018-04-23T21:19:18","date_gmt":"2018-04-23T21:19:18","guid":{"rendered":"http:\/\/www.aquaquick2000.com\/?page_id=3561"},"modified":"2023-01-27T10:31:09","modified_gmt":"2023-01-27T10:31:09","slug":"nck-international-corp","status":"publish","type":"page","link":"https:\/\/www.aquaquick2000.com\/cs\/distributors\/nck-international-corp\/","title":{"rendered":"NCK INTERNATIONAL CORP"},"content":{"rendered":"<section class=\"section\" id=\"section_1756188151\">\n\t\t<div class=\"section-bg fill\" >\n\t\t\t<img decoding=\"async\" width=\"1920\" height=\"441\" src=\"https:\/\/b3871678.smushcdn.com\/3871678\/wp-content\/uploads\/2020\/09\/aquaquick-2000-oil-cleaning-waterwave.jpg?lossy=2&strip=1&webp=1\" class=\"bg attachment- size-\" alt=\"\" title=\"\" srcset=\"https:\/\/b3871678.smushcdn.com\/3871678\/wp-content\/uploads\/2020\/09\/aquaquick-2000-oil-cleaning-waterwave.jpg?lossy=2&amp;strip=1&amp;webp=1 1920w, https:\/\/b3871678.smushcdn.com\/3871678\/wp-content\/uploads\/2020\/09\/aquaquick-2000-oil-cleaning-waterwave-510x117.jpg?lossy=2&amp;strip=1&amp;webp=1 510w, https:\/\/b3871678.smushcdn.com\/3871678\/wp-content\/uploads\/2020\/09\/aquaquick-2000-oil-cleaning-waterwave-500x115.jpg?lossy=2&amp;strip=1&amp;webp=1 500w, https:\/\/b3871678.smushcdn.com\/3871678\/wp-content\/uploads\/2020\/09\/aquaquick-2000-oil-cleaning-waterwave-1280x294.jpg?lossy=2&amp;strip=1&amp;webp=1 1280w, https:\/\/b3871678.smushcdn.com\/3871678\/wp-content\/uploads\/2020\/09\/aquaquick-2000-oil-cleaning-waterwave-768x176.jpg?lossy=2&amp;strip=1&amp;webp=1 768w, https:\/\/b3871678.smushcdn.com\/3871678\/wp-content\/uploads\/2020\/09\/aquaquick-2000-oil-cleaning-waterwave-1536x353.jpg?lossy=2&amp;strip=1&amp;webp=1 1536w, https:\/\/b3871678.smushcdn.com\/3871678\/wp-content\/uploads\/2020\/09\/aquaquick-2000-oil-cleaning-waterwave.jpg?size=204x47&amp;lossy=2&amp;strip=1&amp;webp=1 204w, https:\/\/b3871678.smushcdn.com\/3871678\/wp-content\/uploads\/2020\/09\/aquaquick-2000-oil-cleaning-waterwave.jpg?size=408x94&amp;lossy=2&amp;strip=1&amp;webp=1 408w, https:\/\/b3871678.smushcdn.com\/3871678\/wp-content\/uploads\/2020\/09\/aquaquick-2000-oil-cleaning-waterwave.jpg?size=612x141&amp;lossy=2&amp;strip=1&amp;webp=1 612w, https:\/\/b3871678.smushcdn.com\/3871678\/wp-content\/uploads\/2020\/09\/aquaquick-2000-oil-cleaning-waterwave.jpg?size=1020x234&amp;lossy=2&amp;strip=1&amp;webp=1 1020w\" sizes=\"(max-width: 1920px) 100vw, 1920px\">\t\t\t\t\t\t<div class=\"section-bg-overlay absolute fill\"><\/div>\n\t\t\t\n\n\t\t<\/div>\n\n\t\t\n\n\t\t<div class=\"section-content relative\">\n\t\t\t\n\n<div class=\"row row-collapse align-equal\"  id=\"row-665864848\">\n\n\n\t<div id=\"col-918284525\" class=\"col small-12 large-12\"  >\n\t\t\t\t<div class=\"col-inner\"  >\n\t\t\t\n\t\t\t\n\n<h2 class=\"uppercase\" style=\"text-align: center;\">AQUAQUICK 2000 v \u010c\u00edn\u011b, na Tchaj-wanu a ve Vietnamu prod\u00e1v\u00e1 spole\u010dnost NCK INTERNATIONAL CORP<\/h2>\n\n\t\t<\/div>\n\t\t\t\t\t<\/div>\n\n\t\n\n<\/div>\n\n\t\t<\/div>\n\n\t\t\n<style>\n#section_1756188151 {\n  padding-top: 45px;\n  padding-bottom: 45px;\n}\n#section_1756188151 .section-bg-overlay {\n  background-color: rgba(240, 240, 240, 0.64);\n}\n<\/style>\n\t<\/section>\n\t\n\n\t<section class=\"section\" id=\"section_431265354\">\n\t\t<div class=\"section-bg fill\" >\n\t\t\t\t\t\t\t\t\t<div class=\"section-bg-overlay absolute fill\"><\/div>\n\t\t\t\n\n\t\t<\/div>\n\n\t\t\n\n\t\t<div class=\"section-content relative\">\n\t\t\t\n\n<div class=\"row\"  id=\"row-890300180\">\n\n\n\t<div id=\"col-821087997\" class=\"col medium-6 small-12 large-6\"  >\n\t\t\t\t<div class=\"col-inner\"  >\n\t\t\t\n\t\t\t\n\n<h3 class=\"widget-title\">Distributor AQUAQUICK 2000 v \u010c\u00edn\u011b, na Tchaj-wanu a ve Vietnamu<\/h3>\n<p class=\"widget-title\">NCK INTERNATIONAL CORP zastupuje celou \u0159adu evropsk\u00fdch v\u00fdrobc\u016f, kte\u0159\u00ed se zaslou\u017eili o v\u00fdrobu pracovn\u00edch m\u00edst a \u017eivotn\u00edho prost\u0159ed\u00ed.<\/p>\n<p>Spole\u010dnost NCK INTERNATIONAL CORP nab\u00edz\u00ed \u0161irokou \u0161k\u00e1lu slu\u017eeb.<\/p>\n<p>Spole\u010dnost NCK INTERNATIONAL CORP m\u00e1 licenci na prodej v\u00fdrobk\u016f AQUAQUICK v \u010c\u00edn\u011b, na Tchaj-wanu a ve Vietnamu.<\/p>\n<p><em><strong>Spole\u010dnost NCK INTERNATIONAL CORP je schv\u00e1lena spole\u010dnost\u00ed AQUAQUICK GLOBAL B.V.<\/strong><\/em><\/p>\n<h3>Kontaktn\u00ed \u00fadaje spole\u010dnosti NCK INTERNATIONAL CORP<\/h3>\n<a href=\"https:\/\/www.aquaquick2000.com\/cs\/distributori\/\" class=\"button primary\" >\n\t\t<span>V\u0161ichni distributo\u0159i AQUAQUICK 2000<\/span>\n\t<\/a>\n\n\n\n\t\t<\/div>\n\t\t\t\t\t<\/div>\n\n\t\n\n\t<div id=\"col-1960664573\" class=\"col medium-6 small-12 large-6\"  >\n\t\t\t\t<div class=\"col-inner\" style=\"background-color:rgb(240, 240, 240);\" >\n\t\t\t\n\t\t\t\n\n<div class=\"accordion\">\n\n\t<div id=\"accordion-3319459078\" class=\"accordion-item\">\n\t\t<a id=\"accordion-3319459078-label\" class=\"accordion-title plain active\" href=\"#accordion-item-aquaquick-2000-in-china,-taiwan-&#038;-vietnam\" aria-expanded=\"true\" aria-controls=\"accordion-3319459078-content\">\n\t\t\t<button class=\"toggle\" aria-label=\"P\u0159epnout\"><i class=\"icon-angle-down\" aria-hidden=\"true\"><\/i><\/button>\n\t\t\t<span>AQUAQUICK 2000 v \u010c\u00edn\u011b, na Tchaj-wanu a ve Vietnamu<\/span>\n\t\t<\/a>\n\t\t<div id=\"accordion-3319459078-content\" class=\"accordion-inner\" style=\"display: block;\" aria-labelledby=\"accordion-3319459078-label\">\n\t\t\t\n\n<p>Chcete-li zakoupit AQUAQUICK 2000 p\u0159\u00edmo v <b>\u010c\u00edna, Tchaj-wan a Vietnam<\/b> m\u016f\u017eete kontaktovat na\u0161eho m\u00edstn\u00edho distributora <strong>NCK INTERNATIONAL CORP<\/strong>.<\/p>\n<p>AQUAQUICK 2000 je mo\u017en\u00e9 zakoupit v kter\u00e9koli zemi na sv\u011bt\u011b a je \u0159e\u0161en\u00edm \u010d\u00edslo jedna pro likvidaci ropn\u00fdch skvrn.<\/p>\n\n\t\t<\/div>\n\t<\/div>\n\t\n\t<div id=\"accordion-605449935\" class=\"accordion-item\">\n\t\t<a id=\"accordion-605449935-label\" class=\"accordion-title plain\" href=\"#accordion-item-oil-spills-in-china,-taiwan-&#038;-vietnam\" aria-expanded=\"false\" aria-controls=\"accordion-605449935-content\">\n\t\t\t<button class=\"toggle\" aria-label=\"P\u0159epnout\"><i class=\"icon-angle-down\" aria-hidden=\"true\"><\/i><\/button>\n\t\t\t<span>\u00daniky ropy v \u010c\u00edn\u011b, na Tchaj-wanu a ve Vietnamu<\/span>\n\t\t<\/a>\n\t\t<div id=\"accordion-605449935-content\" class=\"accordion-inner\" aria-labelledby=\"accordion-605449935-label\">\n\t\t\t\n\n<p>Pro okam\u017eit\u00e9 \u0159e\u0161en\u00ed \u00faniku oleje \u0161etrn\u00e9 k \u017eivotn\u00edmu prost\u0159ed\u00ed je nejlep\u0161\u00ed pou\u017e\u00edt AQUAQUICK 2000. Pokud se setk\u00e1te s \u00fanikem oleje v <b>\u010c\u00edna, Tchaj-wan a Vietnam <\/b>m\u016f\u017eete se obr\u00e1tit na spole\u010dnost NCK INTERNATIONAL CORP a po\u017e\u00e1dat ji o dod\u00e1vku p\u0159\u00edpravku AQUAQUICK 2000.<\/p>\n\n\t\t<\/div>\n\t<\/div>\n\t\n\t<div id=\"accordion-1662768602\" class=\"accordion-item\">\n\t\t<a id=\"accordion-1662768602-label\" class=\"accordion-title plain\" href=\"#accordion-item-about-nck-international-corp\" aria-expanded=\"false\" aria-controls=\"accordion-1662768602-content\">\n\t\t\t<button class=\"toggle\" aria-label=\"P\u0159epnout\"><i class=\"icon-angle-down\" aria-hidden=\"true\"><\/i><\/button>\n\t\t\t<span>O spole\u010dnosti NCK INTERNATIONAL CORP<\/span>\n\t\t<\/a>\n\t\t<div id=\"accordion-1662768602-content\" class=\"accordion-inner\" aria-labelledby=\"accordion-1662768602-label\">\n\t\t\t\n\n<h3>O spole\u010dnosti NCK INTERNATIONAL CORP<\/h3>\n<p>Vzhledem k tomu, \u017ee spot\u0159ebitel\u00e9 jsou st\u00e1le vysp\u011blej\u0161\u00ed v oblasti \u00faspor energie a ochrany \u017eivotn\u00edho prost\u0159ed\u00ed, spole\u010dnost Hong Quansheng se dr\u017e\u00ed d\u016fsledn\u00e9 firemn\u00ed filozofie \"inovace\", \"\u00faspory energie\" a \"udr\u017eitelnosti\", aby ka\u017ed\u00fd mohl \u017e\u00edt v zelen\u00e9m, bezpe\u010dn\u00e9m a pohodln\u00e9m \u017eivotn\u00edm prost\u0159ed\u00ed pro nezvratn\u00fd trend rozvoje ochrany \u017eivotn\u00edho prost\u0159ed\u00ed.<\/p>\n<p>Zheng Fengning, p\u0159edseda spole\u010dnosti Hong Quansheng International, p\u0159edstavil ekologicky \u0161etrn\u00fd n\u00e1t\u011br Adgreencoat, kter\u00fd vyvinula spole\u010dnost NCK Co., Ltd. z japonsk\u00e9ho \u00dast\u0159edn\u00edho v\u00fdzkumn\u00e9ho \u00fastavu. Tento v\u00fdrobek dok\u00e1\u017ee p\u0159\u00edmo a \u00fa\u010dinn\u011b odr\u00e1\u017eet s\u00e1lav\u00e9 teplo slune\u010dn\u00edho z\u00e1\u0159en\u00ed, ultrafialov\u00e9 paprsky a bl\u00edzk\u00e9 infra\u010derven\u00e9 z\u00e1\u0159en\u00ed.<\/p>\n<p>Sn\u00ed\u017een\u00ed teploty v objektu (nap\u0159. v budov\u00e1ch, sudech, autobusech atd.), sn\u00ed\u017een\u00ed n\u00e1klad\u016f na elekt\u0159inu z klimatizace a zlep\u0161en\u00ed komfortu pracovn\u00edho prost\u0159ed\u00ed. V roce 2013 byla zalo\u017eena spole\u010dnost China Research International Co., Ltd. jako spole\u010dn\u00fd podnik s NCK, kter\u00fd bude zodpov\u011bdn\u00fd za v\u00fdrobu, marketing a rozvoj prodejn\u00edch kan\u00e1l\u016f v\u00fdrobk\u016f v regionu Velk\u00e9 \u010c\u00edny.<\/p>\n<p>Krom\u011b toho se spole\u010dnost China Research International od roku 2017 zav\u00e1zala poskytovat z\u00e1kazn\u00edk\u016fm vysoce kvalitn\u00ed ekologick\u00e9 slu\u017eby a \u0159e\u0161en\u00ed v duchu pokra\u010duj\u00edc\u00ed kultivace ekologicky \u0161etrn\u00fdch energeticky \u00fasporn\u00fdch v\u00fdrobk\u016f.<\/p>\n<p>Za\u010dala zastupovat \u0159adu v\u00fdrobk\u016f AQUAQUICK 2000 spole\u010dnosti AQUAQUICK GLOBAL BV z Nizozemska , kter\u00e1 z\u00e1kazn\u00edk\u016fm poskytuje ekologicky \u0161etrn\u00e9 \u010di\u0161t\u011bn\u00ed (rozklad oleje) Nejlep\u0161\u00ed a \u00fa\u010dinn\u00fd pl\u00e1n p\u0159id\u011blov\u00e1n\u00ed. Sna\u017e\u00edme se navazovat \u00fazk\u00e1 partnerstv\u00ed se z\u00e1kazn\u00edky, dr\u017e\u00edme se sv\u00fdch z\u00e1vazk\u016f v\u016f\u010di z\u00e1kazn\u00edk\u016fm a dodavatel\u016fm a usilujeme o oboustrann\u011b v\u00fdhodn\u00fd a udr\u017eiteln\u00fd provoz.<\/p>\n<p>Spole\u010dnost Zhongyan klade d\u016fraz na kvalitu v\u00fdrobk\u016f, v\u00fdb\u011br zdroj\u016f surovin a p\u0159\u00edsn\u00e9 procesn\u00ed normy. Pevn\u011b v\u011b\u0159\u00ed, \u017ee pouze spole\u010denskou odpov\u011bdnost\u00ed a anga\u017eovanost\u00ed lze dos\u00e1hnout vize udr\u017eiteln\u00e9ho provozu.<\/p>\n\n\t\t<\/div>\n\t<\/div>\n\t\n\n<\/div>\n\t<div class=\"img has-hover x md-x lg-x y md-y lg-y\" id=\"image_301209415\">\n\t\t\t\t\t\t\t\t<div class=\"img-inner dark\" >\n\t\t\t<img decoding=\"async\" width=\"500\" height=\"149\" data-src=\"https:\/\/b3871678.smushcdn.com\/3871678\/wp-content\/uploads\/2020\/09\/AQUAQUICK-2000-DISTRIBUTOR-LOGOS_0007_logo03-1-e1523610811893.jpg?lossy=2&strip=1&webp=1\" class=\"attachment-large size-large lazyload\" alt=\"AQUAQUICK 2000 DISTRIBUTOR NCK INTERNATIONAL CORP\" title=\"\" data-srcset=\"https:\/\/b3871678.smushcdn.com\/3871678\/wp-content\/uploads\/2020\/09\/AQUAQUICK-2000-DISTRIBUTOR-LOGOS_0007_logo03-1-e1523610811893.jpg?lossy=2&amp;strip=1&amp;webp=1 500w, https:\/\/b3871678.smushcdn.com\/3871678\/wp-content\/uploads\/2020\/09\/AQUAQUICK-2000-DISTRIBUTOR-LOGOS_0007_logo03-1-e1523610811893.jpg?size=204x61&amp;lossy=2&amp;strip=1&amp;webp=1 204w, https:\/\/b3871678.smushcdn.com\/3871678\/wp-content\/uploads\/2020\/09\/AQUAQUICK-2000-DISTRIBUTOR-LOGOS_0007_logo03-1-e1523610811893.jpg?size=408x122&amp;lossy=2&amp;strip=1&amp;webp=1 408w\" data-sizes=\"auto\" src=\"data:image\/svg+xml;base64,PHN2ZyB3aWR0aD0iMSIgaGVpZ2h0PSIxIiB4bWxucz0iaHR0cDovL3d3dy53My5vcmcvMjAwMC9zdmciPjwvc3ZnPg==\" style=\"--smush-placeholder-width: 500px; --smush-placeholder-aspect-ratio: 500\/149;\" data-original-sizes=\"(max-width: 500px) 100vw, 500px\">\t\t\t\t\t\t\n\t\t\t\t\t<\/div>\n\t\t\t\t\t\t\t\t\n<style>\n#image_301209415 {\n  width: 100%;\n}\n<\/style>\n\t<\/div>\n\t\n\n\n\t\t<\/div>\n\t\t\t\t\t<\/div>\n\n\t\n\n<\/div>\n\n\t\t<\/div>\n\n\t\t\n<style>\n#section_431265354 {\n  padding-top: 30px;\n  padding-bottom: 30px;\n  background-color: rgb(255, 255, 255);\n}\n#section_431265354 .section-bg-overlay {\n  background-color: rgba(240, 240, 240, 0);\n}\n<\/style>\n\t<\/section>","protected":false},"excerpt":{"rendered":"","protected":false},"author":1,"featured_media":5585,"parent":2564,"menu_order":0,"comment_status":"closed","ping_status":"closed","template":"page-blank.php","meta":{"cybocfi_hide_featured_image":"","footnotes":"","_links_to":"","_links_to_target":""},"class_list":["post-3561","page","type-page","status-publish","has-post-thumbnail","hentry"],"_links":{"self":[{"href":"https:\/\/www.aquaquick2000.com\/cs\/wp-json\/wp\/v2\/pages\/3561","targetHints":{"allow":["GET"]}}],"collection":[{"href":"https:\/\/www.aquaquick2000.com\/cs\/wp-json\/wp\/v2\/pages"}],"about":[{"href":"https:\/\/www.aquaquick2000.com\/cs\/wp-json\/wp\/v2\/types\/page"}],"author":[{"embeddable":true,"href":"https:\/\/www.aquaquick2000.com\/cs\/wp-json\/wp\/v2\/users\/1"}],"replies":[{"embeddable":true,"href":"https:\/\/www.aquaquick2000.com\/cs\/wp-json\/wp\/v2\/comments?post=3561"}],"version-history":[{"count":0,"href":"https:\/\/www.aquaquick2000.com\/cs\/wp-json\/wp\/v2\/pages\/3561\/revisions"}],"up":[{"embeddable":true,"href":"https:\/\/www.aquaquick2000.com\/cs\/wp-json\/wp\/v2\/pages\/2564"}],"wp:featuredmedia":[{"embeddable":true,"href":"https:\/\/www.aquaquick2000.com\/cs\/wp-json\/wp\/v2\/media\/5585"}],"wp:attachment":[{"href":"https:\/\/www.aquaquick2000.com\/cs\/wp-json\/wp\/v2\/media?parent=3561"}],"curies":[{"name":"wp","href":"https:\/\/api.w.org\/{rel}","templated":true}]}}