{"id":4301,"date":"2019-07-18T11:17:49","date_gmt":"2019-07-18T11:17:49","guid":{"rendered":"https:\/\/www.aquaquick2000.com\/?page_id=4301"},"modified":"2023-01-27T10:33:00","modified_gmt":"2023-01-27T10:33:00","slug":"topserw","status":"publish","type":"page","link":"https:\/\/www.aquaquick2000.com\/cs\/distributors\/topserw\/","title":{"rendered":"TOPSERW"},"content":{"rendered":"<section class=\"section\" id=\"section_814863916\">\n\t\t<div class=\"section-bg fill\" >\n\t\t\t<img decoding=\"async\" width=\"1920\" height=\"441\" src=\"https:\/\/b3871678.smushcdn.com\/3871678\/wp-content\/uploads\/2020\/09\/aquaquick-2000-oil-cleaning-waterwave.jpg?lossy=2&strip=1&webp=1\" class=\"bg attachment- size-\" alt=\"\" title=\"\" srcset=\"https:\/\/b3871678.smushcdn.com\/3871678\/wp-content\/uploads\/2020\/09\/aquaquick-2000-oil-cleaning-waterwave.jpg?lossy=2&amp;strip=1&amp;webp=1 1920w, https:\/\/b3871678.smushcdn.com\/3871678\/wp-content\/uploads\/2020\/09\/aquaquick-2000-oil-cleaning-waterwave-510x117.jpg?lossy=2&amp;strip=1&amp;webp=1 510w, https:\/\/b3871678.smushcdn.com\/3871678\/wp-content\/uploads\/2020\/09\/aquaquick-2000-oil-cleaning-waterwave-500x115.jpg?lossy=2&amp;strip=1&amp;webp=1 500w, https:\/\/b3871678.smushcdn.com\/3871678\/wp-content\/uploads\/2020\/09\/aquaquick-2000-oil-cleaning-waterwave-1280x294.jpg?lossy=2&amp;strip=1&amp;webp=1 1280w, https:\/\/b3871678.smushcdn.com\/3871678\/wp-content\/uploads\/2020\/09\/aquaquick-2000-oil-cleaning-waterwave-768x176.jpg?lossy=2&amp;strip=1&amp;webp=1 768w, https:\/\/b3871678.smushcdn.com\/3871678\/wp-content\/uploads\/2020\/09\/aquaquick-2000-oil-cleaning-waterwave-1536x353.jpg?lossy=2&amp;strip=1&amp;webp=1 1536w, https:\/\/b3871678.smushcdn.com\/3871678\/wp-content\/uploads\/2020\/09\/aquaquick-2000-oil-cleaning-waterwave.jpg?size=204x47&amp;lossy=2&amp;strip=1&amp;webp=1 204w, https:\/\/b3871678.smushcdn.com\/3871678\/wp-content\/uploads\/2020\/09\/aquaquick-2000-oil-cleaning-waterwave.jpg?size=408x94&amp;lossy=2&amp;strip=1&amp;webp=1 408w, https:\/\/b3871678.smushcdn.com\/3871678\/wp-content\/uploads\/2020\/09\/aquaquick-2000-oil-cleaning-waterwave.jpg?size=612x141&amp;lossy=2&amp;strip=1&amp;webp=1 612w, https:\/\/b3871678.smushcdn.com\/3871678\/wp-content\/uploads\/2020\/09\/aquaquick-2000-oil-cleaning-waterwave.jpg?size=1020x234&amp;lossy=2&amp;strip=1&amp;webp=1 1020w\" sizes=\"(max-width: 1920px) 100vw, 1920px\">\t\t\t\t\t\t<div class=\"section-bg-overlay absolute fill\"><\/div>\n\t\t\t\n\n\t\t<\/div>\n\n\t\t\n\n\t\t<div class=\"section-content relative\">\n\t\t\t\n<div class=\"row row-collapse align-equal\"  id=\"row-1271192862\">\n\n\t<div id=\"col-1366802605\" class=\"col small-12 large-12\"  >\n\t\t\t\t<div class=\"col-inner\"  >\n\t\t\t\n\t\t\t\n<h2 class=\"uppercase\" style=\"text-align: center;\">AQUAQUICK 2000 v Polsku prod\u00e1v\u00e1 topserw<\/h2>\n\t\t<\/div>\n\t\t\t\t\t<\/div>\n\n\t\n<\/div>\n\t\t<\/div>\n\n\t\t\n<style>\n#section_814863916 {\n  padding-top: 45px;\n  padding-bottom: 45px;\n}\n#section_814863916 .section-bg-overlay {\n  background-color: rgba(240, 240, 240, 0.64);\n}\n<\/style>\n\t<\/section>\n\t\n\n\t<section class=\"section\" id=\"section_710424285\">\n\t\t<div class=\"section-bg fill\" >\n\t\t\t\t\t\t\t\t\t<div class=\"section-bg-overlay absolute fill\"><\/div>\n\t\t\t\n\n\t\t<\/div>\n\n\t\t\n\n\t\t<div class=\"section-content relative\">\n\t\t\t\n<div class=\"row\"  id=\"row-274384397\">\n\n\t<div id=\"col-514576205\" class=\"col medium-6 small-12 large-6\"  >\n\t\t\t\t<div class=\"col-inner\"  >\n\t\t\t\n\t\t\t\n<h3 class=\"widget-title\">Distributor AQUAQUICK 2000 v \u010cesk\u00e9 republice <b>Polsko<\/b><\/h3>\n<p>Spole\u010dnost Topserw je ofici\u00e1ln\u00edm z\u00e1stupcem produkt\u016f AQUAQUICK. <br \/>Spole\u010dnost Topserw m\u00e1 licenci na prodej v\u00fdrobk\u016f AQUAQUICK v Polsku. <br \/><strong>Spole\u010dnost Topserw je schv\u00e1lena spole\u010dnost\u00ed AQUAQUICK GLOBAL B.V.<\/strong><\/p>\n<h3>Kontaktn\u00ed \u00fadaje <em>Topserw<\/em><\/h3>\n<ul>\n<li class=\"bullet-arrow\">E-mail: info@topserw.com.pl<\/li>\n<li class=\"bullet-arrow\">Telefonn\u00ed \u010d\u00edslo: +48 22 771 04 56<\/li>\n<li class=\"bullet-arrow\">Hork\u00e1 linka:<a href=\"callto:     801 000 501\"> 801 000 501<\/a> <span style=\"font-size:70%;\">Pouze m\u00edstn\u00ed<\/span<<\/li>\n<\/ul>\n<h3>Spole\u010dnost Topserw je nev\u00fdhradn\u00edm distributorem v Polsku.<\/h3>\n<a href=\"https:\/\/www.aquaquick2000.com\/cs\/distributori\/\" class=\"button primary\" >\n\t\t<span>V\u0161ichni distributo\u0159i AQUAQUICK 2000<\/span>\n\t<\/a>\n\n\t\t<\/div>\n\t\t\t\t\t<\/div>\n\n\t\n\n\t<div id=\"col-105520480\" class=\"col medium-6 small-12 large-6\"  >\n\t\t\t\t<div class=\"col-inner\" style=\"background-color:rgb(240, 240, 240);\" >\n\t\t\t\n\t\t\t\n<div class=\"accordion\">\n\t<div id=\"accordion-3245882127\" class=\"accordion-item\">\n\t\t<a id=\"accordion-3245882127-label\" class=\"accordion-title plain active\" href=\"#accordion-item-aquaquick-2000-in-the-poland\" aria-expanded=\"true\" aria-controls=\"accordion-3245882127-content\">\n\t\t\t<button class=\"toggle\" aria-label=\"P\u0159epnout\"><i class=\"icon-angle-down\" aria-hidden=\"true\"><\/i><\/button>\n\t\t\t<span>AQUAQUICK 2000 V Polsku<\/span>\n\t\t<\/a>\n\t\t<div id=\"accordion-3245882127-content\" class=\"accordion-inner\" style=\"display: block;\" aria-labelledby=\"accordion-3245882127-label\">\n\t\t\t\n<p>Chcete-li zakoupit AQUAQUICK 2000 p\u0159\u00edmo v <strong>Polsko\u00a0<\/strong>m\u016f\u017eete kontaktovat na\u0161eho m\u00edstn\u00edho distributora <strong>Topserw.<\/strong><\/p>\n<p>AQUAQUICK 2000 je mo\u017en\u00e9 zakoupit v kter\u00e9koli zemi na sv\u011bt\u011b a je \u0159e\u0161en\u00edm \u010d\u00edslo jedna pro likvidaci ropn\u00fdch skvrn.<\/p>\n\t\t<\/div>\n\t<\/div>\n\t\n\t<div id=\"accordion-582402588\" class=\"accordion-item\">\n\t\t<a id=\"accordion-582402588-label\" class=\"accordion-title plain\" href=\"#accordion-item-oil-spills-in-poland\" aria-expanded=\"false\" aria-controls=\"accordion-582402588-content\">\n\t\t\t<button class=\"toggle\" aria-label=\"P\u0159epnout\"><i class=\"icon-angle-down\" aria-hidden=\"true\"><\/i><\/button>\n\t\t\t<span>\u00daniky ropy v Polsku<\/span>\n\t\t<\/a>\n\t\t<div id=\"accordion-582402588-content\" class=\"accordion-inner\" aria-labelledby=\"accordion-582402588-label\">\n\t\t\t\n<p>Pro okam\u017eit\u00e9 \u0159e\u0161en\u00ed \u00faniku oleje \u0161etrn\u00e9 k \u017eivotn\u00edmu prost\u0159ed\u00ed je nejlep\u0161\u00ed pou\u017e\u00edt AQUAQUICK 2000. Pokud se setk\u00e1te s \u00fanikem oleje v <b>Polsko<\/b>&nbsp;m\u016f\u017eete se obr\u00e1tit na <strong>Topserw<\/strong> na dod\u00e1vku p\u0159\u00edpravku AQUAQUICK 2000.<\/p>\n\t\t<\/div>\n\t<\/div>\n\t\n\t<div id=\"accordion-514613990\" class=\"accordion-item\">\n\t\t<a id=\"accordion-514613990-label\" class=\"accordion-title plain\" href=\"#accordion-item-about-topserw\" aria-expanded=\"false\" aria-controls=\"accordion-514613990-content\">\n\t\t\t<button class=\"toggle\" aria-label=\"P\u0159epnout\"><i class=\"icon-angle-down\" aria-hidden=\"true\"><\/i><\/button>\n\t\t\t<span>O spole\u010dnosti Topserw<\/span>\n\t\t<\/a>\n\t\t<div id=\"accordion-514613990-content\" class=\"accordion-inner\" aria-labelledby=\"accordion-514613990-label\">\n\t\t\t\n<h3>O spole\u010dnosti Topserw<\/h3>\n<p>Spole\u010dnost Topserw existuje od roku 1997 a specializuje se na poskytov\u00e1n\u00ed \u0159e\u0161en\u00ed v oblasti bezpe\u010dnosti pr\u00e1ce a ochrany zdrav\u00ed a \u017eivotn\u00edho prost\u0159ed\u00ed. P\u016fsob\u00edme po cel\u00e9 zemi a nab\u00edz\u00edme nejlep\u0161\u00ed glob\u00e1ln\u00ed \u0159e\u0161en\u00ed na polsk\u00e9m trhu. <br \/><br \/>Jsme jednou z nejrychleji rostouc\u00edch spole\u010dnost\u00ed v oboru. Nab\u00edz\u00edme kompletn\u00ed sortiment v\u00fdrobk\u016f pro manipulaci s nebezpe\u010dn\u00fdmi materi\u00e1ly a jejich skladov\u00e1n\u00ed, jako\u017e i pot\u0159ebn\u00e9 vybaven\u00ed souvisej\u00edc\u00ed s bezpe\u010dnou prac\u00ed v nebezpe\u010dn\u00e9m prost\u0159ed\u00ed.<\/p>\n\t\t<\/div>\n\t<\/div>\n\t\n<\/div>\n\t<div class=\"img has-hover x md-x lg-x y md-y lg-y\" id=\"image_2018792902\">\n\t\t\t\t\t\t\t\t<div class=\"img-inner dark\" >\n\t\t\t<img decoding=\"async\" width=\"500\" height=\"149\" data-src=\"https:\/\/b3871678.smushcdn.com\/3871678\/wp-content\/uploads\/2020\/09\/AQUAQUICK-2000-DISTRIBUTOR-LOGOS_0008_topserw-aquaquick2000-poland.jpg?lossy=2&strip=1&webp=1\" class=\"attachment-large size-large lazyload\" alt=\"\" title=\"\" data-srcset=\"https:\/\/b3871678.smushcdn.com\/3871678\/wp-content\/uploads\/2020\/09\/AQUAQUICK-2000-DISTRIBUTOR-LOGOS_0008_topserw-aquaquick2000-poland.jpg?lossy=2&amp;strip=1&amp;webp=1 500w, https:\/\/b3871678.smushcdn.com\/3871678\/wp-content\/uploads\/2020\/09\/AQUAQUICK-2000-DISTRIBUTOR-LOGOS_0008_topserw-aquaquick2000-poland.jpg?size=204x61&amp;lossy=2&amp;strip=1&amp;webp=1 204w, https:\/\/b3871678.smushcdn.com\/3871678\/wp-content\/uploads\/2020\/09\/AQUAQUICK-2000-DISTRIBUTOR-LOGOS_0008_topserw-aquaquick2000-poland.jpg?size=408x122&amp;lossy=2&amp;strip=1&amp;webp=1 408w\" data-sizes=\"auto\" src=\"data:image\/svg+xml;base64,PHN2ZyB3aWR0aD0iMSIgaGVpZ2h0PSIxIiB4bWxucz0iaHR0cDovL3d3dy53My5vcmcvMjAwMC9zdmciPjwvc3ZnPg==\" style=\"--smush-placeholder-width: 500px; --smush-placeholder-aspect-ratio: 500\/149;\" data-original-sizes=\"(max-width: 500px) 100vw, 500px\">\t\t\t\t\t\t\n\t\t\t\t\t<\/div>\n\t\t\t\t\t\t\t\t\n<style>\n#image_2018792902 {\n  width: 100%;\n}\n<\/style>\n\t<\/div>\n\t\n\t\t<\/div>\n\t\t\t\t\t<\/div>\n\n\t\n<\/div>\n\t\t<\/div>\n\n\t\t\n<style>\n#section_710424285 {\n  padding-top: 30px;\n  padding-bottom: 30px;\n  background-color: rgb(255, 255, 255);\n}\n#section_710424285 .section-bg-overlay {\n  background-color: rgba(240, 240, 240, 0);\n}\n<\/style>\n\t<\/section>","protected":false},"excerpt":{"rendered":"","protected":false},"author":1,"featured_media":5594,"parent":2564,"menu_order":0,"comment_status":"closed","ping_status":"closed","template":"page-blank.php","meta":{"cybocfi_hide_featured_image":"","footnotes":"","_links_to":"","_links_to_target":""},"class_list":["post-4301","page","type-page","status-publish","has-post-thumbnail","hentry"],"_links":{"self":[{"href":"https:\/\/www.aquaquick2000.com\/cs\/wp-json\/wp\/v2\/pages\/4301","targetHints":{"allow":["GET"]}}],"collection":[{"href":"https:\/\/www.aquaquick2000.com\/cs\/wp-json\/wp\/v2\/pages"}],"about":[{"href":"https:\/\/www.aquaquick2000.com\/cs\/wp-json\/wp\/v2\/types\/page"}],"author":[{"embeddable":true,"href":"https:\/\/www.aquaquick2000.com\/cs\/wp-json\/wp\/v2\/users\/1"}],"replies":[{"embeddable":true,"href":"https:\/\/www.aquaquick2000.com\/cs\/wp-json\/wp\/v2\/comments?post=4301"}],"version-history":[{"count":0,"href":"https:\/\/www.aquaquick2000.com\/cs\/wp-json\/wp\/v2\/pages\/4301\/revisions"}],"up":[{"embeddable":true,"href":"https:\/\/www.aquaquick2000.com\/cs\/wp-json\/wp\/v2\/pages\/2564"}],"wp:featuredmedia":[{"embeddable":true,"href":"https:\/\/www.aquaquick2000.com\/cs\/wp-json\/wp\/v2\/media\/5594"}],"wp:attachment":[{"href":"https:\/\/www.aquaquick2000.com\/cs\/wp-json\/wp\/v2\/media?parent=4301"}],"curies":[{"name":"wp","href":"https:\/\/api.w.org\/{rel}","templated":true}]}}