{"id":5707,"date":"2020-10-29T17:21:39","date_gmt":"2020-10-29T17:21:39","guid":{"rendered":"https:\/\/www.aquaquick2000.com\/?page_id=5707"},"modified":"2023-01-27T10:29:49","modified_gmt":"2023-01-27T10:29:49","slug":"ecologix-solutions","status":"publish","type":"page","link":"https:\/\/www.aquaquick2000.com\/cs\/distributors\/ecologix-solutions\/","title":{"rendered":"Ecologix Solutions"},"content":{"rendered":"<section class=\"section\" id=\"section_1393485803\">\n\t\t<div class=\"section-bg fill\" >\n\t\t\t<img decoding=\"async\" width=\"1920\" height=\"441\" src=\"https:\/\/b3871678.smushcdn.com\/3871678\/wp-content\/uploads\/2020\/09\/aquaquick-2000-oil-cleaning-waterwave.jpg?lossy=2&strip=1&webp=1\" class=\"bg attachment- size-\" alt=\"\" title=\"\" srcset=\"https:\/\/b3871678.smushcdn.com\/3871678\/wp-content\/uploads\/2020\/09\/aquaquick-2000-oil-cleaning-waterwave.jpg?lossy=2&amp;strip=1&amp;webp=1 1920w, https:\/\/b3871678.smushcdn.com\/3871678\/wp-content\/uploads\/2020\/09\/aquaquick-2000-oil-cleaning-waterwave-510x117.jpg?lossy=2&amp;strip=1&amp;webp=1 510w, https:\/\/b3871678.smushcdn.com\/3871678\/wp-content\/uploads\/2020\/09\/aquaquick-2000-oil-cleaning-waterwave-500x115.jpg?lossy=2&amp;strip=1&amp;webp=1 500w, https:\/\/b3871678.smushcdn.com\/3871678\/wp-content\/uploads\/2020\/09\/aquaquick-2000-oil-cleaning-waterwave-1280x294.jpg?lossy=2&amp;strip=1&amp;webp=1 1280w, https:\/\/b3871678.smushcdn.com\/3871678\/wp-content\/uploads\/2020\/09\/aquaquick-2000-oil-cleaning-waterwave-768x176.jpg?lossy=2&amp;strip=1&amp;webp=1 768w, https:\/\/b3871678.smushcdn.com\/3871678\/wp-content\/uploads\/2020\/09\/aquaquick-2000-oil-cleaning-waterwave-1536x353.jpg?lossy=2&amp;strip=1&amp;webp=1 1536w, https:\/\/b3871678.smushcdn.com\/3871678\/wp-content\/uploads\/2020\/09\/aquaquick-2000-oil-cleaning-waterwave.jpg?size=204x47&amp;lossy=2&amp;strip=1&amp;webp=1 204w, https:\/\/b3871678.smushcdn.com\/3871678\/wp-content\/uploads\/2020\/09\/aquaquick-2000-oil-cleaning-waterwave.jpg?size=408x94&amp;lossy=2&amp;strip=1&amp;webp=1 408w, https:\/\/b3871678.smushcdn.com\/3871678\/wp-content\/uploads\/2020\/09\/aquaquick-2000-oil-cleaning-waterwave.jpg?size=612x141&amp;lossy=2&amp;strip=1&amp;webp=1 612w, https:\/\/b3871678.smushcdn.com\/3871678\/wp-content\/uploads\/2020\/09\/aquaquick-2000-oil-cleaning-waterwave.jpg?size=1020x234&amp;lossy=2&amp;strip=1&amp;webp=1 1020w\" sizes=\"(max-width: 1920px) 100vw, 1920px\">\t\t\t\t\t\t<div class=\"section-bg-overlay absolute fill\"><\/div>\n\t\t\t\n\n\t\t<\/div>\n\n\t\t\n\n\t\t<div class=\"section-content relative\">\n\t\t\t\n\n<div class=\"row row-collapse align-equal\"  id=\"row-2072342886\">\n\n\n\t<div id=\"col-43942651\" class=\"col small-12 large-12\"  >\n\t\t\t\t<div class=\"col-inner\"  >\n\t\t\t\n\t\t\t\n\n<p>&nbsp;<\/p>\n<h2 class=\"uppercase\" style=\"text-align: center;\">AQUAQUICK 2000 v Malajsii a na Filip\u00edn\u00e1ch prod\u00e1v\u00e1 spole\u010dnost Eco-logix Solutions<\/h2>\n\n\t\t<\/div>\n\t\t\t\t\t<\/div>\n\n\t\n\n<\/div>\n\n\t\t<\/div>\n\n\t\t\n<style>\n#section_1393485803 {\n  padding-top: 45px;\n  padding-bottom: 45px;\n}\n#section_1393485803 .section-bg-overlay {\n  background-color: rgba(240, 240, 240, 0.64);\n}\n<\/style>\n\t<\/section>\n\t\n\n\t<section class=\"section\" id=\"section_1286132374\">\n\t\t<div class=\"section-bg fill\" >\n\t\t\t\t\t\t\t\t\t<div class=\"section-bg-overlay absolute fill\"><\/div>\n\t\t\t\n\n\t\t<\/div>\n\n\t\t\n\n\t\t<div class=\"section-content relative\">\n\t\t\t\n\n<div class=\"row\"  id=\"row-1613801209\">\n\n\n\t<div id=\"col-1759525452\" class=\"col medium-6 small-12 large-6\"  >\n\t\t\t\t<div class=\"col-inner\"  >\n\t\t\t\n\t\t\t\n\n<h3 class=\"widget-title\">Distributor AQUAQUICK 2000 v Malajsii<\/h3>\n<p>Spole\u010dnost Ecologix Solutions je ofici\u00e1ln\u00edm z\u00e1stupcem produkt\u016f AQUAQUICK.<br>Spole\u010dnost Ecologix Solutions m\u00e1 licenci na m\u00edch\u00e1n\u00ed a prodej produkt\u016f AQUAQUICK v Malajsii, na Filip\u00edn\u00e1ch a v Thajsku.<br><em><strong>Spole\u010dnost Eco-Logix Solutions je schv\u00e1lena spole\u010dnost\u00ed AQUAQUICK GLOBAL B.V.<\/strong><\/em><\/p>\n<h3>Kontaktn\u00ed \u00fadaje spole\u010dnosti Eco-Logix Solutions<\/h3>\n<ul>\n<li class=\"bullet-arrow\"><a href=\"https:\/\/www.ecologixsolutions.com\" target=\"_blank\" rel=\"noopener noreferrer\">www.ecologixsolutions.com<\/a><\/li>\n<li class=\"bullet-arrow\">Adresa: 128 beach road, gateway east. \u00farove\u0148 28<\/li>\n<li class=\"bullet-arrow\">E-mailov\u00e1 adresa: Enquiry@ecologixsolutions.com<\/li>\n<li class=\"bullet-arrow\">Telefon: +65 9003 6401<\/li>\n<\/ul>\n<a href=\"https:\/\/www.aquaquick2000.com\/cs\/distributori\/\" class=\"button primary\">\n\t\t<span>V\u0161ichni distributo\u0159i AQUAQUICK 2000<\/span>\n\t<\/a>\n\n\n\n\t\t<\/div>\n\t\t\t\t\t<\/div>\n\n\t\n\n\t<div id=\"col-30609860\" class=\"col medium-6 small-12 large-6\"  >\n\t\t\t\t<div class=\"col-inner\" style=\"background-color:rgb(240, 240, 240);\" >\n\t\t\t\n\t\t\t\n\n<div class=\"accordion\">\n\n\t<div id=\"accordion-1942827550\" class=\"accordion-item\">\n\t\t<a id=\"accordion-1942827550-label\" class=\"accordion-title plain active\" href=\"#accordion-item-aquaquick-2000-in-malaysia\" aria-expanded=\"true\" aria-controls=\"accordion-1942827550-content\">\n\t\t\t<button class=\"toggle\" aria-label=\"P\u0159epnout\"><i class=\"icon-angle-down\" aria-hidden=\"true\"><\/i><\/button>\n\t\t\t<span>AQUAQUICK 2000 v Malajsii<\/span>\n\t\t<\/a>\n\t\t<div id=\"accordion-1942827550-content\" class=\"accordion-inner\" style=\"display: block;\" aria-labelledby=\"accordion-1942827550-label\">\n\t\t\t\n\n<p>Chcete-li zakoupit AQUAQUICK 2000 p\u0159\u00edmo v <strong>Malajsie, Filip\u00edny nebo Thajsko<\/strong> m\u016f\u017eete kontaktovat na\u0161eho m\u00edstn\u00edho distributora.<\/p>\n<p>AQUAQUICK 2000 je mo\u017en\u00e9 zakoupit v kter\u00e9koli zemi na sv\u011bt\u011b a je \u0159e\u0161en\u00edm \u010d\u00edslo jedna pro likvidaci ropn\u00fdch skvrn.<\/p>\n\n\t\t<\/div>\n\t<\/div>\n\t\n\t<div id=\"accordion-3081589664\" class=\"accordion-item\">\n\t\t<a id=\"accordion-3081589664-label\" class=\"accordion-title plain\" href=\"#accordion-item-oil-spills-in-malaysia,-philippines-and-thailand\" aria-expanded=\"false\" aria-controls=\"accordion-3081589664-content\">\n\t\t\t<button class=\"toggle\" aria-label=\"P\u0159epnout\"><i class=\"icon-angle-down\" aria-hidden=\"true\"><\/i><\/button>\n\t\t\t<span>\u00daniky ropy v Malajsii, na Filip\u00edn\u00e1ch a v Thajsku<\/span>\n\t\t<\/a>\n\t\t<div id=\"accordion-3081589664-content\" class=\"accordion-inner\" aria-labelledby=\"accordion-3081589664-label\">\n\t\t\t\n\n<p>Pro okam\u017eit\u00e9 \u0159e\u0161en\u00ed \u00faniku oleje \u0161etrn\u00e9 k \u017eivotn\u00edmu prost\u0159ed\u00ed je nejlep\u0161\u00ed pou\u017e\u00edt AQUAQUICK 2000. Pokud se setk\u00e1te s \u00fanikem oleje v <strong>Malajsie, Filip\u00edny nebo Thajsko<\/strong> m\u016f\u017eete se obr\u00e1tit na <strong>Ecologix Solutions<\/strong> na dod\u00e1vku p\u0159\u00edpravku AQUAQUICK 2000.<\/p>\n\n\t\t<\/div>\n\t<\/div>\n\t\n\t<div id=\"accordion-2528043129\" class=\"accordion-item\">\n\t\t<a id=\"accordion-2528043129-label\" class=\"accordion-title plain\" href=\"#accordion-item-about-ecologix-solutions\" aria-expanded=\"false\" aria-controls=\"accordion-2528043129-content\">\n\t\t\t<button class=\"toggle\" aria-label=\"P\u0159epnout\"><i class=\"icon-angle-down\" aria-hidden=\"true\"><\/i><\/button>\n\t\t\t<span>O spole\u010dnosti Ecologix Solutions<\/span>\n\t\t<\/a>\n\t\t<div id=\"accordion-2528043129-content\" class=\"accordion-inner\" aria-labelledby=\"accordion-2528043129-label\">\n\t\t\t\n\n<h3>Eco-Logix<\/h3>\n<ul>\n<li class=\"bullet-arrow\">Spole\u010dnost Eco-logix byla zalo\u017eena v roce 1995 s c\u00edlem prod\u00e1vat a dod\u00e1vat ekologicky bezpe\u010dn\u00e9 v\u00fdrobky a \u00faklidov\u00e9 slu\u017eby v asijsko-pacifick\u00e9m regionu.<\/li>\n<li class=\"bullet-arrow\">V pr\u016fb\u011bhu let od sv\u00e9ho zalo\u017een\u00ed p\u016fsob\u00ed spole\u010dnost jako in\u017een\u00fdrsk\u00e1 spole\u010dnost zab\u00fdvaj\u00edc\u00ed se \u00fapravou vody, obchodn\u00edm subjektem a v\u00fdrobou ekologick\u00fdch produkt\u016f.<\/li>\n<li class=\"bullet-arrow\">Ned\u00e1vn\u00e9 za\u010dlen\u011bn\u00ed spole\u010dnosti Eco-logix SApCom postavilo skupinu spole\u010dnost\u00ed Eco-logix a jejich distributory do pop\u0159ed\u00ed celosv\u011btov\u00e9ho podnik\u00e1n\u00ed v oblasti environment\u00e1ln\u00edho in\u017een\u00fdrstv\u00ed.<\/li>\n<\/ul>\n<h3>Vize spole\u010dnosti<\/h3>\n<p>Sna\u017eit se b\u00fdt vedouc\u00ed profesion\u00e1ln\u00ed organizac\u00ed poskytuj\u00edc\u00ed \u0159e\u0161en\u00ed a slu\u017eby v oblasti environment\u00e1ln\u00edho managementu v pr\u016fmyslu:<\/p>\n<ul>\n<li class=\"bullet-arrow\">Poskytovat v\u00fdrobky a slu\u017eby s vynikaj\u00edc\u00ed hodnotou a udr\u017eovat a rozv\u00edjet trval\u00e9 obchodn\u00ed vztahy s na\u0161imi z\u00e1kazn\u00edky a distributory.<\/li>\n<li class=\"bullet-arrow\">Jsme odhodl\u00e1ni neust\u00e1le zlep\u0161ovat na\u0161e technologie, nov\u00e9 a inovativn\u00ed produkty, technick\u00e9 vybaven\u00ed, dovednosti a slu\u017eby, abychom mohli l\u00e9pe slou\u017eit na\u0161im v\u00e1\u017een\u00fdm z\u00e1kazn\u00edk\u016fm.<\/li>\n<li class=\"bullet-arrow\">Poskytnout alternativn\u00ed \"celkov\u00e9 \u0159e\u0161en\u00ed \u010di\u0161t\u011bn\u00ed\" a \"logick\u00e9 \u0159e\u0161en\u00ed pro ekologii\".<\/li>\n<\/ul>\n<h3>Obchodn\u00ed mise<\/h3>\n<p>K dosa\u017een\u00ed na\u0161\u00ed obchodn\u00ed vize jsme p\u0159ijali n\u00e1sleduj\u00edc\u00ed strategie:<\/p>\n<ul>\n<li class=\"bullet-arrow\">Z\u00edsk\u00e1n\u00ed pokro\u010dil\u00fdch technologi\u00ed, kter\u00e9 n\u00e1m umo\u017en\u00ed vyr\u00e1b\u011bt produkty na m\u00edst\u011b.<\/li>\n<li class=\"bullet-arrow\">Z\u00edskat pozici na trhu pro na\u0161e ekologick\u00e9 produkty a servisn\u00ed \u0159e\u0161en\u00ed v jihov\u00fdchodn\u00ed Asii, severn\u00ed Asii, st\u0159edn\u00ed Asii, Africe a na St\u0159edn\u00edm v\u00fdchod\u011b (GCC) a v Ji\u017en\u00ed Americe.<\/li>\n<li class=\"bullet-arrow\">Dos\u00e1hnout efektivn\u00edho a \u00fa\u010dinn\u00e9ho \u0159\u00edzen\u00ed n\u00e1klad\u016f p\u0159i poskytov\u00e1n\u00ed vysoce kvalitn\u00edch v\u00fdrobk\u016f a slu\u017eeb.<\/li>\n<li class=\"bullet-arrow\">Poskytovat alternativn\u00ed \u0159e\u0161en\u00ed \u010distic\u00edch postup\u016f v r\u016fzn\u00fdch pr\u016fmyslov\u00fdch odv\u011btv\u00edch, kter\u00e1 jsou bezpe\u010dn\u00e1 pro \u017eivotn\u00ed prost\u0159ed\u00ed.<\/li>\n<li class=\"bullet-arrow\">Zaji\u0161t\u011bn\u00ed \u00fapln\u00e9 spokojenosti z\u00e1kazn\u00edk\u016f, spln\u011bn\u00ed nebo p\u0159ekro\u010den\u00ed po\u017eadavk\u016f.<\/li>\n<\/ul>\n\n\t\t<\/div>\n\t<\/div>\n\t\n\n<\/div>\n\t<div class=\"img has-hover x md-x lg-x y md-y lg-y\" id=\"image_2103271655\">\n\t\t\t\t\t\t\t\t<div class=\"img-inner dark\" >\n\t\t\t<img decoding=\"async\" width=\"500\" height=\"149\" data-src=\"https:\/\/b3871678.smushcdn.com\/3871678\/wp-content\/uploads\/2020\/09\/AQUAQUICK-2000-DISTRIBUTOR-LOGOS_0003_Eco-logix-logo-green-water-mark.jpg?lossy=2&strip=1&webp=1\" class=\"attachment-large size-large lazyload\" alt=\"\" title=\"\" data-srcset=\"https:\/\/b3871678.smushcdn.com\/3871678\/wp-content\/uploads\/2020\/09\/AQUAQUICK-2000-DISTRIBUTOR-LOGOS_0003_Eco-logix-logo-green-water-mark.jpg?lossy=2&amp;strip=1&amp;webp=1 500w, https:\/\/b3871678.smushcdn.com\/3871678\/wp-content\/uploads\/2020\/09\/AQUAQUICK-2000-DISTRIBUTOR-LOGOS_0003_Eco-logix-logo-green-water-mark.jpg?size=204x61&amp;lossy=2&amp;strip=1&amp;webp=1 204w, https:\/\/b3871678.smushcdn.com\/3871678\/wp-content\/uploads\/2020\/09\/AQUAQUICK-2000-DISTRIBUTOR-LOGOS_0003_Eco-logix-logo-green-water-mark.jpg?size=408x122&amp;lossy=2&amp;strip=1&amp;webp=1 408w\" data-sizes=\"auto\" src=\"data:image\/svg+xml;base64,PHN2ZyB3aWR0aD0iMSIgaGVpZ2h0PSIxIiB4bWxucz0iaHR0cDovL3d3dy53My5vcmcvMjAwMC9zdmciPjwvc3ZnPg==\" style=\"--smush-placeholder-width: 500px; --smush-placeholder-aspect-ratio: 500\/149;\" data-original-sizes=\"(max-width: 500px) 100vw, 500px\">\t\t\t\t\t\t\n\t\t\t\t\t<\/div>\n\t\t\t\t\t\t\t\t\n<style>\n#image_2103271655 {\n  width: 100%;\n}\n<\/style>\n\t<\/div>\n\t\n\n\n\t\t<\/div>\n\t\t\t\t\t<\/div>\n\n\t\n\n<\/div>\n\n\t\t<\/div>\n\n\t\t\n<style>\n#section_1286132374 {\n  padding-top: 30px;\n  padding-bottom: 30px;\n  background-color: rgb(255, 255, 255);\n}\n#section_1286132374 .section-bg-overlay {\n  background-color: rgba(240, 240, 240, 0);\n}\n<\/style>\n\t<\/section>","protected":false},"excerpt":{"rendered":"","protected":false},"author":1,"featured_media":5591,"parent":2564,"menu_order":0,"comment_status":"closed","ping_status":"closed","template":"page-blank.php","meta":{"cybocfi_hide_featured_image":"","footnotes":"","_links_to":"","_links_to_target":""},"class_list":["post-5707","page","type-page","status-publish","has-post-thumbnail","hentry"],"_links":{"self":[{"href":"https:\/\/www.aquaquick2000.com\/cs\/wp-json\/wp\/v2\/pages\/5707","targetHints":{"allow":["GET"]}}],"collection":[{"href":"https:\/\/www.aquaquick2000.com\/cs\/wp-json\/wp\/v2\/pages"}],"about":[{"href":"https:\/\/www.aquaquick2000.com\/cs\/wp-json\/wp\/v2\/types\/page"}],"author":[{"embeddable":true,"href":"https:\/\/www.aquaquick2000.com\/cs\/wp-json\/wp\/v2\/users\/1"}],"replies":[{"embeddable":true,"href":"https:\/\/www.aquaquick2000.com\/cs\/wp-json\/wp\/v2\/comments?post=5707"}],"version-history":[{"count":0,"href":"https:\/\/www.aquaquick2000.com\/cs\/wp-json\/wp\/v2\/pages\/5707\/revisions"}],"up":[{"embeddable":true,"href":"https:\/\/www.aquaquick2000.com\/cs\/wp-json\/wp\/v2\/pages\/2564"}],"wp:featuredmedia":[{"embeddable":true,"href":"https:\/\/www.aquaquick2000.com\/cs\/wp-json\/wp\/v2\/media\/5591"}],"wp:attachment":[{"href":"https:\/\/www.aquaquick2000.com\/cs\/wp-json\/wp\/v2\/media?parent=5707"}],"curies":[{"name":"wp","href":"https:\/\/api.w.org\/{rel}","templated":true}]}}