{"id":5746,"date":"2020-11-03T11:35:52","date_gmt":"2020-11-03T11:35:52","guid":{"rendered":"https:\/\/www.aquaquick2000.com\/?page_id=5746"},"modified":"2023-01-27T10:32:28","modified_gmt":"2023-01-27T10:32:28","slug":"sorb-chem","status":"publish","type":"page","link":"https:\/\/www.aquaquick2000.com\/cs\/distributors\/sorb-chem\/","title":{"rendered":"Sorb Chem"},"content":{"rendered":"<section class=\"section\" id=\"section_952692034\">\n\t\t<div class=\"section-bg fill\" >\n\t\t\t<img decoding=\"async\" width=\"1920\" height=\"441\" src=\"https:\/\/b3871678.smushcdn.com\/3871678\/wp-content\/uploads\/2020\/09\/aquaquick-2000-oil-cleaning-waterwave.jpg?lossy=2&strip=1&webp=1\" class=\"bg attachment- size-\" alt=\"\" title=\"\" srcset=\"https:\/\/b3871678.smushcdn.com\/3871678\/wp-content\/uploads\/2020\/09\/aquaquick-2000-oil-cleaning-waterwave.jpg?lossy=2&amp;strip=1&amp;webp=1 1920w, https:\/\/b3871678.smushcdn.com\/3871678\/wp-content\/uploads\/2020\/09\/aquaquick-2000-oil-cleaning-waterwave-510x117.jpg?lossy=2&amp;strip=1&amp;webp=1 510w, https:\/\/b3871678.smushcdn.com\/3871678\/wp-content\/uploads\/2020\/09\/aquaquick-2000-oil-cleaning-waterwave-500x115.jpg?lossy=2&amp;strip=1&amp;webp=1 500w, https:\/\/b3871678.smushcdn.com\/3871678\/wp-content\/uploads\/2020\/09\/aquaquick-2000-oil-cleaning-waterwave-1280x294.jpg?lossy=2&amp;strip=1&amp;webp=1 1280w, https:\/\/b3871678.smushcdn.com\/3871678\/wp-content\/uploads\/2020\/09\/aquaquick-2000-oil-cleaning-waterwave-768x176.jpg?lossy=2&amp;strip=1&amp;webp=1 768w, https:\/\/b3871678.smushcdn.com\/3871678\/wp-content\/uploads\/2020\/09\/aquaquick-2000-oil-cleaning-waterwave-1536x353.jpg?lossy=2&amp;strip=1&amp;webp=1 1536w, https:\/\/b3871678.smushcdn.com\/3871678\/wp-content\/uploads\/2020\/09\/aquaquick-2000-oil-cleaning-waterwave.jpg?size=204x47&amp;lossy=2&amp;strip=1&amp;webp=1 204w, https:\/\/b3871678.smushcdn.com\/3871678\/wp-content\/uploads\/2020\/09\/aquaquick-2000-oil-cleaning-waterwave.jpg?size=408x94&amp;lossy=2&amp;strip=1&amp;webp=1 408w, https:\/\/b3871678.smushcdn.com\/3871678\/wp-content\/uploads\/2020\/09\/aquaquick-2000-oil-cleaning-waterwave.jpg?size=612x141&amp;lossy=2&amp;strip=1&amp;webp=1 612w, https:\/\/b3871678.smushcdn.com\/3871678\/wp-content\/uploads\/2020\/09\/aquaquick-2000-oil-cleaning-waterwave.jpg?size=1020x234&amp;lossy=2&amp;strip=1&amp;webp=1 1020w\" sizes=\"(max-width: 1920px) 100vw, 1920px\">\t\t\t\t\t\t<div class=\"section-bg-overlay absolute fill\"><\/div>\n\t\t\t\n\n\t\t<\/div>\n\n\t\t\n\n\t\t<div class=\"section-content relative\">\n\t\t\t\n\n<div class=\"row row-collapse align-equal\"  id=\"row-1705686799\">\n\n\n\t<div id=\"col-1869028801\" class=\"col small-12 large-12\"  >\n\t\t\t\t<div class=\"col-inner\"  >\n\t\t\t\n\t\t\t\n\n<h2 class=\"uppercase\" style=\"text-align: center;\">AQUAQUICK 2000 v Litv\u011b prod\u00e1v\u00e1 spole\u010dnost Sorb Chem<\/h2>\n\n\t\t<\/div>\n\t\t\t\t\t<\/div>\n\n\t\n\n<\/div>\n\n\t\t<\/div>\n\n\t\t\n<style>\n#section_952692034 {\n  padding-top: 45px;\n  padding-bottom: 45px;\n}\n#section_952692034 .section-bg-overlay {\n  background-color: rgba(240, 240, 240, 0.64);\n}\n<\/style>\n\t<\/section>\n\t\n\n\t<section class=\"section\" id=\"section_2030439462\">\n\t\t<div class=\"section-bg fill\" >\n\t\t\t\t\t\t\t\t\t<div class=\"section-bg-overlay absolute fill\"><\/div>\n\t\t\t\n\n\t\t<\/div>\n\n\t\t\n\n\t\t<div class=\"section-content relative\">\n\t\t\t\n\n<div class=\"row\"  id=\"row-905762621\">\n\n\n\t<div id=\"col-972976203\" class=\"col medium-6 small-12 large-6\"  >\n\t\t\t\t<div class=\"col-inner\"  >\n\t\t\t\n\t\t\t\n\n<h3 class=\"widget-title\">Distributor AQUAQUICK 2000 v Litv\u011b<\/h3>\n<p class=\"widget-title\">Spole\u010dnost UAB SORB CHEM zastupuje celou \u0159adu evropsk\u00fdch v\u00fdrobc\u016f, kte\u0159\u00ed se zaslou\u017eili o v\u00fdrobu pracovn\u00edch m\u00edst a \u017eivotn\u00ed prost\u0159ed\u00ed. Spole\u010dnost UAB SORB CHEM nab\u00edz\u00ed \u0161irokou \u0161k\u00e1lu slu\u017eeb. <\/p>\n<p>Spole\u010dnost Sorb Chem m\u00e1 licenci na prodej produkt\u016f AQUAQUICK v Litv\u011b.<br><em><strong>Sorb Chem je schv\u00e1len spole\u010dnost\u00ed AQUAQUICK GLOBAL B.V.<\/strong><\/em><\/p>\n<h3>Kontaktn\u00ed \u00fadaje spole\u010dnosti Sorb Chem<\/h3>\n<p>Pan Darius Vaisnora<\/p>\n<ul>\n<li class=\"bullet-arrow\">Adresa: 12, LT-02300 Vilnius<\/li>\n<li class=\"bullet-arrow\">E-mail:<a href=\"mailto:info@sorbchem.lt\">info@sorbchem.lt<\/a><\/li>\n<li class=\"bullet-arrow\">Telefon\/fax spole\u010dnosti: +370 5 265 3281&nbsp;<\/li>\n<li class=\"bullet-arrow\">Alternativn\u00ed telefonn\u00ed \u010d\u00edslo 1. +370 690 96 265<\/li>\n<li class=\"bullet-arrow\">Alternativn\u00ed telefonn\u00ed \u010d\u00edslo 2. +370 650 38 090<\/li>\n<\/ul>\n<h3>Sorb Chem je nev\u00fdhradn\u00edm distributorem v Litv\u011b.<\/h3>\n<a href=\"https:\/\/www.aquaquick2000.com\/cs\/distributori\/\" class=\"button primary\" >\n\t\t<span>V\u0161ichni distributo\u0159i AQUAQUICK 2000<\/span>\n\t<\/a>\n\n\n\n\t\t<\/div>\n\t\t\t\t\t<\/div>\n\n\t\n\n\t<div id=\"col-2102807032\" class=\"col medium-6 small-12 large-6\"  >\n\t\t\t\t<div class=\"col-inner\" style=\"background-color:rgb(240, 240, 240);\" >\n\t\t\t\n\t\t\t\n\n<div class=\"accordion\">\n\n\t<div id=\"accordion-2828130553\" class=\"accordion-item\">\n\t\t<a id=\"accordion-2828130553-label\" class=\"accordion-title plain active\" href=\"#accordion-item-aquaquick-2000-in-lithuania\" aria-expanded=\"true\" aria-controls=\"accordion-2828130553-content\">\n\t\t\t<button class=\"toggle\" aria-label=\"P\u0159epnout\"><i class=\"icon-angle-down\" aria-hidden=\"true\"><\/i><\/button>\n\t\t\t<span>AQUAQUICK 2000 v Litv\u011b<\/span>\n\t\t<\/a>\n\t\t<div id=\"accordion-2828130553-content\" class=\"accordion-inner\" style=\"display: block;\" aria-labelledby=\"accordion-2828130553-label\">\n\t\t\t\n\n<p>Chcete-li zakoupit AQUAQUICK 2000 p\u0159\u00edmo v <b>Litva<\/b> m\u016f\u017eete kontaktovat na\u0161eho m\u00edstn\u00edho distributora <strong>Sorb Chem<\/strong>.<\/p>\n<p>AQUAQUICK 2000 je mo\u017en\u00e9 zakoupit v kter\u00e9koli zemi na sv\u011bt\u011b a je \u0159e\u0161en\u00edm \u010d\u00edslo jedna pro likvidaci ropn\u00fdch skvrn.<\/p>\n\n\t\t<\/div>\n\t<\/div>\n\t\n\t<div id=\"accordion-302993783\" class=\"accordion-item\">\n\t\t<a id=\"accordion-302993783-label\" class=\"accordion-title plain\" href=\"#accordion-item-oil-spills-in-lithuania\" aria-expanded=\"false\" aria-controls=\"accordion-302993783-content\">\n\t\t\t<button class=\"toggle\" aria-label=\"P\u0159epnout\"><i class=\"icon-angle-down\" aria-hidden=\"true\"><\/i><\/button>\n\t\t\t<span>\u00daniky ropy v Litv\u011b<\/span>\n\t\t<\/a>\n\t\t<div id=\"accordion-302993783-content\" class=\"accordion-inner\" aria-labelledby=\"accordion-302993783-label\">\n\t\t\t\n\n<p>Pro okam\u017eit\u00e9 \u0159e\u0161en\u00ed \u00faniku oleje \u0161etrn\u00e9 k \u017eivotn\u00edmu prost\u0159ed\u00ed je nejlep\u0161\u00ed pou\u017e\u00edt AQUAQUICK 2000. Pokud se setk\u00e1te s \u00fanikem oleje v <strong>Litva<\/strong> m\u016f\u017eete se obr\u00e1tit na <strong>Sorb Chem<\/strong> na dod\u00e1vku p\u0159\u00edpravku AQUAQUICK 2000.<\/p>\n\n\t\t<\/div>\n\t<\/div>\n\t\n\t<div id=\"accordion-1947382442\" class=\"accordion-item\">\n\t\t<a id=\"accordion-1947382442-label\" class=\"accordion-title plain\" href=\"#accordion-item-about-sorb-chem\" aria-expanded=\"false\" aria-controls=\"accordion-1947382442-content\">\n\t\t\t<button class=\"toggle\" aria-label=\"P\u0159epnout\"><i class=\"icon-angle-down\" aria-hidden=\"true\"><\/i><\/button>\n\t\t\t<span>O spole\u010dnosti Sorb Chem<\/span>\n\t\t<\/a>\n\t\t<div id=\"accordion-1947382442-content\" class=\"accordion-inner\" aria-labelledby=\"accordion-1947382442-label\">\n\t\t\t\n\n<h3>O spole\u010dnosti UAB Sorb Chem<\/h3>\n<p>Spole\u010dnost \"SORB CHEM\" zastupuje \u0159adu evropsk\u00fdch v\u00fdrobc\u016f, jejich\u017e v\u00fdrobky jsou ur\u010deny k ochran\u011b pracovn\u00edch m\u00edst a \u017eivotn\u00edho prost\u0159ed\u00ed, k eliminaci ekologick\u00fdch hav\u00e1ri\u00ed.<\/p>\n<ul>\n<li class=\"bullet-arrow\">Instalace pro odvod\u0148ov\u00e1n\u00ed a zm\u011bk\u010dov\u00e1n\u00ed vody.<\/li>\n<li class=\"bullet-arrow\">Za\u0159\u00edzen\u00ed a syst\u00e9my pro p\u0159\u00edpravu demineralizovan\u00e9 a deionizovan\u00e9 vody.<\/li>\n<li class=\"bullet-arrow\">Za\u0159\u00edzen\u00ed pro laborato\u0159e a ochranu \u017eivotn\u00edho prost\u0159ed\u00ed.<\/li>\n<li class=\"bullet-arrow\">P\u0159\u00edstroje a syst\u00e9my pro v\u00fdrobu vody pou\u017e\u00edvan\u00e9 pro: akumul\u00e1tory, \u017eehlen\u00ed, odpa\u0159ov\u00e1n\u00ed, p\u0159\u00edpravu chladic\u00edch roztok\u016f, p\u0159\u00edpravu pou\u017eit\u00fdch roztok\u016f Euro 5 (adblue).<\/li>\n<li class=\"bullet-arrow\">\u010cerpadla odoln\u00e1 v\u016f\u010di chemik\u00e1li\u00edm.<\/li>\n<li class=\"bullet-arrow\">\u010cerpadla s magnetick\u00fdmi spojkami.<\/li>\n<li class=\"bullet-arrow\">P\u0159\u00edstroje a syst\u00e9my pro filtraci galvanick\u00fdch roztok\u016f.<\/li>\n<li class=\"bullet-arrow\">R\u016fzn\u00e9 materi\u00e1ly pohlcuj\u00edc\u00ed kapaliny a sorbenty.<\/li>\n<li class=\"bullet-arrow\">Pouze prost\u0159edky a materi\u00e1ly pro absorpci a pohlcov\u00e1n\u00ed ropn\u00fdch produkt\u016f.<\/li>\n<li class=\"bullet-arrow\">Absorbenty pro absorpci agresivn\u00edch, koncentrovan\u00fdch chemick\u00fdch l\u00e1tek.<\/li>\n<li class=\"bullet-arrow\">Absorbenty pro sestaven\u00ed souprav ADR pro pozemn\u00ed a vodn\u00ed dopravu.<\/li>\n<li class=\"bullet-arrow\">Opat\u0159en\u00ed a materi\u00e1ly pro sb\u011br rozlit\u00fdch kapalin a udr\u017eov\u00e1n\u00ed \u010distoty na pracovi\u0161ti.<\/li>\n<li class=\"bullet-arrow\">Ekologick\u00fd \u010distic\u00ed prost\u0159edek na ropn\u00e9 produkty - rozd\u011blova\u010d \"AQUAQUICK2000\" - pro rozklad a \u010di\u0161t\u011bn\u00ed oleje a jin\u00fdch mastn\u00fdch produkt\u016f z r\u016fzn\u00fdch povrch\u016f i z vody.<\/li>\n<li class=\"bullet-arrow\">Materi\u00e1ly pro filtraci r\u016fzn\u00fdch roztok\u016f.<\/li>\n<li class=\"bullet-arrow\">Opat\u0159en\u00ed k ut\u011bsn\u011bn\u00ed a zablokov\u00e1n\u00ed potrub\u00ed.<\/li>\n<li class=\"bullet-arrow\">Airbagy - pro zved\u00e1n\u00ed r\u016fzn\u011b t\u011b\u017ek\u00fdch b\u0159emen.<\/li>\n<li class=\"bullet-arrow\">Lepiv\u00e9 roho\u017ee pro obzvl\u00e1\u0161t\u011b \u010dist\u00e9 prostory - antibakteri\u00e1ln\u00ed, antistatick\u00e9.<\/li>\n<li class=\"bullet-arrow\">V\u00fdrobky z polypropylenu: nepotopiteln\u00e9 - plov\u00e1ky a jin\u00e1 lana, r\u016fzn\u00e9 s\u00edt\u011b.<\/li>\n<li class=\"bullet-arrow\">Filtry na vodu, syst\u00e9my na \u010di\u0161t\u011bn\u00ed vody.<\/li>\n<\/ul>\n\n\t\t<\/div>\n\t<\/div>\n\t\n\n<\/div>\n\t<div class=\"img has-hover x md-x lg-x y md-y lg-y\" id=\"image_542785363\">\n\t\t\t\t\t\t\t\t<div class=\"img-inner dark\" >\n\t\t\t<img decoding=\"async\" width=\"500\" height=\"149\" data-src=\"https:\/\/b3871678.smushcdn.com\/3871678\/wp-content\/uploads\/2020\/09\/AQUAQUICK-2000-DISTRIBUTOR-LOGOS_0000_sorb-chem-aquaquick2000.jpg?lossy=2&strip=1&webp=1\" class=\"attachment-large size-large lazyload\" alt=\"\" title=\"\" data-srcset=\"https:\/\/b3871678.smushcdn.com\/3871678\/wp-content\/uploads\/2020\/09\/AQUAQUICK-2000-DISTRIBUTOR-LOGOS_0000_sorb-chem-aquaquick2000.jpg?lossy=2&amp;strip=1&amp;webp=1 500w, https:\/\/b3871678.smushcdn.com\/3871678\/wp-content\/uploads\/2020\/09\/AQUAQUICK-2000-DISTRIBUTOR-LOGOS_0000_sorb-chem-aquaquick2000.jpg?size=204x61&amp;lossy=2&amp;strip=1&amp;webp=1 204w, https:\/\/b3871678.smushcdn.com\/3871678\/wp-content\/uploads\/2020\/09\/AQUAQUICK-2000-DISTRIBUTOR-LOGOS_0000_sorb-chem-aquaquick2000.jpg?size=408x122&amp;lossy=2&amp;strip=1&amp;webp=1 408w\" data-sizes=\"auto\" src=\"data:image\/svg+xml;base64,PHN2ZyB3aWR0aD0iMSIgaGVpZ2h0PSIxIiB4bWxucz0iaHR0cDovL3d3dy53My5vcmcvMjAwMC9zdmciPjwvc3ZnPg==\" style=\"--smush-placeholder-width: 500px; --smush-placeholder-aspect-ratio: 500\/149;\" data-original-sizes=\"(max-width: 500px) 100vw, 500px\">\t\t\t\t\t\t\n\t\t\t\t\t<\/div>\n\t\t\t\t\t\t\t\t\n<style>\n#image_542785363 {\n  width: 100%;\n}\n<\/style>\n\t<\/div>\n\t\n\n\n\t\t<\/div>\n\t\t\t\t\t<\/div>\n\n\t\n\n<\/div>\n\n\t\t<\/div>\n\n\t\t\n<style>\n#section_2030439462 {\n  padding-top: 30px;\n  padding-bottom: 30px;\n  background-color: rgb(255, 255, 255);\n}\n#section_2030439462 .section-bg-overlay {\n  background-color: rgba(240, 240, 240, 0);\n}\n<\/style>\n\t<\/section>","protected":false},"excerpt":{"rendered":"","protected":false},"author":1,"featured_media":5587,"parent":2564,"menu_order":0,"comment_status":"closed","ping_status":"closed","template":"page-blank.php","meta":{"cybocfi_hide_featured_image":"","footnotes":"","_links_to":"","_links_to_target":""},"class_list":["post-5746","page","type-page","status-publish","has-post-thumbnail","hentry"],"_links":{"self":[{"href":"https:\/\/www.aquaquick2000.com\/cs\/wp-json\/wp\/v2\/pages\/5746","targetHints":{"allow":["GET"]}}],"collection":[{"href":"https:\/\/www.aquaquick2000.com\/cs\/wp-json\/wp\/v2\/pages"}],"about":[{"href":"https:\/\/www.aquaquick2000.com\/cs\/wp-json\/wp\/v2\/types\/page"}],"author":[{"embeddable":true,"href":"https:\/\/www.aquaquick2000.com\/cs\/wp-json\/wp\/v2\/users\/1"}],"replies":[{"embeddable":true,"href":"https:\/\/www.aquaquick2000.com\/cs\/wp-json\/wp\/v2\/comments?post=5746"}],"version-history":[{"count":0,"href":"https:\/\/www.aquaquick2000.com\/cs\/wp-json\/wp\/v2\/pages\/5746\/revisions"}],"up":[{"embeddable":true,"href":"https:\/\/www.aquaquick2000.com\/cs\/wp-json\/wp\/v2\/pages\/2564"}],"wp:featuredmedia":[{"embeddable":true,"href":"https:\/\/www.aquaquick2000.com\/cs\/wp-json\/wp\/v2\/media\/5587"}],"wp:attachment":[{"href":"https:\/\/www.aquaquick2000.com\/cs\/wp-json\/wp\/v2\/media?parent=5746"}],"curies":[{"name":"wp","href":"https:\/\/api.w.org\/{rel}","templated":true}]}}