{"id":8658,"date":"2020-11-20T17:16:29","date_gmt":"2020-11-20T17:16:29","guid":{"rendered":"https:\/\/www.aquaquick2000.com\/?page_id=8658"},"modified":"2023-01-27T10:33:58","modified_gmt":"2023-01-27T10:33:58","slug":"cenik","status":"publish","type":"page","link":"https:\/\/www.aquaquick2000.com\/cs\/price-list\/","title":{"rendered":"Learn more about the Price"},"content":{"rendered":"<section class=\"section\" id=\"section_514060106\">\n\t\t<div class=\"section-bg fill\" >\n\t\t\t<img decoding=\"async\" width=\"1920\" height=\"441\" src=\"https:\/\/b3871678.smushcdn.com\/3871678\/wp-content\/uploads\/2020\/09\/aquaquick-2000-oil-cleaning-waterwave.jpg?lossy=2&strip=1&webp=1\" class=\"bg attachment- size-\" alt=\"\" title=\"\" srcset=\"https:\/\/b3871678.smushcdn.com\/3871678\/wp-content\/uploads\/2020\/09\/aquaquick-2000-oil-cleaning-waterwave.jpg?lossy=2&amp;strip=1&amp;webp=1 1920w, https:\/\/b3871678.smushcdn.com\/3871678\/wp-content\/uploads\/2020\/09\/aquaquick-2000-oil-cleaning-waterwave-510x117.jpg?lossy=2&amp;strip=1&amp;webp=1 510w, https:\/\/b3871678.smushcdn.com\/3871678\/wp-content\/uploads\/2020\/09\/aquaquick-2000-oil-cleaning-waterwave-500x115.jpg?lossy=2&amp;strip=1&amp;webp=1 500w, https:\/\/b3871678.smushcdn.com\/3871678\/wp-content\/uploads\/2020\/09\/aquaquick-2000-oil-cleaning-waterwave-1280x294.jpg?lossy=2&amp;strip=1&amp;webp=1 1280w, https:\/\/b3871678.smushcdn.com\/3871678\/wp-content\/uploads\/2020\/09\/aquaquick-2000-oil-cleaning-waterwave-768x176.jpg?lossy=2&amp;strip=1&amp;webp=1 768w, https:\/\/b3871678.smushcdn.com\/3871678\/wp-content\/uploads\/2020\/09\/aquaquick-2000-oil-cleaning-waterwave-1536x353.jpg?lossy=2&amp;strip=1&amp;webp=1 1536w, https:\/\/b3871678.smushcdn.com\/3871678\/wp-content\/uploads\/2020\/09\/aquaquick-2000-oil-cleaning-waterwave.jpg?size=204x47&amp;lossy=2&amp;strip=1&amp;webp=1 204w, https:\/\/b3871678.smushcdn.com\/3871678\/wp-content\/uploads\/2020\/09\/aquaquick-2000-oil-cleaning-waterwave.jpg?size=408x94&amp;lossy=2&amp;strip=1&amp;webp=1 408w, https:\/\/b3871678.smushcdn.com\/3871678\/wp-content\/uploads\/2020\/09\/aquaquick-2000-oil-cleaning-waterwave.jpg?size=612x141&amp;lossy=2&amp;strip=1&amp;webp=1 612w, https:\/\/b3871678.smushcdn.com\/3871678\/wp-content\/uploads\/2020\/09\/aquaquick-2000-oil-cleaning-waterwave.jpg?size=1020x234&amp;lossy=2&amp;strip=1&amp;webp=1 1020w\" sizes=\"(max-width: 1920px) 100vw, 1920px\">\t\t\t\t\t\t<div class=\"section-bg-overlay absolute fill\"><\/div>\n\t\t\t\n\n\t\t<\/div>\n\n\t\t\n\n\t\t<div class=\"section-content relative\">\n\t\t\t\n\n<div class=\"row align-middle\"  id=\"row-49195393\">\n\n\n\t<div id=\"col-1854510190\" class=\"col medium-9 small-12 large-9\"  >\n\t\t\t\t<div class=\"col-inner\"  >\n\t\t\t\n\t\t\t\n\n<h1>Dal\u0161\u00ed informace o cen\u011b AQUAQUICK 2000<\/h1>\n\n\t\t<\/div>\n\t\t\t\t\t<\/div>\n\n\t\n\n\t<div id=\"col-2012437543\" class=\"col medium-3 small-12 large-3\"  >\n\t\t\t\t<div class=\"col-inner\"  >\n\t\t\t\n\t\t\t\n\n<a href=\"https:\/\/www.aquaquick2000.com\/cs\/kontakt-us\/\" class=\"button primary\" >\n\t\t<span>Po\u017eadavek na cen\u00edk<\/span>\n\t<i class=\"icon-envelop\" aria-hidden=\"true\"><\/i><\/a>\n\n\n\n\t\t<\/div>\n\t\t\t\t\t<\/div>\n\n\t\n\n<\/div>\n\n\t\t<\/div>\n\n\t\t\n<style>\n#section_514060106 {\n  padding-top: 0px;\n  padding-bottom: 0px;\n  min-height: 160px;\n}\n#section_514060106 .section-bg-overlay {\n  background-color: rgba(255, 255, 255, 0.59);\n}\n<\/style>\n\t<\/section>\n\t\n\n\t<section class=\"section\" id=\"section_544956456\">\n\t\t<div class=\"section-bg fill\" >\n\t\t\t\t\t\t\t\t\t\n\t\t\t\n\n\t\t<\/div>\n\n\t\t\n\n\t\t<div class=\"section-content relative\">\n\t\t\t\n\n<div class=\"row\"  id=\"row-1508435143\">\n\n\n\t<div id=\"col-1556402818\" class=\"col medium-6 small-12 large-6\"  >\n\t\t\t\t<div class=\"col-inner\"  >\n\t\t\t\n\t\t\t\n\n<h2>Jak\u00e1 je cena p\u0159\u00edpravku AQUAQUICK 2000<\/h2>\n<p>V p\u0159\u00edpad\u011b, \u017ee nev\u00edte, jak\u00e1 by m\u011bla b\u00fdt cena AQUAQUICK 2000, pak by to mohlo b\u00fdt opravdu frustruj\u00edc\u00ed pro v\u00e1s z\u00edskat jasn\u00e9 pochopen\u00ed v\u00fdsledk\u016f a n\u00e1klad\u016f na n\u00e1\u0161 produkt. Mnoho webov\u00fdch str\u00e1nek uv\u00e1d\u00ed r\u016fzn\u00e9 ceny produkt\u016f AQUAQUICK 2000 a jin\u00e9 webov\u00e9 str\u00e1nky odkazuj\u00ed pouze na \u017e\u00e1dost o cenovou nab\u00eddku.<\/p>\n<p>Jako celosv\u011btov\u00fd v\u00fdrobce a jedin\u00e1 spole\u010dnost, kter\u00e1 je schopna jmenovat dr\u017eitele licence a distributory AQUAQUICK 2000, bychom v\u00e1s o tom p\u0159ece jen m\u011bli b\u00fdt schopni informovat.<\/p>\n<p>V\u00fdrobek AQUAQUICK 2000 je produkt zn\u00e1m\u00fd ji\u017e mnoho desetilet\u00ed. Firma je dodnes rodinn\u00fdm podnikem a p\u0159ech\u00e1z\u00ed ji\u017e do t\u0159et\u00ed generace, kter\u00e1 je v po\u0159ad\u00ed \u010dtvrt\u00e1. Jako u ka\u017ed\u00e9ho podnik\u00e1n\u00ed se postupem \u010dasu m\u011bn\u00ed sm\u011brnice a p\u0159\u00edstupy k trhu, a tak se ani spole\u010dnost AQUAQUICK GLOBAL BV v tomto ohledu neli\u0161\u00ed.&nbsp;<\/p>\n<p>V tuto chv\u00edli nejsou ceny p\u0159\u00edpravku AQUAQUICK 2000 na na\u0161ich webov\u00fdch str\u00e1nk\u00e1ch k dispozici. Je to proto, \u017ee v minulosti bylo mo\u017en\u00e9 zakoupit p\u0159\u00edpravek AQUAQUICK 2000 pouze p\u0159\u00edmo od na\u0161ich distributor\u016f v ur\u010dit\u00fdch zem\u00edch, oblastech nebo segmentech trhu. S v\u011bdom\u00edm toho, \u017ee to obecn\u011b m\u016f\u017ee m\u00edt sv\u00e9 vzestupy a p\u00e1dy a tak\u00e9 mnoho nejasnost\u00ed, jsme se touto ot\u00e1zkou zab\u00fdvali pe\u010dliv\u011bji.&nbsp;<\/p>\n<p>Spole\u010dnost AQUAQUICK GLOBAL BV bude v budoucnu uplat\u0148ovat novou strategii a obchodn\u00ed model pro produktovou \u0159adu AQUAQUICK 2000. To znamen\u00e1, \u017ee bude k dispozici v\u00edce informac\u00ed o cen\u00e1ch pro AQUAQUICK 2000 a tak\u00e9 jednodu\u0161\u0161\u00ed proces n\u00e1kupu AQUAQUICK 2000 p\u0159\u00edmo p\u0159es n\u00e1s v regionech, kter\u00e9 v sou\u010dasn\u00e9 dob\u011b nejsou podporov\u00e1ny m\u00edstn\u00edm jmenovan\u00fdm distributorem.<\/p>\n<p>AQUAQUICK 2000 lze z\u00edskat pouze prost\u0159ednictv\u00edm na\u0161ich jmenovan\u00fdch distributor\u016f (v regionu, pro kter\u00fd jsou jmenov\u00e1ni) a jinde prost\u0159ednictv\u00edm spole\u010dnosti AQUAQUICK GLOBAL BV. Existuj\u00ed spole\u010dnosti, kter\u00e9 se dodnes prohla\u0161uj\u00ed za distributory spole\u010dnosti AQUAQUICK 2000 a prod\u00e1vaj\u00ed v\u00fdrobek pod n\u00e1zvem a zna\u010dkou AQUAQUICK 2000. Bohu\u017eel jsme se v minulosti n\u011bkolikr\u00e1t setkali s t\u00edm, \u017ee AQUAQUICK 2000 je jedn\u00edm z v\u00fdrobk\u016f, kter\u00e9 jsou napodobov\u00e1ny fale\u0161n\u00fdmi levn\u00fdmi v\u00fdrobky pou\u017e\u00edvaj\u00edc\u00edmi zna\u010dku AQUAQUICK 2000, aby p\u0159edst\u00edraly, \u017ee jsou p\u016fvodn\u00edm v\u00fdrobkem.&nbsp;<\/p>\n<p>V p\u0159\u00edpad\u011b, \u017ee najdete informace o AQUAQUICK 2000 na internetu a z\u00e1rove\u0148 si nejste jisti, zda je produkt ve skute\u010dnosti legitimn\u00ed, pak v\u00e1m jednodu\u0161e doporu\u010dujeme, abyste n\u00e1s kontaktovali pro v\u00edce informac\u00ed. M\u016f\u017eete tak u\u010dinit zasl\u00e1n\u00edm e-mailu na adresu business@aquaquick2000.com s co nejv\u00edce informacemi o v\u00fdrobku a cen\u011b, kter\u00e9 jste obdr\u017eeli.&nbsp;&nbsp;<\/p>\n<p>Neust\u00e1le kontrolujeme a hled\u00e1me napodobeniny na\u0161eho v\u00fdrobku. Proto velmi ocen\u00edme, kdy\u017e n\u00e1s budete informovat o sv\u00fdch zji\u0161t\u011bn\u00edch, pokud jde o fale\u0161n\u00fd nebo napodoben\u00fd v\u00fdrobek AQUAQUICK 2000, stejn\u011b jako o spole\u010dnosti, kter\u00e9 se prohla\u0161uj\u00ed za v\u00fdhradn\u00edho distributora nebo v\u00fdhradn\u00edho z\u00e1stupce spole\u010dnosti AQUAQUICK 2000.&nbsp;<\/p>\n<p><strong>Nen\u00ed dovoleno prod\u00e1vat AQUAQUICK 2000 nebo se jak\u00fdmkoli zp\u016fsobem prohla\u0161ovat za v\u00fdhradn\u00edho z\u00e1stupce AQUAQUICK 2000. Jak je uvedeno v\u00fd\u0161e, spole\u010dnost AQUAQUICK GLOBAL B.V je jedinou spole\u010dnost\u00ed na cel\u00e9m sv\u011bt\u011b, kter\u00e1 vlastn\u00ed ve\u0161ker\u00e1 z\u00e1konn\u00e1 pr\u00e1va na n\u00e1zev zna\u010dky a receptury v\u00fdrobk\u016f, a proto jsme jedin\u00fdm v\u00fdrobcem a dr\u017eitelem licence na \u0159adu v\u00fdrobk\u016f AQUAQUICK 2000.&nbsp;<\/strong><\/p>\n\n\t\t<\/div>\n\t\t\t\t\t<\/div>\n\n\t\n\n\t<div id=\"col-1744805135\" class=\"col medium-6 small-12 large-6\"  >\n\t\t\t\t<div class=\"col-inner\"  >\n\t\t\t\n\t\t\t\n\n<div class=\"row\"  id=\"row-622662114\">\n\n\n\t<div id=\"col-1881726528\" class=\"col small-12 large-12\"  >\n\t\t\t\t<div class=\"col-inner\" style=\"background-color:rgb(246, 246, 246);\" >\n\t\t\t\n\t\t\t\n\n<h2>Cenov\u00e1 fakta AQUAQUICK 2000<\/h2>\n<ul>\n<li class=\"bullet-checkmark\" style=\"font-size: 11pt;\">Distributo\u0159i m\u011bli volnost p\u0159i stanovov\u00e1n\u00ed vlastn\u00edch cen.<\/li>\n<li class=\"bullet-checkmark\" style=\"font-size: 11pt;\">AQUAQUICK GLOBAL nepou\u017e\u00edv\u00e1 e-commerce <strong>(zat\u00edm)<\/strong>.<\/li>\n<li class=\"bullet-checkmark\" style=\"font-size: 11pt;\">Jsme jedin\u00fdmi sv\u011btov\u00fdmi v\u00fdrobci AQUAQUICK 2000.<\/li>\n<li class=\"bullet-checkmark\" style=\"font-size: 11pt;\">Licence AQUAQUICK 2000 m\u016f\u017eeme jmenovat pouze my.<\/li>\n<li class=\"bullet-checkmark\" style=\"font-size: 11pt;\">Avizovan\u00e1 prodejn\u00ed cena p\u0159\u00edpravku AQUAQUICK 2000 je 15,99 \u20ac za litr.<\/li>\n<li class=\"bullet-checkmark\" style=\"font-size: 11pt;\">Existuj\u00ed v\u00fdrobky napodobuj\u00edc\u00ed AQUAQUICK 2000 <strong>(Varov\u00e1n\u00ed)<\/strong><\/li>\n<li style=\"font-size: 11pt;\" class=\"bullet-checkmark\">AQUAQUICK 2000 je vynalezen a udr\u017eov\u00e1n rodinnou firmou.<\/li>\n<\/ul>\n\n\t\t<\/div>\n\t\t\t\t\n<style>\n#col-1881726528 > .col-inner {\n  padding: 10px 10px 0px 10px;\n}\n<\/style>\n\t<\/div>\n\n\t\n\n<\/div>\n<div class=\"row\"  id=\"row-838201574\">\n\n\n\t<div id=\"col-1433986308\" class=\"col small-12 large-12\"  >\n\t\t\t\t<div class=\"col-inner\"  >\n\t\t\t\n\t\t\t\n\n\t<div class=\"box has-hover   has-hover box-shadow-2 box-text-bottom\" >\n\n\t\t<div class=\"box-image\" >\n\t\t\t\t\t\t<div class=\"\" >\n\t\t\t\t<img decoding=\"async\" width=\"1206\" height=\"804\" data-src=\"https:\/\/b3871678.smushcdn.com\/3871678\/wp-content\/uploads\/2020\/09\/aquaquick-2000-packaging-made-in-2015-4.jpg?lossy=2&strip=1&webp=1\" class=\"attachment- size- lazyload\" alt=\"\" data-srcset=\"https:\/\/b3871678.smushcdn.com\/3871678\/wp-content\/uploads\/2020\/09\/aquaquick-2000-packaging-made-in-2015-4.jpg?lossy=2&strip=1&webp=1 1206w, https:\/\/b3871678.smushcdn.com\/3871678\/wp-content\/uploads\/2020\/09\/aquaquick-2000-packaging-made-in-2015-4-510x340.jpg?lossy=2&strip=1&webp=1 510w, https:\/\/b3871678.smushcdn.com\/3871678\/wp-content\/uploads\/2020\/09\/aquaquick-2000-packaging-made-in-2015-4-500x333.jpg?lossy=2&strip=1&webp=1 500w, https:\/\/b3871678.smushcdn.com\/3871678\/wp-content\/uploads\/2020\/09\/aquaquick-2000-packaging-made-in-2015-4-768x512.jpg?lossy=2&strip=1&webp=1 768w, https:\/\/b3871678.smushcdn.com\/3871678\/wp-content\/uploads\/2020\/09\/aquaquick-2000-packaging-made-in-2015-4-600x400.jpg?lossy=2&strip=1&webp=1 600w, https:\/\/b3871678.smushcdn.com\/3871678\/wp-content\/uploads\/2020\/09\/aquaquick-2000-packaging-made-in-2015-4.jpg?size=204x136&lossy=2&strip=1&webp=1 204w, https:\/\/b3871678.smushcdn.com\/3871678\/wp-content\/uploads\/2020\/09\/aquaquick-2000-packaging-made-in-2015-4.jpg?size=408x272&lossy=2&strip=1&webp=1 408w, https:\/\/b3871678.smushcdn.com\/3871678\/wp-content\/uploads\/2020\/09\/aquaquick-2000-packaging-made-in-2015-4.jpg?size=1020x680&lossy=2&strip=1&webp=1 1020w\" data-sizes=\"auto\" title=\"\" src=\"data:image\/svg+xml;base64,PHN2ZyB3aWR0aD0iMSIgaGVpZ2h0PSIxIiB4bWxucz0iaHR0cDovL3d3dy53My5vcmcvMjAwMC9zdmciPjwvc3ZnPg==\" style=\"--smush-placeholder-width: 1206px; --smush-placeholder-aspect-ratio: 1206\/804;\" data-original-sizes=\"(max-width: 1206px) 100vw, 1206px\">\t\t\t\t\t\t\t\t\t\t\t<\/div>\n\t\t\t\t\t<\/div>\n\n\t\t<div class=\"box-text text-center\" style=\"background-color:rgb(243, 243, 243);\">\n\t\t\t<div class=\"box-text-inner\">\n\t\t\t\t\n\n<h4>AQUAQUICK 2000 A AQUAQUICK 2000 R2U<\/h4>\n<p>Toto je obr\u00e1zek produktu AQUAQUICK 2000 <br>a AQUAQUICK 2000 R2U<em><strong>(P\u0159ipraveno k pou\u017eit\u00ed)<\/strong><\/em><\/p>\n\n\t\t\t<\/div>\n\t\t<\/div>\n\t<\/div>\n\t\n\t<div id=\"gap-1021429114\" class=\"gap-element clearfix\" style=\"display:block; height:auto;\">\n\t\t\n<style>\n#gap-1021429114 {\n  padding-top: 30px;\n}\n<\/style>\n\t<\/div>\n\t\n\n\t<div class=\"box has-hover   has-hover box-shadow-2 box-text-bottom\" >\n\n\t\t<div class=\"box-image\" >\n\t\t\t\t\t\t<div class=\"\" >\n\t\t\t\t<img decoding=\"async\" width=\"1206\" height=\"804\" data-src=\"https:\/\/b3871678.smushcdn.com\/3871678\/wp-content\/uploads\/2020\/09\/AQUAQUICK-2000-SP-PACKAGING-MADE-IN-2015-3.jpg?lossy=2&strip=1&webp=1\" class=\"attachment- size- lazyload\" alt=\"AQUAQUICK 2000 SP\" data-srcset=\"https:\/\/b3871678.smushcdn.com\/3871678\/wp-content\/uploads\/2020\/09\/AQUAQUICK-2000-SP-PACKAGING-MADE-IN-2015-3.jpg?lossy=2&strip=1&webp=1 1206w, https:\/\/b3871678.smushcdn.com\/3871678\/wp-content\/uploads\/2020\/09\/AQUAQUICK-2000-SP-PACKAGING-MADE-IN-2015-3-510x340.jpg?lossy=2&strip=1&webp=1 510w, https:\/\/b3871678.smushcdn.com\/3871678\/wp-content\/uploads\/2020\/09\/AQUAQUICK-2000-SP-PACKAGING-MADE-IN-2015-3-500x333.jpg?lossy=2&strip=1&webp=1 500w, https:\/\/b3871678.smushcdn.com\/3871678\/wp-content\/uploads\/2020\/09\/AQUAQUICK-2000-SP-PACKAGING-MADE-IN-2015-3-768x512.jpg?lossy=2&strip=1&webp=1 768w, https:\/\/b3871678.smushcdn.com\/3871678\/wp-content\/uploads\/2020\/09\/AQUAQUICK-2000-SP-PACKAGING-MADE-IN-2015-3-600x400.jpg?lossy=2&strip=1&webp=1 600w, https:\/\/b3871678.smushcdn.com\/3871678\/wp-content\/uploads\/2020\/09\/AQUAQUICK-2000-SP-PACKAGING-MADE-IN-2015-3.jpg?size=204x136&lossy=2&strip=1&webp=1 204w, https:\/\/b3871678.smushcdn.com\/3871678\/wp-content\/uploads\/2020\/09\/AQUAQUICK-2000-SP-PACKAGING-MADE-IN-2015-3.jpg?size=408x272&lossy=2&strip=1&webp=1 408w, https:\/\/b3871678.smushcdn.com\/3871678\/wp-content\/uploads\/2020\/09\/AQUAQUICK-2000-SP-PACKAGING-MADE-IN-2015-3.jpg?size=1020x680&lossy=2&strip=1&webp=1 1020w\" data-sizes=\"auto\" title=\"\" src=\"data:image\/svg+xml;base64,PHN2ZyB3aWR0aD0iMSIgaGVpZ2h0PSIxIiB4bWxucz0iaHR0cDovL3d3dy53My5vcmcvMjAwMC9zdmciPjwvc3ZnPg==\" style=\"--smush-placeholder-width: 1206px; --smush-placeholder-aspect-ratio: 1206\/804;\" data-original-sizes=\"(max-width: 1206px) 100vw, 1206px\">\t\t\t\t\t\t\t\t\t\t\t<\/div>\n\t\t\t\t\t<\/div>\n\n\t\t<div class=\"box-text text-center\" style=\"background-color:rgb(243, 243, 243);\">\n\t\t\t<div class=\"box-text-inner\">\n\t\t\t\t\n\n<h4>AQUAQUICK 2000 SP &amp; AQUAQUICK 2000 SP R2U<\/h4>\n<p>Toto je obr\u00e1zek produktu AQUAQUICK 2000 SP <br>A AQUAQUICK 2000 SP R2U<em><strong>(P\u0159ipraveno k pou\u017eit\u00ed)<\/strong><\/em><\/p>\n\n\t\t\t<\/div>\n\t\t<\/div>\n\t<\/div>\n\t\n\n\t\t<\/div>\n\t\t\t\t\t<\/div>\n\n\t\n\n<\/div>\n\n\t\t<\/div>\n\t\t\t\t\t<\/div>\n\n\t\n\n<\/div>\n\n\t\t<\/div>\n\n\t\t\n<style>\n#section_544956456 {\n  padding-top: 30px;\n  padding-bottom: 30px;\n}\n<\/style>\n\t<\/section>","protected":false},"excerpt":{"rendered":"","protected":false},"author":1,"featured_media":8679,"parent":0,"menu_order":0,"comment_status":"closed","ping_status":"closed","template":"page-blank.php","meta":{"cybocfi_hide_featured_image":"","footnotes":"","_links_to":"","_links_to_target":""},"class_list":["post-8658","page","type-page","status-publish","has-post-thumbnail","hentry"],"_links":{"self":[{"href":"https:\/\/www.aquaquick2000.com\/cs\/wp-json\/wp\/v2\/pages\/8658","targetHints":{"allow":["GET"]}}],"collection":[{"href":"https:\/\/www.aquaquick2000.com\/cs\/wp-json\/wp\/v2\/pages"}],"about":[{"href":"https:\/\/www.aquaquick2000.com\/cs\/wp-json\/wp\/v2\/types\/page"}],"author":[{"embeddable":true,"href":"https:\/\/www.aquaquick2000.com\/cs\/wp-json\/wp\/v2\/users\/1"}],"replies":[{"embeddable":true,"href":"https:\/\/www.aquaquick2000.com\/cs\/wp-json\/wp\/v2\/comments?post=8658"}],"version-history":[{"count":0,"href":"https:\/\/www.aquaquick2000.com\/cs\/wp-json\/wp\/v2\/pages\/8658\/revisions"}],"wp:featuredmedia":[{"embeddable":true,"href":"https:\/\/www.aquaquick2000.com\/cs\/wp-json\/wp\/v2\/media\/8679"}],"wp:attachment":[{"href":"https:\/\/www.aquaquick2000.com\/cs\/wp-json\/wp\/v2\/media?parent=8658"}],"curies":[{"name":"wp","href":"https:\/\/api.w.org\/{rel}","templated":true}]}}