{"id":8668,"date":"2020-11-20T23:07:35","date_gmt":"2020-11-20T23:07:35","guid":{"rendered":"https:\/\/www.aquaquick2000.com\/?page_id=8668"},"modified":"2023-01-27T10:25:47","modified_gmt":"2023-01-27T10:25:47","slug":"o-znacce-aquaquick-libya","status":"publish","type":"page","link":"https:\/\/www.aquaquick2000.com\/cs\/brand-history\/about-the-aquaquick-libya-brand\/","title":{"rendered":"O zna\u010dce AQUAQUICK Libya"},"content":{"rendered":"<section class=\"section\" id=\"section_479668960\">\n\t\t<div class=\"section-bg fill\" >\n\t\t\t<img decoding=\"async\" width=\"1920\" height=\"1200\" src=\"https:\/\/b3871678.smushcdn.com\/3871678\/wp-content\/uploads\/2020\/09\/AQUAQUICK-2000-Bubbles-Background.jpg?lossy=2&strip=1&webp=1\" class=\"bg attachment- size-\" alt=\"\" title=\"\" srcset=\"https:\/\/b3871678.smushcdn.com\/3871678\/wp-content\/uploads\/2020\/09\/AQUAQUICK-2000-Bubbles-Background.jpg?lossy=2&amp;strip=1&amp;webp=1 1920w, https:\/\/b3871678.smushcdn.com\/3871678\/wp-content\/uploads\/2020\/09\/AQUAQUICK-2000-Bubbles-Background-510x319.jpg?lossy=2&amp;strip=1&amp;webp=1 510w, https:\/\/b3871678.smushcdn.com\/3871678\/wp-content\/uploads\/2020\/09\/AQUAQUICK-2000-Bubbles-Background-500x313.jpg?lossy=2&amp;strip=1&amp;webp=1 500w, https:\/\/b3871678.smushcdn.com\/3871678\/wp-content\/uploads\/2020\/09\/AQUAQUICK-2000-Bubbles-Background-1280x800.jpg?lossy=2&amp;strip=1&amp;webp=1 1280w, https:\/\/b3871678.smushcdn.com\/3871678\/wp-content\/uploads\/2020\/09\/AQUAQUICK-2000-Bubbles-Background-768x480.jpg?lossy=2&amp;strip=1&amp;webp=1 768w, https:\/\/b3871678.smushcdn.com\/3871678\/wp-content\/uploads\/2020\/09\/AQUAQUICK-2000-Bubbles-Background-1536x960.jpg?lossy=2&amp;strip=1&amp;webp=1 1536w, https:\/\/b3871678.smushcdn.com\/3871678\/wp-content\/uploads\/2020\/09\/AQUAQUICK-2000-Bubbles-Background.jpg?size=204x128&amp;lossy=2&amp;strip=1&amp;webp=1 204w, https:\/\/b3871678.smushcdn.com\/3871678\/wp-content\/uploads\/2020\/09\/AQUAQUICK-2000-Bubbles-Background.jpg?size=408x255&amp;lossy=2&amp;strip=1&amp;webp=1 408w, https:\/\/b3871678.smushcdn.com\/3871678\/wp-content\/uploads\/2020\/09\/AQUAQUICK-2000-Bubbles-Background.jpg?size=612x383&amp;lossy=2&amp;strip=1&amp;webp=1 612w, https:\/\/b3871678.smushcdn.com\/3871678\/wp-content\/uploads\/2020\/09\/AQUAQUICK-2000-Bubbles-Background.jpg?size=1020x638&amp;lossy=2&amp;strip=1&amp;webp=1 1020w\" sizes=\"(max-width: 1920px) 100vw, 1920px\">\t\t\t\t\t\t<div class=\"section-bg-overlay absolute fill\"><\/div>\n\t\t\t\n\n\t\t<\/div>\n\n\t\t\n\n\t\t<div class=\"section-content relative\">\n\t\t\t\n\n<div class=\"row align-middle\"  id=\"row-715862436\">\n\n\n\t<div id=\"col-26213559\" class=\"col small-12 large-12\"  >\n\t\t\t\t<div class=\"col-inner\"  >\n\t\t\t\n\t\t\t\n\n\t<div id=\"gap-1976518335\" class=\"gap-element clearfix\" style=\"display:block; height:auto;\">\n\t\t\n<style>\n#gap-1976518335 {\n  padding-top: 30px;\n}\n<\/style>\n\t<\/div>\n\t\n\n<h1>V\u00edce informac\u00ed o zna\u010dce AQUAQUICK LIBYA<\/h1>\n<p><strong>AQUAQUICK LIBYA je ochrann\u00e1 zn\u00e1mka spole\u010dnosti AQUAQUICK GLOBAL BV.<\/strong><\/p>\n\n\t\t<\/div>\n\t\t\t\t\t<\/div>\n\n\t\n\n<\/div>\n\n\t\t<\/div>\n\n\t\t\n<style>\n#section_479668960 {\n  padding-top: 30px;\n  padding-bottom: 30px;\n}\n#section_479668960 .section-bg-overlay {\n  background-color: rgba(255, 255, 255, 0.6);\n}\n#section_479668960 .section-bg img {\n  object-position: 6% 57%;\n}\n<\/style>\n\t<\/section>\n\t\n\n\t<section class=\"section\" id=\"section_1059464494\">\n\t\t<div class=\"section-bg fill\" >\n\t\t\t\t\t\t\t\t\t\n\t\t\t\n\n\t\t<\/div>\n\n\t\t\n\n\t\t<div class=\"section-content relative\">\n\t\t\t\n\n<div class=\"row\"  id=\"row-96222457\">\n\n\n\t<div id=\"col-1322860074\" class=\"col medium-7 small-12 large-7\"  >\n\t\t\t\t<div class=\"col-inner\"  >\n\t\t\t\n\t\t\t\n\n<h2>Produkt AQUAQUICK 2000 v Libyi<\/h2>\n<div>Pokud jde o AQUAQUICK 2000 v Libyi, je tento produkt mezi spole\u010dnostmi v ropn\u00e9m pr\u016fmyslu velmi dob\u0159e zn\u00e1m\u00fd. Libyjsk\u00e9 spole\u010dnosti pou\u017e\u00edvaj\u00ed AQUAQUICK 2000 ji\u017e mnoho desetilet\u00ed k odstra\u0148ov\u00e1n\u00ed ropn\u00fdch skvrn i k \u00fasp\u011b\u0161n\u00fdm \u00fadr\u017ebov\u00fdm \u00faklid\u016fm, aby se vyhnuly uzav\u0159en\u00ed spole\u010dnosti. P\u0159\u00edpravek AQUAQUICK 2000 byl pou\u017eit v mnoha libyjsk\u00fdch spole\u010dnostech ke zlep\u0161en\u00ed pracovn\u00edch podm\u00ednek, jako\u017e i \u017eivotn\u00edho prost\u0159ed\u00ed a zdravotn\u00edch podm\u00ednek pro m\u00edstn\u00ed obyvatele, u\u017eivatele produktu a zv\u00ed\u0159ata, kter\u00e1 \u017eij\u00ed v bl\u00edzkosti m\u00edst s \u00fanikem ropy v Libyi.<\/div>\n<div>&nbsp;<\/div>\n<h2>N\u00e1kup AQUAQUICK 2000 v Libyi<\/h2>\n<div>P\u0159\u00edpravek AQUAQUICK 2000 lze zakoupit p\u0159\u00edmo u n\u011bkter\u00e9ho z jmenovan\u00fdch distributor\u016f v Libyi nebo p\u0159\u00edmo u n\u00e1s, pokud se v sou\u010dasn\u00e9 dob\u011b nem\u016f\u017eete spojit s n\u011bkter\u00fdm z m\u00edstn\u00edch distributor\u016f. M\u016f\u017eete n\u00e1s jednodu\u0161e kontaktovat zasl\u00e1n\u00edm e-mailu na adresu business@aquaquick2000.com, abyste se dozv\u011bd\u011bli v\u00edce o aktu\u00e1ln\u00ed situaci s p\u0159\u00edpravkem AQUAQUICK 2000 v Libyi.&nbsp;<\/div>\n<div>&nbsp;<\/div>\n<h2>AQUAQUICK LIBYA Poru\u0161en\u00ed autorsk\u00fdch pr\u00e1v a zna\u010dky&nbsp;<\/h2>\n<div>Zna\u010dka AQUAQUICK LIBYA nesm\u00ed b\u00fdt kop\u00edrov\u00e1na nebo pou\u017e\u00edv\u00e1na nik\u00fdm jin\u00fdm ne\u017e spole\u010dnost\u00ed AQUAQUICK GLOBAL B.V., pokud k tomu nejsou poskytnuta z\u00e1konn\u00e1 pr\u00e1va a p\u00edsemn\u00e9 ozn\u00e1men\u00ed p\u0159\u00edmo od spole\u010dnosti AQUAQUICK GLOBAL B.V. Ve\u0161ker\u00e9 souvisej\u00edc\u00ed zna\u010dky, produkty, ochrann\u00e9 zn\u00e1mky atd. ve vztahu k AQUAQUICK &amp; AQUAQUICK 2000 jsou pr\u00e1vn\u011b vlastn\u011bny spole\u010dnost\u00ed AQUAQUICK GLOBAL B.V.&nbsp;<\/div>\n<div>&nbsp;<\/div>\n<div>Pro v\u00edce informac\u00ed o sortimentu v\u00fdrobk\u016f AQUAQUICK nebo o zna\u010dce AQUAQUICK n\u00e1s kontaktujte p\u0159\u00edmo na business@aquaquick2000.com.<\/div>\n\n\t\t<\/div>\n\t\t\t\t\t<\/div>\n\n\t\n\n\t<div id=\"col-486419473\" class=\"col medium-5 small-12 large-5\"  >\n\t\t\t\t<div class=\"col-inner\"  >\n\t\t\t\n\t\t\t\n\n<div class=\"row\"  id=\"row-538202434\">\n\n\n\t<div id=\"col-836910577\" class=\"col small-12 large-12\"  >\n\t\t\t\t<div class=\"col-inner\"  >\n\t\t\t\n\t\t\t\n\n<h2>O spole\u010dnosti AQUAQUICK LIBYA<\/h2>\n<ul>\n<li class=\"bullet-checkmark\">AQUAQUICK 2000 je k dispozici v Libyi<\/li>\n<li class=\"bullet-checkmark\">AQUAQUICK LIBYA je v na\u0161em vlastnictv\u00ed<\/li>\n<li class=\"bullet-checkmark\">AQUAQUICK 2000 Celkov\u00fd roztok na \u010di\u0161t\u011bn\u00ed olej\u016f<\/li>\n<li class=\"bullet-checkmark\">Skv\u011bl\u00e9 v\u00fdsledky v Libyi s AQUAQUICK 2000<\/li><li class=\"bullet-checkmark\">www.aquaquicklibya.com je vyhrazen pro n\u00e1s<\/li>\n<\/ul>\n\n\t\t<\/div>\n\t\t\t\t\t<\/div>\n\n\t\n\n\n<style>\n#row-538202434 > .col > .col-inner {\n  padding: 22px 15px 0px 15px;\n  background-color: rgb(242, 242, 242);\n}\n<\/style>\n<\/div>\n\t<div class=\"img has-hover x md-x lg-x y md-y lg-y\" id=\"image_1001916629\">\n\t\t\t\t\t\t\t\t<div class=\"img-inner dark\" >\n\t\t\t<img decoding=\"async\" width=\"1020\" height=\"230\" data-src=\"https:\/\/b3871678.smushcdn.com\/3871678\/wp-content\/uploads\/2020\/11\/AQUAQUICK-LIBYa-MIDSIZE-format-sheet-psd-1280x289.png?lossy=2&strip=1&webp=1\" class=\"attachment-large size-large lazyload\" alt=\"\" data-srcset=\"https:\/\/b3871678.smushcdn.com\/3871678\/wp-content\/uploads\/2020\/11\/AQUAQUICK-LIBYa-MIDSIZE-format-sheet-psd-1280x289.png?lossy=2&strip=1&webp=1 1280w, https:\/\/b3871678.smushcdn.com\/3871678\/wp-content\/uploads\/2020\/11\/AQUAQUICK-LIBYa-MIDSIZE-format-sheet-psd-510x115.png?lossy=2&strip=1&webp=1 510w, https:\/\/b3871678.smushcdn.com\/3871678\/wp-content\/uploads\/2020\/11\/AQUAQUICK-LIBYa-MIDSIZE-format-sheet-psd-500x113.png?lossy=2&strip=1&webp=1 500w, https:\/\/b3871678.smushcdn.com\/3871678\/wp-content\/uploads\/2020\/11\/AQUAQUICK-LIBYa-MIDSIZE-format-sheet-psd-768x174.png?lossy=2&strip=1&webp=1 768w, https:\/\/b3871678.smushcdn.com\/3871678\/wp-content\/uploads\/2020\/11\/AQUAQUICK-LIBYa-MIDSIZE-format-sheet-psd.png?lossy=2&strip=1&webp=1 1500w, https:\/\/b3871678.smushcdn.com\/3871678\/wp-content\/uploads\/2020\/11\/AQUAQUICK-LIBYa-MIDSIZE-format-sheet-psd.png?size=204x46&lossy=2&strip=1&webp=1 204w, https:\/\/b3871678.smushcdn.com\/3871678\/wp-content\/uploads\/2020\/11\/AQUAQUICK-LIBYa-MIDSIZE-format-sheet-psd.png?size=408x92&lossy=2&strip=1&webp=1 408w, https:\/\/b3871678.smushcdn.com\/3871678\/wp-content\/uploads\/2020\/11\/AQUAQUICK-LIBYa-MIDSIZE-format-sheet-psd.png?size=612x138&lossy=2&strip=1&webp=1 612w, https:\/\/b3871678.smushcdn.com\/3871678\/wp-content\/uploads\/2020\/11\/AQUAQUICK-LIBYa-MIDSIZE-format-sheet-psd.png?size=1020x230&lossy=2&strip=1&webp=1 1020w\" data-sizes=\"auto\" title=\"\" src=\"data:image\/svg+xml;base64,PHN2ZyB3aWR0aD0iMSIgaGVpZ2h0PSIxIiB4bWxucz0iaHR0cDovL3d3dy53My5vcmcvMjAwMC9zdmciPjwvc3ZnPg==\" style=\"--smush-placeholder-width: 1020px; --smush-placeholder-aspect-ratio: 1020\/230;\" data-original-sizes=\"(max-width: 1020px) 100vw, 1020px\">\t\t\t\t\t\t\n\t\t\t\t\t<\/div>\n\t\t\t\t\t\t\t\t\n<style>\n#image_1001916629 {\n  width: 100%;\n}\n<\/style>\n\t<\/div>\n\t\n\n\t<div class=\"img has-hover x md-x lg-x y md-y lg-y\" id=\"image_1491513617\">\n\t\t\t\t\t\t\t\t<div class=\"img-inner dark\" >\n\t\t\t<img decoding=\"async\" width=\"1020\" height=\"510\" data-src=\"https:\/\/b3871678.smushcdn.com\/3871678\/wp-content\/uploads\/2020\/09\/AQUAQUICK-2000-in-Libya.png?lossy=2&strip=1&webp=1\" class=\"attachment-large size-large lazyload\" alt=\"\" data-srcset=\"https:\/\/b3871678.smushcdn.com\/3871678\/wp-content\/uploads\/2020\/09\/AQUAQUICK-2000-in-Libya.png?lossy=2&strip=1&webp=1 1024w, https:\/\/b3871678.smushcdn.com\/3871678\/wp-content\/uploads\/2020\/09\/AQUAQUICK-2000-in-Libya-510x255.png?lossy=2&strip=1&webp=1 510w, https:\/\/b3871678.smushcdn.com\/3871678\/wp-content\/uploads\/2020\/09\/AQUAQUICK-2000-in-Libya-500x250.png?lossy=2&strip=1&webp=1 500w, https:\/\/b3871678.smushcdn.com\/3871678\/wp-content\/uploads\/2020\/09\/AQUAQUICK-2000-in-Libya-768x384.png?lossy=2&strip=1&webp=1 768w, https:\/\/b3871678.smushcdn.com\/3871678\/wp-content\/uploads\/2020\/09\/AQUAQUICK-2000-in-Libya.png?size=204x102&lossy=2&strip=1&webp=1 204w, https:\/\/b3871678.smushcdn.com\/3871678\/wp-content\/uploads\/2020\/09\/AQUAQUICK-2000-in-Libya.png?size=408x204&lossy=2&strip=1&webp=1 408w, https:\/\/b3871678.smushcdn.com\/3871678\/wp-content\/uploads\/2020\/09\/AQUAQUICK-2000-in-Libya.png?size=612x306&lossy=2&strip=1&webp=1 612w\" data-sizes=\"auto\" title=\"\" src=\"data:image\/svg+xml;base64,PHN2ZyB3aWR0aD0iMSIgaGVpZ2h0PSIxIiB4bWxucz0iaHR0cDovL3d3dy53My5vcmcvMjAwMC9zdmciPjwvc3ZnPg==\" style=\"--smush-placeholder-width: 1020px; --smush-placeholder-aspect-ratio: 1020\/510;\" data-original-sizes=\"(max-width: 1020px) 100vw, 1020px\">\t\t\t\t\t\t\n\t\t\t\t\t<\/div>\n\t\t\t\t\t\t\t\t\n<style>\n#image_1491513617 {\n  width: 100%;\n}\n<\/style>\n\t<\/div>\n\t\n\n\n\t\t<\/div>\n\t\t\t\t\t<\/div>\n\n\t\n\n<\/div>\n\n\t\t<\/div>\n\n\t\t\n<style>\n#section_1059464494 {\n  padding-top: 30px;\n  padding-bottom: 30px;\n}\n<\/style>\n\t<\/section>","protected":false},"excerpt":{"rendered":"","protected":false},"author":1,"featured_media":8711,"parent":8666,"menu_order":0,"comment_status":"closed","ping_status":"closed","template":"page-blank.php","meta":{"cybocfi_hide_featured_image":"","footnotes":"","_links_to":"","_links_to_target":""},"class_list":["post-8668","page","type-page","status-publish","has-post-thumbnail","hentry"],"_links":{"self":[{"href":"https:\/\/www.aquaquick2000.com\/cs\/wp-json\/wp\/v2\/pages\/8668","targetHints":{"allow":["GET"]}}],"collection":[{"href":"https:\/\/www.aquaquick2000.com\/cs\/wp-json\/wp\/v2\/pages"}],"about":[{"href":"https:\/\/www.aquaquick2000.com\/cs\/wp-json\/wp\/v2\/types\/page"}],"author":[{"embeddable":true,"href":"https:\/\/www.aquaquick2000.com\/cs\/wp-json\/wp\/v2\/users\/1"}],"replies":[{"embeddable":true,"href":"https:\/\/www.aquaquick2000.com\/cs\/wp-json\/wp\/v2\/comments?post=8668"}],"version-history":[{"count":0,"href":"https:\/\/www.aquaquick2000.com\/cs\/wp-json\/wp\/v2\/pages\/8668\/revisions"}],"up":[{"embeddable":true,"href":"https:\/\/www.aquaquick2000.com\/cs\/wp-json\/wp\/v2\/pages\/8666"}],"wp:featuredmedia":[{"embeddable":true,"href":"https:\/\/www.aquaquick2000.com\/cs\/wp-json\/wp\/v2\/media\/8711"}],"wp:attachment":[{"href":"https:\/\/www.aquaquick2000.com\/cs\/wp-json\/wp\/v2\/media?parent=8668"}],"curies":[{"name":"wp","href":"https:\/\/api.w.org\/{rel}","templated":true}]}}