{"id":9530,"date":"2024-01-17T14:26:38","date_gmt":"2024-01-17T14:26:38","guid":{"rendered":"https:\/\/www.aquaquick2000.com\/?page_id=9530"},"modified":"2025-10-10T20:20:31","modified_gmt":"2025-10-10T20:20:31","slug":"about-us","status":"publish","type":"page","link":"https:\/\/www.aquaquick2000.com\/cs\/about-us\/","title":{"rendered":"O n\u00e1s"},"content":{"rendered":"<section class=\"section\" id=\"section_957013899\">\n\t\t<div class=\"section-bg fill\" >\n\t\t\t\t\t\t\t\t\t\n\t\t\t\n\n\t\t<\/div>\n\n\t\t\n\n\t\t<div class=\"section-content relative\">\n\t\t\t\n\n<div class=\"row\"  id=\"row-313550045\">\n\n\n\t<div id=\"col-1564301339\" class=\"col medium-3 small-12 large-3\"  >\n\t\t<div class=\"is-sticky-column\"><div class=\"is-sticky-column__inner\">\t\t<div class=\"col-inner\"  >\n\t\t\t\n\t\t\t\n\n<a href=\"https:\/\/www.aquaquick2000.com\/cs\/about-us\/\" class=\"button alert lowercase expand navbuttons\" style=\"border-radius:2px;\">\n\t\t<span>O n\u00e1s<\/span>\n\t<\/a>\n\n\n<a href=\"https:\/\/www.aquaquick2000.com\/cs\/vyrobni-zavod\/\" class=\"button alert lowercase expand navbuttons\" style=\"border-radius:2px;\">\n\t\t<span>V\u00fdrobn\u00ed z\u00e1vod<\/span>\n\t<\/a>\n\n\n<a href=\"https:\/\/www.aquaquick2000.com\/cs\/environmentalni-filozofie\/\" class=\"button alert lowercase expand navbuttons\" style=\"border-radius:2px;\">\n\t\t<span>Filozofie \u017eivotn\u00edho prost\u0159ed\u00ed<\/span>\n\t<\/a>\n\n\n<a href=\"https:\/\/www.aquaquick2000.com\/cs\/stat-se-prodejcem-aquaquick-2000\/\" class=\"button alert lowercase expand navbuttons\" style=\"border-radius:2px;\">\n\t\t<span>St\u00e1t se prodejcem<\/span>\n\t<\/a>\n\n\n<a href=\"https:\/\/www.aquaquick2000.com\/cs\/naklady-na-prepravu\/\" class=\"button alert lowercase expand navbuttons\" style=\"border-radius:2px;\">\n\t\t<span>P\u0159eprava a n\u00e1klady<\/span>\n\t<\/a>\n\n\n<a href=\"https:\/\/www.aquaquick2000.com\/cs\/zasady-vymeny-zaruky\/\" class=\"button alert lowercase expand navbuttons\" style=\"border-radius:2px;\">\n\t\t<span>Z\u00e1sady v\u00fdm\u011bny z\u00e1ruky<\/span>\n\t<\/a>\n\n\n<a href=\"https:\/\/www.aquaquick2000.com\/cs\/pravidla-pro-vraceni-zbozi\/\" class=\"button alert lowercase expand navbuttons\" style=\"border-radius:2px;\">\n\t\t<span>Pravidla pro vracen\u00ed zbo\u017e\u00ed<\/span>\n\t<\/a>\n\n\n\n\t\t<\/div>\n\t\t<\/div><\/div>\t\t\t<\/div>\n\n\t\n\n\t<div id=\"col-213611930\" class=\"col medium-9 small-12 large-9 small-col-first\"  >\n\t\t\t\t<div class=\"col-inner\"  >\n\t\t\t\n\t\t\t\n\n<h1>O syst\u00e9mu AQUAQUICK 2000<\/1><\/p>\n<h2>Na\u0161e cesta<\/h2>\n<p>V\u00edtejte na str\u00e1nk\u00e1ch spole\u010dnosti AQUAQUICK 2000, kter\u00e1 je pr\u016fkopn\u00edkem v oblasti ekologick\u00fdch \u010distic\u00edch \u0159e\u0161en\u00ed. Na\u0161e s\u00eddlo se nach\u00e1z\u00ed v nizozemsk\u00e9m Enschede a n\u00e1\u0161 p\u0159\u00edb\u011bh za\u010dal viz\u00ed zm\u011bnit \u00faklidov\u00fd pr\u016fmysl pomoc\u00ed produkt\u016f, kter\u00e9 jsou nejen \u00fa\u010dinn\u00e9, ale tak\u00e9 \u0161etrn\u00e9 k \u017eivotn\u00edmu prost\u0159ed\u00ed. Na\u0161e cesta, trvaj\u00edc\u00ed ji\u017e n\u011bkolik desetilet\u00ed, byla poh\u00e1n\u011bna inovacemi, z\u00e1vazkem ke kvalit\u011b a hlubok\u00fdm smyslem pro odpov\u011bdnost v\u016f\u010di na\u0161\u00ed planet\u011b.<\/p>\n<h3>Na\u0161e posl\u00e1n\u00ed<\/h3>\n<p>Na\u0161e posl\u00e1n\u00ed ve spole\u010dnosti AQUAQUICK 2000 je jednoduch\u00e9, ale hlubok\u00e9: poskytovat \u0161pi\u010dkov\u00e1 \u010distic\u00ed \u0159e\u0161en\u00ed, kter\u00e1 chr\u00e1n\u00ed \u017eivotn\u00ed prost\u0159ed\u00ed a uspokojuj\u00ed rozmanit\u00e9 pot\u0159eby na\u0161ich z\u00e1kazn\u00edk\u016f. Sna\u017e\u00edme se vytv\u00e1\u0159et v\u00fdrobky, kter\u00e9 nejen vynikaj\u00ed sv\u00fdm v\u00fdkonem, ale tak\u00e9 p\u0159isp\u00edvaj\u00ed k udr\u017eiteln\u00e9 budoucnosti. Na\u0161\u00edm c\u00edlem je nov\u011b definovat \u00faklid t\u00edm, \u017ee budeme nab\u00edzet \u0159e\u0161en\u00ed, kter\u00e1 jsou bezpe\u010dn\u00e1, \u00fa\u010dinn\u00e1 a \u0161etrn\u00e1 k \u017eivotn\u00edmu prost\u0159ed\u00ed.<\/p>\n<h3>Na\u0161e produkty<\/h3>\n<p>N\u00e1\u0161 st\u011b\u017eejn\u00ed produkt, Aquaquick 2000, je zt\u011blesn\u011bn\u00edm na\u0161eho posl\u00e1n\u00ed. Byl vyvinut po letech rozs\u00e1hl\u00e9ho v\u00fdzkumu a je d\u016fkazem na\u0161\u00ed oddanosti ekologick\u00fdm inovac\u00edm. Aquaquick 2000 je v\u0161estrann\u00fd, biologicky odbourateln\u00fd \u010distic\u00ed prost\u0159edek, kter\u00fd je schopen \u0159e\u0161it \u0161irokou \u0161k\u00e1lu pr\u016fmyslov\u00fdch a dom\u00e1c\u00edch \u010distic\u00edch probl\u00e9m\u016f. N\u00e1\u0161 v\u00fdrobek zaji\u0161\u0165uje dokonalou \u010distotu a z\u00e1rove\u0148 je \u0161etrn\u00fd k ekosyst\u00e9mu - od rozlit\u00fdch olej\u016f a\u017e po ka\u017edodenn\u00ed \u0161p\u00ednu.<\/p>\n<h3>Na\u0161e zaji\u0161t\u011bn\u00ed kvality<\/h3>\n<p>Kvalita nen\u00ed pro spole\u010dnost AQUAQUICK 2000 jen m\u011b\u0159\u00edtkem, ale z\u00e1kladn\u00edm kamenem na\u0161\u00ed existence. Na\u0161e v\u00fdrobky proch\u00e1zej\u00ed p\u0159\u00edsn\u00fdmi testy a opat\u0159en\u00edmi pro kontrolu kvality, aby spl\u0148ovaly nejvy\u0161\u0161\u00ed standardy. Jsme odhodl\u00e1ni dod\u00e1vat v\u00fdrobky, kter\u00fdm mohou na\u0161i z\u00e1kazn\u00edci d\u016fv\u011b\u0159ovat z hlediska jejich \u00fa\u010dinnosti a bezpe\u010dnosti pro \u017eivotn\u00ed prost\u0159ed\u00ed.<\/p>\n<h3>N\u00e1\u0161 z\u00e1vazek k ochran\u011b \u017eivotn\u00edho prost\u0159ed\u00ed<\/h3>\n<p>Z\u00e1kladem spole\u010dnosti AQUAQUICK 2000 je p\u00e9\u010de o \u017eivotn\u00ed prost\u0159ed\u00ed. Sna\u017e\u00edme se minimalizovat na\u0161i uhl\u00edkovou stopu a zajistit, aby na\u0161e v\u00fdrobky a postupy pozitivn\u011b p\u0159isp\u00edvaly k ochran\u011b \u017eivotn\u00edho prost\u0159ed\u00ed. Ka\u017ed\u00fd n\u00e1\u0161 krok je v souladu s na\u0161\u00edm z\u00e1vazkem v\u016f\u010di planet\u011b - od z\u00edsk\u00e1v\u00e1n\u00ed udr\u017eiteln\u00fdch slo\u017eek a\u017e po zav\u00e1d\u011bn\u00ed ekologicky \u0161etrn\u00fdch v\u00fdrobn\u00edch proces\u016f.<\/p>\n<h2>Na\u0161e glob\u00e1ln\u00ed p\u0159\u00edtomnost<\/h2>\n<p>Vliv AQUAQUICK 2000 p\u0159ekra\u010duje hranice. Na\u0161e v\u00fdrobky si z\u00edskaly celosv\u011btov\u00e9 uzn\u00e1n\u00ed a jsou zastoupeny v r\u016fzn\u00fdch zem\u00edch a pr\u016fmyslov\u00fdch odv\u011btv\u00edch. Jsme hrd\u00ed na sv\u016fj mezin\u00e1rodn\u00ed dosah a schopnost nab\u00edzet \u010distic\u00ed \u0159e\u0161en\u00ed, kter\u00e1 odpov\u00eddaj\u00ed glob\u00e1ln\u00edm standard\u016fm a r\u016fznorod\u00fdm pot\u0159eb\u00e1m z\u00e1kazn\u00edk\u016f.<\/p>\n<h3>Na\u0161e zapojen\u00ed do komunity<\/h3>\n<p>V\u011b\u0159\u00edme, \u017ee se budeme vracet komunit\u011b, a aktivn\u011b se zapojujeme do iniciativ, kter\u00e9 podporuj\u00ed pov\u011bdom\u00ed o \u017eivotn\u00edm prost\u0159ed\u00ed a udr\u017eitelnost. AQUAQUICK 2000 je v\u00edc ne\u017e jen zna\u010dka, je to komunitn\u00ed propag\u00e1tor ekologi\u010dt\u011bj\u0161\u00edho a \u010dist\u0161\u00edho sv\u011bta.<\/p>\n<h3>Na\u0161e vize do budoucna<\/h3>\n<p>Do budoucna se spole\u010dnost AQUAQUICK 2000 zav\u00e1zala k neust\u00e1l\u00fdm inovac\u00edm a roz\u0161i\u0159ov\u00e1n\u00ed sortimentu v\u00fdrobk\u016f, aby vyhov\u011bla vyv\u00edjej\u00edc\u00edm se pot\u0159eb\u00e1m z\u00e1kazn\u00edk\u016f a ekologick\u00fdm v\u00fdzv\u00e1m. P\u0159edstavujeme si budoucnost, kdy \u010di\u0161t\u011bn\u00ed neohro\u017euje zdrav\u00ed na\u0161\u00ed planety, a jsme odhodl\u00e1ni tuto vizi uskute\u010dnit.<\/p>\n<h3>P\u0159ipojte se k n\u00e1m v na\u0161em hled\u00e1n\u00ed<\/h3>\n<p>Zveme v\u00e1s, abyste se p\u0159ipojili k na\u0161emu \u00fasil\u00ed o \u010dist\u0161\u00ed a zelen\u011bj\u0161\u00ed sv\u011bt. A\u0165 u\u017e jste firma, kter\u00e1 hled\u00e1 udr\u017eiteln\u00e1 \u010distic\u00ed \u0159e\u0161en\u00ed, nebo jednotlivec, kter\u00fd je nad\u0161en\u00fd pro ekologick\u00fd \u017eivot, AQUAQUICK 2000 nab\u00edz\u00ed n\u011bco pro ka\u017ed\u00e9ho. Poj\u010fme spole\u010dn\u011b zm\u011bnit na\u0161i planetu k lep\u0161\u00edmu, jeden \u010dist\u00fd v\u00fdrobek za druh\u00fdm.<\/p>\n\n\t\t<\/div>\n\t\t\t\t\t<\/div>\n\n\t\n\n<\/div>\n\n\t\t<\/div>\n\n\t\t\n<style>\n#section_957013899 {\n  padding-top: 30px;\n  padding-bottom: 30px;\n}\n<\/style>\n\t<\/section>","protected":false},"excerpt":{"rendered":"","protected":false},"author":1,"featured_media":0,"parent":0,"menu_order":0,"comment_status":"closed","ping_status":"closed","template":"","meta":{"cybocfi_hide_featured_image":"","footnotes":"","_links_to":"","_links_to_target":""},"class_list":["post-9530","page","type-page","status-publish","hentry"],"_links":{"self":[{"href":"https:\/\/www.aquaquick2000.com\/cs\/wp-json\/wp\/v2\/pages\/9530","targetHints":{"allow":["GET"]}}],"collection":[{"href":"https:\/\/www.aquaquick2000.com\/cs\/wp-json\/wp\/v2\/pages"}],"about":[{"href":"https:\/\/www.aquaquick2000.com\/cs\/wp-json\/wp\/v2\/types\/page"}],"author":[{"embeddable":true,"href":"https:\/\/www.aquaquick2000.com\/cs\/wp-json\/wp\/v2\/users\/1"}],"replies":[{"embeddable":true,"href":"https:\/\/www.aquaquick2000.com\/cs\/wp-json\/wp\/v2\/comments?post=9530"}],"version-history":[{"count":0,"href":"https:\/\/www.aquaquick2000.com\/cs\/wp-json\/wp\/v2\/pages\/9530\/revisions"}],"wp:attachment":[{"href":"https:\/\/www.aquaquick2000.com\/cs\/wp-json\/wp\/v2\/media?parent=9530"}],"curies":[{"name":"wp","href":"https:\/\/api.w.org\/{rel}","templated":true}]}}