{"id":9556,"date":"2024-01-17T15:06:55","date_gmt":"2024-01-17T15:06:55","guid":{"rendered":"https:\/\/www.aquaquick2000.com\/?page_id=9556"},"modified":"2025-06-12T12:22:08","modified_gmt":"2025-06-12T12:22:08","slug":"naklady-na-prepravu","status":"publish","type":"page","link":"https:\/\/www.aquaquick2000.com\/cs\/shipment-cost\/","title":{"rendered":"Shipment &#038; cost"},"content":{"rendered":"<section class=\"section\" id=\"section_369334037\">\n\t\t<div class=\"section-bg fill\" >\n\t\t\t\t\t\t\t\t\t\n\t\t\t\n\n\t\t<\/div>\n\n\t\t\n\n\t\t<div class=\"section-content relative\">\n\t\t\t\n\n<div class=\"row\"  id=\"row-834762487\">\n\n\n\t<div id=\"col-1307939377\" class=\"col medium-3 small-12 large-3\"  >\n\t\t<div class=\"is-sticky-column\"><div class=\"is-sticky-column__inner\">\t\t<div class=\"col-inner\"  >\n\t\t\t\n\t\t\t\n\n<a href=\"https:\/\/www.aquaquick2000.com\/cs\/about-us\/\" class=\"button alert lowercase expand navbuttons\" style=\"border-radius:2px;\">\n\t\t<span>O n\u00e1s<\/span>\n\t<\/a>\n\n\n<a href=\"https:\/\/www.aquaquick2000.com\/cs\/vyrobni-zavod\/\" class=\"button alert lowercase expand navbuttons\" style=\"border-radius:2px;\">\n\t\t<span>V\u00fdrobn\u00ed z\u00e1vod<\/span>\n\t<\/a>\n\n\n<a href=\"https:\/\/www.aquaquick2000.com\/cs\/environmentalni-filozofie\/\" class=\"button alert lowercase expand navbuttons\" style=\"border-radius:2px;\">\n\t\t<span>Filozofie \u017eivotn\u00edho prost\u0159ed\u00ed<\/span>\n\t<\/a>\n\n\n<a href=\"https:\/\/www.aquaquick2000.com\/cs\/stat-se-prodejcem-aquaquick-2000\/\" class=\"button alert lowercase expand navbuttons\" style=\"border-radius:2px;\">\n\t\t<span>St\u00e1t se prodejcem<\/span>\n\t<\/a>\n\n\n<a href=\"https:\/\/www.aquaquick2000.com\/cs\/naklady-na-prepravu\/\" class=\"button alert lowercase expand navbuttons\" style=\"border-radius:2px;\">\n\t\t<span>P\u0159eprava a n\u00e1klady<\/span>\n\t<\/a>\n\n\n<a href=\"https:\/\/www.aquaquick2000.com\/cs\/zasady-vymeny-zaruky\/\" class=\"button alert lowercase expand navbuttons\" style=\"border-radius:2px;\">\n\t\t<span>Z\u00e1sady v\u00fdm\u011bny z\u00e1ruky<\/span>\n\t<\/a>\n\n\n<a href=\"https:\/\/www.aquaquick2000.com\/cs\/pravidla-pro-vraceni-zbozi\/\" class=\"button alert lowercase expand navbuttons\" style=\"border-radius:2px;\">\n\t\t<span>Pravidla pro vracen\u00ed zbo\u017e\u00ed<\/span>\n\t<\/a>\n\n\n\n\t\t<\/div>\n\t\t<\/div><\/div>\t\t\t<\/div>\n\n\t\n\n\t<div id=\"col-727120660\" class=\"col medium-9 small-12 large-9 small-col-first\"  >\n\t\t\t\t<div class=\"col-inner\"  >\n\t\t\t\n\t\t\t\n\n<h1>P\u0159eprava a n\u00e1klady<\/h1>\n<h4>Zp\u016fsob doru\u010den\u00ed<\/h4>\n<p>Ve spole\u010dnosti AQUAQUICK 2000 db\u00e1me na to, aby na\u0161e v\u00fdrobky byly p\u0159epravov\u00e1ny s p\u00e9\u010d\u00ed a efektivitou. V\u0161echny objedn\u00e1vky jsou odes\u00edl\u00e1ny standardn\u00edm zp\u016fsobem. Chcete-li zadat objedn\u00e1vku, jednodu\u0161e nav\u0161tivte na\u0161e webov\u00e9 str\u00e1nky nebo n\u00e1s oslovte prost\u0159ednictv\u00edm e-mailu. Jakmile obdr\u017e\u00edte objedn\u00e1vku v\u010detn\u011b autorizace platby, poskytneme v\u00e1m sch\u00e9ma p\u0159epravy na m\u00edru podle va\u0161\u00ed konkr\u00e9tn\u00ed zem\u011b\/m\u00edsta.<\/p>\n<h4>Pracovn\u00ed dny<\/h4>\n<p>Objedn\u00e1vky odes\u00edl\u00e1me pouze v pracovn\u00ed dny. Na\u0161e pracovn\u00ed dny jsou od pond\u011bl\u00ed do ned\u011ble, s v\u00fdjimkou st\u00e1tn\u00edch sv\u00e1tk\u016f uzn\u00e1van\u00fdch v Evropsk\u00e9 unii. Tento harmonogram zaji\u0161\u0165uje, \u017ee va\u0161e objedn\u00e1vka bude zpracov\u00e1na a odesl\u00e1na neprodlen\u011b.<\/p>\n<h4>N\u00e1klady na dopravu<\/h4>\n<p>N\u00e1klady na dopravu va\u0161\u00ed objedn\u00e1vky jsou ur\u010deny n\u011bkolika faktory: celkovou \u010d\u00e1stkou va\u0161\u00ed objedn\u00e1vky, m\u00edstem ur\u010den\u00ed a typem zvolen\u00e9ho zp\u016fsobu dopravy. Pro objedn\u00e1vky v r\u00e1mci Evropsk\u00e9 unie \u010dasto nab\u00edz\u00edme sn\u00ed\u017een\u00e9 ceny za dopravu. Na objedn\u00e1vky sm\u011b\u0159uj\u00edc\u00ed mimo Evropskou unii se vztahuj\u00ed dal\u0161\u00ed n\u00e1klady na dopravu. Tyto n\u00e1klady jsou automaticky vypo\u010dteny na z\u00e1klad\u011b va\u0161\u00ed objedn\u00e1vky a potvrzeny prost\u0159ednictv\u00edm e-mailov\u00e9 komunikace.<\/p>\n<p><strong>Upozorn\u011bn\u00ed:<\/strong> U dod\u00e1vek mimo Evropu na\u0161e n\u00e1klady na dopravu nezahrnuj\u00ed poplatky za celn\u00ed odbaven\u00ed a dovozn\u00ed cla. Tyto dodate\u010dn\u00e9 n\u00e1klady jsou \u00fa\u010dtov\u00e1ny po p\u0159\u00edjezdu z\u00e1silky do va\u0161\u00ed zem\u011b a jsou v odpov\u011bdnosti p\u0159\u00edjemce.<\/p>\n<h3>Odhadovan\u00e9 dny p\u0159epravy podle zem\u011b<\/h3>\n<h4>V r\u00e1mci Evropy<\/h4>\n<ul>\n<li>Rakousko: 4 - 6 dn\u00ed<\/li>\n<li>Belgie: 1 den<\/li>\n<li>Bulharsko: 4 - 6 dn\u00ed<\/li>\n<li>Chorvatsko: 4 - 6 dn\u00ed<\/li>\n<li>\u010cesk\u00e1 republika: 4 - 6 dn\u00ed<\/li>\n<li>D\u00e1nsko: 4 - 6 dn\u00ed<\/li>\n<li>Estonsko: 4 - 6 dn\u00ed<\/li>\n<li>Finsko: 4 - 6 dn\u00ed<\/li>\n<li>Francie: 4 - 6 dn\u00ed<\/li>\n<li>N\u011bmecko: 4 - 6 dn\u00ed<\/li>\n<li>\u0158ecko: 4 - 6 dn\u00ed<\/li>\n<li>Ma\u010farsko: 4 - 6 dn\u00ed<\/li>\n<li>Irsko: 4 - 6 dn\u00ed<\/li>\n<li>It\u00e1lie: 4 - 6 dn\u00ed<\/li>\n<li>Loty\u0161sko: 4 - 6 dn\u00ed<\/li>\n<li>Litva: 4 - 6 dn\u00ed<\/li>\n<li>Lucembursko: 4 - 6 dn\u00ed<\/li>\n<li>Polsko: 4 - 6 dn\u00ed<\/li>\n<li>Portugalsko: 4 - 6 dn\u00ed<\/li>\n<li>Rumunsko: 5 - 7 dn\u00ed<\/li>\n<li>Slovensko: 4 - 6 dn\u00ed<\/li>\n<li>Slovinsko: 4 - 6 dn\u00ed<\/li>\n<li>\u0160pan\u011blsko: 4 - 6 dn\u00ed<\/li>\n<li>\u0160v\u00e9dsko: 4 - 6 dn\u00ed<\/li>\n<li>Nizozemsko: 2 - 3 dny<\/li>\n<\/ul>\n<h4>Mezin\u00e1rodn\u00ed objedn\u00e1vky (mimo Evropu)<\/h4>\n<p>U objedn\u00e1vek sm\u011b\u0159uj\u00edc\u00edch mimo Evropu se zpracov\u00e1n\u00ed \u0159\u00edd\u00ed zvolen\u00fdm zp\u016fsobem dopravy, mno\u017estv\u00edm objednan\u00fdch produkt\u016f a dal\u0161\u00edmi podm\u00ednkami.<\/p>\n<h3>Omezen\u00ed<\/h3>\n<p>Upozor\u0148ujeme, \u017ee online objedn\u00e1vky nelze zad\u00e1vat na dodac\u00ed adresy mimo Evropskou unii. Toto omezen\u00ed se vztahuje tak\u00e9 na specifick\u00e9 oblasti, jako je Gr\u00f3nsko, Faersk\u00e9 ostrovy, n\u011bkter\u00e9 vzd\u00e1len\u00e9 ostrovy a vybran\u00e1 z\u00e1mo\u0159sk\u00e1 \u00fazem\u00ed. V p\u0159\u00edpad\u011b objedn\u00e1vek do t\u011bchto region\u016f se laskav\u011b obra\u0165te na n\u00e1\u0161 z\u00e1kaznick\u00fd servis na adrese <a href=\"mailto:business@aquaquick2000.com\" target=\"_new\" rel=\"noopener\">business@aquaquick2000.com<\/a>.<\/p>\n<h3>Sledov\u00e1n\u00ed va\u0161\u00ed objedn\u00e1vky<\/h3>\n<p>Po zpracov\u00e1n\u00ed va\u0161\u00ed objedn\u00e1vky v na\u0161em skladu v\u00e1m bude p\u0159\u00edpadn\u011b p\u0159id\u011bleno sledovac\u00ed \u010d\u00edslo. Po odesl\u00e1n\u00ed z\u00e1silky z na\u0161eho skladu obdr\u017e\u00edte ozn\u00e1men\u00ed. Upozor\u0148ujeme, \u017ee m\u016f\u017ee trvat a\u017e 48 hodin, ne\u017e se informace o sledov\u00e1n\u00ed z\u00e1silky objev\u00ed v syst\u00e9mu kur\u00fdra.<\/p>\n<h3>Zji\u0161t\u011bn\u00ed stavu objedn\u00e1vky<\/h3>\n<p>Stav sv\u00e9 objedn\u00e1vky m\u016f\u017eete snadno sledovat:<\/p>\n<ul>\n<li><strong>Zkontrolujte si e-mail:<\/strong> Na e-mailovou adresu zadanou p\u0159i platb\u011b budete dost\u00e1vat aktu\u00e1ln\u00ed informace o stavu objedn\u00e1vky.<\/li>\n<li><strong>Nav\u0161tivte na\u0161e webov\u00e9 str\u00e1nky:<\/strong> P\u0159ihlaste se ke sv\u00e9mu \u00fa\u010dtu na <a href=\"http:\/\/www.aquaquick2000.com\/cs\/\" target=\"_new\" rel=\"noopener\">www.aquaquick2000.com<\/a> pro p\u0159\u00edstup k historii va\u0161ich objedn\u00e1vek, v\u010detn\u011b \u010dekaj\u00edc\u00edch, n\u00e1sledn\u00fdch a p\u0159edchoz\u00edch objedn\u00e1vek.<\/li>\n<li><strong>Kontaktujte n\u00e1s:<\/strong> V p\u0159\u00edpad\u011b jak\u00fdchkoli dal\u0161\u00edch dotaz\u016f t\u00fdkaj\u00edc\u00edch se va\u0161\u00ed objedn\u00e1vky se m\u016f\u017eete obr\u00e1tit na n\u00e1\u0161 z\u00e1kaznick\u00fd servis na adrese <a href=\"mailto:business@aquaquick2000.com\" target=\"_new\" rel=\"noopener\">business@aquaquick2000.com<\/a>.<\/li>\n<\/ul>\n\n\t\t<\/div>\n\t\t\t\t\t<\/div>\n\n\t\n\n<\/div>\n\n\t\t<\/div>\n\n\t\t\n<style>\n#section_369334037 {\n  padding-top: 30px;\n  padding-bottom: 30px;\n}\n<\/style>\n\t<\/section>","protected":false},"excerpt":{"rendered":"","protected":false},"author":1,"featured_media":0,"parent":0,"menu_order":0,"comment_status":"closed","ping_status":"closed","template":"","meta":{"cybocfi_hide_featured_image":"","footnotes":"","_links_to":"","_links_to_target":""},"class_list":["post-9556","page","type-page","status-publish","hentry"],"_links":{"self":[{"href":"https:\/\/www.aquaquick2000.com\/cs\/wp-json\/wp\/v2\/pages\/9556","targetHints":{"allow":["GET"]}}],"collection":[{"href":"https:\/\/www.aquaquick2000.com\/cs\/wp-json\/wp\/v2\/pages"}],"about":[{"href":"https:\/\/www.aquaquick2000.com\/cs\/wp-json\/wp\/v2\/types\/page"}],"author":[{"embeddable":true,"href":"https:\/\/www.aquaquick2000.com\/cs\/wp-json\/wp\/v2\/users\/1"}],"replies":[{"embeddable":true,"href":"https:\/\/www.aquaquick2000.com\/cs\/wp-json\/wp\/v2\/comments?post=9556"}],"version-history":[{"count":0,"href":"https:\/\/www.aquaquick2000.com\/cs\/wp-json\/wp\/v2\/pages\/9556\/revisions"}],"wp:attachment":[{"href":"https:\/\/www.aquaquick2000.com\/cs\/wp-json\/wp\/v2\/media?parent=9556"}],"curies":[{"name":"wp","href":"https:\/\/api.w.org\/{rel}","templated":true}]}}