{"id":9560,"date":"2024-01-17T19:44:55","date_gmt":"2024-01-17T19:44:55","guid":{"rendered":"https:\/\/www.aquaquick2000.com\/?page_id=9560"},"modified":"2025-06-12T12:18:27","modified_gmt":"2025-06-12T12:18:27","slug":"zasady-vymeny-zaruky","status":"publish","type":"page","link":"https:\/\/www.aquaquick2000.com\/cs\/warranty-replacement-policy\/","title":{"rendered":"Warranty &#038; Replacement Policy"},"content":{"rendered":"<section class=\"section\" id=\"section_1847223907\">\n\t\t<div class=\"section-bg fill\" >\n\t\t\t\t\t\t\t\t\t\n\t\t\t\n\n\t\t<\/div>\n\n\t\t\n\n\t\t<div class=\"section-content relative\">\n\t\t\t\n\n<div class=\"row\"  id=\"row-975443805\">\n\n\n\t<div id=\"col-1656770779\" class=\"col medium-3 small-12 large-3\"  >\n\t\t<div class=\"is-sticky-column\"><div class=\"is-sticky-column__inner\">\t\t<div class=\"col-inner\"  >\n\t\t\t\n\t\t\t\n\n<a href=\"https:\/\/www.aquaquick2000.com\/cs\/about-us\/\" class=\"button alert lowercase expand navbuttons\" style=\"border-radius:2px;\">\n\t\t<span>O n\u00e1s<\/span>\n\t<\/a>\n\n\n<a href=\"https:\/\/www.aquaquick2000.com\/cs\/vyrobni-zavod\/\" class=\"button alert lowercase expand navbuttons\" style=\"border-radius:2px;\">\n\t\t<span>V\u00fdrobn\u00ed z\u00e1vod<\/span>\n\t<\/a>\n\n\n<a href=\"https:\/\/www.aquaquick2000.com\/cs\/environmentalni-filozofie\/\" class=\"button alert lowercase expand navbuttons\" style=\"border-radius:2px;\">\n\t\t<span>Filozofie \u017eivotn\u00edho prost\u0159ed\u00ed<\/span>\n\t<\/a>\n\n\n<a href=\"https:\/\/www.aquaquick2000.com\/cs\/stat-se-prodejcem-aquaquick-2000\/\" class=\"button alert lowercase expand navbuttons\" style=\"border-radius:2px;\">\n\t\t<span>St\u00e1t se prodejcem<\/span>\n\t<\/a>\n\n\n<a href=\"https:\/\/www.aquaquick2000.com\/cs\/naklady-na-prepravu\/\" class=\"button alert lowercase expand navbuttons\" style=\"border-radius:2px;\">\n\t\t<span>P\u0159eprava a n\u00e1klady<\/span>\n\t<\/a>\n\n\n<a href=\"https:\/\/www.aquaquick2000.com\/cs\/zasady-vymeny-zaruky\/\" class=\"button alert lowercase expand navbuttons\" style=\"border-radius:2px;\">\n\t\t<span>Z\u00e1sady v\u00fdm\u011bny z\u00e1ruky<\/span>\n\t<\/a>\n\n\n<a href=\"https:\/\/www.aquaquick2000.com\/cs\/pravidla-pro-vraceni-zbozi\/\" class=\"button alert lowercase expand navbuttons\" style=\"border-radius:2px;\">\n\t\t<span>Pravidla pro vracen\u00ed zbo\u017e\u00ed<\/span>\n\t<\/a>\n\n\n\n\t\t<\/div>\n\t\t<\/div><\/div>\t\t\t<\/div>\n\n\t\n\n\t<div id=\"col-902442442\" class=\"col medium-9 small-12 large-9 small-col-first\"  >\n\t\t\t\t<div class=\"col-inner\"  >\n\t\t\t\n\t\t\t\n\n<h1>Z\u00e1sady v\u00fdm\u011bny z\u00e1ruky<\/h1>\n<h3>N\u00e1\u0161 z\u00e1vazek<\/h3>\n<p>Ve spole\u010dnosti AQUAQUICK se sna\u017e\u00edme na\u0161im z\u00e1kazn\u00edk\u016fm poskytovat vysoce kvalitn\u00ed v\u00fdrobky. Stoj\u00edme si za dokonalost\u00ed na\u0161ich v\u00fdrobk\u016f a na\u0161e snaha o spokojenost z\u00e1kazn\u00edk\u016f je pro n\u00e1s prvo\u0159ad\u00e1.<\/p>\n<h3>Z\u00e1ru\u010dn\u00ed podm\u00ednky<\/h3>\n<h4>Pokryt\u00ed<\/h4>\n<p>Na\u0161e z\u00e1ruka se vztahuje na ve\u0161ker\u00e9 vady materi\u00e1lu nebo zpracov\u00e1n\u00ed p\u0159i b\u011b\u017en\u00e9m pou\u017e\u00edv\u00e1n\u00ed b\u011bhem z\u00e1ru\u010dn\u00ed doby. Pokud se b\u011bhem t\u00e9to doby vyskytnou probl\u00e9my, kter\u00e9 jsou zp\u016fsobeny v\u00fdrobn\u00edmi vadami nebo vadami balen\u00ed, budeme je \u0159e\u0161it v souladu s na\u0161imi z\u00e1ru\u010dn\u00edmi podm\u00ednkami.<\/p>\n<h4>Z\u00e1ru\u010dn\u00ed doba<\/h4>\n<p>Z\u00e1ru\u010dn\u00ed doba na v\u00fdrobky AQUAQUICK je platn\u00e1 od data zakoupen\u00ed. Konkr\u00e9tn\u00ed \u00fadaje o d\u00e9lce z\u00e1ruky naleznete v dokumentaci k v\u00fdrobku.<\/p>\n<h3>Z\u00e1sady nahrazov\u00e1n\u00ed<\/h3>\n<h4>Posouzen\u00ed probl\u00e9m\u016f s v\u00fdrobky<\/h4>\n<p>Pokud se domn\u00edv\u00e1te, \u017ee v\u00e1\u0161 v\u00fdrobek AQUAQUICK trp\u00ed v\u00fdrobn\u00ed vadou nebo vadou obalu, m\u016f\u017eete v\u00fdrobek vr\u00e1tit k posouzen\u00ed. Vr\u00e1cen\u00fd v\u00fdrobek d\u016fkladn\u011b prov\u011b\u0159\u00edme, abychom zjistili p\u0159\u00ed\u010dinu probl\u00e9mu.<\/p>\n<h4>Podm\u00ednky pro v\u00fdm\u011bnu<\/h4>\n<p>V\u00fdm\u011bna v\u00fdrobku bude zv\u00e1\u017eena, pokud:<\/p>\n<ul>\n<li>Potvrdilo se, \u017ee probl\u00e9m je zp\u016fsoben chybou p\u0159i v\u00fdrob\u011b nebo balen\u00ed.<\/li>\n<li>Na v\u00fdrobek se vztahuje z\u00e1ru\u010dn\u00ed doba.<\/li>\n<li>V\u00fdrobek byl pou\u017e\u00edv\u00e1n v souladu se sv\u00fdm ur\u010den\u00edm a nebyl nespr\u00e1vn\u011b pou\u017e\u00edv\u00e1n, zanedb\u00e1v\u00e1n nebo upravov\u00e1n.<\/li>\n<\/ul>\n<h4>Proces vracen\u00ed v\u00fdrobk\u016f<\/h4>\n<ul>\n<li>Kontaktujte n\u00e1s na adrese business@aquaquick2000.com a iniciujte vr\u00e1cen\u00ed. Uve\u010fte pros\u00edm popis probl\u00e9mu a doklad o koupi.<\/li>\n<li>Po potvrzen\u00ed od na\u0161eho t\u00fdmu za\u0161lete v\u00fdrobek na uvedenou zp\u00e1te\u010dn\u00ed adresu.<\/li>\n<li>Poskytn\u011bte n\u00e1m p\u0159im\u011b\u0159enou dobu na p\u0159ijet\u00ed a kontrolu v\u00fdrobku.<\/li>\n<\/ul>\n<h4>V\u00fdsledek hodnocen\u00ed<\/h4>\n<ul>\n<li>Pokud je v\u00fdrobek zp\u016fsobil\u00fd k v\u00fdm\u011bn\u011b, vym\u011bn\u00edme v\u00e1m jej bez dal\u0161\u00edch n\u00e1klad\u016f.<\/li>\n<li>Pokud v\u00fdrobek nen\u00ed zp\u016fsobil\u00fd k v\u00fdm\u011bn\u011b, sd\u011bl\u00edme v\u00e1m d\u016fvody a probereme s v\u00e1mi dostupn\u00e9 mo\u017enosti.<\/li>\n<\/ul>\n<h3>V\u00fdjimky<\/h3>\n<p>Tato z\u00e1ruka se nevztahuje na probl\u00e9my zp\u016fsoben\u00e9 podm\u00ednkami, poruchami nebo po\u0161kozen\u00edm, kter\u00e9 nevypl\u00fdvaj\u00ed z vad materi\u00e1lu nebo zpracov\u00e1n\u00ed. Rovn\u011b\u017e se nevztahuje na v\u00fdrobky, kter\u00e9 byly upraveny nebo pou\u017eity k jin\u00fdm \u00fa\u010del\u016fm, ne\u017e pro kter\u00e9 byly ur\u010deny.<\/p>\n<h3>Kontaktn\u00ed informace<\/h3>\n<p>V p\u0159\u00edpad\u011b jak\u00fdchkoli dotaz\u016f nebo pro zah\u00e1jen\u00ed procesu vr\u00e1cen\u00ed n\u00e1s pros\u00edm kontaktujte na adrese:<\/p>\n<ul>\n<li><strong>E-mail:<\/strong> business@aquaquick2000.com<\/li>\n<li><strong>Telefon:<\/strong> +31 6 412 938 51 &amp; +31 6 411 89 424<\/li>\n<\/ul>\n<p>Ve spole\u010dnosti AQUAQUICK usilujeme o va\u0161i spokojenost s na\u0161imi v\u00fdrobky a sna\u017e\u00edme se vy\u0159e\u0161it ve\u0161ker\u00e9 probl\u00e9my v souladu s na\u0161imi z\u00e1ru\u010dn\u00edmi a n\u00e1hradn\u00edmi podm\u00ednkami.<\/p>\n\n\t\t<\/div>\n\t\t\t\t\t<\/div>\n\n\t\n\n<\/div>\n\n\t\t<\/div>\n\n\t\t\n<style>\n#section_1847223907 {\n  padding-top: 30px;\n  padding-bottom: 30px;\n}\n<\/style>\n\t<\/section>","protected":false},"excerpt":{"rendered":"","protected":false},"author":1,"featured_media":0,"parent":0,"menu_order":0,"comment_status":"closed","ping_status":"closed","template":"","meta":{"cybocfi_hide_featured_image":"","footnotes":"","_links_to":"","_links_to_target":""},"class_list":["post-9560","page","type-page","status-publish","hentry"],"_links":{"self":[{"href":"https:\/\/www.aquaquick2000.com\/cs\/wp-json\/wp\/v2\/pages\/9560","targetHints":{"allow":["GET"]}}],"collection":[{"href":"https:\/\/www.aquaquick2000.com\/cs\/wp-json\/wp\/v2\/pages"}],"about":[{"href":"https:\/\/www.aquaquick2000.com\/cs\/wp-json\/wp\/v2\/types\/page"}],"author":[{"embeddable":true,"href":"https:\/\/www.aquaquick2000.com\/cs\/wp-json\/wp\/v2\/users\/1"}],"replies":[{"embeddable":true,"href":"https:\/\/www.aquaquick2000.com\/cs\/wp-json\/wp\/v2\/comments?post=9560"}],"version-history":[{"count":0,"href":"https:\/\/www.aquaquick2000.com\/cs\/wp-json\/wp\/v2\/pages\/9560\/revisions"}],"wp:attachment":[{"href":"https:\/\/www.aquaquick2000.com\/cs\/wp-json\/wp\/v2\/media?parent=9560"}],"curies":[{"name":"wp","href":"https:\/\/api.w.org\/{rel}","templated":true}]}}