{"id":9610,"date":"2024-01-17T23:11:25","date_gmt":"2024-01-17T23:11:25","guid":{"rendered":"https:\/\/www.aquaquick2000.com\/?page_id=9610"},"modified":"2025-06-12T12:23:39","modified_gmt":"2025-06-12T12:23:39","slug":"vyrobni-zavod","status":"publish","type":"page","link":"https:\/\/www.aquaquick2000.com\/cs\/production-plant\/","title":{"rendered":"V\u00fdrobn\u00ed z\u00e1vod"},"content":{"rendered":"<section class=\"section\" id=\"section_562212643\">\n\t\t<div class=\"section-bg fill\" >\n\t\t\t\t\t\t\t\t\t\n\t\t\t\n\n\t\t<\/div>\n\n\t\t\n\n\t\t<div class=\"section-content relative\">\n\t\t\t\n\n<div class=\"row\"  id=\"row-1730333567\">\n\n\n\t<div id=\"col-1304055023\" class=\"col medium-3 small-12 large-3\"  >\n\t\t<div class=\"is-sticky-column\"><div class=\"is-sticky-column__inner\">\t\t<div class=\"col-inner\"  >\n\t\t\t\n\t\t\t\n\n<a href=\"https:\/\/www.aquaquick2000.com\/cs\/about-us\/\" class=\"button alert lowercase expand navbuttons\" style=\"border-radius:2px;\">\n\t\t<span>O n\u00e1s<\/span>\n\t<\/a>\n\n\n<a href=\"https:\/\/www.aquaquick2000.com\/cs\/vyrobni-zavod\/\" class=\"button alert lowercase expand navbuttons\" style=\"border-radius:2px;\">\n\t\t<span>V\u00fdrobn\u00ed z\u00e1vod<\/span>\n\t<\/a>\n\n\n<a href=\"https:\/\/www.aquaquick2000.com\/cs\/environmentalni-filozofie\/\" class=\"button alert lowercase expand navbuttons\" style=\"border-radius:2px;\">\n\t\t<span>Filozofie \u017eivotn\u00edho prost\u0159ed\u00ed<\/span>\n\t<\/a>\n\n\n<a href=\"https:\/\/www.aquaquick2000.com\/cs\/stat-se-prodejcem-aquaquick-2000\/\" class=\"button alert lowercase expand navbuttons\" style=\"border-radius:2px;\">\n\t\t<span>St\u00e1t se prodejcem<\/span>\n\t<\/a>\n\n\n<a href=\"https:\/\/www.aquaquick2000.com\/cs\/naklady-na-prepravu\/\" class=\"button alert lowercase expand navbuttons\" style=\"border-radius:2px;\">\n\t\t<span>P\u0159eprava a n\u00e1klady<\/span>\n\t<\/a>\n\n\n<a href=\"https:\/\/www.aquaquick2000.com\/cs\/zasady-vymeny-zaruky\/\" class=\"button alert lowercase expand navbuttons\" style=\"border-radius:2px;\">\n\t\t<span>Z\u00e1sady v\u00fdm\u011bny z\u00e1ruky<\/span>\n\t<\/a>\n\n\n<a href=\"https:\/\/www.aquaquick2000.com\/cs\/pravidla-pro-vraceni-zbozi\/\" class=\"button alert lowercase expand navbuttons\" style=\"border-radius:2px;\">\n\t\t<span>Pravidla pro vracen\u00ed zbo\u017e\u00ed<\/span>\n\t<\/a>\n\n\n\n\t\t<\/div>\n\t\t<\/div><\/div>\t\t\t<\/div>\n\n\t\n\n\t<div id=\"col-655816798\" class=\"col medium-9 small-12 large-9 small-col-first\"  >\n\t\t\t\t<div class=\"col-inner\"  >\n\t\t\t\n\t\t\t\n\n<h1>V\u00fdrobn\u00ed z\u00e1vod AQUAQUICK 2000<\/h1>\n<h3>Skromn\u00e9 za\u010d\u00e1tky: Inovace v kuchyni<\/h3>\n<p>Kdysi d\u00e1vno se v jedn\u00e9 skromn\u00e9 kuchyni v Nizozemsku vydal vizion\u00e1\u0159 jm\u00e9nem Henri de Vries na cestu, kter\u00e1 m\u011bla zp\u016fsobit revoluci ve sv\u011bt\u011b ekologick\u00fdch \u010distic\u00edch prost\u0159edk\u016f. Pr\u00e1v\u011b zde, uprost\u0159ed dom\u00e1c\u00edho rachotu hrnc\u016f a p\u00e1nv\u00ed, se zrodila prvn\u00ed verze toho, co se pozd\u011bji stalo AQUAQUICK 2000. Henri s bystrou mysl\u00ed a v\u00e1\u0161n\u00ed pro udr\u017eiteln\u00e1 \u0159e\u0161en\u00ed za\u010dal experimentovat s r\u016fzn\u00fdmi recepturami. Jeho c\u00edl byl jasn\u00fd a z\u00e1rove\u0148 ambici\u00f3zn\u00ed - vytvo\u0159it \u010distic\u00ed prost\u0159edek, kter\u00fd bude vysoce \u00fa\u010dinn\u00fd a z\u00e1rove\u0148 \u0161etrn\u00fd k \u017eivotn\u00edmu prost\u0159ed\u00ed.<\/p>\n<h3>\u00c9ra rodinn\u00fdch tov\u00e1ren: Polo\u017een\u00ed z\u00e1klad\u016f<\/h3>\n<p>Jakmile se uk\u00e1zala \u00fa\u010dinnost Henriho v\u00fdtvoru, malos\u00e9riov\u00e1 v\u00fdroba v kuchyni brzy p\u0159erostla sv\u00e9 meze. Rodina se spojila za Henriho viz\u00ed, co\u017e vedlo k zalo\u017een\u00ed prvn\u00ed rodinn\u00e9 tov\u00e1rny AQUAQUICK. Zde se setkala inovace s odhodl\u00e1n\u00edm. Rodinn\u00e1 tov\u00e1rna pln\u00e1 energie semknut\u00e9ho t\u00fdmu se stala tygl\u00edkem, kde se receptura AQUAQUICK zdokonalovala, vylep\u0161ovala a p\u0159ipravovala pro \u0161ir\u0161\u00ed publikum. Tato \u00e9ra se vyzna\u010dovala hlubok\u00fdm smyslem pro komunitu, kdy ka\u017ed\u00e1 l\u00e1hev AQUAQUICK 2000 zt\u011bles\u0148ovala rodinn\u00fd z\u00e1vazek ke kvalit\u011b a odpov\u011bdnosti k \u017eivotn\u00edmu prost\u0159ed\u00ed.<\/p>\n<h3>Expanze: Na cest\u011b k v\u011bt\u0161\u00ed vizi<\/h3>\n<p>Cestu od rodinn\u00e9 tov\u00e1rny k velk\u00e9mu v\u00fdrobn\u00edmu z\u00e1vodu podpo\u0159ila rostouc\u00ed popt\u00e1vka a rostouc\u00ed uzn\u00e1n\u00ed jedine\u010dn\u00fdch vlastnost\u00ed AQUAQUICK 2000. Jak se informace \u0161\u00ed\u0159ily, distributo\u0159i, prodejci a z\u00e1kazn\u00edci z r\u016fzn\u00fdch odv\u011btv\u00ed za\u010dali vyhled\u00e1vat AQUAQUICK 2000 pro jeho bezkonkuren\u010dn\u00ed ekologickou \u0161etrnost a \u00fa\u010dinnost. Bylo na\u010dase, aby Henri a jeho rodina roz\u0161\u00ed\u0159ili svou \u010dinnost a uspokojili rostouc\u00ed popt\u00e1vku.<\/p>\n<h3>Zrozen\u00ed \u0159e\u0161en\u00ed v hodnot\u011b n\u011bkolika milion\u016f dolar\u016f<\/h3>\n<p>V reakci na rostouc\u00ed pot\u0159eby byl zkoncipov\u00e1n nejmodern\u011bj\u0161\u00ed v\u00fdrobn\u00ed z\u00e1vod AQUAQUICK. Tato rozlehl\u00e1 tov\u00e1rna, kter\u00e1 je sv\u011bdectv\u00edm o cest\u011b spole\u010dnosti AQUAQUICK 2000, byla navr\u017eena tak, aby skloubila rozsah s udr\u017eitelnost\u00ed. Z\u00e1vod vybaven\u00fd nejmodern\u011bj\u0161\u00edmi technologiemi a dodr\u017euj\u00edc\u00ed nejvy\u0161\u0161\u00ed standardy v\u00fdroby se stal centrem inovac\u00ed a velkov\u00fdroby. AQUAQUICK 2000 se zde vyr\u00e1b\u011bl nejen ve v\u011bt\u0161\u00edm mno\u017estv\u00ed, ale tak\u00e9 se st\u00e1le v\u011bt\u0161\u00edm d\u016frazem na \u0161etrnost k \u017eivotn\u00edmu prost\u0159ed\u00ed a kvalitu.<\/p>\n<h3>Dne\u0161n\u00ed AQUAQUICK 2000: Glob\u00e1ln\u00ed ekologick\u00fd gigant<\/h3>\n<p>Dnes je v\u00fdrobn\u00ed z\u00e1vod AQUAQUICK maj\u00e1kem ve sv\u011bt\u011b ekologick\u00fdch \u010distic\u00edch prost\u0159edk\u016f. Je to m\u00edsto, kde je odkaz jednoduch\u00e9ho kuchy\u0148sk\u00e9ho experimentu vetk\u00e1n do ka\u017ed\u00e9ho v\u00fdrobku. Z\u00e1vod z\u00e1sobuje celosv\u011btovou s\u00ed\u0165 distributor\u016f a z\u00e1kazn\u00edk\u016f, z nich\u017e ka\u017ed\u00fd hled\u00e1 v\u00fdjime\u010dnou kvalitu a ekologickou bezpe\u010dnost, kterou zaru\u010duje AQUAQUICK 2000.<\/p>\n<p>Z\u00e1vod funguje nejen jako v\u00fdrobn\u00ed centrum, ale tak\u00e9 jako symbol udr\u017eiteln\u00fdch pr\u016fmyslov\u00fdch postup\u016f. P\u0159edstavuje vyvrcholen\u00ed snu Henriho de Vriese - snu, kter\u00fd za\u010dal ve skromn\u00e9 kuchyni a rozrostl se tak, \u017ee zm\u011bnil prost\u0159ed\u00ed ekologick\u00fdch \u010distic\u00edch prost\u0159edk\u016f.<\/p>\n<h3>Pokra\u010duj\u00edc\u00ed odkaz inovac\u00ed a udr\u017eitelnosti<\/h3>\n<p>Spole\u010dnost AQUAQUICK 2000 se st\u00e1le vyv\u00edj\u00ed, ale duch inovac\u00ed a odhodl\u00e1n\u00ed k udr\u017eitelnosti, kter\u00fd se zrodil v Henriho kuchyni, z\u016fst\u00e1v\u00e1 i nad\u00e1le z\u00e1kladem jej\u00ed \u010dinnosti. Cesta spole\u010dnosti AQUAQUICK 2000 od rodinn\u00e9 tov\u00e1rny k v\u00fdrobn\u00edmu z\u00e1vodu s mnohamilionov\u00fdm obratem je d\u016fkazem s\u00edly vize, inovace a hluboce zako\u0159en\u011bn\u00e9ho z\u00e1vazku k \u017eivotn\u00edmu prost\u0159ed\u00ed.<\/p>\n<p>V\u00edtejte na str\u00e1nk\u00e1ch spole\u010dnosti AQUAQUICK 2000, kter\u00e1 je pr\u016fkopn\u00edkem v oblasti ekologick\u00fdch \u010distic\u00edch \u0159e\u0161en\u00ed. Na\u0161e s\u00eddlo se nach\u00e1z\u00ed v nizozemsk\u00e9m Enschede a n\u00e1\u0161 p\u0159\u00edb\u011bh za\u010dal viz\u00ed zm\u011bnit \u00faklidov\u00fd pr\u016fmysl pomoc\u00ed produkt\u016f, kter\u00e9 jsou nejen \u00fa\u010dinn\u00e9, ale tak\u00e9 \u0161etrn\u00e9 k \u017eivotn\u00edmu prost\u0159ed\u00ed. Na\u0161e cesta, trvaj\u00edc\u00ed ji\u017e n\u011bkolik desetilet\u00ed, byla poh\u00e1n\u011bna inovacemi, z\u00e1vazkem ke kvalit\u011b a hlubok\u00fdm smyslem pro odpov\u011bdnost v\u016f\u010di na\u0161\u00ed planet\u011b.<\/p>\n<h3>Na\u0161e posl\u00e1n\u00ed<\/h3>\n<p>Na\u0161e posl\u00e1n\u00ed ve spole\u010dnosti AQUAQUICK 2000 je jednoduch\u00e9, ale hlubok\u00e9: poskytovat \u0161pi\u010dkov\u00e1 \u010distic\u00ed \u0159e\u0161en\u00ed, kter\u00e1 chr\u00e1n\u00ed \u017eivotn\u00ed prost\u0159ed\u00ed a uspokojuj\u00ed rozmanit\u00e9 pot\u0159eby na\u0161ich z\u00e1kazn\u00edk\u016f. Sna\u017e\u00edme se vytv\u00e1\u0159et v\u00fdrobky, kter\u00e9 nejen vynikaj\u00ed sv\u00fdm v\u00fdkonem, ale tak\u00e9 p\u0159isp\u00edvaj\u00ed k udr\u017eiteln\u00e9 budoucnosti. Na\u0161\u00edm c\u00edlem je nov\u011b definovat \u00faklid t\u00edm, \u017ee budeme nab\u00edzet \u0159e\u0161en\u00ed, kter\u00e1 jsou bezpe\u010dn\u00e1, \u00fa\u010dinn\u00e1 a \u0161etrn\u00e1 k \u017eivotn\u00edmu prost\u0159ed\u00ed.<\/p>\n<h3>Na\u0161e produkty<\/h3>\n<p>N\u00e1\u0161 st\u011b\u017eejn\u00ed produkt, Aquaquick 2000, je zt\u011blesn\u011bn\u00edm na\u0161eho posl\u00e1n\u00ed. Byl vyvinut po letech rozs\u00e1hl\u00e9ho v\u00fdzkumu a je d\u016fkazem na\u0161\u00ed oddanosti ekologick\u00fdm inovac\u00edm. Aquaquick 2000 je v\u0161estrann\u00fd, biologicky odbourateln\u00fd \u010distic\u00ed prost\u0159edek, kter\u00fd je schopen \u0159e\u0161it \u0161irokou \u0161k\u00e1lu pr\u016fmyslov\u00fdch a dom\u00e1c\u00edch \u010distic\u00edch probl\u00e9m\u016f. N\u00e1\u0161 v\u00fdrobek zaji\u0161\u0165uje dokonalou \u010distotu a z\u00e1rove\u0148 je \u0161etrn\u00fd k ekosyst\u00e9mu - od rozlit\u00fdch olej\u016f a\u017e po ka\u017edodenn\u00ed \u0161p\u00ednu.<\/p>\n<h3>Na\u0161e zaji\u0161t\u011bn\u00ed kvality<\/h3>\n<p>Kvalita nen\u00ed pro spole\u010dnost AQUAQUICK 2000 jen m\u011b\u0159\u00edtkem, ale z\u00e1kladn\u00edm kamenem na\u0161\u00ed existence. Na\u0161e v\u00fdrobky proch\u00e1zej\u00ed p\u0159\u00edsn\u00fdmi testy a opat\u0159en\u00edmi pro kontrolu kvality, aby spl\u0148ovaly nejvy\u0161\u0161\u00ed standardy. Jsme odhodl\u00e1ni dod\u00e1vat v\u00fdrobky, kter\u00fdm mohou na\u0161i z\u00e1kazn\u00edci d\u016fv\u011b\u0159ovat z hlediska jejich \u00fa\u010dinnosti a bezpe\u010dnosti pro \u017eivotn\u00ed prost\u0159ed\u00ed.<\/p>\n<h3>N\u00e1\u0161 z\u00e1vazek k ochran\u011b \u017eivotn\u00edho prost\u0159ed\u00ed<\/h3>\n<p>Z\u00e1kladem spole\u010dnosti AQUAQUICK 2000 je p\u00e9\u010de o \u017eivotn\u00ed prost\u0159ed\u00ed. Sna\u017e\u00edme se minimalizovat na\u0161i uhl\u00edkovou stopu a zajistit, aby na\u0161e v\u00fdrobky a postupy pozitivn\u011b p\u0159isp\u00edvaly k ochran\u011b \u017eivotn\u00edho prost\u0159ed\u00ed. Ka\u017ed\u00fd n\u00e1\u0161 krok je v souladu s na\u0161\u00edm z\u00e1vazkem v\u016f\u010di planet\u011b - od z\u00edsk\u00e1v\u00e1n\u00ed udr\u017eiteln\u00fdch slo\u017eek a\u017e po zav\u00e1d\u011bn\u00ed ekologicky \u0161etrn\u00fdch v\u00fdrobn\u00edch proces\u016f.<\/p>\n<h2>Na\u0161e glob\u00e1ln\u00ed p\u0159\u00edtomnost<\/h2>\n<p>Vliv AQUAQUICK 2000 p\u0159ekra\u010duje hranice. Na\u0161e v\u00fdrobky si z\u00edskaly celosv\u011btov\u00e9 uzn\u00e1n\u00ed a jsou zastoupeny v r\u016fzn\u00fdch zem\u00edch a pr\u016fmyslov\u00fdch odv\u011btv\u00edch. Jsme hrd\u00ed na sv\u016fj mezin\u00e1rodn\u00ed dosah a schopnost nab\u00edzet \u010distic\u00ed \u0159e\u0161en\u00ed, kter\u00e1 odpov\u00eddaj\u00ed glob\u00e1ln\u00edm standard\u016fm a r\u016fznorod\u00fdm pot\u0159eb\u00e1m z\u00e1kazn\u00edk\u016f.<\/p>\n<h3>Na\u0161e zapojen\u00ed do komunity<\/h3>\n<p>V\u011b\u0159\u00edme, \u017ee se budeme vracet komunit\u011b, a aktivn\u011b se zapojujeme do iniciativ, kter\u00e9 podporuj\u00ed pov\u011bdom\u00ed o \u017eivotn\u00edm prost\u0159ed\u00ed a udr\u017eitelnost. AQUAQUICK 2000 je v\u00edc ne\u017e jen zna\u010dka, je to komunitn\u00ed propag\u00e1tor ekologi\u010dt\u011bj\u0161\u00edho a \u010dist\u0161\u00edho sv\u011bta.<\/p>\n<h3>Na\u0161e vize do budoucna<\/h3>\n<p>Do budoucna se spole\u010dnost AQUAQUICK 2000 zav\u00e1zala k neust\u00e1l\u00fdm inovac\u00edm a roz\u0161i\u0159ov\u00e1n\u00ed sortimentu v\u00fdrobk\u016f, aby vyhov\u011bla vyv\u00edjej\u00edc\u00edm se pot\u0159eb\u00e1m z\u00e1kazn\u00edk\u016f a ekologick\u00fdm v\u00fdzv\u00e1m. P\u0159edstavujeme si budoucnost, kdy \u010di\u0161t\u011bn\u00ed neohro\u017euje zdrav\u00ed na\u0161\u00ed planety, a jsme odhodl\u00e1ni tuto vizi uskute\u010dnit.<\/p>\n<h3>P\u0159ipojte se k n\u00e1m v na\u0161em hled\u00e1n\u00ed<\/h3>\n<p>Zveme v\u00e1s, abyste se p\u0159ipojili k na\u0161emu \u00fasil\u00ed o \u010dist\u0161\u00ed a zelen\u011bj\u0161\u00ed sv\u011bt. A\u0165 u\u017e jste firma, kter\u00e1 hled\u00e1 udr\u017eiteln\u00e1 \u010distic\u00ed \u0159e\u0161en\u00ed, nebo jednotlivec, kter\u00fd je nad\u0161en\u00fd pro ekologick\u00fd \u017eivot, AQUAQUICK 2000 nab\u00edz\u00ed n\u011bco pro ka\u017ed\u00e9ho. Poj\u010fme spole\u010dn\u011b zm\u011bnit na\u0161i planetu k lep\u0161\u00edmu, jeden \u010dist\u00fd v\u00fdrobek za druh\u00fdm.<\/p>\n\n\t\t<\/div>\n\t\t\t\t\t<\/div>\n\n\t\n\n<\/div>\n\n\t\t<\/div>\n\n\t\t\n<style>\n#section_562212643 {\n  padding-top: 30px;\n  padding-bottom: 30px;\n}\n<\/style>\n\t<\/section>","protected":false},"excerpt":{"rendered":"","protected":false},"author":1,"featured_media":0,"parent":0,"menu_order":0,"comment_status":"closed","ping_status":"closed","template":"","meta":{"cybocfi_hide_featured_image":"","footnotes":"","_links_to":"","_links_to_target":""},"class_list":["post-9610","page","type-page","status-publish","hentry"],"_links":{"self":[{"href":"https:\/\/www.aquaquick2000.com\/cs\/wp-json\/wp\/v2\/pages\/9610","targetHints":{"allow":["GET"]}}],"collection":[{"href":"https:\/\/www.aquaquick2000.com\/cs\/wp-json\/wp\/v2\/pages"}],"about":[{"href":"https:\/\/www.aquaquick2000.com\/cs\/wp-json\/wp\/v2\/types\/page"}],"author":[{"embeddable":true,"href":"https:\/\/www.aquaquick2000.com\/cs\/wp-json\/wp\/v2\/users\/1"}],"replies":[{"embeddable":true,"href":"https:\/\/www.aquaquick2000.com\/cs\/wp-json\/wp\/v2\/comments?post=9610"}],"version-history":[{"count":0,"href":"https:\/\/www.aquaquick2000.com\/cs\/wp-json\/wp\/v2\/pages\/9610\/revisions"}],"wp:attachment":[{"href":"https:\/\/www.aquaquick2000.com\/cs\/wp-json\/wp\/v2\/media?parent=9610"}],"curies":[{"name":"wp","href":"https:\/\/api.w.org\/{rel}","templated":true}]}}