{"id":9643,"date":"2024-01-18T01:22:18","date_gmt":"2024-01-18T01:22:18","guid":{"rendered":"https:\/\/www.aquaquick2000.com\/?page_id=9643"},"modified":"2025-06-12T12:21:43","modified_gmt":"2025-06-12T12:21:43","slug":"environmentalni-filozofie","status":"publish","type":"page","link":"https:\/\/www.aquaquick2000.com\/cs\/the-environmental-philosophy\/","title":{"rendered":"Filozofie \u017eivotn\u00edho prost\u0159ed\u00ed"},"content":{"rendered":"<section class=\"section\" id=\"section_2074374022\">\n\t\t<div class=\"section-bg fill\" >\n\t\t\t\t\t\t\t\t\t\n\t\t\t\n\n\t\t<\/div>\n\n\t\t\n\n\t\t<div class=\"section-content relative\">\n\t\t\t\n\n<div class=\"row\"  id=\"row-1096517673\">\n\n\n\t<div id=\"col-1164332043\" class=\"col medium-3 small-12 large-3\"  >\n\t\t<div class=\"is-sticky-column\"><div class=\"is-sticky-column__inner\">\t\t<div class=\"col-inner\"  >\n\t\t\t\n\t\t\t\n\n<a href=\"https:\/\/www.aquaquick2000.com\/cs\/about-us\/\" class=\"button alert lowercase expand navbuttons\" style=\"border-radius:2px;\">\n\t\t<span>O n\u00e1s<\/span>\n\t<\/a>\n\n\n<a href=\"https:\/\/www.aquaquick2000.com\/cs\/vyrobni-zavod\/\" class=\"button alert lowercase expand navbuttons\" style=\"border-radius:2px;\">\n\t\t<span>V\u00fdrobn\u00ed z\u00e1vod<\/span>\n\t<\/a>\n\n\n<a href=\"https:\/\/www.aquaquick2000.com\/cs\/environmentalni-filozofie\/\" class=\"button alert lowercase expand navbuttons\" style=\"border-radius:2px;\">\n\t\t<span>Filozofie \u017eivotn\u00edho prost\u0159ed\u00ed<\/span>\n\t<\/a>\n\n\n<a href=\"https:\/\/www.aquaquick2000.com\/cs\/stat-se-prodejcem-aquaquick-2000\/\" class=\"button alert lowercase expand navbuttons\" style=\"border-radius:2px;\">\n\t\t<span>St\u00e1t se prodejcem<\/span>\n\t<\/a>\n\n\n<a href=\"https:\/\/www.aquaquick2000.com\/cs\/naklady-na-prepravu\/\" class=\"button alert lowercase expand navbuttons\" style=\"border-radius:2px;\">\n\t\t<span>P\u0159eprava a n\u00e1klady<\/span>\n\t<\/a>\n\n\n<a href=\"https:\/\/www.aquaquick2000.com\/cs\/zasady-vymeny-zaruky\/\" class=\"button alert lowercase expand navbuttons\" style=\"border-radius:2px;\">\n\t\t<span>Z\u00e1sady v\u00fdm\u011bny z\u00e1ruky<\/span>\n\t<\/a>\n\n\n<a href=\"https:\/\/www.aquaquick2000.com\/cs\/pravidla-pro-vraceni-zbozi\/\" class=\"button alert lowercase expand navbuttons\" style=\"border-radius:2px;\">\n\t\t<span>Pravidla pro vracen\u00ed zbo\u017e\u00ed<\/span>\n\t<\/a>\n\n\n\n\t\t<\/div>\n\t\t<\/div><\/div>\t\t\t<\/div>\n\n\t\n\n\t<div id=\"col-1705820356\" class=\"col medium-9 small-12 large-9 small-col-first\"  >\n\t\t\t\t<div class=\"col-inner\"  >\n\t\t\t\n\t\t\t\n\n<h1><strong>Environment\u00e1ln\u00ed filozofie spole\u010dnosti AQUAQUICK<\/strong><\/h1>\n<p>V dob\u011b, kdy je ohleduplnost k \u017eivotn\u00edmu prost\u0159ed\u00ed nejen volbou, ale i nutnost\u00ed, je spole\u010dnost AQUAQUICK odhodl\u00e1na st\u00e1t se l\u00eddrem v oblasti udr\u017eiteln\u00fdch, bezpe\u010dn\u00fdch a \u00fa\u010dinn\u00fdch \u010distic\u00edch \u0159e\u0161en\u00ed. Na\u0161e filozofie vych\u00e1z\u00ed z p\u0159esv\u011bd\u010den\u00ed, \u017ee p\u00e9\u010de o planetu a poskytov\u00e1n\u00ed vysoce kvalitn\u00edch v\u00fdrobk\u016f mohou a m\u011bly by j\u00edt ruku v ruce.<\/p>\n<h3>Z\u00e1vazek k bezpe\u010dn\u00fdm a udr\u017eiteln\u00fdm surovin\u00e1m<\/h3>\n<p><strong>V\u00fdb\u011br ekologicky \u0161etrn\u00fdch ingredienc\u00ed<\/strong> Spole\u010dnost AQUAQUICK se sna\u017e\u00ed minimalizovat dopad na \u017eivotn\u00ed prost\u0159ed\u00ed ji\u017e od sam\u00e9ho zdroje. Pe\u010dliv\u011b vyb\u00edr\u00e1me suroviny a up\u0159ednost\u0148ujeme ty, kter\u00e9 jsou udr\u017eiteln\u00e9 a maj\u00ed minim\u00e1ln\u00ed ekologickou stopu. Na\u0161e p\u0159\u00edsn\u00e1 anal\u00fdza zahrnuje hodnocen\u00ed toxicity, dopadu na \u017eivotn\u00ed prost\u0159ed\u00ed a alergenn\u00edch profil\u016f, \u010d\u00edm\u017e zaji\u0161\u0165ujeme, \u017ee ka\u017ed\u00e1 slo\u017eka pozitivn\u011b p\u0159isp\u00edv\u00e1 k \u00fa\u010dinnosti na\u0161ich v\u00fdrobk\u016f i k jejich ekologick\u00e9 bezpe\u010dnosti.<\/p>\n<p><strong>P\u0159\u00edsn\u00e9 normy pro dodavatele<\/strong> Na sv\u00e9 dodavatele a partnery klademe nejvy\u0161\u0161\u00ed n\u00e1roky na ochranu \u017eivotn\u00edho prost\u0159ed\u00ed. Chemik\u00e1lie a materi\u00e1ly pou\u017e\u00edvan\u00e9 ve v\u00fdrobc\u00edch AQUAQUICK poch\u00e1zej\u00ed z odpov\u011bdn\u00fdch zdroj\u016f, kter\u00e9 jsou v souladu s na\u0161\u00edm z\u00e1vazkem udr\u017eitelnosti a bezpe\u010dnosti.<\/p>\n<h3>\u0160et\u0159en\u00ed vodou a recyklace<\/h3>\n<p><strong>Inovativn\u00ed hospoda\u0159en\u00ed s vodou<\/strong> Voda je vz\u00e1cn\u00fd zdroj a ve spole\u010dnosti AQUAQUICK bereme svou odpov\u011bdnost za jej\u00ed ochranu v\u00e1\u017en\u011b. Zaji\u0161\u0165ujeme, \u017ee t\u00e9m\u011b\u0159 ve\u0161ker\u00e1 voda pou\u017e\u00edvan\u00e1 v na\u0161ich procesech je recyklov\u00e1na a \u010di\u0161t\u011bna prost\u0159ednictv\u00edm pe\u010dliv\u00fdch mikrobiologick\u00fdch kontrol, \u010d\u00edm\u017e v\u00fdrazn\u011b sni\u017eujeme na\u0161i vodn\u00ed stopu a z\u00e1rove\u0148 udr\u017eujeme vy\u0161\u0161\u00ed kvalitu na\u0161ich v\u00fdrobk\u016f.<\/p>\n<h3>Sn\u00ed\u017een\u00ed logistick\u00e9ho dopadu<\/h3>\n<p><strong>Udr\u017eiteln\u00e9 balen\u00ed a p\u0159eprava<\/strong> Sna\u017e\u00edme se sni\u017eovat n\u00e1\u0161 dopad na logistiku t\u00edm, \u017ee v\u011bt\u0161inu obal\u016f vyr\u00e1b\u00edme p\u0159\u00edmo ve firm\u011b, \u010d\u00edm\u017e sni\u017eujeme zbyte\u010dn\u00e9 emise z dopravy. P\u0159i dod\u00e1vk\u00e1ch v\u00fdrobk\u016f vyu\u017e\u00edv\u00e1me strategie intermod\u00e1ln\u00ed p\u0159epravy, abychom minimalizovali silni\u010dn\u00ed dopravu a d\u00e1le sn\u00ed\u017eili na\u0161i uhl\u00edkovou stopu.<\/p>\n<h3>Ekologicky \u0161etrn\u00e9 a v\u0161estrann\u00e9 produkty<\/h3>\n<p><strong>Navr\u017eeno s ohledem na efektivitu a p\u0159\u00ednos pro \u017eivotn\u00ed prost\u0159ed\u00ed<\/strong> Ka\u017ed\u00fd v\u00fdrobek AQUAQUICK je navr\u017een s ohledem na v\u0161estrannost. Na\u0161\u00edm c\u00edlem je sn\u00ed\u017eit dopad na \u017eivotn\u00ed prost\u0159ed\u00ed na v\u0161ech \u00farovn\u00edch - od v\u00fdroby a balen\u00ed a\u017e po distribuci a pou\u017e\u00edv\u00e1n\u00ed. Tento holistick\u00fd p\u0159\u00edstup zaji\u0161\u0165uje, \u017ee na\u0161e v\u00fdrobky nejen \u0161et\u0159\u00ed zdroje, ale tak\u00e9 poskytuj\u00ed ekonomick\u00e9 v\u00fdhody na\u0161im spot\u0159ebitel\u016fm. V\u011b\u0159\u00edme, \u017ee vytv\u00e1\u0159\u00edme \u0159e\u0161en\u00ed, kter\u00e1 s men\u0161\u00edmi n\u00e1klady dok\u00e1\u017e\u00ed ud\u011blat v\u00edce, a podporujeme tak pohodu \u017eivotn\u00edho prost\u0159ed\u00ed i \u00faspory spot\u0159ebitel\u016f.<\/p>\n\n\t\t<\/div>\n\t\t\t\t\t<\/div>\n\n\t\n\n<\/div>\n\n\t\t<\/div>\n\n\t\t\n<style>\n#section_2074374022 {\n  padding-top: 30px;\n  padding-bottom: 30px;\n}\n<\/style>\n\t<\/section>","protected":false},"excerpt":{"rendered":"","protected":false},"author":1,"featured_media":0,"parent":0,"menu_order":0,"comment_status":"closed","ping_status":"closed","template":"","meta":{"cybocfi_hide_featured_image":"","footnotes":"","_links_to":"","_links_to_target":""},"class_list":["post-9643","page","type-page","status-publish","hentry"],"_links":{"self":[{"href":"https:\/\/www.aquaquick2000.com\/cs\/wp-json\/wp\/v2\/pages\/9643","targetHints":{"allow":["GET"]}}],"collection":[{"href":"https:\/\/www.aquaquick2000.com\/cs\/wp-json\/wp\/v2\/pages"}],"about":[{"href":"https:\/\/www.aquaquick2000.com\/cs\/wp-json\/wp\/v2\/types\/page"}],"author":[{"embeddable":true,"href":"https:\/\/www.aquaquick2000.com\/cs\/wp-json\/wp\/v2\/users\/1"}],"replies":[{"embeddable":true,"href":"https:\/\/www.aquaquick2000.com\/cs\/wp-json\/wp\/v2\/comments?post=9643"}],"version-history":[{"count":0,"href":"https:\/\/www.aquaquick2000.com\/cs\/wp-json\/wp\/v2\/pages\/9643\/revisions"}],"wp:attachment":[{"href":"https:\/\/www.aquaquick2000.com\/cs\/wp-json\/wp\/v2\/media?parent=9643"}],"curies":[{"name":"wp","href":"https:\/\/api.w.org\/{rel}","templated":true}]}}