{"id":2532,"date":"2017-01-02T12:53:57","date_gmt":"2017-01-02T12:53:57","guid":{"rendered":"http:\/\/www.aquaquick2000.com\/?page_id=2532"},"modified":"2023-01-26T13:03:21","modified_gmt":"2023-01-26T13:03:21","slug":"liste-der-zulassungen-zertifikate","status":"publish","type":"page","link":"https:\/\/www.aquaquick2000.com\/de\/accreditations\/list-of-approvals-certificates\/","title":{"rendered":"Liste der Zulassungen und Zertifikate"},"content":{"rendered":"Liste der Zulassungen und Zertifikate\n\n<h2>Liste der Zulassungen und Zertifikate f\u00fcr AQUAQUICK 2000.<\/h2>\n<p>In den letzten 4 Jahrzehnten hat das Produkt AQUAQUICK 2000 die Welt mit bemerkenswerten Ergebnissen verbl\u00fcfft. Seitdem wurde AQUAQUICK 2000 als erfolgreiche L\u00f6sung f\u00fcr viele industrielle Anwendungen eingesetzt. AQUAQUICK 2000 wurde von den folgenden Organisationen, Unternehmen und staatlichen Instituten getestet und zugelassen oder zertifiziert. <\/p>\n<ul>\n<li class=\"bullet-checkmark\">UT Enschede, Niederlande - AQUAQUICK 2000 ist beim Einsatz in einer Kl\u00e4ranlage vollst\u00e4ndig biologisch abbaubar und chlorfrei. Es entstehen keine besonderen Gesundheitsrisiken oder toxischen Nebenprodukte, w\u00e4hrend Kohlenwasserstoffe problemlos aus dem Boden entfernt werden.<\/li>\n<li class=\"bullet-checkmark\">TNO Universit\u00e4t Delft, Niederlande - Dieses Produkt hat keine langfristigen sch\u00e4dlichen Auswirkungen auf \u00d6kosysteme, aquatische Systeme oder Benutzer, da AQUAQUICK 2000 vollst\u00e4ndig biologisch abbaubar ist, nicht sensibilisierend wirkt und nicht \u00e4tzend f\u00fcr die menschliche Haut oder die Augen ist.<\/li>\n<li class=\"bullet-checkmark\">Gesundheitsministerium, Niederlande - AQUAQUICK 2000 erf\u00fcllt alle Anwendungsvorschriften der niederl\u00e4ndischen Lebensmittelindustrie.<\/li>\n<li class=\"bullet-checkmark\">Niederl\u00e4ndisches Verteidigungsministerium, Niederlande - AQUAQUICK 2000 greift Anstriche und Beschichtungen nicht an und hat sich als geeignet erwiesen, Kohlenwasserstoffe zu entfernen und gleichzeitig eine stabile Emulsion zu bilden.<\/li>\n<li class=\"bullet-checkmark\">Netherlands Water Board Districts, Niederlande - AQUAQUICK 2000 kann nach Entfernung der abgeschiedenen Kohlenwasserstoffe in die Kanalisation entsorgt werden, die nicht mit verbotenen Stoffen verunreinigt sein darf.<\/li>\n<li class=\"bullet-checkmark\">Generaldirektion f\u00fcr Schifffahrt und maritime Angelegenheiten, London UK (IMO) - AQUAQUICK 2000 und AQUAQUICK 2000 SP erf\u00fcllen alle Richtlinien des MARPOL Annex II, Tankreinigung (MERC.2\/CIRC.8), und der ESPH Working Group.<\/li>\n<li class=\"bullet-checkmark\">NS Dutch Railways Utrecht, Niederlande - AQUAQUICK 2000 ist ein geeignetes Universalreinigungsmittel f\u00fcr die Reinigung von Metallen und lackierten Oberfl\u00e4chen, f\u00fcr dessen Anwendung keine besonderen Sicherheitsma\u00dfnahmen erforderlich sind. Es kann auch mit Hochdruck-Dispersionsger\u00e4ten verwendet werden.<\/li>\n<li class=\"bullet-checkmark\">American Bureau of Shipping London, UK - AQUAQUICK 2000 und AQUAQUICK 2000 SP haben ein Certificate of Product Design Assessment f\u00fcr die Zulassung zur Schifffahrt erhalten.<\/li>\n<li class=\"bullet-checkmark\">Staatliche Bergbauaufsicht, Niederlande - AQUAQUICK 2000 wurde gem\u00e4\u00df Artikel 49B, Absatz 1, der Bergbauverordnung f\u00fcr den Festlandsockel als unsch\u00e4dlich f\u00fcr die Meeresumwelt eingestuft.<\/li>\n<li class=\"bullet-checkmark\">TUV Research Institute Hannover, Germany - AQUAQUICK 2000 SP ist f\u00fcr den Einsatz in der Automobil- und metallverarbeitenden Industrie zugelassen. Es erf\u00fcllt alle Anforderungen an schnell trennende Reiniger und entspricht den deutschen Vorschriften f\u00fcr gef\u00e4hrliche Stoffe oder Zubereitungen aus den Richtlinien der Umweltrichtlinie.<\/li>\n<li class=\"bullet-checkmark\">Dekra Umwelt Gmbh Stuttgart, Deutschland - AQUAQUICK 2000 SP erf\u00fcllt die Zulassungsnorm f\u00fcr den Einsatz in \u00d6l- und Fettabscheidern (\u00d6NORM B 5105) mit der Transporteinstufung als nicht gef\u00e4hrlicher Stoff.<\/li>\n<li class=\"bullet-checkmark\">Hygiene-Institut Gelsenkirchen, Deutschland - AQUAQUICK 2000 ist ein zugelassenes Reinigungsmittel f\u00fcr die Reinigung von \u00f6lverschmutzten Stra\u00dfenoberfl\u00e4chen.<\/li>\n<li class=\"bullet-checkmark\">Staatliche Materialpr\u00fcfungsanstalt Dortmund, Deutschland - AQUAQUICK 2000 entspricht den etablierten \"Methoden zur Entfernung von \u00d6lspuren von Stra\u00dfenoberfl\u00e4chen mit Ausnahme von \u00d6lbindemitteln\".<\/li>\n<li class=\"bullet-checkmark\">Chemisches Labor Webling, Deutschland - AQUAQUICK 2000 ist 100% biologisch abbaubar und verursacht keine nachteiligen Auswirkungen in Kl\u00e4ranlagen oder auf die Ausr\u00fcstung.<\/li>\n<li class=\"bullet-checkmark\">Malaysia Research - Es wurde festgestellt, dass AQUAQUICK 2000 gem\u00e4\u00df der Produktklassifizierung der Internationalen Seeschifffahrtsorganisation (IMO) ungiftig f\u00fcr die aquatische Umwelt ist (LC50- und EC50-Werte von &gt;1000mg\/L). Tests zeigten, dass der Fett- und \u00d6lgehalt des Abwassers in nur 21 Tagen auf bis zu 94% reduziert wurde.<\/li>\n<li class=\"bullet-checkmark\">Mikrobiologisches Labor Forscher J. Balfanz Munster, Deutschland - AQUAQUICK 2000 V-93 stimuliert das Wachstum von Bakterien und Mikroorganismen und beschleunigt den Abbau von Kohlenwasserstoffen in Oberfl\u00e4chenb\u00f6den und Wasser. Untersuchungen ergaben einen durchschnittlichen Abbau von 90% Kohlenwasserstoffen in 35 Tagen.<\/li>\n<li class=\"bullet-checkmark\">Mechem Technical &amp; Laboratory Services Pte, Ltd, Singapur - AQUAQUICK 2000 wurde als konform mit den Spezifikationen f\u00fcr Dispergiermittel befunden, die in der ersten Liste der Verh\u00fctung der Meeresverschmutzung aufgef\u00fchrt sind. (Verordnungen 1999.)<\/li>\n<li class=\"bullet-checkmark\">Migas Laboratories, Indonesien - AQUAQUICK 2000 kann legal und sicher zur Bek\u00e4mpfung von \u00d6lverschmutzungen und zur Reinigung von Booten an Land und vor der K\u00fcste verwendet werden, wenn es 1:50 mit 10 ml Wasser verd\u00fcnnt wird.<\/li>\n<li class=\"bullet-checkmark\">London Underground United Kingdom - AQUAQUICK 2000 ist f\u00fcr die Verwendung bei der London Underground Ltd. akzeptabel, und es werden keine Gesundheits- oder Sicherheitsbedenken gesehen. (Bericht Nr. C7638, 9. Februar 1996)<\/li>\n<li class=\"bullet-checkmark\">SABA - AQUAQUICK 2000 und AQUAQUICK 2000 SP haben keine sch\u00e4dlichen Auswirkungen auf fl\u00fcssigkeitsdichte Bodenabdichtungen f\u00fcr Tankstellen, die von Simson und SABA hergestellt werden.<\/li>\n<li class=\"bullet-checkmark\">Canadian Food Inspection Agency, Ontario, Kanada - AQUAQUICK 2000 und AQUAQUICK 2000 SP sind f\u00fcr den Einsatz in der industriellen Reinigung von Anlagen der Lebensmittelindustrie zugelassen. Ihre Ergebnisse zeigen, dass es zu keiner Kontamination von Lebensmitteln kommt. Diese Produkte k\u00f6nnen auf B\u00f6den und W\u00e4nden in Lebensmittelbereichen verwendet werden, wenn keine Lebensmittel bearbeitet werden.<\/li>\n<li class=\"bullet-checkmark\">Icelandic Food Inspection Agency, Island - AQUAQUICK 2000 wurde f\u00fcr die industrielle Reinigung aller Anlagen der Lebensmittelindustrie zugelassen. Es wurde als ungiftig, nicht korrosiv sowie benutzer- und umweltfreundlich eingestuft.<\/li>\n<li class=\"bullet-checkmark\">Polnische Lebensmittelaufsichtsbeh\u00f6rde, Polen - AQUAQUICK 2000 wurde f\u00fcr die industrielle Reinigung von Anlagen zur Lebensmittelproduktion zugelassen.<\/li>\n<li class=\"bullet-checkmark\">Deutschland Environmental Protection Group, Deutschland - AQUAQUICK 2000 hat sich als sicher erwiesen und ist f\u00fcr alle Umweltanwendungen in Deutschland zugelassen.<\/li>\n<li class=\"bullet-checkmark\">Thailand\/Malaysia - AQUAQUICK 2000 ist f\u00fcr den Einsatz in allen Industrie- und Umweltanwendungen in den Regionen Thailand und Malaysia zugelassen.<\/li>\n<li class=\"bullet-checkmark\">Peru - AQUAQUICK 2000 wurde in Peru f\u00fcr die Verwendung in Reinigungsanwendungen zugelassen.<\/li>\n<li class=\"bullet-checkmark\">\u00c4gypten - AQUAQUICK 2000 hat die Zulassung f\u00fcr allgemeine und industrielle Anwendungen zur Reinigung erhalten. Es ist auch f\u00fcr die Behandlung von \u00d6lverschmutzungen in \u00c4gypten zugelassen.<\/li>\n<li class=\"bullet-checkmark\">Philippinische K\u00fcstenwache, Philippinen - AQUAQUICK 2000 erf\u00fcllt alle Zulassungsanforderungen f\u00fcr ein Dispersionsmittel bei \u00d6lunf\u00e4llen.<\/li>\n<li class=\"bullet-checkmark\">Surface-washing Agents: an Update 2013, Spill Science, Edmonton, Alberta, Canada - Listet AQUAQUICK 2000 als zugelassenes Dispergiermittel f\u00fcr die Oberfl\u00e4chenreinigung auf, das alle Teststandards f\u00fcr Wirksamkeit, Toxizit\u00e4t und Anwendung erf\u00fcllt.<\/li>\n<\/ul>","protected":false},"excerpt":{"rendered":"<p>List of approvals &amp; certificates List of Approvals &amp; Certificates for AQUAQUICK 2000. For the past 4 decades the AQUAQUICK 2000 product has amazed the world with remarkable results. Since then AQUAQUICK 2000 has been used as a successful solution for many industrial applications. AQUAQUICK 2000 has been tested and approved or certified by the [&#8230;]\n","protected":false},"author":1,"featured_media":4384,"parent":2528,"menu_order":0,"comment_status":"closed","ping_status":"closed","template":"","meta":{"cybocfi_hide_featured_image":"","footnotes":"","_links_to":"","_links_to_target":""},"class_list":["post-2532","page","type-page","status-publish","has-post-thumbnail","hentry"],"_links":{"self":[{"href":"https:\/\/www.aquaquick2000.com\/de\/wp-json\/wp\/v2\/pages\/2532","targetHints":{"allow":["GET"]}}],"collection":[{"href":"https:\/\/www.aquaquick2000.com\/de\/wp-json\/wp\/v2\/pages"}],"about":[{"href":"https:\/\/www.aquaquick2000.com\/de\/wp-json\/wp\/v2\/types\/page"}],"author":[{"embeddable":true,"href":"https:\/\/www.aquaquick2000.com\/de\/wp-json\/wp\/v2\/users\/1"}],"replies":[{"embeddable":true,"href":"https:\/\/www.aquaquick2000.com\/de\/wp-json\/wp\/v2\/comments?post=2532"}],"version-history":[{"count":0,"href":"https:\/\/www.aquaquick2000.com\/de\/wp-json\/wp\/v2\/pages\/2532\/revisions"}],"up":[{"embeddable":true,"href":"https:\/\/www.aquaquick2000.com\/de\/wp-json\/wp\/v2\/pages\/2528"}],"wp:featuredmedia":[{"embeddable":true,"href":"https:\/\/www.aquaquick2000.com\/de\/wp-json\/wp\/v2\/media\/4384"}],"wp:attachment":[{"href":"https:\/\/www.aquaquick2000.com\/de\/wp-json\/wp\/v2\/media?parent=2532"}],"curies":[{"name":"wp","href":"https:\/\/api.w.org\/{rel}","templated":true}]}}