{"id":3561,"date":"2018-04-23T21:19:18","date_gmt":"2018-04-23T21:19:18","guid":{"rendered":"http:\/\/www.aquaquick2000.com\/?page_id=3561"},"modified":"2023-01-27T10:31:09","modified_gmt":"2023-01-27T10:31:09","slug":"nck-international-corp","status":"publish","type":"page","link":"https:\/\/www.aquaquick2000.com\/de\/distributors\/nck-international-corp\/","title":{"rendered":"NCK INTERNATIONAL CORP"},"content":{"rendered":"<section class=\"section\" id=\"section_1912419834\">\n\t\t<div class=\"section-bg fill\" >\n\t\t\t<img decoding=\"async\" width=\"1920\" height=\"441\" src=\"https:\/\/b3871678.smushcdn.com\/3871678\/wp-content\/uploads\/2020\/09\/aquaquick-2000-oil-cleaning-waterwave.jpg?lossy=2&strip=1&webp=1\" class=\"bg attachment- size-\" alt=\"\" title=\"\" srcset=\"https:\/\/b3871678.smushcdn.com\/3871678\/wp-content\/uploads\/2020\/09\/aquaquick-2000-oil-cleaning-waterwave.jpg?lossy=2&amp;strip=1&amp;webp=1 1920w, https:\/\/b3871678.smushcdn.com\/3871678\/wp-content\/uploads\/2020\/09\/aquaquick-2000-oil-cleaning-waterwave-510x117.jpg?lossy=2&amp;strip=1&amp;webp=1 510w, https:\/\/b3871678.smushcdn.com\/3871678\/wp-content\/uploads\/2020\/09\/aquaquick-2000-oil-cleaning-waterwave-500x115.jpg?lossy=2&amp;strip=1&amp;webp=1 500w, https:\/\/b3871678.smushcdn.com\/3871678\/wp-content\/uploads\/2020\/09\/aquaquick-2000-oil-cleaning-waterwave-1280x294.jpg?lossy=2&amp;strip=1&amp;webp=1 1280w, https:\/\/b3871678.smushcdn.com\/3871678\/wp-content\/uploads\/2020\/09\/aquaquick-2000-oil-cleaning-waterwave-768x176.jpg?lossy=2&amp;strip=1&amp;webp=1 768w, https:\/\/b3871678.smushcdn.com\/3871678\/wp-content\/uploads\/2020\/09\/aquaquick-2000-oil-cleaning-waterwave-1536x353.jpg?lossy=2&amp;strip=1&amp;webp=1 1536w, https:\/\/b3871678.smushcdn.com\/3871678\/wp-content\/uploads\/2020\/09\/aquaquick-2000-oil-cleaning-waterwave.jpg?size=204x47&amp;lossy=2&amp;strip=1&amp;webp=1 204w, https:\/\/b3871678.smushcdn.com\/3871678\/wp-content\/uploads\/2020\/09\/aquaquick-2000-oil-cleaning-waterwave.jpg?size=408x94&amp;lossy=2&amp;strip=1&amp;webp=1 408w, https:\/\/b3871678.smushcdn.com\/3871678\/wp-content\/uploads\/2020\/09\/aquaquick-2000-oil-cleaning-waterwave.jpg?size=612x141&amp;lossy=2&amp;strip=1&amp;webp=1 612w, https:\/\/b3871678.smushcdn.com\/3871678\/wp-content\/uploads\/2020\/09\/aquaquick-2000-oil-cleaning-waterwave.jpg?size=1020x234&amp;lossy=2&amp;strip=1&amp;webp=1 1020w\" sizes=\"(max-width: 1920px) 100vw, 1920px\">\t\t\t\t\t\t<div class=\"section-bg-overlay absolute fill\"><\/div>\n\t\t\t\n\n\t\t<\/div>\n\n\t\t\n\n\t\t<div class=\"section-content relative\">\n\t\t\t\n\n<div class=\"row row-collapse align-equal\"  id=\"row-1010235742\">\n\n\n\t<div id=\"col-1362610482\" class=\"col small-12 large-12\"  >\n\t\t\t\t<div class=\"col-inner\"  >\n\t\t\t\n\t\t\t\n\n<h2 class=\"uppercase\" style=\"text-align: center;\">AQUAQUICK 2000 wird in China, Taiwan und Vietnam von NCK INTERNATIONAL CORP vertrieben.<\/h2>\n\n\t\t<\/div>\n\t\t\t\t\t<\/div>\n\n\t\n\n<\/div>\n\n\t\t<\/div>\n\n\t\t\n<style>\n#section_1912419834 {\n  padding-top: 45px;\n  padding-bottom: 45px;\n}\n#section_1912419834 .section-bg-overlay {\n  background-color: rgba(240, 240, 240, 0.64);\n}\n<\/style>\n\t<\/section>\n\t\n\n\t<section class=\"section\" id=\"section_1296956159\">\n\t\t<div class=\"section-bg fill\" >\n\t\t\t\t\t\t\t\t\t<div class=\"section-bg-overlay absolute fill\"><\/div>\n\t\t\t\n\n\t\t<\/div>\n\n\t\t\n\n\t\t<div class=\"section-content relative\">\n\t\t\t\n\n<div class=\"row\"  id=\"row-1931756918\">\n\n\n\t<div id=\"col-1405540112\" class=\"col medium-6 small-12 large-6\"  >\n\t\t\t\t<div class=\"col-inner\"  >\n\t\t\t\n\t\t\t\n\n<h3 class=\"widget-title\">AQUAQUICK 2000 Vertriebspartner in China, Taiwan und Vietnam<\/h3>\n<p class=\"widget-title\">NCK INTERNATIONAL CORP vertritt eine ganze Reihe von europ\u00e4ischen Herstellern, die die Produktion von Arbeitspl\u00e4tzen und die Umwelt gemacht.<\/p>\n<p>NCK INTERNATIONAL CORP bietet eine breite Palette von Dienstleistungen an.<\/p>\n<p>NCK INTERNATIONAL CORP ist lizenziert, die AQUAQUICK-Produkte in China, Taiwan und Vietnam zu verkaufen.<\/p>\n<p><em><strong>NCK INTERNATIONAL CORP ist von AQUAQUICK GLOBAL B.V. zugelassen.<\/strong><\/em><\/p>\n<h3>Kontaktinformationen von NCK INTERNATIONAL CORP<\/h3>\n<a href=\"https:\/\/www.aquaquick2000.com\/de\/verteiler\/\" class=\"button primary\" >\n\t\t<span>Alle Vertriebspartner von AQUAQUICK 2000<\/span>\n\t<\/a>\n\n\n\n\t\t<\/div>\n\t\t\t\t\t<\/div>\n\n\t\n\n\t<div id=\"col-1799347070\" class=\"col medium-6 small-12 large-6\"  >\n\t\t\t\t<div class=\"col-inner\" style=\"background-color:rgb(240, 240, 240);\" >\n\t\t\t\n\t\t\t\n\n<div class=\"accordion\">\n\n\t<div id=\"accordion-1517666536\" class=\"accordion-item\">\n\t\t<a id=\"accordion-1517666536-label\" class=\"accordion-title plain active\" href=\"#accordion-item-aquaquick-2000-in-china,-taiwan-&#038;-vietnam\" aria-expanded=\"true\" aria-controls=\"accordion-1517666536-content\">\n\t\t\t<button class=\"toggle\" aria-label=\"Umschalten\"><i class=\"icon-angle-down\" aria-hidden=\"true\"><\/i><\/button>\n\t\t\t<span>AQUAQUICK 2000 in China, Taiwan und Vietnam<\/span>\n\t\t<\/a>\n\t\t<div id=\"accordion-1517666536-content\" class=\"accordion-inner\" style=\"display: block;\" aria-labelledby=\"accordion-1517666536-label\">\n\t\t\t\n\n<p>So kaufen Sie AQUAQUICK 2000 direkt in <b>China, Taiwan und Vietnam<\/b> k\u00f6nnen Sie sich an unseren \u00f6rtlichen H\u00e4ndler wenden <strong>NCK INTERNATIONAL CORP<\/strong>.<\/p>\n<p>AQUAQUICK 2000 kann in jedem Land der Welt erworben werden und ist die beste L\u00f6sung f\u00fcr die Beseitigung von \u00d6lverschmutzungen.<\/p>\n\n\t\t<\/div>\n\t<\/div>\n\t\n\t<div id=\"accordion-262477691\" class=\"accordion-item\">\n\t\t<a id=\"accordion-262477691-label\" class=\"accordion-title plain\" href=\"#accordion-item-oil-spills-in-china,-taiwan-&#038;-vietnam\" aria-expanded=\"false\" aria-controls=\"accordion-262477691-content\">\n\t\t\t<button class=\"toggle\" aria-label=\"Umschalten\"><i class=\"icon-angle-down\" aria-hidden=\"true\"><\/i><\/button>\n\t\t\t<span>\u00d6lverschmutzungen in China, Taiwan und Vietnam<\/span>\n\t\t<\/a>\n\t\t<div id=\"accordion-262477691-content\" class=\"accordion-inner\" aria-labelledby=\"accordion-262477691-label\">\n\t\t\t\n\n<p>F\u00fcr eine sofortige umweltfreundliche L\u00f6sung von \u00d6lverschmutzungen ist es am besten, AQUAQUICK 2000 zu verwenden. Wenn Sie einen \u00d6lteppich in <b>China, Taiwan und Vietnam <\/b>k\u00f6nnen Sie NCK INTERNATIONAL CORP f\u00fcr die Lieferung von AQUAQUICK 2000 kontaktieren.<\/p>\n\n\t\t<\/div>\n\t<\/div>\n\t\n\t<div id=\"accordion-3099219247\" class=\"accordion-item\">\n\t\t<a id=\"accordion-3099219247-label\" class=\"accordion-title plain\" href=\"#accordion-item-about-nck-international-corp\" aria-expanded=\"false\" aria-controls=\"accordion-3099219247-content\">\n\t\t\t<button class=\"toggle\" aria-label=\"Umschalten\"><i class=\"icon-angle-down\" aria-hidden=\"true\"><\/i><\/button>\n\t\t\t<span>\u00dcber NCK INTERNATIONAL CORP<\/span>\n\t\t<\/a>\n\t\t<div id=\"accordion-3099219247-content\" class=\"accordion-inner\" aria-labelledby=\"accordion-3099219247-label\">\n\t\t\t\n\n<h3>\u00dcber NCK INTERNATIONAL CORP<\/h3>\n<p>Mit der zunehmenden Sensibilisierung der Verbraucher f\u00fcr Energieeinsparung und Umweltschutz h\u00e4lt Hong Quansheng\" an der konsequenten Unternehmensphilosophie von Innovation\", Energieeinsparung\" und Nachhaltigkeit\" fest, damit jeder in einem gr\u00fcnen, sicheren und komfortablen Lebensumfeld leben kann, das dem unumkehrbaren Trend der Entwicklung des Umweltschutzes entspricht.<\/p>\n<p>Zheng Fengning, Vorsitzender von Hong Quansheng International, stellte die umweltfreundliche, energiesparende W\u00e4rmeschutzfarbe Adgreencoat vor, die von NCK Co. Ltd. des Central Research Institute of Japan entwickelt wurde. Dieses Produkt kann die Strahlungsw\u00e4rme des Sonnenlichts, die ultravioletten Strahlen und die Strahlen im nahen Infrarotbereich direkt und wirksam reflektieren.<\/p>\n<p>Senkung der Temperatur in den Gegenst\u00e4nden (wie Geb\u00e4uden, F\u00e4ssern, Bussen usw.), Senkung der Stromkosten f\u00fcr Klimaanlagen und Verbesserung des Komforts der Arbeitsumgebung. Im Jahr 2013 wurde China Research International Co., Ltd. als Joint Venture mit NCK gegr\u00fcndet, um f\u00fcr die Herstellung, das Marketing und die Entwicklung von Produkten in der Region Greater China verantwortlich zu sein.<\/p>\n<p>Dar\u00fcber hinaus ist China Research International seit 2017 bestrebt, seinen Kunden hochwertige umweltfreundliche Dienstleistungen und L\u00f6sungen anzubieten, um die Entwicklung umweltfreundlicher energiesparender Produkte voranzutreiben.<\/p>\n<p>Es hat begonnen, die AQUAQUICK GLOBAL BV 's AQUAQUICK 2000 Serie von Produkten aus den Niederlanden zu vertreten, die Kunden mit umweltfreundlichen Reinigung (Abbau von \u00d6l) Die beste und effektive Allokationsplan. Wir bem\u00fchen uns um enge Partnerschaften mit unseren Kunden, halten uns an unsere Verpflichtungen gegen\u00fcber Kunden und Lieferanten und streben nach einer f\u00fcr beide Seiten gewinnbringenden und nachhaltigen T\u00e4tigkeit.<\/p>\n<p>Zhongyan legt gro\u00dfen Wert auf die Produktqualit\u00e4t, die Auswahl der Rohstoffquellen und strenge Prozessstandards. Zhongyan ist der festen \u00dcberzeugung, dass nur durch soziale Verantwortung und Engagement die Vision eines nachhaltigen Betriebs erreicht werden kann.<\/p>\n\n\t\t<\/div>\n\t<\/div>\n\t\n\n<\/div>\n\t<div class=\"img has-hover x md-x lg-x y md-y lg-y\" id=\"image_1038854484\">\n\t\t\t\t\t\t\t\t<div class=\"img-inner dark\" >\n\t\t\t<img decoding=\"async\" width=\"500\" height=\"149\" data-src=\"https:\/\/b3871678.smushcdn.com\/3871678\/wp-content\/uploads\/2020\/09\/AQUAQUICK-2000-DISTRIBUTOR-LOGOS_0007_logo03-1-e1523610811893.jpg?lossy=2&strip=1&webp=1\" class=\"attachment-large size-large lazyload\" alt=\"AQUAQUICK 2000 VERTEILER NCK INTERNATIONAL CORP\" title=\"\" data-srcset=\"https:\/\/b3871678.smushcdn.com\/3871678\/wp-content\/uploads\/2020\/09\/AQUAQUICK-2000-DISTRIBUTOR-LOGOS_0007_logo03-1-e1523610811893.jpg?lossy=2&amp;strip=1&amp;webp=1 500w, https:\/\/b3871678.smushcdn.com\/3871678\/wp-content\/uploads\/2020\/09\/AQUAQUICK-2000-DISTRIBUTOR-LOGOS_0007_logo03-1-e1523610811893.jpg?size=204x61&amp;lossy=2&amp;strip=1&amp;webp=1 204w, https:\/\/b3871678.smushcdn.com\/3871678\/wp-content\/uploads\/2020\/09\/AQUAQUICK-2000-DISTRIBUTOR-LOGOS_0007_logo03-1-e1523610811893.jpg?size=408x122&amp;lossy=2&amp;strip=1&amp;webp=1 408w\" data-sizes=\"auto\" src=\"data:image\/svg+xml;base64,PHN2ZyB3aWR0aD0iMSIgaGVpZ2h0PSIxIiB4bWxucz0iaHR0cDovL3d3dy53My5vcmcvMjAwMC9zdmciPjwvc3ZnPg==\" style=\"--smush-placeholder-width: 500px; --smush-placeholder-aspect-ratio: 500\/149;\" data-original-sizes=\"(max-width: 500px) 100vw, 500px\">\t\t\t\t\t\t\n\t\t\t\t\t<\/div>\n\t\t\t\t\t\t\t\t\n<style>\n#image_1038854484 {\n  width: 100%;\n}\n<\/style>\n\t<\/div>\n\t\n\n\n\t\t<\/div>\n\t\t\t\t\t<\/div>\n\n\t\n\n<\/div>\n\n\t\t<\/div>\n\n\t\t\n<style>\n#section_1296956159 {\n  padding-top: 30px;\n  padding-bottom: 30px;\n  background-color: rgb(255, 255, 255);\n}\n#section_1296956159 .section-bg-overlay {\n  background-color: rgba(240, 240, 240, 0);\n}\n<\/style>\n\t<\/section>","protected":false},"excerpt":{"rendered":"","protected":false},"author":1,"featured_media":5585,"parent":2564,"menu_order":0,"comment_status":"closed","ping_status":"closed","template":"page-blank.php","meta":{"cybocfi_hide_featured_image":"","footnotes":"","_links_to":"","_links_to_target":""},"class_list":["post-3561","page","type-page","status-publish","has-post-thumbnail","hentry"],"_links":{"self":[{"href":"https:\/\/www.aquaquick2000.com\/de\/wp-json\/wp\/v2\/pages\/3561","targetHints":{"allow":["GET"]}}],"collection":[{"href":"https:\/\/www.aquaquick2000.com\/de\/wp-json\/wp\/v2\/pages"}],"about":[{"href":"https:\/\/www.aquaquick2000.com\/de\/wp-json\/wp\/v2\/types\/page"}],"author":[{"embeddable":true,"href":"https:\/\/www.aquaquick2000.com\/de\/wp-json\/wp\/v2\/users\/1"}],"replies":[{"embeddable":true,"href":"https:\/\/www.aquaquick2000.com\/de\/wp-json\/wp\/v2\/comments?post=3561"}],"version-history":[{"count":0,"href":"https:\/\/www.aquaquick2000.com\/de\/wp-json\/wp\/v2\/pages\/3561\/revisions"}],"up":[{"embeddable":true,"href":"https:\/\/www.aquaquick2000.com\/de\/wp-json\/wp\/v2\/pages\/2564"}],"wp:featuredmedia":[{"embeddable":true,"href":"https:\/\/www.aquaquick2000.com\/de\/wp-json\/wp\/v2\/media\/5585"}],"wp:attachment":[{"href":"https:\/\/www.aquaquick2000.com\/de\/wp-json\/wp\/v2\/media?parent=3561"}],"curies":[{"name":"wp","href":"https:\/\/api.w.org\/{rel}","templated":true}]}}