{"id":4267,"date":"2019-06-17T19:14:44","date_gmt":"2019-06-17T19:14:44","guid":{"rendered":"https:\/\/www.aquaquick2000.com\/?page_id=4267"},"modified":"2023-01-27T10:28:06","modified_gmt":"2023-01-27T10:28:06","slug":"ags-marine","status":"publish","type":"page","link":"https:\/\/www.aquaquick2000.com\/de\/distributors\/ags-marine\/","title":{"rendered":"AGS Schifffahrt"},"content":{"rendered":"<section class=\"section\" id=\"section_1416207489\">\n\t\t<div class=\"section-bg fill\" >\n\t\t\t<img decoding=\"async\" width=\"1920\" height=\"441\" src=\"https:\/\/b3871678.smushcdn.com\/3871678\/wp-content\/uploads\/2020\/09\/aquaquick-2000-oil-cleaning-waterwave.jpg?lossy=2&strip=1&webp=1\" class=\"bg attachment- size-\" alt=\"\" title=\"\" srcset=\"https:\/\/b3871678.smushcdn.com\/3871678\/wp-content\/uploads\/2020\/09\/aquaquick-2000-oil-cleaning-waterwave.jpg?lossy=2&amp;strip=1&amp;webp=1 1920w, https:\/\/b3871678.smushcdn.com\/3871678\/wp-content\/uploads\/2020\/09\/aquaquick-2000-oil-cleaning-waterwave-510x117.jpg?lossy=2&amp;strip=1&amp;webp=1 510w, https:\/\/b3871678.smushcdn.com\/3871678\/wp-content\/uploads\/2020\/09\/aquaquick-2000-oil-cleaning-waterwave-500x115.jpg?lossy=2&amp;strip=1&amp;webp=1 500w, https:\/\/b3871678.smushcdn.com\/3871678\/wp-content\/uploads\/2020\/09\/aquaquick-2000-oil-cleaning-waterwave-1280x294.jpg?lossy=2&amp;strip=1&amp;webp=1 1280w, https:\/\/b3871678.smushcdn.com\/3871678\/wp-content\/uploads\/2020\/09\/aquaquick-2000-oil-cleaning-waterwave-768x176.jpg?lossy=2&amp;strip=1&amp;webp=1 768w, https:\/\/b3871678.smushcdn.com\/3871678\/wp-content\/uploads\/2020\/09\/aquaquick-2000-oil-cleaning-waterwave-1536x353.jpg?lossy=2&amp;strip=1&amp;webp=1 1536w, https:\/\/b3871678.smushcdn.com\/3871678\/wp-content\/uploads\/2020\/09\/aquaquick-2000-oil-cleaning-waterwave.jpg?size=204x47&amp;lossy=2&amp;strip=1&amp;webp=1 204w, https:\/\/b3871678.smushcdn.com\/3871678\/wp-content\/uploads\/2020\/09\/aquaquick-2000-oil-cleaning-waterwave.jpg?size=408x94&amp;lossy=2&amp;strip=1&amp;webp=1 408w, https:\/\/b3871678.smushcdn.com\/3871678\/wp-content\/uploads\/2020\/09\/aquaquick-2000-oil-cleaning-waterwave.jpg?size=612x141&amp;lossy=2&amp;strip=1&amp;webp=1 612w, https:\/\/b3871678.smushcdn.com\/3871678\/wp-content\/uploads\/2020\/09\/aquaquick-2000-oil-cleaning-waterwave.jpg?size=1020x234&amp;lossy=2&amp;strip=1&amp;webp=1 1020w\" sizes=\"(max-width: 1920px) 100vw, 1920px\">\t\t\t\t\t\t<div class=\"section-bg-overlay absolute fill\"><\/div>\n\t\t\t\n\n\t\t<\/div>\n\n\t\t\n\n\t\t<div class=\"section-content relative\">\n\t\t\t\n\n<div class=\"row row-collapse align-equal\"  id=\"row-646139467\">\n\n\n\t<div id=\"col-1034966233\" class=\"col small-12 large-12\"  >\n\t\t\t\t<div class=\"col-inner\"  >\n\t\t\t\n\t\t\t\n\n<h2 class=\"uppercase\" style=\"text-align: center;\">AQUAQUICK 2000 IN DER T\u00dcRKEI WIRD VON AGS MARINE VERKAUFT<\/h2>\n\n\t\t<\/div>\n\t\t\t\t\t<\/div>\n\n\t\n\n<\/div>\n\n\t\t<\/div>\n\n\t\t\n<style>\n#section_1416207489 {\n  padding-top: 45px;\n  padding-bottom: 45px;\n}\n#section_1416207489 .section-bg-overlay {\n  background-color: rgba(240, 240, 240, 0.64);\n}\n<\/style>\n\t<\/section>\n\t\n\n\t<section class=\"section\" id=\"section_147224020\">\n\t\t<div class=\"section-bg fill\" >\n\t\t\t\t\t\t\t\t\t<div class=\"section-bg-overlay absolute fill\"><\/div>\n\t\t\t\n\n\t\t<\/div>\n\n\t\t\n\n\t\t<div class=\"section-content relative\">\n\t\t\t\n\n<div class=\"row\"  id=\"row-1721318596\">\n\n\n\t<div id=\"col-297977892\" class=\"col medium-6 small-12 large-6\"  >\n\t\t\t\t<div class=\"col-inner\"  >\n\t\t\t\n\t\t\t\n\n<h3 class=\"widget-title\">AQUAQUICK 2000 Vertriebspartner in der T\u00fcrkei<\/h3>\n<p>AGS Marine ist ein offizieller Vertreter der AQUAQUICK-Produkte. <br>AGS Marine hat eine Lizenz f\u00fcr den Verkauf der AQUAQUICK 2000 Produkte in der T\u00fcrkei.<br><em><strong>AGS Marine ist von AQUAQUICK GLOBAL B.V. zugelassen.<\/strong><\/em><\/p>\n<h3>Kontaktinformationen von AGS Marine<\/h3>\n<ul>\n<li class=\"bullet-arrow\">Website: <a target=\"_new\" href=\"https:\/\/www.agsmarine.com\" rel=\"noopener noreferrer\">www.agsmarine.com<\/a><\/li>\n<li class=\"bullet-arrow\"><span style=\"font-size: 90%;\">E-Mail Adresse: <strong>info@agsmarine.com<\/strong><\/span><\/li>\n<li class=\"bullet-arrow\">Telefon: +90 232 560 0247 \/ +90 530 925 0964<\/li>\n<li class=\"bullet-arrow\">Fax: +90 232 446 0826<\/li>\n<\/ul>\n<a href=\"https:\/\/www.aquaquick2000.com\/de\/verteiler\/\" class=\"button primary\">\n\t\t<span>Alle Vertriebspartner von AQUAQUICK 2000<\/span>\n\t<\/a>\n\n\n\n\t\t<\/div>\n\t\t\t\t\t<\/div>\n\n\t\n\n\t<div id=\"col-880919317\" class=\"col medium-6 small-12 large-6\"  >\n\t\t\t\t<div class=\"col-inner\"  >\n\t\t\t\n\t\t\t\n\n<div class=\"row\"  id=\"row-337058862\">\n\n\n\t<div id=\"col-138030479\" class=\"col small-12 large-12\"  >\n\t\t\t\t<div class=\"col-inner\" style=\"background-color:rgb(240, 240, 240);\" >\n\t\t\t\n\t\t\t\n\n<div class=\"accordion\">\n\n\t<div id=\"accordion-3632538716\" class=\"accordion-item\">\n\t\t<a id=\"accordion-3632538716-label\" class=\"accordion-title plain active\" href=\"#accordion-item-aquaquick-2000-in-turkey\" aria-expanded=\"true\" aria-controls=\"accordion-3632538716-content\">\n\t\t\t<button class=\"toggle\" aria-label=\"Umschalten\"><i class=\"icon-angle-down\" aria-hidden=\"true\"><\/i><\/button>\n\t\t\t<span>AQUAQUICK 2000 in der T\u00fcrkei<\/span>\n\t\t<\/a>\n\t\t<div id=\"accordion-3632538716-content\" class=\"accordion-inner\" style=\"display: block;\" aria-labelledby=\"accordion-3632538716-label\">\n\t\t\t\n\n<p>Um AQUAQUICK 2000 direkt in der T\u00fcrkei zu kaufen, k\u00f6nnen Sie sich an unseren lokalen H\u00e4ndler AGS Marine wenden.<\/p>\n<p>AQUAQUICK 2000 kann in jedem Land der Welt erworben werden und ist die beste L\u00f6sung f\u00fcr die Beseitigung von \u00d6lverschmutzungen.<\/p>\n\n\t\t<\/div>\n\t<\/div>\n\t\n\t<div id=\"accordion-1879750601\" class=\"accordion-item\">\n\t\t<a id=\"accordion-1879750601-label\" class=\"accordion-title plain\" href=\"#accordion-item-oil-spills-in-turkey\" aria-expanded=\"false\" aria-controls=\"accordion-1879750601-content\">\n\t\t\t<button class=\"toggle\" aria-label=\"Umschalten\"><i class=\"icon-angle-down\" aria-hidden=\"true\"><\/i><\/button>\n\t\t\t<span>\u00d6lverschmutzungen in der T\u00fcrkei<\/span>\n\t\t<\/a>\n\t\t<div id=\"accordion-1879750601-content\" class=\"accordion-inner\" aria-labelledby=\"accordion-1879750601-label\">\n\t\t\t\n\n<p>F\u00fcr eine sofortige umweltfreundliche L\u00f6sung von \u00d6lunf\u00e4llen ist es am besten, AQUAQUICK 2000 zu verwenden. Wenn Sie in der T\u00fcrkei einen \u00d6lunfall haben, k\u00f6nnen Sie sich an AGS Marine wenden, um AQUAQUICK 2000 zu erhalten.<\/p>\n\n\t\t<\/div>\n\t<\/div>\n\t\n\t<div id=\"accordion-3526490293\" class=\"accordion-item\">\n\t\t<a id=\"accordion-3526490293-label\" class=\"accordion-title plain\" href=\"#accordion-item-about-ags-marine\" aria-expanded=\"false\" aria-controls=\"accordion-3526490293-content\">\n\t\t\t<button class=\"toggle\" aria-label=\"Umschalten\"><i class=\"icon-angle-down\" aria-hidden=\"true\"><\/i><\/button>\n\t\t\t<span>\u00dcber AGS Marine<\/span>\n\t\t<\/a>\n\t\t<div id=\"accordion-3526490293-content\" class=\"accordion-inner\" aria-labelledby=\"accordion-3526490293-label\">\n\t\t\t\n\n<p>AGS Marine wurde 2015 mit \u00fcber 20 Jahren Erfahrung gegr\u00fcndet. Seit seiner Gr\u00fcndung ist AGS mit seiner modernen und dynamischen Struktur f\u00fchrend in der Branche und unterscheidet sich von seinen Mitbewerbern in Bezug auf den Au\u00dfenhandel und die angebotenen Dienstleistungen<\/p>\n\n\t\t<\/div>\n\t<\/div>\n\t\n\n<\/div>\n\n\t\t<\/div>\n\t\t\t\t\t<\/div>\n\n\t\n\n\t<div id=\"col-748286756\" class=\"col small-12 large-12\"  >\n\t\t\t\t<div class=\"col-inner\"  >\n\t\t\t\n\t\t\t\n\n\t<div class=\"img has-hover x md-x lg-x y md-y lg-y\" id=\"image_968919530\">\n\t\t\t\t\t\t\t\t<div class=\"img-inner dark\" >\n\t\t\t<img decoding=\"async\" width=\"200\" height=\"141\" data-src=\"https:\/\/b3871678.smushcdn.com\/3871678\/wp-content\/uploads\/2020\/11\/AGS-Marine-Turkey-logo.png?lossy=2&strip=1&webp=1\" class=\"attachment-large size-large lazyload\" alt=\"\" title=\"\" data-sizes=\"(max-width: 200px) 100vw, 200px\" src=\"data:image\/svg+xml;base64,PHN2ZyB3aWR0aD0iMSIgaGVpZ2h0PSIxIiB4bWxucz0iaHR0cDovL3d3dy53My5vcmcvMjAwMC9zdmciPjwvc3ZnPg==\" style=\"--smush-placeholder-width: 200px; --smush-placeholder-aspect-ratio: 200\/141;\">\t\t\t\t\t\t\n\t\t\t\t\t<\/div>\n\t\t\t\t\t\t\t\t\n<style>\n#image_968919530 {\n  width: 35%;\n}\n<\/style>\n\t<\/div>\n\t\n\n\n\t\t<\/div>\n\t\t\t\t\t<\/div>\n\n\t\n\n<\/div>\n\n\t\t<\/div>\n\t\t\t\t\t<\/div>\n\n\t\n\n<\/div>\n\n\t\t<\/div>\n\n\t\t\n<style>\n#section_147224020 {\n  padding-top: 30px;\n  padding-bottom: 30px;\n  background-color: rgb(255, 255, 255);\n}\n#section_147224020 .section-bg-overlay {\n  background-color: rgba(240, 240, 240, 0);\n}\n<\/style>\n\t<\/section>","protected":false},"excerpt":{"rendered":"","protected":false},"author":1,"featured_media":5596,"parent":2564,"menu_order":0,"comment_status":"closed","ping_status":"closed","template":"page-blank.php","meta":{"cybocfi_hide_featured_image":"","footnotes":"","_links_to":"","_links_to_target":""},"class_list":["post-4267","page","type-page","status-publish","has-post-thumbnail","hentry"],"_links":{"self":[{"href":"https:\/\/www.aquaquick2000.com\/de\/wp-json\/wp\/v2\/pages\/4267","targetHints":{"allow":["GET"]}}],"collection":[{"href":"https:\/\/www.aquaquick2000.com\/de\/wp-json\/wp\/v2\/pages"}],"about":[{"href":"https:\/\/www.aquaquick2000.com\/de\/wp-json\/wp\/v2\/types\/page"}],"author":[{"embeddable":true,"href":"https:\/\/www.aquaquick2000.com\/de\/wp-json\/wp\/v2\/users\/1"}],"replies":[{"embeddable":true,"href":"https:\/\/www.aquaquick2000.com\/de\/wp-json\/wp\/v2\/comments?post=4267"}],"version-history":[{"count":0,"href":"https:\/\/www.aquaquick2000.com\/de\/wp-json\/wp\/v2\/pages\/4267\/revisions"}],"up":[{"embeddable":true,"href":"https:\/\/www.aquaquick2000.com\/de\/wp-json\/wp\/v2\/pages\/2564"}],"wp:featuredmedia":[{"embeddable":true,"href":"https:\/\/www.aquaquick2000.com\/de\/wp-json\/wp\/v2\/media\/5596"}],"wp:attachment":[{"href":"https:\/\/www.aquaquick2000.com\/de\/wp-json\/wp\/v2\/media?parent=4267"}],"curies":[{"name":"wp","href":"https:\/\/api.w.org\/{rel}","templated":true}]}}