{"id":4301,"date":"2019-07-18T11:17:49","date_gmt":"2019-07-18T11:17:49","guid":{"rendered":"https:\/\/www.aquaquick2000.com\/?page_id=4301"},"modified":"2023-01-27T10:33:00","modified_gmt":"2023-01-27T10:33:00","slug":"topserw","status":"publish","type":"page","link":"https:\/\/www.aquaquick2000.com\/de\/distributors\/topserw\/","title":{"rendered":"TOPSERW"},"content":{"rendered":"<section class=\"section\" id=\"section_662872566\">\n\t\t<div class=\"section-bg fill\" >\n\t\t\t<img decoding=\"async\" width=\"1920\" height=\"441\" src=\"https:\/\/b3871678.smushcdn.com\/3871678\/wp-content\/uploads\/2020\/09\/aquaquick-2000-oil-cleaning-waterwave.jpg?lossy=2&strip=1&webp=1\" class=\"bg attachment- size-\" alt=\"\" title=\"\" srcset=\"https:\/\/b3871678.smushcdn.com\/3871678\/wp-content\/uploads\/2020\/09\/aquaquick-2000-oil-cleaning-waterwave.jpg?lossy=2&amp;strip=1&amp;webp=1 1920w, https:\/\/b3871678.smushcdn.com\/3871678\/wp-content\/uploads\/2020\/09\/aquaquick-2000-oil-cleaning-waterwave-510x117.jpg?lossy=2&amp;strip=1&amp;webp=1 510w, https:\/\/b3871678.smushcdn.com\/3871678\/wp-content\/uploads\/2020\/09\/aquaquick-2000-oil-cleaning-waterwave-500x115.jpg?lossy=2&amp;strip=1&amp;webp=1 500w, https:\/\/b3871678.smushcdn.com\/3871678\/wp-content\/uploads\/2020\/09\/aquaquick-2000-oil-cleaning-waterwave-1280x294.jpg?lossy=2&amp;strip=1&amp;webp=1 1280w, https:\/\/b3871678.smushcdn.com\/3871678\/wp-content\/uploads\/2020\/09\/aquaquick-2000-oil-cleaning-waterwave-768x176.jpg?lossy=2&amp;strip=1&amp;webp=1 768w, https:\/\/b3871678.smushcdn.com\/3871678\/wp-content\/uploads\/2020\/09\/aquaquick-2000-oil-cleaning-waterwave-1536x353.jpg?lossy=2&amp;strip=1&amp;webp=1 1536w, https:\/\/b3871678.smushcdn.com\/3871678\/wp-content\/uploads\/2020\/09\/aquaquick-2000-oil-cleaning-waterwave.jpg?size=204x47&amp;lossy=2&amp;strip=1&amp;webp=1 204w, https:\/\/b3871678.smushcdn.com\/3871678\/wp-content\/uploads\/2020\/09\/aquaquick-2000-oil-cleaning-waterwave.jpg?size=408x94&amp;lossy=2&amp;strip=1&amp;webp=1 408w, https:\/\/b3871678.smushcdn.com\/3871678\/wp-content\/uploads\/2020\/09\/aquaquick-2000-oil-cleaning-waterwave.jpg?size=612x141&amp;lossy=2&amp;strip=1&amp;webp=1 612w, https:\/\/b3871678.smushcdn.com\/3871678\/wp-content\/uploads\/2020\/09\/aquaquick-2000-oil-cleaning-waterwave.jpg?size=1020x234&amp;lossy=2&amp;strip=1&amp;webp=1 1020w\" sizes=\"(max-width: 1920px) 100vw, 1920px\">\t\t\t\t\t\t<div class=\"section-bg-overlay absolute fill\"><\/div>\n\t\t\t\n\n\t\t<\/div>\n\n\t\t\n\n\t\t<div class=\"section-content relative\">\n\t\t\t\n<div class=\"row row-collapse align-equal\"  id=\"row-1489604827\">\n\n\t<div id=\"col-1897603336\" class=\"col small-12 large-12\"  >\n\t\t\t\t<div class=\"col-inner\"  >\n\t\t\t\n\t\t\t\n<h2 class=\"uppercase\" style=\"text-align: center;\">AQUAQUICK 2000 in Polen wird verkauft von topserw<\/h2>\n\t\t<\/div>\n\t\t\t\t\t<\/div>\n\n\t\n<\/div>\n\t\t<\/div>\n\n\t\t\n<style>\n#section_662872566 {\n  padding-top: 45px;\n  padding-bottom: 45px;\n}\n#section_662872566 .section-bg-overlay {\n  background-color: rgba(240, 240, 240, 0.64);\n}\n<\/style>\n\t<\/section>\n\t\n\n\t<section class=\"section\" id=\"section_1321899189\">\n\t\t<div class=\"section-bg fill\" >\n\t\t\t\t\t\t\t\t\t<div class=\"section-bg-overlay absolute fill\"><\/div>\n\t\t\t\n\n\t\t<\/div>\n\n\t\t\n\n\t\t<div class=\"section-content relative\">\n\t\t\t\n<div class=\"row\"  id=\"row-352284194\">\n\n\t<div id=\"col-1310089968\" class=\"col medium-6 small-12 large-6\"  >\n\t\t\t\t<div class=\"col-inner\"  >\n\t\t\t\n\t\t\t\n<h3 class=\"widget-title\">AQUAQUICK 2000 Vertriebspartner in <b>Polen<\/b><\/h3>\n<p>Topserw ist ein offizieller Vertreter der AQUAQUICK-Produkte. <br \/>Topserw hat eine Lizenz f\u00fcr den Verkauf der AQUAQUICK-Produkte in Polen. <br \/><strong>Topserw ist von AQUAQUICK GLOBAL B.V. zugelassen.<\/strong><\/p>\n<h3>Kontaktinformationen von <em>Topserw<\/em><\/h3>\n<ul>\n<li class=\"bullet-arrow\">E-Mail: info@topserw.com.pl<\/li>\n<li class=\"bullet-arrow\">Telefon Nummer: +48 22 771 04 56<\/li>\n<li class=\"bullet-arrow\">Hotline:<a href=\"callto:     801 000 501\"> 801 000 501<\/a> <span style=\"font-size:70%;\">Nur lokal<\/span<<\/li>\n<\/ul>\n<h3>Topserw ist ein nicht-exklusiver Vertriebsh\u00e4ndler in Polen<\/h3>\n<a href=\"https:\/\/www.aquaquick2000.com\/de\/verteiler\/\" class=\"button primary\" >\n\t\t<span>Alle Vertriebspartner von AQUAQUICK 2000<\/span>\n\t<\/a>\n\n\t\t<\/div>\n\t\t\t\t\t<\/div>\n\n\t\n\n\t<div id=\"col-103582276\" class=\"col medium-6 small-12 large-6\"  >\n\t\t\t\t<div class=\"col-inner\" style=\"background-color:rgb(240, 240, 240);\" >\n\t\t\t\n\t\t\t\n<div class=\"accordion\">\n\t<div id=\"accordion-3301264583\" class=\"accordion-item\">\n\t\t<a id=\"accordion-3301264583-label\" class=\"accordion-title plain active\" href=\"#accordion-item-aquaquick-2000-in-the-poland\" aria-expanded=\"true\" aria-controls=\"accordion-3301264583-content\">\n\t\t\t<button class=\"toggle\" aria-label=\"Umschalten\"><i class=\"icon-angle-down\" aria-hidden=\"true\"><\/i><\/button>\n\t\t\t<span>AQUAQUICK 2000 In Polen<\/span>\n\t\t<\/a>\n\t\t<div id=\"accordion-3301264583-content\" class=\"accordion-inner\" style=\"display: block;\" aria-labelledby=\"accordion-3301264583-label\">\n\t\t\t\n<p>So kaufen Sie AQUAQUICK 2000 direkt in <strong>Polen\u00a0<\/strong>k\u00f6nnen Sie sich an unseren \u00f6rtlichen H\u00e4ndler wenden <strong>Topserw.<\/strong><\/p>\n<p>AQUAQUICK 2000 kann in jedem Land der Welt erworben werden und ist die beste L\u00f6sung f\u00fcr die Beseitigung von \u00d6lverschmutzungen.<\/p>\n\t\t<\/div>\n\t<\/div>\n\t\n\t<div id=\"accordion-1167032080\" class=\"accordion-item\">\n\t\t<a id=\"accordion-1167032080-label\" class=\"accordion-title plain\" href=\"#accordion-item-oil-spills-in-poland\" aria-expanded=\"false\" aria-controls=\"accordion-1167032080-content\">\n\t\t\t<button class=\"toggle\" aria-label=\"Umschalten\"><i class=\"icon-angle-down\" aria-hidden=\"true\"><\/i><\/button>\n\t\t\t<span>\u00d6lverschmutzungen in Polen<\/span>\n\t\t<\/a>\n\t\t<div id=\"accordion-1167032080-content\" class=\"accordion-inner\" aria-labelledby=\"accordion-1167032080-label\">\n\t\t\t\n<p>F\u00fcr eine sofortige umweltfreundliche L\u00f6sung von \u00d6lverschmutzungen ist es am besten, AQUAQUICK 2000 zu verwenden. Wenn Sie einen \u00d6lteppich in <b>Polen<\/b>&nbsp;Sie k\u00f6nnen sich wenden an <strong>Topserw<\/strong> f\u00fcr die Lieferung von AQUAQUICK 2000.<\/p>\n\t\t<\/div>\n\t<\/div>\n\t\n\t<div id=\"accordion-2822858446\" class=\"accordion-item\">\n\t\t<a id=\"accordion-2822858446-label\" class=\"accordion-title plain\" href=\"#accordion-item-about-topserw\" aria-expanded=\"false\" aria-controls=\"accordion-2822858446-content\">\n\t\t\t<button class=\"toggle\" aria-label=\"Umschalten\"><i class=\"icon-angle-down\" aria-hidden=\"true\"><\/i><\/button>\n\t\t\t<span>\u00dcber Topserw<\/span>\n\t\t<\/a>\n\t\t<div id=\"accordion-2822858446-content\" class=\"accordion-inner\" aria-labelledby=\"accordion-2822858446-label\">\n\t\t\t\n<h3>\u00dcber Topserw<\/h3>\n<p>Topserw besteht seit 1997 und ist auf L\u00f6sungen f\u00fcr die Arbeitssicherheit sowie den Gesundheits- und Umweltschutz spezialisiert. Wir sind landesweit t\u00e4tig und bieten die besten globalen L\u00f6sungen auf dem polnischen Markt an. <br \/><br \/>Wir sind eines der am schnellsten wachsenden Unternehmen in der Branche. Wir bieten eine umfassende Palette von Produkten f\u00fcr die Handhabung und Lagerung von Gefahrstoffen sowie die notwendige Ausr\u00fcstung f\u00fcr sicheres Arbeiten in gef\u00e4hrlichen Umgebungen.<\/p>\n\t\t<\/div>\n\t<\/div>\n\t\n<\/div>\n\t<div class=\"img has-hover x md-x lg-x y md-y lg-y\" id=\"image_1413798544\">\n\t\t\t\t\t\t\t\t<div class=\"img-inner dark\" >\n\t\t\t<img decoding=\"async\" width=\"500\" height=\"149\" data-src=\"https:\/\/b3871678.smushcdn.com\/3871678\/wp-content\/uploads\/2020\/09\/AQUAQUICK-2000-DISTRIBUTOR-LOGOS_0008_topserw-aquaquick2000-poland.jpg?lossy=2&strip=1&webp=1\" class=\"attachment-large size-large lazyload\" alt=\"\" title=\"\" data-srcset=\"https:\/\/b3871678.smushcdn.com\/3871678\/wp-content\/uploads\/2020\/09\/AQUAQUICK-2000-DISTRIBUTOR-LOGOS_0008_topserw-aquaquick2000-poland.jpg?lossy=2&amp;strip=1&amp;webp=1 500w, https:\/\/b3871678.smushcdn.com\/3871678\/wp-content\/uploads\/2020\/09\/AQUAQUICK-2000-DISTRIBUTOR-LOGOS_0008_topserw-aquaquick2000-poland.jpg?size=204x61&amp;lossy=2&amp;strip=1&amp;webp=1 204w, https:\/\/b3871678.smushcdn.com\/3871678\/wp-content\/uploads\/2020\/09\/AQUAQUICK-2000-DISTRIBUTOR-LOGOS_0008_topserw-aquaquick2000-poland.jpg?size=408x122&amp;lossy=2&amp;strip=1&amp;webp=1 408w\" data-sizes=\"auto\" src=\"data:image\/svg+xml;base64,PHN2ZyB3aWR0aD0iMSIgaGVpZ2h0PSIxIiB4bWxucz0iaHR0cDovL3d3dy53My5vcmcvMjAwMC9zdmciPjwvc3ZnPg==\" style=\"--smush-placeholder-width: 500px; --smush-placeholder-aspect-ratio: 500\/149;\" data-original-sizes=\"(max-width: 500px) 100vw, 500px\">\t\t\t\t\t\t\n\t\t\t\t\t<\/div>\n\t\t\t\t\t\t\t\t\n<style>\n#image_1413798544 {\n  width: 100%;\n}\n<\/style>\n\t<\/div>\n\t\n\t\t<\/div>\n\t\t\t\t\t<\/div>\n\n\t\n<\/div>\n\t\t<\/div>\n\n\t\t\n<style>\n#section_1321899189 {\n  padding-top: 30px;\n  padding-bottom: 30px;\n  background-color: rgb(255, 255, 255);\n}\n#section_1321899189 .section-bg-overlay {\n  background-color: rgba(240, 240, 240, 0);\n}\n<\/style>\n\t<\/section>","protected":false},"excerpt":{"rendered":"","protected":false},"author":1,"featured_media":5594,"parent":2564,"menu_order":0,"comment_status":"closed","ping_status":"closed","template":"page-blank.php","meta":{"cybocfi_hide_featured_image":"","footnotes":"","_links_to":"","_links_to_target":""},"class_list":["post-4301","page","type-page","status-publish","has-post-thumbnail","hentry"],"_links":{"self":[{"href":"https:\/\/www.aquaquick2000.com\/de\/wp-json\/wp\/v2\/pages\/4301","targetHints":{"allow":["GET"]}}],"collection":[{"href":"https:\/\/www.aquaquick2000.com\/de\/wp-json\/wp\/v2\/pages"}],"about":[{"href":"https:\/\/www.aquaquick2000.com\/de\/wp-json\/wp\/v2\/types\/page"}],"author":[{"embeddable":true,"href":"https:\/\/www.aquaquick2000.com\/de\/wp-json\/wp\/v2\/users\/1"}],"replies":[{"embeddable":true,"href":"https:\/\/www.aquaquick2000.com\/de\/wp-json\/wp\/v2\/comments?post=4301"}],"version-history":[{"count":0,"href":"https:\/\/www.aquaquick2000.com\/de\/wp-json\/wp\/v2\/pages\/4301\/revisions"}],"up":[{"embeddable":true,"href":"https:\/\/www.aquaquick2000.com\/de\/wp-json\/wp\/v2\/pages\/2564"}],"wp:featuredmedia":[{"embeddable":true,"href":"https:\/\/www.aquaquick2000.com\/de\/wp-json\/wp\/v2\/media\/5594"}],"wp:attachment":[{"href":"https:\/\/www.aquaquick2000.com\/de\/wp-json\/wp\/v2\/media?parent=4301"}],"curies":[{"name":"wp","href":"https:\/\/api.w.org\/{rel}","templated":true}]}}