{"id":5689,"date":"2020-10-29T16:32:47","date_gmt":"2020-10-29T16:32:47","guid":{"rendered":"https:\/\/www.aquaquick2000.com\/?page_id=5689"},"modified":"2023-01-27T10:28:49","modified_gmt":"2023-01-27T10:28:49","slug":"al-entilaka","status":"publish","type":"page","link":"https:\/\/www.aquaquick2000.com\/de\/distributors\/al-entilaka\/","title":{"rendered":"Al-entilaka"},"content":{"rendered":"<section class=\"section\" id=\"section_283308458\">\n\t\t<div class=\"section-bg fill\" >\n\t\t\t<img decoding=\"async\" width=\"1920\" height=\"441\" src=\"https:\/\/b3871678.smushcdn.com\/3871678\/wp-content\/uploads\/2020\/09\/aquaquick-2000-oil-cleaning-waterwave.jpg?lossy=2&strip=1&webp=1\" class=\"bg attachment- size-\" alt=\"\" title=\"\" srcset=\"https:\/\/b3871678.smushcdn.com\/3871678\/wp-content\/uploads\/2020\/09\/aquaquick-2000-oil-cleaning-waterwave.jpg?lossy=2&amp;strip=1&amp;webp=1 1920w, https:\/\/b3871678.smushcdn.com\/3871678\/wp-content\/uploads\/2020\/09\/aquaquick-2000-oil-cleaning-waterwave-510x117.jpg?lossy=2&amp;strip=1&amp;webp=1 510w, https:\/\/b3871678.smushcdn.com\/3871678\/wp-content\/uploads\/2020\/09\/aquaquick-2000-oil-cleaning-waterwave-500x115.jpg?lossy=2&amp;strip=1&amp;webp=1 500w, https:\/\/b3871678.smushcdn.com\/3871678\/wp-content\/uploads\/2020\/09\/aquaquick-2000-oil-cleaning-waterwave-1280x294.jpg?lossy=2&amp;strip=1&amp;webp=1 1280w, https:\/\/b3871678.smushcdn.com\/3871678\/wp-content\/uploads\/2020\/09\/aquaquick-2000-oil-cleaning-waterwave-768x176.jpg?lossy=2&amp;strip=1&amp;webp=1 768w, https:\/\/b3871678.smushcdn.com\/3871678\/wp-content\/uploads\/2020\/09\/aquaquick-2000-oil-cleaning-waterwave-1536x353.jpg?lossy=2&amp;strip=1&amp;webp=1 1536w, https:\/\/b3871678.smushcdn.com\/3871678\/wp-content\/uploads\/2020\/09\/aquaquick-2000-oil-cleaning-waterwave.jpg?size=204x47&amp;lossy=2&amp;strip=1&amp;webp=1 204w, https:\/\/b3871678.smushcdn.com\/3871678\/wp-content\/uploads\/2020\/09\/aquaquick-2000-oil-cleaning-waterwave.jpg?size=408x94&amp;lossy=2&amp;strip=1&amp;webp=1 408w, https:\/\/b3871678.smushcdn.com\/3871678\/wp-content\/uploads\/2020\/09\/aquaquick-2000-oil-cleaning-waterwave.jpg?size=612x141&amp;lossy=2&amp;strip=1&amp;webp=1 612w, https:\/\/b3871678.smushcdn.com\/3871678\/wp-content\/uploads\/2020\/09\/aquaquick-2000-oil-cleaning-waterwave.jpg?size=1020x234&amp;lossy=2&amp;strip=1&amp;webp=1 1020w\" sizes=\"(max-width: 1920px) 100vw, 1920px\">\t\t\t\t\t\t<div class=\"section-bg-overlay absolute fill\"><\/div>\n\t\t\t\n\n\t\t<\/div>\n\n\t\t\n\n\t\t<div class=\"section-content relative\">\n\t\t\t\n<div class=\"row row-collapse align-equal\"  id=\"row-834420319\">\n\n\t<div id=\"col-1820382946\" class=\"col small-12 large-12\"  >\n\t\t\t\t<div class=\"col-inner\"  >\n\t\t\t\n\t\t\t\n<\/p>\n<h2 class=\"uppercase\" style=\"text-align: center;\">AQUAQUICK 2000 wird in Libyen von al-entilaka verkauft<\/h2>\n\t\t<\/div>\n\t\t\t\t\t<\/div>\n\n\t\n<\/div>\n\t\t<\/div>\n\n\t\t\n<style>\n#section_283308458 {\n  padding-top: 45px;\n  padding-bottom: 45px;\n}\n#section_283308458 .section-bg-overlay {\n  background-color: rgba(240, 240, 240, 0.64);\n}\n<\/style>\n\t<\/section>\n\t\n\n\t<section class=\"section\" id=\"section_1475587734\">\n\t\t<div class=\"section-bg fill\" >\n\t\t\t\t\t\t\t\t\t<div class=\"section-bg-overlay absolute fill\"><\/div>\n\t\t\t\n\n\t\t<\/div>\n\n\t\t\n\n\t\t<div class=\"section-content relative\">\n\t\t\t\n<div class=\"row\"  id=\"row-2013663297\">\n\n\t<div id=\"col-1923317618\" class=\"col medium-6 small-12 large-6\"  >\n\t\t\t\t<div class=\"col-inner\"  >\n\t\t\t\n\t\t\t\n<h3 class=\"widget-title\">AQUAQUICK 2000 Vertriebspartner in Libyen<\/h3>\n<p>Al-Entilaka ist ein offizieller Vertreter der AQUAQUICK-Produkte. <br \/>Al-Entilaka hat eine Lizenz f\u00fcr den Verkauf der AQUAQUICK-Produkte in <b>Libyen<\/b>.<br \/><em><strong>Al-Entilaka ist von AQUAQUICK GLOBAL B.V. zugelassen.<\/strong><\/em><\/p>\n<h3>Kontaktdaten von Al-Entilaka<\/h3>\n<ul>\n<li class=\"bullet-arrow\"><span style=\"font-size: 90%;\">E-Mail Adresse: Altabib@yahoo.com<\/span><\/li>\n<li class=\"bullet-arrow\">Telefon: +21(8)912134472<\/li>\n<\/ul>\n<a href=\"https:\/\/www.aquaquick2000.com\/de\/verteiler\/\" class=\"button primary\" >\n\t\t<span>Alle Vertriebspartner von AQUAQUICK 2000<\/span>\n\t<\/a>\n\n\t\t<\/div>\n\t\t\t\t\t<\/div>\n\n\t\n\n\t<div id=\"col-322882948\" class=\"col medium-6 small-12 large-6\"  >\n\t\t\t\t<div class=\"col-inner\" style=\"background-color:rgb(240, 240, 240);\" >\n\t\t\t\n\t\t\t\n<div class=\"accordion\">\n\t<div id=\"accordion-3624134966\" class=\"accordion-item\">\n\t\t<a id=\"accordion-3624134966-label\" class=\"accordion-title plain active\" href=\"#accordion-item-aquaquick-2000-in-libya\" aria-expanded=\"true\" aria-controls=\"accordion-3624134966-content\">\n\t\t\t<button class=\"toggle\" aria-label=\"Umschalten\"><i class=\"icon-angle-down\" aria-hidden=\"true\"><\/i><\/button>\n\t\t\t<span>AQUAQUICK 2000 in Libyen<\/span>\n\t\t<\/a>\n\t\t<div id=\"accordion-3624134966-content\" class=\"accordion-inner\" style=\"display: block;\" aria-labelledby=\"accordion-3624134966-label\">\n\t\t\t\n<p>Um AQUAQUICK 2000 direkt in Libyen zu kaufen, k\u00f6nnen Sie sich an unseren lokalen H\u00e4ndler wenden.<\/p>\n<p>AQUAQUICK 2000 kann in jedem Land der Welt erworben werden und ist die beste L\u00f6sung f\u00fcr die Beseitigung von \u00d6lverschmutzungen.<\/p>\n\t\t<\/div>\n\t<\/div>\n\t\n\t<div id=\"accordion-3727669202\" class=\"accordion-item\">\n\t\t<a id=\"accordion-3727669202-label\" class=\"accordion-title plain\" href=\"#accordion-item-oil-spills-in-libya\" aria-expanded=\"false\" aria-controls=\"accordion-3727669202-content\">\n\t\t\t<button class=\"toggle\" aria-label=\"Umschalten\"><i class=\"icon-angle-down\" aria-hidden=\"true\"><\/i><\/button>\n\t\t\t<span>\u00d6lverschmutzung in Libyen<\/span>\n\t\t<\/a>\n\t\t<div id=\"accordion-3727669202-content\" class=\"accordion-inner\" aria-labelledby=\"accordion-3727669202-label\">\n\t\t\t\n<p>F\u00fcr eine sofortige umweltfreundliche L\u00f6sung von \u00d6lunf\u00e4llen ist es am besten, AQUAQUICK 2000 zu verwenden. Wenn Sie in Libyen einen \u00d6lunfall haben, k\u00f6nnen Sie sich an Al-Entilaka wenden, um AQUAQUICK 2000 zu erhalten.<\/p>\n\t\t<\/div>\n\t<\/div>\n\t\n\t<div id=\"accordion-3178576469\" class=\"accordion-item\">\n\t\t<a id=\"accordion-3178576469-label\" class=\"accordion-title plain\" href=\"#accordion-item-about-al-entilaka\" aria-expanded=\"false\" aria-controls=\"accordion-3178576469-content\">\n\t\t\t<button class=\"toggle\" aria-label=\"Umschalten\"><i class=\"icon-angle-down\" aria-hidden=\"true\"><\/i><\/button>\n\t\t\t<span>\u00dcber Al-Entilaka<\/span>\n\t\t<\/a>\n\t\t<div id=\"accordion-3178576469-content\" class=\"accordion-inner\" aria-labelledby=\"accordion-3178576469-label\">\n\t\t\t\n<p>Al-Entilaka ist ein Unternehmen aus Libyen, das sich auf die Import- und Exportbranche f\u00fcr die \u00d6lindustrie spezialisiert hat. Seit der Gr\u00fcndung von Al-Entilaka sind mehr Unternehmen in Libyen f\u00fcr die Umweltanforderungen an \u00d6lreinigungsl\u00f6sungen sensibilisiert worden.<\/p>\n\t\t<\/div>\n\t<\/div>\n\t\n<\/div>\n\t<div class=\"img has-hover x md-x lg-x y md-y lg-y\" id=\"image_1573012889\">\n\t\t\t\t\t\t\t\t<div class=\"img-inner dark\" >\n\t\t\t<img decoding=\"async\" width=\"500\" height=\"149\" data-src=\"https:\/\/b3871678.smushcdn.com\/3871678\/wp-content\/uploads\/2020\/09\/AQUAQUICK-2000-DISTRIBUTOR-LOGOS_0005_allentik.jpg?lossy=2&strip=1&webp=1\" class=\"attachment-large size-large lazyload\" alt=\"\" title=\"\" data-srcset=\"https:\/\/b3871678.smushcdn.com\/3871678\/wp-content\/uploads\/2020\/09\/AQUAQUICK-2000-DISTRIBUTOR-LOGOS_0005_allentik.jpg?lossy=2&amp;strip=1&amp;webp=1 500w, https:\/\/b3871678.smushcdn.com\/3871678\/wp-content\/uploads\/2020\/09\/AQUAQUICK-2000-DISTRIBUTOR-LOGOS_0005_allentik.jpg?size=204x61&amp;lossy=2&amp;strip=1&amp;webp=1 204w, https:\/\/b3871678.smushcdn.com\/3871678\/wp-content\/uploads\/2020\/09\/AQUAQUICK-2000-DISTRIBUTOR-LOGOS_0005_allentik.jpg?size=408x122&amp;lossy=2&amp;strip=1&amp;webp=1 408w\" data-sizes=\"auto\" src=\"data:image\/svg+xml;base64,PHN2ZyB3aWR0aD0iMSIgaGVpZ2h0PSIxIiB4bWxucz0iaHR0cDovL3d3dy53My5vcmcvMjAwMC9zdmciPjwvc3ZnPg==\" style=\"--smush-placeholder-width: 500px; --smush-placeholder-aspect-ratio: 500\/149;\" data-original-sizes=\"(max-width: 500px) 100vw, 500px\">\t\t\t\t\t\t\n\t\t\t\t\t<\/div>\n\t\t\t\t\t\t\t\t\n<style>\n#image_1573012889 {\n  width: 100%;\n}\n<\/style>\n\t<\/div>\n\t\n\t\t<\/div>\n\t\t\t\t\t<\/div>\n\n\t\n<\/div>\n\t\t<\/div>\n\n\t\t\n<style>\n#section_1475587734 {\n  padding-top: 30px;\n  padding-bottom: 30px;\n  background-color: rgb(255, 255, 255);\n}\n#section_1475587734 .section-bg-overlay {\n  background-color: rgba(240, 240, 240, 0);\n}\n<\/style>\n\t<\/section>","protected":false},"excerpt":{"rendered":"","protected":false},"author":1,"featured_media":5593,"parent":2564,"menu_order":0,"comment_status":"closed","ping_status":"closed","template":"page-blank.php","meta":{"cybocfi_hide_featured_image":"","footnotes":"","_links_to":"","_links_to_target":""},"class_list":["post-5689","page","type-page","status-publish","has-post-thumbnail","hentry"],"_links":{"self":[{"href":"https:\/\/www.aquaquick2000.com\/de\/wp-json\/wp\/v2\/pages\/5689","targetHints":{"allow":["GET"]}}],"collection":[{"href":"https:\/\/www.aquaquick2000.com\/de\/wp-json\/wp\/v2\/pages"}],"about":[{"href":"https:\/\/www.aquaquick2000.com\/de\/wp-json\/wp\/v2\/types\/page"}],"author":[{"embeddable":true,"href":"https:\/\/www.aquaquick2000.com\/de\/wp-json\/wp\/v2\/users\/1"}],"replies":[{"embeddable":true,"href":"https:\/\/www.aquaquick2000.com\/de\/wp-json\/wp\/v2\/comments?post=5689"}],"version-history":[{"count":0,"href":"https:\/\/www.aquaquick2000.com\/de\/wp-json\/wp\/v2\/pages\/5689\/revisions"}],"up":[{"embeddable":true,"href":"https:\/\/www.aquaquick2000.com\/de\/wp-json\/wp\/v2\/pages\/2564"}],"wp:featuredmedia":[{"embeddable":true,"href":"https:\/\/www.aquaquick2000.com\/de\/wp-json\/wp\/v2\/media\/5593"}],"wp:attachment":[{"href":"https:\/\/www.aquaquick2000.com\/de\/wp-json\/wp\/v2\/media?parent=5689"}],"curies":[{"name":"wp","href":"https:\/\/api.w.org\/{rel}","templated":true}]}}