{"id":5707,"date":"2020-10-29T17:21:39","date_gmt":"2020-10-29T17:21:39","guid":{"rendered":"https:\/\/www.aquaquick2000.com\/?page_id=5707"},"modified":"2023-01-27T10:29:49","modified_gmt":"2023-01-27T10:29:49","slug":"ecologix-losungen","status":"publish","type":"page","link":"https:\/\/www.aquaquick2000.com\/de\/distributors\/ecologix-solutions\/","title":{"rendered":"Ecologix-L\u00f6sungen"},"content":{"rendered":"<section class=\"section\" id=\"section_1872609588\">\n\t\t<div class=\"section-bg fill\" >\n\t\t\t<img decoding=\"async\" width=\"1920\" height=\"441\" src=\"https:\/\/b3871678.smushcdn.com\/3871678\/wp-content\/uploads\/2020\/09\/aquaquick-2000-oil-cleaning-waterwave.jpg?lossy=2&strip=1&webp=1\" class=\"bg attachment- size-\" alt=\"\" title=\"\" srcset=\"https:\/\/b3871678.smushcdn.com\/3871678\/wp-content\/uploads\/2020\/09\/aquaquick-2000-oil-cleaning-waterwave.jpg?lossy=2&amp;strip=1&amp;webp=1 1920w, https:\/\/b3871678.smushcdn.com\/3871678\/wp-content\/uploads\/2020\/09\/aquaquick-2000-oil-cleaning-waterwave-510x117.jpg?lossy=2&amp;strip=1&amp;webp=1 510w, https:\/\/b3871678.smushcdn.com\/3871678\/wp-content\/uploads\/2020\/09\/aquaquick-2000-oil-cleaning-waterwave-500x115.jpg?lossy=2&amp;strip=1&amp;webp=1 500w, https:\/\/b3871678.smushcdn.com\/3871678\/wp-content\/uploads\/2020\/09\/aquaquick-2000-oil-cleaning-waterwave-1280x294.jpg?lossy=2&amp;strip=1&amp;webp=1 1280w, https:\/\/b3871678.smushcdn.com\/3871678\/wp-content\/uploads\/2020\/09\/aquaquick-2000-oil-cleaning-waterwave-768x176.jpg?lossy=2&amp;strip=1&amp;webp=1 768w, https:\/\/b3871678.smushcdn.com\/3871678\/wp-content\/uploads\/2020\/09\/aquaquick-2000-oil-cleaning-waterwave-1536x353.jpg?lossy=2&amp;strip=1&amp;webp=1 1536w, https:\/\/b3871678.smushcdn.com\/3871678\/wp-content\/uploads\/2020\/09\/aquaquick-2000-oil-cleaning-waterwave.jpg?size=204x47&amp;lossy=2&amp;strip=1&amp;webp=1 204w, https:\/\/b3871678.smushcdn.com\/3871678\/wp-content\/uploads\/2020\/09\/aquaquick-2000-oil-cleaning-waterwave.jpg?size=408x94&amp;lossy=2&amp;strip=1&amp;webp=1 408w, https:\/\/b3871678.smushcdn.com\/3871678\/wp-content\/uploads\/2020\/09\/aquaquick-2000-oil-cleaning-waterwave.jpg?size=612x141&amp;lossy=2&amp;strip=1&amp;webp=1 612w, https:\/\/b3871678.smushcdn.com\/3871678\/wp-content\/uploads\/2020\/09\/aquaquick-2000-oil-cleaning-waterwave.jpg?size=1020x234&amp;lossy=2&amp;strip=1&amp;webp=1 1020w\" sizes=\"(max-width: 1920px) 100vw, 1920px\">\t\t\t\t\t\t<div class=\"section-bg-overlay absolute fill\"><\/div>\n\t\t\t\n\n\t\t<\/div>\n\n\t\t\n\n\t\t<div class=\"section-content relative\">\n\t\t\t\n\n<div class=\"row row-collapse align-equal\"  id=\"row-523458667\">\n\n\n\t<div id=\"col-1553441868\" class=\"col small-12 large-12\"  >\n\t\t\t\t<div class=\"col-inner\"  >\n\t\t\t\n\t\t\t\n\n<p>&nbsp;<\/p>\n<h2 class=\"uppercase\" style=\"text-align: center;\">AQUAQUICK 2000 wird in Malaysia und auf den Philippinen von Eco-logix Solutions verkauft.<\/h2>\n\n\t\t<\/div>\n\t\t\t\t\t<\/div>\n\n\t\n\n<\/div>\n\n\t\t<\/div>\n\n\t\t\n<style>\n#section_1872609588 {\n  padding-top: 45px;\n  padding-bottom: 45px;\n}\n#section_1872609588 .section-bg-overlay {\n  background-color: rgba(240, 240, 240, 0.64);\n}\n<\/style>\n\t<\/section>\n\t\n\n\t<section class=\"section\" id=\"section_604316679\">\n\t\t<div class=\"section-bg fill\" >\n\t\t\t\t\t\t\t\t\t<div class=\"section-bg-overlay absolute fill\"><\/div>\n\t\t\t\n\n\t\t<\/div>\n\n\t\t\n\n\t\t<div class=\"section-content relative\">\n\t\t\t\n\n<div class=\"row\"  id=\"row-1443728858\">\n\n\n\t<div id=\"col-632909848\" class=\"col medium-6 small-12 large-6\"  >\n\t\t\t\t<div class=\"col-inner\"  >\n\t\t\t\n\t\t\t\n\n<h3 class=\"widget-title\">AQUAQUICK 2000 Vertriebspartner in Malaysia<\/h3>\n<p>Ecologix Solutions ist ein offizieller Vertreter der AQUAQUICK-Produkte.<br>Ecologix Solutions ist lizenziert, die AQUAQUICK-Produkte in Malaysia, den Philippinen und Thailand zu mischen und zu verkaufen.<br><em><strong>Eco-Logix Solutions ist von AQUAQUICK GLOBAL B.V. zugelassen.<\/strong><\/em><\/p>\n<h3>Kontaktinformationen von Eco-Logix Solutions<\/h3>\n<ul>\n<li class=\"bullet-arrow\"><a href=\"https:\/\/www.ecologixsolutions.com\" target=\"_blank\" rel=\"noopener noreferrer\">www.ecologixsolutions.com<\/a><\/li>\n<li class=\"bullet-arrow\">Adresse: 128 beach road, gateway east. ebene 28<\/li>\n<li class=\"bullet-arrow\">E-Mail Adresse: Enquiry@ecologixsolutions.com<\/li>\n<li class=\"bullet-arrow\">Telefon: +65 9003 6401<\/li>\n<\/ul>\n<a href=\"https:\/\/www.aquaquick2000.com\/de\/verteiler\/\" class=\"button primary\">\n\t\t<span>Alle Vertriebspartner von AQUAQUICK 2000<\/span>\n\t<\/a>\n\n\n\n\t\t<\/div>\n\t\t\t\t\t<\/div>\n\n\t\n\n\t<div id=\"col-1419907305\" class=\"col medium-6 small-12 large-6\"  >\n\t\t\t\t<div class=\"col-inner\" style=\"background-color:rgb(240, 240, 240);\" >\n\t\t\t\n\t\t\t\n\n<div class=\"accordion\">\n\n\t<div id=\"accordion-4044067706\" class=\"accordion-item\">\n\t\t<a id=\"accordion-4044067706-label\" class=\"accordion-title plain active\" href=\"#accordion-item-aquaquick-2000-in-malaysia\" aria-expanded=\"true\" aria-controls=\"accordion-4044067706-content\">\n\t\t\t<button class=\"toggle\" aria-label=\"Umschalten\"><i class=\"icon-angle-down\" aria-hidden=\"true\"><\/i><\/button>\n\t\t\t<span>AQUAQUICK 2000 in Malaysia<\/span>\n\t\t<\/a>\n\t\t<div id=\"accordion-4044067706-content\" class=\"accordion-inner\" style=\"display: block;\" aria-labelledby=\"accordion-4044067706-label\">\n\t\t\t\n\n<p>So kaufen Sie AQUAQUICK 2000 direkt in <strong>Malaysia, Philippinen oder Thailand<\/strong> k\u00f6nnen Sie sich an unseren \u00f6rtlichen H\u00e4ndler wenden.<\/p>\n<p>AQUAQUICK 2000 kann in jedem Land der Welt erworben werden und ist die beste L\u00f6sung f\u00fcr die Beseitigung von \u00d6lverschmutzungen.<\/p>\n\n\t\t<\/div>\n\t<\/div>\n\t\n\t<div id=\"accordion-1279312616\" class=\"accordion-item\">\n\t\t<a id=\"accordion-1279312616-label\" class=\"accordion-title plain\" href=\"#accordion-item-oil-spills-in-malaysia,-philippines-and-thailand\" aria-expanded=\"false\" aria-controls=\"accordion-1279312616-content\">\n\t\t\t<button class=\"toggle\" aria-label=\"Umschalten\"><i class=\"icon-angle-down\" aria-hidden=\"true\"><\/i><\/button>\n\t\t\t<span>\u00d6lverschmutzungen in Malaysia, auf den Philippinen und in Thailand<\/span>\n\t\t<\/a>\n\t\t<div id=\"accordion-1279312616-content\" class=\"accordion-inner\" aria-labelledby=\"accordion-1279312616-label\">\n\t\t\t\n\n<p>F\u00fcr eine sofortige umweltfreundliche L\u00f6sung von \u00d6lverschmutzungen ist es am besten, AQUAQUICK 2000 zu verwenden. Wenn Sie einen \u00d6lteppich in <strong>Malaysia, Philippinen oder Thailand<\/strong> Sie k\u00f6nnen sich wenden an <strong>Ecologix-L\u00f6sungen<\/strong> f\u00fcr die Lieferung von AQUAQUICK 2000.<\/p>\n\n\t\t<\/div>\n\t<\/div>\n\t\n\t<div id=\"accordion-1415054516\" class=\"accordion-item\">\n\t\t<a id=\"accordion-1415054516-label\" class=\"accordion-title plain\" href=\"#accordion-item-about-ecologix-solutions\" aria-expanded=\"false\" aria-controls=\"accordion-1415054516-content\">\n\t\t\t<button class=\"toggle\" aria-label=\"Umschalten\"><i class=\"icon-angle-down\" aria-hidden=\"true\"><\/i><\/button>\n\t\t\t<span>\u00dcber Ecologix-L\u00f6sungen<\/span>\n\t\t<\/a>\n\t\t<div id=\"accordion-1415054516-content\" class=\"accordion-inner\" aria-labelledby=\"accordion-1415054516-label\">\n\t\t\t\n\n<h3>Eco-Logix<\/h3>\n<ul>\n<li class=\"bullet-arrow\">Eco-logix wurde 1995 mit dem Ziel gegr\u00fcndet, umweltfreundliche Produkte und Reinigungsdienstleistungen im asiatisch-pazifischen Raum zu vermarkten und anzubieten.<\/li>\n<li class=\"bullet-arrow\">In den Jahren seit seiner Gr\u00fcndung war das Unternehmen als Ingenieurb\u00fcro f\u00fcr Wasseraufbereitung, als Handelsunternehmen und als Produktionsst\u00e4tte f\u00fcr \u00d6ko-Produkte t\u00e4tig.<\/li>\n<li class=\"bullet-arrow\">Die k\u00fcrzlich erfolgte Aufnahme des Gesch\u00e4ftsbereichs Eco-logix SApCom hat die Eco-logix Unternehmensgruppe und ihre Vertriebspartner weltweit an die Spitze des Umwelttechnikgesch\u00e4fts gebracht.<\/li>\n<\/ul>\n<h3>Unternehmen Vision<\/h3>\n<p>Wir streben danach, eine f\u00fchrende professionelle Organisation zu sein, die L\u00f6sungen und Dienstleistungen im Bereich des Umweltmanagements in der Branche anbietet:<\/p>\n<ul>\n<li class=\"bullet-arrow\">Wir wollen Produkte und Dienstleistungen von \u00fcberragendem Wert anbieten und best\u00e4ndige Gesch\u00e4ftsbeziehungen mit unseren Kunden und H\u00e4ndlern aufrechterhalten und entwickeln.<\/li>\n<li class=\"bullet-arrow\">Wir sind bestrebt, unsere Technologien, neuen und innovativen Produkte, technischen Einrichtungen, F\u00e4higkeiten und Dienstleistungen kontinuierlich zu verbessern, um unsere gesch\u00e4tzten Kunden noch besser bedienen zu k\u00f6nnen.<\/li>\n<li class=\"bullet-arrow\">Alternative L\u00f6sungen f\u00fcr die \"Gesamtreinigung\" und \"logische L\u00f6sungen f\u00fcr die \u00d6kologie\" anbieten.<\/li>\n<\/ul>\n<h3>Gesch\u00e4ftsauftrag<\/h3>\n<p>Um unsere Unternehmensvision zu verwirklichen, haben wir die folgenden Strategien angenommen:<\/p>\n<ul>\n<li class=\"bullet-arrow\">Erwerb fortschrittlicher Technologien, die es uns erm\u00f6glichen, Produkte vor Ort herzustellen.<\/li>\n<li class=\"bullet-arrow\">Marktpositionierung f\u00fcr unsere Umweltprodukte und -dienstleistungsl\u00f6sungen in S\u00fcdostasien, Nordasien, Zentralasien, Afrika und dem Nahen Osten (GCC) sowie S\u00fcdamerika.<\/li>\n<li class=\"bullet-arrow\">Wirksames und effizientes Kostenmanagement bei der Bereitstellung hochwertiger Produkte und Dienstleistungen.<\/li>\n<li class=\"bullet-arrow\">Bereitstellung alternativer, umweltfreundlicher L\u00f6sungen f\u00fcr die Reinigungsverfahren verschiedener Branchen.<\/li>\n<li class=\"bullet-arrow\">Gew\u00e4hrleistung der vollen Kundenzufriedenheit, Erf\u00fcllung oder \u00dcbertreffen der Anforderungen.<\/li>\n<\/ul>\n\n\t\t<\/div>\n\t<\/div>\n\t\n\n<\/div>\n\t<div class=\"img has-hover x md-x lg-x y md-y lg-y\" id=\"image_609585702\">\n\t\t\t\t\t\t\t\t<div class=\"img-inner dark\" >\n\t\t\t<img decoding=\"async\" width=\"500\" height=\"149\" data-src=\"https:\/\/b3871678.smushcdn.com\/3871678\/wp-content\/uploads\/2020\/09\/AQUAQUICK-2000-DISTRIBUTOR-LOGOS_0003_Eco-logix-logo-green-water-mark.jpg?lossy=2&strip=1&webp=1\" class=\"attachment-large size-large lazyload\" alt=\"\" title=\"\" data-srcset=\"https:\/\/b3871678.smushcdn.com\/3871678\/wp-content\/uploads\/2020\/09\/AQUAQUICK-2000-DISTRIBUTOR-LOGOS_0003_Eco-logix-logo-green-water-mark.jpg?lossy=2&amp;strip=1&amp;webp=1 500w, https:\/\/b3871678.smushcdn.com\/3871678\/wp-content\/uploads\/2020\/09\/AQUAQUICK-2000-DISTRIBUTOR-LOGOS_0003_Eco-logix-logo-green-water-mark.jpg?size=204x61&amp;lossy=2&amp;strip=1&amp;webp=1 204w, https:\/\/b3871678.smushcdn.com\/3871678\/wp-content\/uploads\/2020\/09\/AQUAQUICK-2000-DISTRIBUTOR-LOGOS_0003_Eco-logix-logo-green-water-mark.jpg?size=408x122&amp;lossy=2&amp;strip=1&amp;webp=1 408w\" data-sizes=\"auto\" src=\"data:image\/svg+xml;base64,PHN2ZyB3aWR0aD0iMSIgaGVpZ2h0PSIxIiB4bWxucz0iaHR0cDovL3d3dy53My5vcmcvMjAwMC9zdmciPjwvc3ZnPg==\" style=\"--smush-placeholder-width: 500px; --smush-placeholder-aspect-ratio: 500\/149;\" data-original-sizes=\"(max-width: 500px) 100vw, 500px\">\t\t\t\t\t\t\n\t\t\t\t\t<\/div>\n\t\t\t\t\t\t\t\t\n<style>\n#image_609585702 {\n  width: 100%;\n}\n<\/style>\n\t<\/div>\n\t\n\n\n\t\t<\/div>\n\t\t\t\t\t<\/div>\n\n\t\n\n<\/div>\n\n\t\t<\/div>\n\n\t\t\n<style>\n#section_604316679 {\n  padding-top: 30px;\n  padding-bottom: 30px;\n  background-color: rgb(255, 255, 255);\n}\n#section_604316679 .section-bg-overlay {\n  background-color: rgba(240, 240, 240, 0);\n}\n<\/style>\n\t<\/section>","protected":false},"excerpt":{"rendered":"","protected":false},"author":1,"featured_media":5591,"parent":2564,"menu_order":0,"comment_status":"closed","ping_status":"closed","template":"page-blank.php","meta":{"cybocfi_hide_featured_image":"","footnotes":"","_links_to":"","_links_to_target":""},"class_list":["post-5707","page","type-page","status-publish","has-post-thumbnail","hentry"],"_links":{"self":[{"href":"https:\/\/www.aquaquick2000.com\/de\/wp-json\/wp\/v2\/pages\/5707","targetHints":{"allow":["GET"]}}],"collection":[{"href":"https:\/\/www.aquaquick2000.com\/de\/wp-json\/wp\/v2\/pages"}],"about":[{"href":"https:\/\/www.aquaquick2000.com\/de\/wp-json\/wp\/v2\/types\/page"}],"author":[{"embeddable":true,"href":"https:\/\/www.aquaquick2000.com\/de\/wp-json\/wp\/v2\/users\/1"}],"replies":[{"embeddable":true,"href":"https:\/\/www.aquaquick2000.com\/de\/wp-json\/wp\/v2\/comments?post=5707"}],"version-history":[{"count":0,"href":"https:\/\/www.aquaquick2000.com\/de\/wp-json\/wp\/v2\/pages\/5707\/revisions"}],"up":[{"embeddable":true,"href":"https:\/\/www.aquaquick2000.com\/de\/wp-json\/wp\/v2\/pages\/2564"}],"wp:featuredmedia":[{"embeddable":true,"href":"https:\/\/www.aquaquick2000.com\/de\/wp-json\/wp\/v2\/media\/5591"}],"wp:attachment":[{"href":"https:\/\/www.aquaquick2000.com\/de\/wp-json\/wp\/v2\/media?parent=5707"}],"curies":[{"name":"wp","href":"https:\/\/api.w.org\/{rel}","templated":true}]}}