{"id":5746,"date":"2020-11-03T11:35:52","date_gmt":"2020-11-03T11:35:52","guid":{"rendered":"https:\/\/www.aquaquick2000.com\/?page_id=5746"},"modified":"2023-01-27T10:32:28","modified_gmt":"2023-01-27T10:32:28","slug":"sorb-chem","status":"publish","type":"page","link":"https:\/\/www.aquaquick2000.com\/de\/distributors\/sorb-chem\/","title":{"rendered":"Sorb Chem"},"content":{"rendered":"<section class=\"section\" id=\"section_139424498\">\n\t\t<div class=\"section-bg fill\" >\n\t\t\t<img decoding=\"async\" width=\"1920\" height=\"441\" src=\"https:\/\/b3871678.smushcdn.com\/3871678\/wp-content\/uploads\/2020\/09\/aquaquick-2000-oil-cleaning-waterwave.jpg?lossy=2&strip=1&webp=1\" class=\"bg attachment- size-\" alt=\"\" title=\"\" srcset=\"https:\/\/b3871678.smushcdn.com\/3871678\/wp-content\/uploads\/2020\/09\/aquaquick-2000-oil-cleaning-waterwave.jpg?lossy=2&amp;strip=1&amp;webp=1 1920w, https:\/\/b3871678.smushcdn.com\/3871678\/wp-content\/uploads\/2020\/09\/aquaquick-2000-oil-cleaning-waterwave-510x117.jpg?lossy=2&amp;strip=1&amp;webp=1 510w, https:\/\/b3871678.smushcdn.com\/3871678\/wp-content\/uploads\/2020\/09\/aquaquick-2000-oil-cleaning-waterwave-500x115.jpg?lossy=2&amp;strip=1&amp;webp=1 500w, https:\/\/b3871678.smushcdn.com\/3871678\/wp-content\/uploads\/2020\/09\/aquaquick-2000-oil-cleaning-waterwave-1280x294.jpg?lossy=2&amp;strip=1&amp;webp=1 1280w, https:\/\/b3871678.smushcdn.com\/3871678\/wp-content\/uploads\/2020\/09\/aquaquick-2000-oil-cleaning-waterwave-768x176.jpg?lossy=2&amp;strip=1&amp;webp=1 768w, https:\/\/b3871678.smushcdn.com\/3871678\/wp-content\/uploads\/2020\/09\/aquaquick-2000-oil-cleaning-waterwave-1536x353.jpg?lossy=2&amp;strip=1&amp;webp=1 1536w, https:\/\/b3871678.smushcdn.com\/3871678\/wp-content\/uploads\/2020\/09\/aquaquick-2000-oil-cleaning-waterwave.jpg?size=204x47&amp;lossy=2&amp;strip=1&amp;webp=1 204w, https:\/\/b3871678.smushcdn.com\/3871678\/wp-content\/uploads\/2020\/09\/aquaquick-2000-oil-cleaning-waterwave.jpg?size=408x94&amp;lossy=2&amp;strip=1&amp;webp=1 408w, https:\/\/b3871678.smushcdn.com\/3871678\/wp-content\/uploads\/2020\/09\/aquaquick-2000-oil-cleaning-waterwave.jpg?size=612x141&amp;lossy=2&amp;strip=1&amp;webp=1 612w, https:\/\/b3871678.smushcdn.com\/3871678\/wp-content\/uploads\/2020\/09\/aquaquick-2000-oil-cleaning-waterwave.jpg?size=1020x234&amp;lossy=2&amp;strip=1&amp;webp=1 1020w\" sizes=\"(max-width: 1920px) 100vw, 1920px\">\t\t\t\t\t\t<div class=\"section-bg-overlay absolute fill\"><\/div>\n\t\t\t\n\n\t\t<\/div>\n\n\t\t\n\n\t\t<div class=\"section-content relative\">\n\t\t\t\n\n<div class=\"row row-collapse align-equal\"  id=\"row-1884491611\">\n\n\n\t<div id=\"col-1841959328\" class=\"col small-12 large-12\"  >\n\t\t\t\t<div class=\"col-inner\"  >\n\t\t\t\n\t\t\t\n\n<h2 class=\"uppercase\" style=\"text-align: center;\">AQUAQUICK 2000 WIRD IN LITAUEN VON SORB CHEM VERKAUFT<\/h2>\n\n\t\t<\/div>\n\t\t\t\t\t<\/div>\n\n\t\n\n<\/div>\n\n\t\t<\/div>\n\n\t\t\n<style>\n#section_139424498 {\n  padding-top: 45px;\n  padding-bottom: 45px;\n}\n#section_139424498 .section-bg-overlay {\n  background-color: rgba(240, 240, 240, 0.64);\n}\n<\/style>\n\t<\/section>\n\t\n\n\t<section class=\"section\" id=\"section_988682027\">\n\t\t<div class=\"section-bg fill\" >\n\t\t\t\t\t\t\t\t\t<div class=\"section-bg-overlay absolute fill\"><\/div>\n\t\t\t\n\n\t\t<\/div>\n\n\t\t\n\n\t\t<div class=\"section-content relative\">\n\t\t\t\n\n<div class=\"row\"  id=\"row-1758651756\">\n\n\n\t<div id=\"col-455548066\" class=\"col medium-6 small-12 large-6\"  >\n\t\t\t\t<div class=\"col-inner\"  >\n\t\t\t\n\t\t\t\n\n<h3 class=\"widget-title\">AQUAQUICK 2000 Vertriebspartner in Litauen<\/h3>\n<p class=\"widget-title\">UAB SORB CHEM vertritt eine ganze Reihe von europ\u00e4ischen Herstellern, die die Produktion von Arbeitspl\u00e4tzen und der Umwelt gemacht. UAB SORB bietet eine breite Palette von Dienstleistungen. <\/p>\n<p>Sorb Chem hat eine Lizenz f\u00fcr den Verkauf der AQUAQUICK-Produkte in Litauen.<br><em><strong>Sorb Chem ist von AQUAQUICK GLOBAL B.V. zugelassen.<\/strong><\/em><\/p>\n<h3>Kontaktdaten von Sorb Chem<\/h3>\n<p>Herr Darius Vaisnora<\/p>\n<ul>\n<li class=\"bullet-arrow\">Anschrift: Titnago g. 12, LT-02300 Vilnius<\/li>\n<li class=\"bullet-arrow\">E-Mail:<a href=\"mailto:info@sorbchem.lt\">info@sorbchem.lt<\/a><\/li>\n<li class=\"bullet-arrow\">Unternehmen Telefon\/Fax: +370 5 265 3281&nbsp;<\/li>\n<li class=\"bullet-arrow\">Alternative Rufnummer 1. +370 690 96 265<\/li>\n<li class=\"bullet-arrow\">Alternative Rufnummer 2. +370 650 38 090<\/li>\n<\/ul>\n<h3>Sorb Chem ist ein nicht-exklusiver Vertreiber in Litauen<\/h3>\n<a href=\"https:\/\/www.aquaquick2000.com\/de\/verteiler\/\" class=\"button primary\" >\n\t\t<span>Alle Vertriebspartner von AQUAQUICK 2000<\/span>\n\t<\/a>\n\n\n\n\t\t<\/div>\n\t\t\t\t\t<\/div>\n\n\t\n\n\t<div id=\"col-158917585\" class=\"col medium-6 small-12 large-6\"  >\n\t\t\t\t<div class=\"col-inner\" style=\"background-color:rgb(240, 240, 240);\" >\n\t\t\t\n\t\t\t\n\n<div class=\"accordion\">\n\n\t<div id=\"accordion-3808330209\" class=\"accordion-item\">\n\t\t<a id=\"accordion-3808330209-label\" class=\"accordion-title plain active\" href=\"#accordion-item-aquaquick-2000-in-lithuania\" aria-expanded=\"true\" aria-controls=\"accordion-3808330209-content\">\n\t\t\t<button class=\"toggle\" aria-label=\"Umschalten\"><i class=\"icon-angle-down\" aria-hidden=\"true\"><\/i><\/button>\n\t\t\t<span>AQUAQUICK 2000 in Litauen<\/span>\n\t\t<\/a>\n\t\t<div id=\"accordion-3808330209-content\" class=\"accordion-inner\" style=\"display: block;\" aria-labelledby=\"accordion-3808330209-label\">\n\t\t\t\n\n<p>So kaufen Sie AQUAQUICK 2000 direkt in <b>Litauen<\/b> k\u00f6nnen Sie sich an unseren \u00f6rtlichen H\u00e4ndler wenden <strong>Sorb Chem<\/strong>.<\/p>\n<p>AQUAQUICK 2000 kann in jedem Land der Welt erworben werden und ist die beste L\u00f6sung f\u00fcr die Beseitigung von \u00d6lverschmutzungen.<\/p>\n\n\t\t<\/div>\n\t<\/div>\n\t\n\t<div id=\"accordion-2373479487\" class=\"accordion-item\">\n\t\t<a id=\"accordion-2373479487-label\" class=\"accordion-title plain\" href=\"#accordion-item-oil-spills-in-lithuania\" aria-expanded=\"false\" aria-controls=\"accordion-2373479487-content\">\n\t\t\t<button class=\"toggle\" aria-label=\"Umschalten\"><i class=\"icon-angle-down\" aria-hidden=\"true\"><\/i><\/button>\n\t\t\t<span>\u00d6lverschmutzungen in Litauen<\/span>\n\t\t<\/a>\n\t\t<div id=\"accordion-2373479487-content\" class=\"accordion-inner\" aria-labelledby=\"accordion-2373479487-label\">\n\t\t\t\n\n<p>F\u00fcr eine sofortige umweltfreundliche L\u00f6sung von \u00d6lverschmutzungen ist es am besten, AQUAQUICK 2000 zu verwenden. Wenn Sie einen \u00d6lteppich in <strong>Litauen<\/strong> Sie k\u00f6nnen sich wenden an <strong>Sorb Chem<\/strong> f\u00fcr die Lieferung von AQUAQUICK 2000.<\/p>\n\n\t\t<\/div>\n\t<\/div>\n\t\n\t<div id=\"accordion-2291011403\" class=\"accordion-item\">\n\t\t<a id=\"accordion-2291011403-label\" class=\"accordion-title plain\" href=\"#accordion-item-about-sorb-chem\" aria-expanded=\"false\" aria-controls=\"accordion-2291011403-content\">\n\t\t\t<button class=\"toggle\" aria-label=\"Umschalten\"><i class=\"icon-angle-down\" aria-hidden=\"true\"><\/i><\/button>\n\t\t\t<span>\u00dcber Sorb Chem<\/span>\n\t\t<\/a>\n\t\t<div id=\"accordion-2291011403-content\" class=\"accordion-inner\" aria-labelledby=\"accordion-2291011403-label\">\n\t\t\t\n\n<h3>\u00dcber UAB Sorb Chem<\/h3>\n<p>UAB \"SORB CHEM\" vertritt eine Reihe von europ\u00e4ischen Herstellern, deren Produkte f\u00fcr den Schutz von Arbeitspl\u00e4tzen und der Umwelt, die Beseitigung von Umweltunf\u00e4llen konzipiert sind<\/p>\n<ul>\n<li class=\"bullet-arrow\">Anlagen zur Entw\u00e4sserung und Enth\u00e4rtung von Wasser.<\/li>\n<li class=\"bullet-arrow\">Ger\u00e4te und Systeme f\u00fcr die Aufbereitung von entmineralisiertem und deionisiertem Wasser.<\/li>\n<li class=\"bullet-arrow\">Ger\u00e4te f\u00fcr Laboratorien und Umweltschutz.<\/li>\n<li class=\"bullet-arrow\">Ger\u00e4te und Systeme zur Herstellung von Wasser f\u00fcr: Akkumulatoren, B\u00fcgeleisen, Verdampfung, Vorbereitung von K\u00fchll\u00f6sungen, Vorbereitung von Euro 5 L\u00f6sungen (Adblue).<\/li>\n<li class=\"bullet-arrow\">Pumpen, die gegen Chemikalien resistent sind.<\/li>\n<li class=\"bullet-arrow\">Pumpen mit Magnetkupplungen.<\/li>\n<li class=\"bullet-arrow\">Ger\u00e4te und Systeme zum Filtern von galvanischen L\u00f6sungen.<\/li>\n<li class=\"bullet-arrow\">Verschiedene fl\u00fcssigkeits- und sorbentienabsorbierende Materialien.<\/li>\n<li class=\"bullet-arrow\">Nur Mittel und Materialien zum Aufsaugen und Absorbieren von \u00d6lprodukten.<\/li>\n<li class=\"bullet-arrow\">Absorptionsmittel f\u00fcr die Aufnahme von aggressiven, konzentrierten Chemikalien.<\/li>\n<li class=\"bullet-arrow\">Absorptionsmittel f\u00fcr die Zusammenstellung von ADR-Kits f\u00fcr den Land- und Wassertransport.<\/li>\n<li class=\"bullet-arrow\">Ma\u00dfnahmen und Materialien zum Auffangen versch\u00fctteter Fl\u00fcssigkeiten und zum Sauberhalten von Arbeitspl\u00e4tzen.<\/li>\n<li class=\"bullet-arrow\">\u00d6kologisches \u00d6lprodukt-Reinigungsmittel - Splitter \"AQUAQUICK2000\" - f\u00fcr die Zersetzung und Reinigung von \u00d6l und anderen fettigen Produkten von verschiedenen Oberfl\u00e4chen sowie von Wasser.<\/li>\n<li class=\"bullet-arrow\">Materialien f\u00fcr die Filtration von verschiedenen L\u00f6sungen.<\/li>\n<li class=\"bullet-arrow\">Ma\u00dfnahmen zum Abdichten und Absperren von Rohrleitungen.<\/li>\n<li class=\"bullet-arrow\">Airbags - zum Heben verschiedener schwerer Lasten.<\/li>\n<li class=\"bullet-arrow\">Haftmatten f\u00fcr besonders saubere R\u00e4ume - antibakteriell, antistatisch.<\/li>\n<li class=\"bullet-arrow\">Produkte aus Polypropylen: nicht sinkende Schwimmer und andere Seile, verschiedene Netze.<\/li>\n<li class=\"bullet-arrow\">Wasserfilter, Wasserreinigungssysteme.<\/li>\n<\/ul>\n\n\t\t<\/div>\n\t<\/div>\n\t\n\n<\/div>\n\t<div class=\"img has-hover x md-x lg-x y md-y lg-y\" id=\"image_1602194331\">\n\t\t\t\t\t\t\t\t<div class=\"img-inner dark\" >\n\t\t\t<img decoding=\"async\" width=\"500\" height=\"149\" data-src=\"https:\/\/b3871678.smushcdn.com\/3871678\/wp-content\/uploads\/2020\/09\/AQUAQUICK-2000-DISTRIBUTOR-LOGOS_0000_sorb-chem-aquaquick2000.jpg?lossy=2&strip=1&webp=1\" class=\"attachment-large size-large lazyload\" alt=\"\" title=\"\" data-srcset=\"https:\/\/b3871678.smushcdn.com\/3871678\/wp-content\/uploads\/2020\/09\/AQUAQUICK-2000-DISTRIBUTOR-LOGOS_0000_sorb-chem-aquaquick2000.jpg?lossy=2&amp;strip=1&amp;webp=1 500w, https:\/\/b3871678.smushcdn.com\/3871678\/wp-content\/uploads\/2020\/09\/AQUAQUICK-2000-DISTRIBUTOR-LOGOS_0000_sorb-chem-aquaquick2000.jpg?size=204x61&amp;lossy=2&amp;strip=1&amp;webp=1 204w, https:\/\/b3871678.smushcdn.com\/3871678\/wp-content\/uploads\/2020\/09\/AQUAQUICK-2000-DISTRIBUTOR-LOGOS_0000_sorb-chem-aquaquick2000.jpg?size=408x122&amp;lossy=2&amp;strip=1&amp;webp=1 408w\" data-sizes=\"auto\" src=\"data:image\/svg+xml;base64,PHN2ZyB3aWR0aD0iMSIgaGVpZ2h0PSIxIiB4bWxucz0iaHR0cDovL3d3dy53My5vcmcvMjAwMC9zdmciPjwvc3ZnPg==\" style=\"--smush-placeholder-width: 500px; --smush-placeholder-aspect-ratio: 500\/149;\" data-original-sizes=\"(max-width: 500px) 100vw, 500px\">\t\t\t\t\t\t\n\t\t\t\t\t<\/div>\n\t\t\t\t\t\t\t\t\n<style>\n#image_1602194331 {\n  width: 100%;\n}\n<\/style>\n\t<\/div>\n\t\n\n\n\t\t<\/div>\n\t\t\t\t\t<\/div>\n\n\t\n\n<\/div>\n\n\t\t<\/div>\n\n\t\t\n<style>\n#section_988682027 {\n  padding-top: 30px;\n  padding-bottom: 30px;\n  background-color: rgb(255, 255, 255);\n}\n#section_988682027 .section-bg-overlay {\n  background-color: rgba(240, 240, 240, 0);\n}\n<\/style>\n\t<\/section>","protected":false},"excerpt":{"rendered":"","protected":false},"author":1,"featured_media":5587,"parent":2564,"menu_order":0,"comment_status":"closed","ping_status":"closed","template":"page-blank.php","meta":{"cybocfi_hide_featured_image":"","footnotes":"","_links_to":"","_links_to_target":""},"class_list":["post-5746","page","type-page","status-publish","has-post-thumbnail","hentry"],"_links":{"self":[{"href":"https:\/\/www.aquaquick2000.com\/de\/wp-json\/wp\/v2\/pages\/5746","targetHints":{"allow":["GET"]}}],"collection":[{"href":"https:\/\/www.aquaquick2000.com\/de\/wp-json\/wp\/v2\/pages"}],"about":[{"href":"https:\/\/www.aquaquick2000.com\/de\/wp-json\/wp\/v2\/types\/page"}],"author":[{"embeddable":true,"href":"https:\/\/www.aquaquick2000.com\/de\/wp-json\/wp\/v2\/users\/1"}],"replies":[{"embeddable":true,"href":"https:\/\/www.aquaquick2000.com\/de\/wp-json\/wp\/v2\/comments?post=5746"}],"version-history":[{"count":0,"href":"https:\/\/www.aquaquick2000.com\/de\/wp-json\/wp\/v2\/pages\/5746\/revisions"}],"up":[{"embeddable":true,"href":"https:\/\/www.aquaquick2000.com\/de\/wp-json\/wp\/v2\/pages\/2564"}],"wp:featuredmedia":[{"embeddable":true,"href":"https:\/\/www.aquaquick2000.com\/de\/wp-json\/wp\/v2\/media\/5587"}],"wp:attachment":[{"href":"https:\/\/www.aquaquick2000.com\/de\/wp-json\/wp\/v2\/media?parent=5746"}],"curies":[{"name":"wp","href":"https:\/\/api.w.org\/{rel}","templated":true}]}}