{"id":8668,"date":"2020-11-20T23:07:35","date_gmt":"2020-11-20T23:07:35","guid":{"rendered":"https:\/\/www.aquaquick2000.com\/?page_id=8668"},"modified":"2023-01-27T10:25:47","modified_gmt":"2023-01-27T10:25:47","slug":"uber-die-aquaquick-libya-marke","status":"publish","type":"page","link":"https:\/\/www.aquaquick2000.com\/de\/brand-history\/about-the-aquaquick-libya-brand\/","title":{"rendered":"\u00dcber die Marke AQUAQUICK Libyen"},"content":{"rendered":"<section class=\"section\" id=\"section_1379772836\">\n\t\t<div class=\"section-bg fill\" >\n\t\t\t<img decoding=\"async\" width=\"1920\" height=\"1200\" src=\"https:\/\/b3871678.smushcdn.com\/3871678\/wp-content\/uploads\/2020\/09\/AQUAQUICK-2000-Bubbles-Background.jpg?lossy=2&strip=1&webp=1\" class=\"bg attachment- size-\" alt=\"\" title=\"\" srcset=\"https:\/\/b3871678.smushcdn.com\/3871678\/wp-content\/uploads\/2020\/09\/AQUAQUICK-2000-Bubbles-Background.jpg?lossy=2&amp;strip=1&amp;webp=1 1920w, https:\/\/b3871678.smushcdn.com\/3871678\/wp-content\/uploads\/2020\/09\/AQUAQUICK-2000-Bubbles-Background-510x319.jpg?lossy=2&amp;strip=1&amp;webp=1 510w, https:\/\/b3871678.smushcdn.com\/3871678\/wp-content\/uploads\/2020\/09\/AQUAQUICK-2000-Bubbles-Background-500x313.jpg?lossy=2&amp;strip=1&amp;webp=1 500w, https:\/\/b3871678.smushcdn.com\/3871678\/wp-content\/uploads\/2020\/09\/AQUAQUICK-2000-Bubbles-Background-1280x800.jpg?lossy=2&amp;strip=1&amp;webp=1 1280w, https:\/\/b3871678.smushcdn.com\/3871678\/wp-content\/uploads\/2020\/09\/AQUAQUICK-2000-Bubbles-Background-768x480.jpg?lossy=2&amp;strip=1&amp;webp=1 768w, https:\/\/b3871678.smushcdn.com\/3871678\/wp-content\/uploads\/2020\/09\/AQUAQUICK-2000-Bubbles-Background-1536x960.jpg?lossy=2&amp;strip=1&amp;webp=1 1536w, https:\/\/b3871678.smushcdn.com\/3871678\/wp-content\/uploads\/2020\/09\/AQUAQUICK-2000-Bubbles-Background.jpg?size=204x128&amp;lossy=2&amp;strip=1&amp;webp=1 204w, https:\/\/b3871678.smushcdn.com\/3871678\/wp-content\/uploads\/2020\/09\/AQUAQUICK-2000-Bubbles-Background.jpg?size=408x255&amp;lossy=2&amp;strip=1&amp;webp=1 408w, https:\/\/b3871678.smushcdn.com\/3871678\/wp-content\/uploads\/2020\/09\/AQUAQUICK-2000-Bubbles-Background.jpg?size=612x383&amp;lossy=2&amp;strip=1&amp;webp=1 612w, https:\/\/b3871678.smushcdn.com\/3871678\/wp-content\/uploads\/2020\/09\/AQUAQUICK-2000-Bubbles-Background.jpg?size=1020x638&amp;lossy=2&amp;strip=1&amp;webp=1 1020w\" sizes=\"(max-width: 1920px) 100vw, 1920px\">\t\t\t\t\t\t<div class=\"section-bg-overlay absolute fill\"><\/div>\n\t\t\t\n\n\t\t<\/div>\n\n\t\t\n\n\t\t<div class=\"section-content relative\">\n\t\t\t\n\n<div class=\"row align-middle\"  id=\"row-908742741\">\n\n\n\t<div id=\"col-681688548\" class=\"col small-12 large-12\"  >\n\t\t\t\t<div class=\"col-inner\"  >\n\t\t\t\n\t\t\t\n\n\t<div id=\"gap-1420333079\" class=\"gap-element clearfix\" style=\"display:block; height:auto;\">\n\t\t\n<style>\n#gap-1420333079 {\n  padding-top: 30px;\n}\n<\/style>\n\t<\/div>\n\t\n\n<h1>Mehr Informationen \u00fcber die Marke AQUAQUICK LIBYA<\/h1>\n<p><strong>AQUAQUICK LIBYA ist ein eingetragenes Warenzeichen von AQUAQUICK GLOBAL BV<\/strong><\/p>\n\n\t\t<\/div>\n\t\t\t\t\t<\/div>\n\n\t\n\n<\/div>\n\n\t\t<\/div>\n\n\t\t\n<style>\n#section_1379772836 {\n  padding-top: 30px;\n  padding-bottom: 30px;\n}\n#section_1379772836 .section-bg-overlay {\n  background-color: rgba(255, 255, 255, 0.6);\n}\n#section_1379772836 .section-bg img {\n  object-position: 6% 57%;\n}\n<\/style>\n\t<\/section>\n\t\n\n\t<section class=\"section\" id=\"section_927354281\">\n\t\t<div class=\"section-bg fill\" >\n\t\t\t\t\t\t\t\t\t\n\t\t\t\n\n\t\t<\/div>\n\n\t\t\n\n\t\t<div class=\"section-content relative\">\n\t\t\t\n\n<div class=\"row\"  id=\"row-1570326160\">\n\n\n\t<div id=\"col-1607383024\" class=\"col medium-7 small-12 large-7\"  >\n\t\t\t\t<div class=\"col-inner\"  >\n\t\t\t\n\t\t\t\n\n<h2>AQUAQUICK 2000 Produkt in Libyen<\/h2>\n<div>Was AQUAQUICK 2000 in Libyen betrifft, so ist das Produkt bei den Unternehmen der \u00d6lindustrie sehr bekannt. Seit vielen Jahrzehnten setzen libysche Unternehmen AQUAQUICK 2000 ein, um \u00d6lverschmutzungen zu beseitigen und erfolgreiche Wartungsarbeiten durchzuf\u00fchren, um einen Betriebsstillstand zu vermeiden. AQUAQUICK 2000 wurde in vielen Unternehmen in Libyen eingesetzt, um die Arbeitsbedingungen sowie die Umwelt- und Gesundheitsbedingungen f\u00fcr Anwohner, Produktnutzer und Tiere in der N\u00e4he von \u00d6lverschmutzungen in Libyen zu verbessern.<\/div>\n<div>&nbsp;<\/div>\n<h2>AQUAQUICK 2000 in Libyen kaufen<\/h2>\n<div>AQUAQUICK 2000 kann direkt \u00fcber einen der ernannten Vertriebsh\u00e4ndler in Libyen oder direkt \u00fcber uns bezogen werden, wenn Sie derzeit keinen Kontakt zu einem der lokalen Vertriebsh\u00e4ndler aufnehmen k\u00f6nnen. Sie k\u00f6nnen uns einfach eine E-Mail an business@aquaquick2000.com schicken, um mehr \u00fcber die aktuelle Situation von AQUAQUICK 2000 in Libyen zu erfahren.&nbsp;<\/div>\n<div>&nbsp;<\/div>\n<h2>AQUAQUICK LIBYA Verletzung von Urheberrechten und Markenrechten&nbsp;<\/h2>\n<div>Die Marke AQUAQUICK LIBYA darf von niemand anderem als AQUAQUICK GLOBAL B.V. kopiert oder verwendet werden, es sei denn, es liegen die gesetzlichen Rechte und eine schriftliche Mitteilung direkt von AQUAQUICK GLOBAL B.V. vor. Alle verwandten Marken, Produkte, Warenzeichen, etc. in Bezug auf AQUAQUICK &amp; AQUAQUICK 2000 sind rechtlich Eigentum von AQUAQUICK GLOBAL B.V.&nbsp;<\/div>\n<div>&nbsp;<\/div>\n<div>F\u00fcr weitere Informationen \u00fcber die AQUAQUICK-Produktpalette oder das AQUAQUICK-Branding kontaktieren Sie uns direkt unter business@aquaquick2000.com<\/div>\n\n\t\t<\/div>\n\t\t\t\t\t<\/div>\n\n\t\n\n\t<div id=\"col-285824266\" class=\"col medium-5 small-12 large-5\"  >\n\t\t\t\t<div class=\"col-inner\"  >\n\t\t\t\n\t\t\t\n\n<div class=\"row\"  id=\"row-664061804\">\n\n\n\t<div id=\"col-221586360\" class=\"col small-12 large-12\"  >\n\t\t\t\t<div class=\"col-inner\"  >\n\t\t\t\n\t\t\t\n\n<h2>\u00dcber AQUAQUICK LIBYA<\/h2>\n<ul>\n<li class=\"bullet-checkmark\">AQUAQUICK 2000 ist in Libyen erh\u00e4ltlich<\/li>\n<li class=\"bullet-checkmark\">AQUAQUICK LIBYA ist Eigentum von uns<\/li>\n<li class=\"bullet-checkmark\">AQUAQUICK 2000 Total Oil Reinigungsl\u00f6sung<\/li>\n<li class=\"bullet-checkmark\">Gro\u00dfartige Erfolgsbilanz in Libyen mit AQUAQUICK 2000<\/li><li class=\"bullet-checkmark\">www.aquaquicklibya.com ist f\u00fcr uns reserviert.<\/li>\n<\/ul>\n\n\t\t<\/div>\n\t\t\t\t\t<\/div>\n\n\t\n\n\n<style>\n#row-664061804 > .col > .col-inner {\n  padding: 22px 15px 0px 15px;\n  background-color: rgb(242, 242, 242);\n}\n<\/style>\n<\/div>\n\t<div class=\"img has-hover x md-x lg-x y md-y lg-y\" id=\"image_2048783817\">\n\t\t\t\t\t\t\t\t<div class=\"img-inner dark\" >\n\t\t\t<img decoding=\"async\" width=\"1020\" height=\"230\" data-src=\"https:\/\/b3871678.smushcdn.com\/3871678\/wp-content\/uploads\/2020\/11\/AQUAQUICK-LIBYa-MIDSIZE-format-sheet-psd-1280x289.png?lossy=2&strip=1&webp=1\" class=\"attachment-large size-large lazyload\" alt=\"\" data-srcset=\"https:\/\/b3871678.smushcdn.com\/3871678\/wp-content\/uploads\/2020\/11\/AQUAQUICK-LIBYa-MIDSIZE-format-sheet-psd-1280x289.png?lossy=2&strip=1&webp=1 1280w, https:\/\/b3871678.smushcdn.com\/3871678\/wp-content\/uploads\/2020\/11\/AQUAQUICK-LIBYa-MIDSIZE-format-sheet-psd-510x115.png?lossy=2&strip=1&webp=1 510w, https:\/\/b3871678.smushcdn.com\/3871678\/wp-content\/uploads\/2020\/11\/AQUAQUICK-LIBYa-MIDSIZE-format-sheet-psd-500x113.png?lossy=2&strip=1&webp=1 500w, https:\/\/b3871678.smushcdn.com\/3871678\/wp-content\/uploads\/2020\/11\/AQUAQUICK-LIBYa-MIDSIZE-format-sheet-psd-768x174.png?lossy=2&strip=1&webp=1 768w, https:\/\/b3871678.smushcdn.com\/3871678\/wp-content\/uploads\/2020\/11\/AQUAQUICK-LIBYa-MIDSIZE-format-sheet-psd.png?lossy=2&strip=1&webp=1 1500w, https:\/\/b3871678.smushcdn.com\/3871678\/wp-content\/uploads\/2020\/11\/AQUAQUICK-LIBYa-MIDSIZE-format-sheet-psd.png?size=204x46&lossy=2&strip=1&webp=1 204w, https:\/\/b3871678.smushcdn.com\/3871678\/wp-content\/uploads\/2020\/11\/AQUAQUICK-LIBYa-MIDSIZE-format-sheet-psd.png?size=408x92&lossy=2&strip=1&webp=1 408w, https:\/\/b3871678.smushcdn.com\/3871678\/wp-content\/uploads\/2020\/11\/AQUAQUICK-LIBYa-MIDSIZE-format-sheet-psd.png?size=612x138&lossy=2&strip=1&webp=1 612w, https:\/\/b3871678.smushcdn.com\/3871678\/wp-content\/uploads\/2020\/11\/AQUAQUICK-LIBYa-MIDSIZE-format-sheet-psd.png?size=1020x230&lossy=2&strip=1&webp=1 1020w\" data-sizes=\"auto\" title=\"\" src=\"data:image\/svg+xml;base64,PHN2ZyB3aWR0aD0iMSIgaGVpZ2h0PSIxIiB4bWxucz0iaHR0cDovL3d3dy53My5vcmcvMjAwMC9zdmciPjwvc3ZnPg==\" style=\"--smush-placeholder-width: 1020px; --smush-placeholder-aspect-ratio: 1020\/230;\" data-original-sizes=\"(max-width: 1020px) 100vw, 1020px\">\t\t\t\t\t\t\n\t\t\t\t\t<\/div>\n\t\t\t\t\t\t\t\t\n<style>\n#image_2048783817 {\n  width: 100%;\n}\n<\/style>\n\t<\/div>\n\t\n\n\t<div class=\"img has-hover x md-x lg-x y md-y lg-y\" id=\"image_461986216\">\n\t\t\t\t\t\t\t\t<div class=\"img-inner dark\" >\n\t\t\t<img decoding=\"async\" width=\"1020\" height=\"510\" data-src=\"https:\/\/b3871678.smushcdn.com\/3871678\/wp-content\/uploads\/2020\/09\/AQUAQUICK-2000-in-Libya.png?lossy=2&strip=1&webp=1\" class=\"attachment-large size-large lazyload\" alt=\"\" data-srcset=\"https:\/\/b3871678.smushcdn.com\/3871678\/wp-content\/uploads\/2020\/09\/AQUAQUICK-2000-in-Libya.png?lossy=2&strip=1&webp=1 1024w, https:\/\/b3871678.smushcdn.com\/3871678\/wp-content\/uploads\/2020\/09\/AQUAQUICK-2000-in-Libya-510x255.png?lossy=2&strip=1&webp=1 510w, https:\/\/b3871678.smushcdn.com\/3871678\/wp-content\/uploads\/2020\/09\/AQUAQUICK-2000-in-Libya-500x250.png?lossy=2&strip=1&webp=1 500w, https:\/\/b3871678.smushcdn.com\/3871678\/wp-content\/uploads\/2020\/09\/AQUAQUICK-2000-in-Libya-768x384.png?lossy=2&strip=1&webp=1 768w, https:\/\/b3871678.smushcdn.com\/3871678\/wp-content\/uploads\/2020\/09\/AQUAQUICK-2000-in-Libya.png?size=204x102&lossy=2&strip=1&webp=1 204w, https:\/\/b3871678.smushcdn.com\/3871678\/wp-content\/uploads\/2020\/09\/AQUAQUICK-2000-in-Libya.png?size=408x204&lossy=2&strip=1&webp=1 408w, https:\/\/b3871678.smushcdn.com\/3871678\/wp-content\/uploads\/2020\/09\/AQUAQUICK-2000-in-Libya.png?size=612x306&lossy=2&strip=1&webp=1 612w\" data-sizes=\"auto\" title=\"\" src=\"data:image\/svg+xml;base64,PHN2ZyB3aWR0aD0iMSIgaGVpZ2h0PSIxIiB4bWxucz0iaHR0cDovL3d3dy53My5vcmcvMjAwMC9zdmciPjwvc3ZnPg==\" style=\"--smush-placeholder-width: 1020px; --smush-placeholder-aspect-ratio: 1020\/510;\" data-original-sizes=\"(max-width: 1020px) 100vw, 1020px\">\t\t\t\t\t\t\n\t\t\t\t\t<\/div>\n\t\t\t\t\t\t\t\t\n<style>\n#image_461986216 {\n  width: 100%;\n}\n<\/style>\n\t<\/div>\n\t\n\n\n\t\t<\/div>\n\t\t\t\t\t<\/div>\n\n\t\n\n<\/div>\n\n\t\t<\/div>\n\n\t\t\n<style>\n#section_927354281 {\n  padding-top: 30px;\n  padding-bottom: 30px;\n}\n<\/style>\n\t<\/section>","protected":false},"excerpt":{"rendered":"","protected":false},"author":1,"featured_media":8711,"parent":8666,"menu_order":0,"comment_status":"closed","ping_status":"closed","template":"page-blank.php","meta":{"cybocfi_hide_featured_image":"","footnotes":"","_links_to":"","_links_to_target":""},"class_list":["post-8668","page","type-page","status-publish","has-post-thumbnail","hentry"],"_links":{"self":[{"href":"https:\/\/www.aquaquick2000.com\/de\/wp-json\/wp\/v2\/pages\/8668","targetHints":{"allow":["GET"]}}],"collection":[{"href":"https:\/\/www.aquaquick2000.com\/de\/wp-json\/wp\/v2\/pages"}],"about":[{"href":"https:\/\/www.aquaquick2000.com\/de\/wp-json\/wp\/v2\/types\/page"}],"author":[{"embeddable":true,"href":"https:\/\/www.aquaquick2000.com\/de\/wp-json\/wp\/v2\/users\/1"}],"replies":[{"embeddable":true,"href":"https:\/\/www.aquaquick2000.com\/de\/wp-json\/wp\/v2\/comments?post=8668"}],"version-history":[{"count":0,"href":"https:\/\/www.aquaquick2000.com\/de\/wp-json\/wp\/v2\/pages\/8668\/revisions"}],"up":[{"embeddable":true,"href":"https:\/\/www.aquaquick2000.com\/de\/wp-json\/wp\/v2\/pages\/8666"}],"wp:featuredmedia":[{"embeddable":true,"href":"https:\/\/www.aquaquick2000.com\/de\/wp-json\/wp\/v2\/media\/8711"}],"wp:attachment":[{"href":"https:\/\/www.aquaquick2000.com\/de\/wp-json\/wp\/v2\/media?parent=8668"}],"curies":[{"name":"wp","href":"https:\/\/api.w.org\/{rel}","templated":true}]}}