{"id":9215,"date":"2023-01-12T14:25:11","date_gmt":"2023-01-12T14:25:11","guid":{"rendered":"https:\/\/www.aquaquick2000.com\/?page_id=9215"},"modified":"2023-01-27T10:31:31","modified_gmt":"2023-01-27T10:31:31","slug":"provert-srl","status":"publish","type":"page","link":"https:\/\/www.aquaquick2000.com\/de\/distributors\/provert-srl\/","title":{"rendered":"PROVERT SRL"},"content":{"rendered":"<section class=\"section\" id=\"section_206468123\">\n\t\t<div class=\"section-bg fill\" >\n\t\t\t<img decoding=\"async\" width=\"1920\" height=\"441\" src=\"https:\/\/b3871678.smushcdn.com\/3871678\/wp-content\/uploads\/2020\/09\/aquaquick-2000-oil-cleaning-waterwave.jpg?lossy=2&strip=1&webp=1\" class=\"bg attachment- size-\" alt=\"\" title=\"\" srcset=\"https:\/\/b3871678.smushcdn.com\/3871678\/wp-content\/uploads\/2020\/09\/aquaquick-2000-oil-cleaning-waterwave.jpg?lossy=2&amp;strip=1&amp;webp=1 1920w, https:\/\/b3871678.smushcdn.com\/3871678\/wp-content\/uploads\/2020\/09\/aquaquick-2000-oil-cleaning-waterwave-510x117.jpg?lossy=2&amp;strip=1&amp;webp=1 510w, https:\/\/b3871678.smushcdn.com\/3871678\/wp-content\/uploads\/2020\/09\/aquaquick-2000-oil-cleaning-waterwave-500x115.jpg?lossy=2&amp;strip=1&amp;webp=1 500w, https:\/\/b3871678.smushcdn.com\/3871678\/wp-content\/uploads\/2020\/09\/aquaquick-2000-oil-cleaning-waterwave-1280x294.jpg?lossy=2&amp;strip=1&amp;webp=1 1280w, https:\/\/b3871678.smushcdn.com\/3871678\/wp-content\/uploads\/2020\/09\/aquaquick-2000-oil-cleaning-waterwave-768x176.jpg?lossy=2&amp;strip=1&amp;webp=1 768w, https:\/\/b3871678.smushcdn.com\/3871678\/wp-content\/uploads\/2020\/09\/aquaquick-2000-oil-cleaning-waterwave-1536x353.jpg?lossy=2&amp;strip=1&amp;webp=1 1536w, https:\/\/b3871678.smushcdn.com\/3871678\/wp-content\/uploads\/2020\/09\/aquaquick-2000-oil-cleaning-waterwave.jpg?size=204x47&amp;lossy=2&amp;strip=1&amp;webp=1 204w, https:\/\/b3871678.smushcdn.com\/3871678\/wp-content\/uploads\/2020\/09\/aquaquick-2000-oil-cleaning-waterwave.jpg?size=408x94&amp;lossy=2&amp;strip=1&amp;webp=1 408w, https:\/\/b3871678.smushcdn.com\/3871678\/wp-content\/uploads\/2020\/09\/aquaquick-2000-oil-cleaning-waterwave.jpg?size=612x141&amp;lossy=2&amp;strip=1&amp;webp=1 612w, https:\/\/b3871678.smushcdn.com\/3871678\/wp-content\/uploads\/2020\/09\/aquaquick-2000-oil-cleaning-waterwave.jpg?size=1020x234&amp;lossy=2&amp;strip=1&amp;webp=1 1020w\" sizes=\"(max-width: 1920px) 100vw, 1920px\">\t\t\t\t\t\t<div class=\"section-bg-overlay absolute fill\"><\/div>\n\t\t\t\n\n\t\t<\/div>\n\n\t\t\n\n\t\t<div class=\"section-content relative\">\n\t\t\t\n\n<div class=\"row row-collapse align-equal\"  id=\"row-1680188459\">\n\n\n\t<div id=\"col-2143081488\" class=\"col small-12 large-12\"  >\n\t\t\t\t<div class=\"col-inner\"  >\n\t\t\t\n\t\t\t\n\n<h2 class=\"uppercase\" style=\"text-align: center;\">AQUAQUICK 2000 wird in Bolivien von PROVERT SRL verkauft<\/h2>\n\n\n\t\t<\/div>\n\t\t\t\t\t<\/div>\n\n\t\n\n<\/div>\n\n\t\t<\/div>\n\n\t\t\n<style>\n#section_206468123 {\n  padding-top: 45px;\n  padding-bottom: 45px;\n}\n#section_206468123 .section-bg-overlay {\n  background-color: rgba(240, 240, 240, 0.64);\n}\n<\/style>\n\t<\/section>\n\t\n\n\t<section class=\"section\" id=\"section_633477198\">\n\t\t<div class=\"section-bg fill\" >\n\t\t\t\t\t\t\t\t\t<div class=\"section-bg-overlay absolute fill\"><\/div>\n\t\t\t\n\n\t\t<\/div>\n\n\t\t\n\n\t\t<div class=\"section-content relative\">\n\t\t\t\n\n<div class=\"row\"  id=\"row-2111364870\">\n\n\n\t<div id=\"col-1790387580\" class=\"col medium-6 small-12 large-6\"  >\n\t\t\t\t<div class=\"col-inner\"  >\n\t\t\t\n\t\t\t\n\n<h3 class=\"widget-title\">AQUAQUICK 2000 Vertriebspartner in Bolivien<\/h3>\n<p class=\"widget-title\">PROVERT SRL vertritt eine ganze Reihe von europ\u00e4ischen Herstellern, die die Produktion von Arbeitspl\u00e4tzen und der Umwelt gemacht.<\/p>\n<p>PROVERT SRL bietet eine breite Palette von Dienstleistungen an.<\/p>\n<p>PROVERT SRL hat eine Lizenz f\u00fcr den Verkauf der AQUAQUICK-Produkte in Bolivien.<\/p>\n<p><em><strong>PROVERT SRL ist von AQUAQUICK GLOBAL B.V. zugelassen.<\/strong><\/em><\/p>\n<h3>Kontaktdaten von PROVERT SRL<\/h3>\n<ul>\n<li class=\"bullet-arrow\">E-Mail: <a href=\"mailto:info@vandoclean.nl\">Info@provertglobal.com<\/a><\/li>\n<li class=\"bullet-arrow\">Eduardo Sandoval: +59177552991<\/li>\n<li class=\"bullet-arrow\">Anschrift: Barrio Sirari calle Claveles #47<br>SANTA CRUZ-BOLIVIEN<\/li>\n<\/ul>\n<a href=\"https:\/\/www.aquaquick2000.com\/de\/verteiler\/\" class=\"button primary\" >\n\t\t<span>Alle Vertriebspartner von AQUAQUICK 2000<\/span>\n\t<\/a>\n\n\n\n\t\t<\/div>\n\t\t\t\t\t<\/div>\n\n\t\n\n\t<div id=\"col-1395081219\" class=\"col medium-6 small-12 large-6\"  >\n\t\t\t\t<div class=\"col-inner\" style=\"background-color:rgb(240, 240, 240);\" >\n\t\t\t\n\t\t\t\n\n<div class=\"accordion\">\n\n\t<div id=\"accordion-3579873923\" class=\"accordion-item\">\n\t\t<a id=\"accordion-3579873923-label\" class=\"accordion-title plain active\" href=\"#accordion-item-aquaquick-2000-in-bolivia\" aria-expanded=\"true\" aria-controls=\"accordion-3579873923-content\">\n\t\t\t<button class=\"toggle\" aria-label=\"Umschalten\"><i class=\"icon-angle-down\" aria-hidden=\"true\"><\/i><\/button>\n\t\t\t<span>AQUAQUICK 2000 in Bolivien<\/span>\n\t\t<\/a>\n\t\t<div id=\"accordion-3579873923-content\" class=\"accordion-inner\" style=\"display: block;\" aria-labelledby=\"accordion-3579873923-label\">\n\t\t\t\n\n<p>So kaufen Sie AQUAQUICK 2000 direkt in <b>Bolivien<\/b>&nbsp;k\u00f6nnen Sie sich an unseren \u00f6rtlichen H\u00e4ndler wenden <strong>PROVERT SRL<\/strong>.<\/p>\n<p>AQUAQUICK 2000 kann in jedem Land der Welt erworben werden und ist die beste L\u00f6sung f\u00fcr die Beseitigung von \u00d6lverschmutzungen.<\/p>\n\n\t\t<\/div>\n\t<\/div>\n\t\n\t<div id=\"accordion-1139540647\" class=\"accordion-item\">\n\t\t<a id=\"accordion-1139540647-label\" class=\"accordion-title plain\" href=\"#accordion-item-oil-spills-in-bolivia\" aria-expanded=\"false\" aria-controls=\"accordion-1139540647-content\">\n\t\t\t<button class=\"toggle\" aria-label=\"Umschalten\"><i class=\"icon-angle-down\" aria-hidden=\"true\"><\/i><\/button>\n\t\t\t<span>\u00d6lverschmutzung in Bolivien<\/span>\n\t\t<\/a>\n\t\t<div id=\"accordion-1139540647-content\" class=\"accordion-inner\" aria-labelledby=\"accordion-1139540647-label\">\n\t\t\t\n\n<p>F\u00fcr eine sofortige umweltfreundliche L\u00f6sung von \u00d6lverschmutzungen ist es am besten, AQUAQUICK 2000 zu verwenden. Wenn Sie einen \u00d6lteppich in <b>Bolivien <\/b>Sie k\u00f6nnen sich wenden an <strong>PROVERT SRL<\/strong> f\u00fcr die Lieferung von AQUAQUICK 2000.<\/p>\n\n\t\t<\/div>\n\t<\/div>\n\t\n\n<\/div>\n\t<div class=\"img has-hover x md-x lg-x y md-y lg-y\" id=\"image_164481456\">\n\t\t\t\t\t\t\t\t<div class=\"img-inner dark\" >\n\t\t\t<img decoding=\"async\" width=\"1020\" height=\"896\" data-src=\"https:\/\/b3871678.smushcdn.com\/3871678\/wp-content\/uploads\/2023\/01\/Prover-Cleaning-Solution-Aquaquick2000-Distributor.jpg?lossy=2&strip=1&webp=1\" class=\"attachment-large size-large lazyload\" alt=\"Provert SRL Reinigungsl\u00f6sung Aquaquick2000 Vertriebspartner\" data-srcset=\"https:\/\/b3871678.smushcdn.com\/3871678\/wp-content\/uploads\/2023\/01\/Prover-Cleaning-Solution-Aquaquick2000-Distributor.jpg?lossy=2&strip=1&webp=1 1024w, https:\/\/b3871678.smushcdn.com\/3871678\/wp-content\/uploads\/2023\/01\/Prover-Cleaning-Solution-Aquaquick2000-Distributor-510x448.jpg?lossy=2&strip=1&webp=1 510w, https:\/\/b3871678.smushcdn.com\/3871678\/wp-content\/uploads\/2023\/01\/Prover-Cleaning-Solution-Aquaquick2000-Distributor-500x439.jpg?lossy=2&strip=1&webp=1 500w, https:\/\/b3871678.smushcdn.com\/3871678\/wp-content\/uploads\/2023\/01\/Prover-Cleaning-Solution-Aquaquick2000-Distributor-768x675.jpg?lossy=2&strip=1&webp=1 768w, https:\/\/b3871678.smushcdn.com\/3871678\/wp-content\/uploads\/2023\/01\/Prover-Cleaning-Solution-Aquaquick2000-Distributor.jpg?size=204x179&lossy=2&strip=1&webp=1 204w, https:\/\/b3871678.smushcdn.com\/3871678\/wp-content\/uploads\/2023\/01\/Prover-Cleaning-Solution-Aquaquick2000-Distributor.jpg?size=408x358&lossy=2&strip=1&webp=1 408w, https:\/\/b3871678.smushcdn.com\/3871678\/wp-content\/uploads\/2023\/01\/Prover-Cleaning-Solution-Aquaquick2000-Distributor.jpg?size=612x538&lossy=2&strip=1&webp=1 612w\" data-sizes=\"auto\" title=\"\" src=\"data:image\/svg+xml;base64,PHN2ZyB3aWR0aD0iMSIgaGVpZ2h0PSIxIiB4bWxucz0iaHR0cDovL3d3dy53My5vcmcvMjAwMC9zdmciPjwvc3ZnPg==\" style=\"--smush-placeholder-width: 1020px; --smush-placeholder-aspect-ratio: 1020\/896;\" data-original-sizes=\"(max-width: 1020px) 100vw, 1020px\">\t\t\t\t\t\t\n\t\t\t\t\t<\/div>\n\t\t\t\t\t\t\t\t\n<style>\n#image_164481456 {\n  width: 100%;\n}\n<\/style>\n\t<\/div>\n\t\n\n\n\t\t<\/div>\n\t\t\t\t\t<\/div>\n\n\t\n\n<\/div>\n\n\t\t<\/div>\n\n\t\t\n<style>\n#section_633477198 {\n  padding-top: 30px;\n  padding-bottom: 30px;\n  background-color: rgb(255, 255, 255);\n}\n#section_633477198 .section-bg-overlay {\n  background-color: rgba(240, 240, 240, 0);\n}\n<\/style>\n\t<\/section>","protected":false},"excerpt":{"rendered":"","protected":false},"author":1,"featured_media":9217,"parent":2564,"menu_order":0,"comment_status":"closed","ping_status":"closed","template":"page-blank.php","meta":{"cybocfi_hide_featured_image":"","footnotes":"","_links_to":"","_links_to_target":""},"class_list":["post-9215","page","type-page","status-publish","has-post-thumbnail","hentry"],"_links":{"self":[{"href":"https:\/\/www.aquaquick2000.com\/de\/wp-json\/wp\/v2\/pages\/9215","targetHints":{"allow":["GET"]}}],"collection":[{"href":"https:\/\/www.aquaquick2000.com\/de\/wp-json\/wp\/v2\/pages"}],"about":[{"href":"https:\/\/www.aquaquick2000.com\/de\/wp-json\/wp\/v2\/types\/page"}],"author":[{"embeddable":true,"href":"https:\/\/www.aquaquick2000.com\/de\/wp-json\/wp\/v2\/users\/1"}],"replies":[{"embeddable":true,"href":"https:\/\/www.aquaquick2000.com\/de\/wp-json\/wp\/v2\/comments?post=9215"}],"version-history":[{"count":0,"href":"https:\/\/www.aquaquick2000.com\/de\/wp-json\/wp\/v2\/pages\/9215\/revisions"}],"up":[{"embeddable":true,"href":"https:\/\/www.aquaquick2000.com\/de\/wp-json\/wp\/v2\/pages\/2564"}],"wp:featuredmedia":[{"embeddable":true,"href":"https:\/\/www.aquaquick2000.com\/de\/wp-json\/wp\/v2\/media\/9217"}],"wp:attachment":[{"href":"https:\/\/www.aquaquick2000.com\/de\/wp-json\/wp\/v2\/media?parent=9215"}],"curies":[{"name":"wp","href":"https:\/\/api.w.org\/{rel}","templated":true}]}}