{"id":9556,"date":"2024-01-17T15:06:55","date_gmt":"2024-01-17T15:06:55","guid":{"rendered":"https:\/\/www.aquaquick2000.com\/?page_id=9556"},"modified":"2025-06-12T12:22:08","modified_gmt":"2025-06-12T12:22:08","slug":"transportkosten","status":"publish","type":"page","link":"https:\/\/www.aquaquick2000.com\/de\/shipment-cost\/","title":{"rendered":"Versand &amp; Kosten"},"content":{"rendered":"<section class=\"section\" id=\"section_1085957096\">\n\t\t<div class=\"section-bg fill\" >\n\t\t\t\t\t\t\t\t\t\n\t\t\t\n\n\t\t<\/div>\n\n\t\t\n\n\t\t<div class=\"section-content relative\">\n\t\t\t\n\n<div class=\"row\"  id=\"row-4505146\">\n\n\n\t<div id=\"col-1469795954\" class=\"col medium-3 small-12 large-3\"  >\n\t\t<div class=\"is-sticky-column\"><div class=\"is-sticky-column__inner\">\t\t<div class=\"col-inner\"  >\n\t\t\t\n\t\t\t\n\n<a href=\"https:\/\/www.aquaquick2000.com\/de\/uber-uns\/\" class=\"button alert lowercase expand navbuttons\" style=\"border-radius:2px;\">\n\t\t<span>\u00dcber uns<\/span>\n\t<\/a>\n\n\n<a href=\"https:\/\/www.aquaquick2000.com\/de\/produktionsstatte\/\" class=\"button alert lowercase expand navbuttons\" style=\"border-radius:2px;\">\n\t\t<span>Produktionsst\u00e4tte<\/span>\n\t<\/a>\n\n\n<a href=\"https:\/\/www.aquaquick2000.com\/de\/die-umweltphilosophie\/\" class=\"button alert lowercase expand navbuttons\" style=\"border-radius:2px;\">\n\t\t<span>Die Umweltphilosophie<\/span>\n\t<\/a>\n\n\n<a href=\"https:\/\/www.aquaquick2000.com\/de\/wiederverkaufer-von-aquaquick-2000-werden\/\" class=\"button alert lowercase expand navbuttons\" style=\"border-radius:2px;\">\n\t\t<span>Ein Wiederverk\u00e4ufer werden<\/span>\n\t<\/a>\n\n\n<a href=\"https:\/\/www.aquaquick2000.com\/de\/transportkosten\/\" class=\"button alert lowercase expand navbuttons\" style=\"border-radius:2px;\">\n\t\t<span>Versand &amp; Kosten<\/span>\n\t<\/a>\n\n\n<a href=\"https:\/\/www.aquaquick2000.com\/de\/garantie-ersatzregelung\/\" class=\"button alert lowercase expand navbuttons\" style=\"border-radius:2px;\">\n\t\t<span>Garantie-Ersatzpolitik<\/span>\n\t<\/a>\n\n\n<a href=\"https:\/\/www.aquaquick2000.com\/de\/ruckgabepolitik\/\" class=\"button alert lowercase expand navbuttons\" style=\"border-radius:2px;\">\n\t\t<span>R\u00fcckgabepolitik<\/span>\n\t<\/a>\n\n\n\n\t\t<\/div>\n\t\t<\/div><\/div>\t\t\t<\/div>\n\n\t\n\n\t<div id=\"col-775731604\" class=\"col medium-9 small-12 large-9 small-col-first\"  >\n\t\t\t\t<div class=\"col-inner\"  >\n\t\t\t\n\t\t\t\n\n<h1>Versand &amp; Kosten<\/h1>\n<h4>Liefermethode<\/h4>\n<p>Bei AQUAQUICK 2000 stellen wir sicher, dass unsere Produkte mit Sorgfalt und Effizienz versandt werden. Alle Bestellungen werden mit Standardversandmethoden verschickt. Um Ihre Bestellung aufzugeben, besuchen Sie einfach unsere Website oder nehmen Sie per E-Mail Kontakt mit uns auf. Sobald Ihre Bestellung, einschlie\u00dflich der Zahlungsgenehmigung, bei uns eingegangen ist, werden wir Ihnen ein auf Ihr Land\/Ihren Standort zugeschnittenes Versandprogramm anbieten.<\/p>\n<h4>Arbeitstage<\/h4>\n<p>Wir versenden Bestellungen nur an Werktagen. Unsere Arbeitstage erstrecken sich von Montag bis Sonntag, mit Ausnahme der in der Europ\u00e4ischen Union anerkannten Feiertage. Dieser Zeitplan stellt sicher, dass Ihre Bestellung zeitnah bearbeitet und versandt wird.<\/p>\n<h4>Kosten f\u00fcr den Versand<\/h4>\n<p>Die Kosten f\u00fcr den Versand Ihrer Bestellung h\u00e4ngen von mehreren Faktoren ab: dem Gesamtbetrag Ihrer Bestellung, dem Zielort und der gew\u00e4hlten Versandart. F\u00fcr Bestellungen innerhalb der Europ\u00e4ischen Union bieten wir h\u00e4ufig erm\u00e4\u00dfigte Versandtarife an. F\u00fcr Bestellungen au\u00dferhalb der Europ\u00e4ischen Union fallen zus\u00e4tzliche Versandkosten an. Diese Kosten werden automatisch auf der Grundlage Ihrer Bestellung berechnet und per E-Mail best\u00e4tigt.<\/p>\n<p><strong>Bitte beachten:<\/strong> Bei Lieferungen AUSSERHALB EUROPAS sind in unseren Versandkosten keine Zollabfertigungsgeb\u00fchren und Einfuhrz\u00f6lle enthalten. Diese zus\u00e4tzlichen Kosten werden bei der Ankunft der Sendung in Ihrem Land erhoben und liegen in der Verantwortung des Empf\u00e4ngers.<\/p>\n<h3>Gesch\u00e4tzte Versandtage nach Land<\/h3>\n<h4>Innerhalb Europas<\/h4>\n<ul>\n<li>\u00d6sterreich: 4 - 6 Tage<\/li>\n<li>Belgien: 1 Tag<\/li>\n<li>Bulgarien: 4 - 6 Tage<\/li>\n<li>Kroatien: 4 - 6 Tage<\/li>\n<li>Tschechische Republik: 4 - 6 Tage<\/li>\n<li>D\u00e4nemark: 4 - 6 Tage<\/li>\n<li>Estland: 4 - 6 Tage<\/li>\n<li>Finnland: 4 - 6 Tage<\/li>\n<li>Frankreich: 4 - 6 Tage<\/li>\n<li>Deutschland: 4 - 6 Tage<\/li>\n<li>Griechenland: 4 - 6 Tage<\/li>\n<li>Ungarn: 4 - 6 Tage<\/li>\n<li>Irland: 4 - 6 Tage<\/li>\n<li>Italien: 4 - 6 Tage<\/li>\n<li>Lettland: 4 - 6 Tage<\/li>\n<li>Litauen: 4 - 6 Tage<\/li>\n<li>Luxemburg: 4 - 6 Tage<\/li>\n<li>Polen: 4 - 6 Tage<\/li>\n<li>Portugal: 4 - 6 Tage<\/li>\n<li>Rum\u00e4nien: 5 - 7 Tage<\/li>\n<li>Slowakei: 4 - 6 Tage<\/li>\n<li>Slowenien: 4 - 6 Tage<\/li>\n<li>Spanien: 4 - 6 Tage<\/li>\n<li>Schweden: 4 - 6 Tage<\/li>\n<li>Die Niederlande: 2 - 3 Tage<\/li>\n<\/ul>\n<h4>Internationale Bestellungen (Au\u00dferhalb Europas)<\/h4>\n<p>Bei Bestellungen au\u00dferhalb Europas richtet sich die Bearbeitung nach der gew\u00e4hlten Versandart, der Menge der bestellten Produkte und verschiedenen anderen Bedingungen.<\/p>\n<h3>Beschr\u00e4nkungen<\/h3>\n<p>Bitte beachten Sie, dass Online-Bestellungen nicht f\u00fcr Lieferadressen au\u00dferhalb der Europ\u00e4ischen Union aufgegeben werden k\u00f6nnen. Diese Einschr\u00e4nkung gilt auch f\u00fcr bestimmte Regionen wie Gr\u00f6nland, die F\u00e4r\u00f6er-Inseln, bestimmte abgelegene Inseln und ausgew\u00e4hlte \u00dcberseeterritorien. F\u00fcr Bestellungen in diese Regionen wenden Sie sich bitte an unseren Kundendienst unter <a href=\"mailto:business@aquaquick2000.com\" target=\"_new\" rel=\"noopener\">business@aquaquick2000.com<\/a>.<\/p>\n<h3>Verfolgung Ihrer Bestellung<\/h3>\n<p>Wenn Ihre Bestellung in unserem Lager bearbeitet wird, wird gegebenenfalls eine Tracking-Nummer vergeben. Sie erhalten eine Benachrichtigung, wenn Ihr Paket unser Lager verl\u00e4sst. Bitte beachten Sie, dass es bis zu 48 Stunden dauern kann, bis die Tracking-Informationen im System des Kurierdienstes sichtbar werden.<\/p>\n<h3>Status Ihrer Bestellung finden<\/h3>\n<p>Sie k\u00f6nnen den Status Ihrer Bestellung leicht verfolgen:<\/p>\n<ul>\n<li><strong>Pr\u00fcfen Sie Ihre E-Mail:<\/strong> Sie erhalten aktuelle Informationen \u00fcber den Status Ihrer Bestellung an die w\u00e4hrend des Zahlungsvorgangs angegebene E-Mail-Adresse.<\/li>\n<li><strong>Besuchen Sie unsere Website:<\/strong> Melden Sie sich bei Ihrem Konto auf <a href=\"http:\/\/www.aquaquick2000.com\/de\/\" target=\"_new\" rel=\"noopener\">www.aquaquick2000.com<\/a> f\u00fcr den Zugriff auf Ihre Bestellhistorie, einschlie\u00dflich ausstehender, nachfolgender und fr\u00fcherer Bestellungen.<\/li>\n<li><strong>Kontaktieren Sie uns:<\/strong> Wenn Sie weitere Fragen zu Ihrer Bestellung haben, wenden Sie sich bitte an unseren Kundenservice unter <a href=\"mailto:business@aquaquick2000.com\" target=\"_new\" rel=\"noopener\">business@aquaquick2000.com<\/a>.<\/li>\n<\/ul>\n\n\t\t<\/div>\n\t\t\t\t\t<\/div>\n\n\t\n\n<\/div>\n\n\t\t<\/div>\n\n\t\t\n<style>\n#section_1085957096 {\n  padding-top: 30px;\n  padding-bottom: 30px;\n}\n<\/style>\n\t<\/section>","protected":false},"excerpt":{"rendered":"","protected":false},"author":1,"featured_media":0,"parent":0,"menu_order":0,"comment_status":"closed","ping_status":"closed","template":"","meta":{"cybocfi_hide_featured_image":"","footnotes":"","_links_to":"","_links_to_target":""},"class_list":["post-9556","page","type-page","status-publish","hentry"],"_links":{"self":[{"href":"https:\/\/www.aquaquick2000.com\/de\/wp-json\/wp\/v2\/pages\/9556","targetHints":{"allow":["GET"]}}],"collection":[{"href":"https:\/\/www.aquaquick2000.com\/de\/wp-json\/wp\/v2\/pages"}],"about":[{"href":"https:\/\/www.aquaquick2000.com\/de\/wp-json\/wp\/v2\/types\/page"}],"author":[{"embeddable":true,"href":"https:\/\/www.aquaquick2000.com\/de\/wp-json\/wp\/v2\/users\/1"}],"replies":[{"embeddable":true,"href":"https:\/\/www.aquaquick2000.com\/de\/wp-json\/wp\/v2\/comments?post=9556"}],"version-history":[{"count":0,"href":"https:\/\/www.aquaquick2000.com\/de\/wp-json\/wp\/v2\/pages\/9556\/revisions"}],"wp:attachment":[{"href":"https:\/\/www.aquaquick2000.com\/de\/wp-json\/wp\/v2\/media?parent=9556"}],"curies":[{"name":"wp","href":"https:\/\/api.w.org\/{rel}","templated":true}]}}