{"id":9560,"date":"2024-01-17T19:44:55","date_gmt":"2024-01-17T19:44:55","guid":{"rendered":"https:\/\/www.aquaquick2000.com\/?page_id=9560"},"modified":"2025-06-12T12:18:27","modified_gmt":"2025-06-12T12:18:27","slug":"garantie-ersatzregelung","status":"publish","type":"page","link":"https:\/\/www.aquaquick2000.com\/de\/warranty-replacement-policy\/","title":{"rendered":"Garantie und Ersatzteilpolitik"},"content":{"rendered":"<section class=\"section\" id=\"section_1167345619\">\n\t\t<div class=\"section-bg fill\" >\n\t\t\t\t\t\t\t\t\t\n\t\t\t\n\n\t\t<\/div>\n\n\t\t\n\n\t\t<div class=\"section-content relative\">\n\t\t\t\n\n<div class=\"row\"  id=\"row-2004259469\">\n\n\n\t<div id=\"col-1448599785\" class=\"col medium-3 small-12 large-3\"  >\n\t\t<div class=\"is-sticky-column\"><div class=\"is-sticky-column__inner\">\t\t<div class=\"col-inner\"  >\n\t\t\t\n\t\t\t\n\n<a href=\"https:\/\/www.aquaquick2000.com\/de\/uber-uns\/\" class=\"button alert lowercase expand navbuttons\" style=\"border-radius:2px;\">\n\t\t<span>\u00dcber uns<\/span>\n\t<\/a>\n\n\n<a href=\"https:\/\/www.aquaquick2000.com\/de\/produktionsstatte\/\" class=\"button alert lowercase expand navbuttons\" style=\"border-radius:2px;\">\n\t\t<span>Produktionsst\u00e4tte<\/span>\n\t<\/a>\n\n\n<a href=\"https:\/\/www.aquaquick2000.com\/de\/die-umweltphilosophie\/\" class=\"button alert lowercase expand navbuttons\" style=\"border-radius:2px;\">\n\t\t<span>Die Umweltphilosophie<\/span>\n\t<\/a>\n\n\n<a href=\"https:\/\/www.aquaquick2000.com\/de\/wiederverkaufer-von-aquaquick-2000-werden\/\" class=\"button alert lowercase expand navbuttons\" style=\"border-radius:2px;\">\n\t\t<span>Ein Wiederverk\u00e4ufer werden<\/span>\n\t<\/a>\n\n\n<a href=\"https:\/\/www.aquaquick2000.com\/de\/transportkosten\/\" class=\"button alert lowercase expand navbuttons\" style=\"border-radius:2px;\">\n\t\t<span>Versand &amp; Kosten<\/span>\n\t<\/a>\n\n\n<a href=\"https:\/\/www.aquaquick2000.com\/de\/garantie-ersatzregelung\/\" class=\"button alert lowercase expand navbuttons\" style=\"border-radius:2px;\">\n\t\t<span>Garantie-Ersatzpolitik<\/span>\n\t<\/a>\n\n\n<a href=\"https:\/\/www.aquaquick2000.com\/de\/ruckgabepolitik\/\" class=\"button alert lowercase expand navbuttons\" style=\"border-radius:2px;\">\n\t\t<span>R\u00fcckgabepolitik<\/span>\n\t<\/a>\n\n\n\n\t\t<\/div>\n\t\t<\/div><\/div>\t\t\t<\/div>\n\n\t\n\n\t<div id=\"col-998534160\" class=\"col medium-9 small-12 large-9 small-col-first\"  >\n\t\t\t\t<div class=\"col-inner\"  >\n\t\t\t\n\t\t\t\n\n<h1>Garantie-Ersatzpolitik<\/h1>\n<h3>Unser Engagement<\/h3>\n<p>Wir von AQUAQUICK haben uns verpflichtet, unseren Kunden hochwertige Produkte zu liefern. Wir stehen hinter der Exzellenz unserer Produkte und unser Engagement f\u00fcr die Kundenzufriedenheit steht an erster Stelle.<\/p>\n<h3>Garantiepolitik<\/h3>\n<h4>Erfassungsbereich<\/h4>\n<p>Unsere Garantie deckt alle Material- und Verarbeitungsfehler bei normalem Gebrauch w\u00e4hrend der Garantiezeit ab. Sollten Sie w\u00e4hrend dieser Zeit Probleme haben, die auf Herstellungs- oder Verpackungsfehler zur\u00fcckzuf\u00fchren sind, werden wir diese Probleme gem\u00e4\u00df unseren Garantiebedingungen beheben.<\/p>\n<h4>Gew\u00e4hrleistungsfrist<\/h4>\n<p>Die Garantiezeit f\u00fcr AQUAQUICK-Produkte gilt ab dem Kaufdatum. Die genauen Angaben zur Garantiezeit entnehmen Sie bitte Ihrer Produktdokumentation.<\/p>\n<h3>Politik der Ersetzung<\/h3>\n<h4>Bewertung von Produktproblemen<\/h4>\n<p>Wenn Sie der Meinung sind, dass Ihr AQUAQUICK-Produkt einen Herstellungs- oder Verpackungsfehler aufweist, k\u00f6nnen Sie das Produkt zur \u00dcberpr\u00fcfung zur\u00fccksenden. Wir werden den zur\u00fcckgesandten Artikel gr\u00fcndlich \u00fcberpr\u00fcfen, um die Ursache des Problems zu ermitteln.<\/p>\n<h4>Bedingungen f\u00fcr die Ersetzung<\/h4>\n<p>Ein Ersatz des Produkts wird in Betracht gezogen, wenn:<\/p>\n<ul>\n<li>Es wurde best\u00e4tigt, dass das Problem auf Herstellungs- oder Verpackungsfehler zur\u00fcckzuf\u00fchren ist.<\/li>\n<li>Das Produkt befindet sich innerhalb seiner Garantiezeit.<\/li>\n<li>Das Produkt wurde bestimmungsgem\u00e4\u00df verwendet und nicht missbraucht, vernachl\u00e4ssigt oder ver\u00e4ndert.<\/li>\n<\/ul>\n<h4>Verfahren f\u00fcr die R\u00fcckgabe von Produkten<\/h4>\n<ul>\n<li>Kontaktieren Sie uns unter business@aquaquick2000.com, um eine R\u00fcckgabe einzuleiten. Bitte f\u00fcgen Sie eine Beschreibung des Problems und den Kaufbeleg bei.<\/li>\n<li>Nach Best\u00e4tigung durch unser Team senden Sie das Produkt an die angegebene R\u00fccksendeadresse.<\/li>\n<li>Lassen Sie uns eine angemessene Zeit, um das Produkt zu erhalten und zu pr\u00fcfen.<\/li>\n<\/ul>\n<h4>Ergebnis der Bewertung<\/h4>\n<ul>\n<li>Wenn das Produkt f\u00fcr einen Austausch in Frage kommt, ersetzen wir den Artikel ohne zus\u00e4tzliche Kosten f\u00fcr Sie.<\/li>\n<li>Wenn das Produkt nicht f\u00fcr einen Ersatz in Frage kommt, teilen wir Ihnen die Gr\u00fcnde mit und besprechen mit Ihnen die verf\u00fcgbaren Optionen.<\/li>\n<\/ul>\n<h3>Ausschl\u00fcsse<\/h3>\n<p>Diese Garantie deckt keine Probleme ab, die durch Bedingungen, Fehlfunktionen oder Sch\u00e4den verursacht werden, die nicht auf Material- oder Verarbeitungsfehler zur\u00fcckzuf\u00fchren sind. Sie gilt auch nicht f\u00fcr Produkte, die modifiziert oder f\u00fcr andere Zwecke als die vorgesehenen verwendet wurden.<\/p>\n<h3>Kontaktinformationen<\/h3>\n<p>Wenn Sie Fragen haben oder eine R\u00fcckgabe einleiten m\u00f6chten, kontaktieren Sie uns bitte unter:<\/p>\n<ul>\n<li><strong>E-Mail:<\/strong> business@aquaquick2000.com<\/li>\n<li><strong>Telefon:<\/strong> +31 6 412 938 51 &amp; +31 6 411 89 424<\/li>\n<\/ul>\n<p>Wir von AQUAQUICK sind bestrebt, Ihre Zufriedenheit mit unseren Produkten zu gew\u00e4hrleisten, und werden uns bem\u00fchen, alle Probleme in \u00dcbereinstimmung mit unseren Garantie- und Ersatzrichtlinien zu l\u00f6sen.<\/p>\n\n\t\t<\/div>\n\t\t\t\t\t<\/div>\n\n\t\n\n<\/div>\n\n\t\t<\/div>\n\n\t\t\n<style>\n#section_1167345619 {\n  padding-top: 30px;\n  padding-bottom: 30px;\n}\n<\/style>\n\t<\/section>","protected":false},"excerpt":{"rendered":"","protected":false},"author":1,"featured_media":0,"parent":0,"menu_order":0,"comment_status":"closed","ping_status":"closed","template":"","meta":{"cybocfi_hide_featured_image":"","footnotes":"","_links_to":"","_links_to_target":""},"class_list":["post-9560","page","type-page","status-publish","hentry"],"_links":{"self":[{"href":"https:\/\/www.aquaquick2000.com\/de\/wp-json\/wp\/v2\/pages\/9560","targetHints":{"allow":["GET"]}}],"collection":[{"href":"https:\/\/www.aquaquick2000.com\/de\/wp-json\/wp\/v2\/pages"}],"about":[{"href":"https:\/\/www.aquaquick2000.com\/de\/wp-json\/wp\/v2\/types\/page"}],"author":[{"embeddable":true,"href":"https:\/\/www.aquaquick2000.com\/de\/wp-json\/wp\/v2\/users\/1"}],"replies":[{"embeddable":true,"href":"https:\/\/www.aquaquick2000.com\/de\/wp-json\/wp\/v2\/comments?post=9560"}],"version-history":[{"count":0,"href":"https:\/\/www.aquaquick2000.com\/de\/wp-json\/wp\/v2\/pages\/9560\/revisions"}],"wp:attachment":[{"href":"https:\/\/www.aquaquick2000.com\/de\/wp-json\/wp\/v2\/media?parent=9560"}],"curies":[{"name":"wp","href":"https:\/\/api.w.org\/{rel}","templated":true}]}}