{"id":9643,"date":"2024-01-18T01:22:18","date_gmt":"2024-01-18T01:22:18","guid":{"rendered":"https:\/\/www.aquaquick2000.com\/?page_id=9643"},"modified":"2025-06-12T12:21:43","modified_gmt":"2025-06-12T12:21:43","slug":"die-umweltphilosophie","status":"publish","type":"page","link":"https:\/\/www.aquaquick2000.com\/de\/the-environmental-philosophy\/","title":{"rendered":"Die Umweltphilosophie"},"content":{"rendered":"<section class=\"section\" id=\"section_2103326463\">\n\t\t<div class=\"section-bg fill\" >\n\t\t\t\t\t\t\t\t\t\n\t\t\t\n\n\t\t<\/div>\n\n\t\t\n\n\t\t<div class=\"section-content relative\">\n\t\t\t\n\n<div class=\"row\"  id=\"row-475927608\">\n\n\n\t<div id=\"col-1077594632\" class=\"col medium-3 small-12 large-3\"  >\n\t\t<div class=\"is-sticky-column\"><div class=\"is-sticky-column__inner\">\t\t<div class=\"col-inner\"  >\n\t\t\t\n\t\t\t\n\n<a href=\"https:\/\/www.aquaquick2000.com\/de\/uber-uns\/\" class=\"button alert lowercase expand navbuttons\" style=\"border-radius:2px;\">\n\t\t<span>\u00dcber uns<\/span>\n\t<\/a>\n\n\n<a href=\"https:\/\/www.aquaquick2000.com\/de\/produktionsstatte\/\" class=\"button alert lowercase expand navbuttons\" style=\"border-radius:2px;\">\n\t\t<span>Produktionsst\u00e4tte<\/span>\n\t<\/a>\n\n\n<a href=\"https:\/\/www.aquaquick2000.com\/de\/die-umweltphilosophie\/\" class=\"button alert lowercase expand navbuttons\" style=\"border-radius:2px;\">\n\t\t<span>Die Umweltphilosophie<\/span>\n\t<\/a>\n\n\n<a href=\"https:\/\/www.aquaquick2000.com\/de\/wiederverkaufer-von-aquaquick-2000-werden\/\" class=\"button alert lowercase expand navbuttons\" style=\"border-radius:2px;\">\n\t\t<span>Ein Wiederverk\u00e4ufer werden<\/span>\n\t<\/a>\n\n\n<a href=\"https:\/\/www.aquaquick2000.com\/de\/transportkosten\/\" class=\"button alert lowercase expand navbuttons\" style=\"border-radius:2px;\">\n\t\t<span>Versand &amp; Kosten<\/span>\n\t<\/a>\n\n\n<a href=\"https:\/\/www.aquaquick2000.com\/de\/garantie-ersatzregelung\/\" class=\"button alert lowercase expand navbuttons\" style=\"border-radius:2px;\">\n\t\t<span>Garantie-Ersatzpolitik<\/span>\n\t<\/a>\n\n\n<a href=\"https:\/\/www.aquaquick2000.com\/de\/ruckgabepolitik\/\" class=\"button alert lowercase expand navbuttons\" style=\"border-radius:2px;\">\n\t\t<span>R\u00fcckgabepolitik<\/span>\n\t<\/a>\n\n\n\n\t\t<\/div>\n\t\t<\/div><\/div>\t\t\t<\/div>\n\n\t\n\n\t<div id=\"col-1091744882\" class=\"col medium-9 small-12 large-9 small-col-first\"  >\n\t\t\t\t<div class=\"col-inner\"  >\n\t\t\t\n\t\t\t\n\n<h1><strong>Die AQUAQUICK-Umweltphilosophie<\/strong><\/h1>\n<p>In einer Zeit, in der Umweltbewusstsein nicht nur eine Wahl, sondern eine Notwendigkeit ist, hat sich AQUAQUICK verpflichtet, den Weg f\u00fcr nachhaltige, sichere und effektive Reinigungsl\u00f6sungen zu ebnen. Unsere Philosophie beruht auf der \u00dcberzeugung, dass die Sorge um den Planeten und die Bereitstellung hochwertiger Produkte Hand in Hand gehen k\u00f6nnen und sollten.<\/p>\n<h3>Verpflichtung zu sicheren und nachhaltigen Rohstoffen<\/h3>\n<p><strong>Umweltbewusste Auswahl der Inhaltsstoffe<\/strong> AQUAQUICK ist bestrebt, die Auswirkungen auf die Umwelt bereits an der Quelle zu minimieren. Wir w\u00e4hlen unsere Rohstoffe sorgf\u00e4ltig aus und bevorzugen solche, die nachhaltig sind und einen minimalen \u00f6kologischen Fu\u00dfabdruck haben. Unsere strenge Analyse umfasst Bewertungen der Toxizit\u00e4t, der Umweltauswirkungen und der allergenen Profile, um sicherzustellen, dass jeder Inhaltsstoff einen positiven Beitrag zur Wirksamkeit unserer Produkte und zur Umweltsicherheit leistet.<\/p>\n<p><strong>Strenge Lieferantenstandards<\/strong> Wir halten unsere Lieferanten und Partner an die h\u00f6chsten Umweltstandards. Die in AQUAQUICK-Produkten verwendeten Chemikalien und Materialien werden verantwortungsbewusst beschafft, um sicherzustellen, dass sie unserem Engagement f\u00fcr Nachhaltigkeit und Sicherheit entsprechen.<\/p>\n<h3>Wassereinsparung und Recycling<\/h3>\n<p><strong>Innovative Wasserwirtschaft<\/strong> Wasser ist eine kostbare Ressource, und wir bei AQUAQUICK nehmen unsere Verantwortung f\u00fcr ihre Erhaltung ernst. Wir stellen sicher, dass fast das gesamte Wasser, das wir in unseren Prozessen verwenden, recycelt und durch sorgf\u00e4ltige mikrobiologische Kontrollen gereinigt wird, wodurch wir unseren Wasser-Fu\u00dfabdruck erheblich reduzieren und gleichzeitig eine h\u00f6here Qualit\u00e4t f\u00fcr unser Produkt erhalten.<\/p>\n<h3>Reduzierung der logistischen Auswirkungen<\/h3>\n<p><strong>Nachhaltige Verpackung und Transport<\/strong> Wir bem\u00fchen uns, unsere logistischen Auswirkungen zu verringern, indem wir den Gro\u00dfteil unserer Verpackungen selbst herstellen und so unn\u00f6tige Transportemissionen einsparen. F\u00fcr Produktlieferungen setzen wir intermodale Transportstrategien ein, um den Stra\u00dfentransport zu minimieren und so unseren \u00f6kologischen Fu\u00dfabdruck weiter zu verringern.<\/p>\n<h3>Umweltvertr\u00e4gliche und vielseitige Produkte<\/h3>\n<p><strong>Entwickelt f\u00fcr Effizienz und Umweltfreundlichkeit<\/strong> Jedes AQUAQUICK-Produkt wurde mit Blick auf seine Vielseitigkeit entwickelt. Unser Ziel ist es, die Umweltauswirkungen auf jeder Ebene zu reduzieren - von der Produktion \u00fcber die Verpackung bis hin zu Vertrieb und Nutzung. Dieser ganzheitliche Ansatz stellt sicher, dass unsere Produkte nicht nur Ressourcen sparen, sondern auch wirtschaftliche Vorteile f\u00fcr unsere Verbraucher bieten. Wir glauben an die Entwicklung von L\u00f6sungen, die mit weniger mehr erreichen und sowohl die Umwelt schonen als auch den Verbraucher entlasten.<\/p>\n\n\t\t<\/div>\n\t\t\t\t\t<\/div>\n\n\t\n\n<\/div>\n\n\t\t<\/div>\n\n\t\t\n<style>\n#section_2103326463 {\n  padding-top: 30px;\n  padding-bottom: 30px;\n}\n<\/style>\n\t<\/section>","protected":false},"excerpt":{"rendered":"","protected":false},"author":1,"featured_media":0,"parent":0,"menu_order":0,"comment_status":"closed","ping_status":"closed","template":"","meta":{"cybocfi_hide_featured_image":"","footnotes":"","_links_to":"","_links_to_target":""},"class_list":["post-9643","page","type-page","status-publish","hentry"],"_links":{"self":[{"href":"https:\/\/www.aquaquick2000.com\/de\/wp-json\/wp\/v2\/pages\/9643","targetHints":{"allow":["GET"]}}],"collection":[{"href":"https:\/\/www.aquaquick2000.com\/de\/wp-json\/wp\/v2\/pages"}],"about":[{"href":"https:\/\/www.aquaquick2000.com\/de\/wp-json\/wp\/v2\/types\/page"}],"author":[{"embeddable":true,"href":"https:\/\/www.aquaquick2000.com\/de\/wp-json\/wp\/v2\/users\/1"}],"replies":[{"embeddable":true,"href":"https:\/\/www.aquaquick2000.com\/de\/wp-json\/wp\/v2\/comments?post=9643"}],"version-history":[{"count":0,"href":"https:\/\/www.aquaquick2000.com\/de\/wp-json\/wp\/v2\/pages\/9643\/revisions"}],"wp:attachment":[{"href":"https:\/\/www.aquaquick2000.com\/de\/wp-json\/wp\/v2\/media?parent=9643"}],"curies":[{"name":"wp","href":"https:\/\/api.w.org\/{rel}","templated":true}]}}