{"id":2453,"date":"2016-12-06T14:45:28","date_gmt":"2016-12-06T14:45:28","guid":{"rendered":"http:\/\/www.aquaquick2000.com\/?page_id=2453"},"modified":"2023-01-27T10:17:38","modified_gmt":"2023-01-27T10:17:38","slug":"aquaquick-2000-producto-beneficios","status":"publish","type":"page","link":"https:\/\/www.aquaquick2000.com\/es\/aquaquick-2000-product-benefits\/","title":{"rendered":"Ventajas del producto AQUAQUICK 2000"},"content":{"rendered":"<section class=\"section dark\" id=\"section_1614108461\">\n\t\t<div class=\"section-bg fill\" >\n\t\t\t<img decoding=\"async\" width=\"1920\" height=\"441\" src=\"https:\/\/b3871678.smushcdn.com\/3871678\/wp-content\/uploads\/2020\/09\/aquaquick-2000-oil-cleaning-waterwave.jpg?lossy=2&strip=1&webp=1\" class=\"bg attachment- size-\" alt=\"\" title=\"\" srcset=\"https:\/\/b3871678.smushcdn.com\/3871678\/wp-content\/uploads\/2020\/09\/aquaquick-2000-oil-cleaning-waterwave.jpg?lossy=2&amp;strip=1&amp;webp=1 1920w, https:\/\/b3871678.smushcdn.com\/3871678\/wp-content\/uploads\/2020\/09\/aquaquick-2000-oil-cleaning-waterwave-510x117.jpg?lossy=2&amp;strip=1&amp;webp=1 510w, https:\/\/b3871678.smushcdn.com\/3871678\/wp-content\/uploads\/2020\/09\/aquaquick-2000-oil-cleaning-waterwave-500x115.jpg?lossy=2&amp;strip=1&amp;webp=1 500w, https:\/\/b3871678.smushcdn.com\/3871678\/wp-content\/uploads\/2020\/09\/aquaquick-2000-oil-cleaning-waterwave-1280x294.jpg?lossy=2&amp;strip=1&amp;webp=1 1280w, https:\/\/b3871678.smushcdn.com\/3871678\/wp-content\/uploads\/2020\/09\/aquaquick-2000-oil-cleaning-waterwave-768x176.jpg?lossy=2&amp;strip=1&amp;webp=1 768w, https:\/\/b3871678.smushcdn.com\/3871678\/wp-content\/uploads\/2020\/09\/aquaquick-2000-oil-cleaning-waterwave-1536x353.jpg?lossy=2&amp;strip=1&amp;webp=1 1536w, https:\/\/b3871678.smushcdn.com\/3871678\/wp-content\/uploads\/2020\/09\/aquaquick-2000-oil-cleaning-waterwave.jpg?size=204x47&amp;lossy=2&amp;strip=1&amp;webp=1 204w, https:\/\/b3871678.smushcdn.com\/3871678\/wp-content\/uploads\/2020\/09\/aquaquick-2000-oil-cleaning-waterwave.jpg?size=408x94&amp;lossy=2&amp;strip=1&amp;webp=1 408w, https:\/\/b3871678.smushcdn.com\/3871678\/wp-content\/uploads\/2020\/09\/aquaquick-2000-oil-cleaning-waterwave.jpg?size=612x141&amp;lossy=2&amp;strip=1&amp;webp=1 612w, https:\/\/b3871678.smushcdn.com\/3871678\/wp-content\/uploads\/2020\/09\/aquaquick-2000-oil-cleaning-waterwave.jpg?size=1020x234&amp;lossy=2&amp;strip=1&amp;webp=1 1020w\" sizes=\"(max-width: 1920px) 100vw, 1920px\">\t\t\t\t\t\t<div class=\"section-bg-overlay absolute fill\"><\/div>\n\t\t\t\n\n\t\t<\/div>\n\n\t\t\n\n\t\t<div class=\"section-content relative\">\n\t\t\t\n<h2 style=\"text-align: center;\">Ventajas del producto AQUAQUICK 2000<\/h2>\n\t\t<\/div>\n\n\t\t\n<style>\n#section_1614108461 {\n  padding-top: 60px;\n  padding-bottom: 60px;\n}\n#section_1614108461 .section-bg-overlay {\n  background-color: rgba(0, 0, 0, 0.22);\n}\n<\/style>\n\t<\/section>\n\t\n\n\t<section class=\"section\" id=\"section_1657292271\">\n\t\t<div class=\"section-bg fill\" >\n\t\t\t\t\t\t\t\t\t\n\t\t\t\n\n\t\t<\/div>\n\n\t\t\n\n\t\t<div class=\"section-content relative\">\n\t\t\t\n<div class=\"row\"  id=\"row-1176915005\">\n\n\t<div id=\"col-1036237564\" class=\"col medium-6 small-12 large-6\"  >\n\t\t\t\t<div class=\"col-inner\"  >\n\t\t\t\n\t\t\t\n<h3>Producto totalmente respetuoso con el usuario y el medio ambiente\n<\/h3><p>AQUAQUICK 2000 contiene s\u00f3lo ingredientes naturales sin cloruros, disolventes o alcaloides presentes. AQUAQUICK 2000 ha sido aprobado y probado por numerosos institutos de investigaci\u00f3n independientes de todo el mundo con clasificaciones de certificaci\u00f3n para su uso procedentes de TNO Pa\u00edses Bajos, MIGAS Indonesia, Organizaci\u00f3n Mar\u00edtima Internacional (OMI), as\u00ed como muchos otros.\n<hr\/>\n<h3>No t\u00f3xico para todos los organismos acu\u00e1ticos<\/h3>\n<p>AQUAQUICK 2000 en su estado diluido de 1:50 que es 10mL de AQUAQUICK 2000 mezclado en 1 Litro de agua; puede ser usado para limpiar derrames de petr\u00f3leo que han cubierto animales y vegetaci\u00f3n en ambientes acu\u00e1ticos.<\/p>\n<hr \/>\n<h3>Reduce los residuos qu\u00edmicos<\/h3>\n<p>AQUAQUICK 2000 rompe biomolecularmente la cohesi\u00f3n de las estructuras de los hidrocarburos creando una microemulsi\u00f3n en part\u00edculas de unas 3 micras. Estas micras y los nutrientes especiales producen una explosi\u00f3n de crecimiento en las bacterias que se encuentran en el ambiente haciendo que se eliminen f\u00e1cilmente.<\/p>\n<hr \/>\n<h3>Ahorro de energ\u00eda y rentabilidad<\/h3>\n<p>AQUAQUICK 2000 proporciona una soluci\u00f3n econ\u00f3mica que aumenta la productividad al reducir el tiempo de inactividad y disminuir los gastos asociados con la parte de limpieza de la industria; tales como, el costo de los productos en s\u00ed, el transporte del producto, el almacenamiento del producto, el costo del equipo de protecci\u00f3n personal, y acelera los procedimientos y aumenta la seguridad para los empleados. AQUAQUICK 2000 sustituye a muchos limpiadores ampliamente utilizados, disolventes t\u00f3xicos y alcalinos que desplazan pero no biodegradan los hidrocarburos. Requiere muy poco esfuerzo por parte del usuario para fregar y puede limpiarse f\u00e1cilmente con un trapo h\u00famedo tras su aplicaci\u00f3n.<\/p>\n<hr \/>\n<h3>No corrosivo y no irritante para la piel humana<\/h3>\n<p>AQUAQUICK 2000 est\u00e1 dermatol\u00f3gicamente aprobado como lo suficientemente seguro para usar en casa como jab\u00f3n de manos diario, o puede ser utilizado en m\u00faltiples industrias como jab\u00f3n de manos ya que sus ingredientes naturales no irritan las c\u00e9lulas de la piel humana.<\/p>\n<hr \/>\n<h3>AQUAQUICK 2000 no es corrosivo para el metal<\/h3>\n<p>No da\u00f1a metales, pinturas, revestimientos, gomas ni pl\u00e1sticos - No afecta a los sustratos y es seguro para la limpieza de pl\u00e1sticos, metales, revestimientos, pinturas, gomas, epoxi, etc.<\/p>\n<hr \/>\n<h3>AQUAQUICK 2000 no tiene caducidad<\/h3>\n<p>Este producto no tiene fecha de caducidad. Sin embargo, un almacenamiento prolongado puede provocar asentamientos. Agitar el producto le permitir\u00e1 alcanzar su masa homog\u00e9nea. Es seguro seguir utilizando este producto hasta que se haya agotado lo que ha comprado, aunque hayan pasado 2 o m\u00e1s a\u00f1os desde la fecha de compra. Los ingredientes naturales que lo componen contienen conservantes propios que protegen la continuidad del producto durante a\u00f1os.<\/p>\n<hr \/>\n\t\t<\/div>\n\t\t\t\t\t<\/div>\n\n\t\n\n\t<div id=\"col-920394433\" class=\"col medium-6 small-12 large-6\"  >\n\t\t\t\t<div class=\"col-inner\"  >\n\t\t\t\n\t\t\t\n<h3>Producto de limpieza multiusos\n<\/h3><p>AQUAQUICK 2000 es un bioemulsionante, desengrasante, limpiador de hidrocarburos y dispersante de aceites de base acuosa que puede utilizarse para la limpieza de tanques; limpieza de tuber\u00edas; desengrasado; mantenimiento de plataformas; lavado de suelos; limpieza de suelos y equipos en la industria alimentaria; limpieza de cubiertas, salas de m\u00e1quinas y sentinas de barcos; es lo suficientemente seguro como para utilizarse como jab\u00f3n de manos normal.<\/p><hr\/>\n<h3>AQUAQUICK 2000 Puede utilizarse como extintor de incendios<\/h3>\n<p>AQUAQUICK 2000 ha sido aprobado para su uso por los Departamentos de Bomberos en Yakarta, Indonesia, as\u00ed como en otros pa\u00edses como un combustible retardante del fuego para apagar el fuego y se puede utilizar para limpiar el desorden despu\u00e9s.<\/p>\n<hr \/>\n<h3>Soluci\u00f3n de limpieza total<\/h3>\n<p>AQUAQUICK 2000 es adecuado para limpiar cualquier contaminaci\u00f3n por hidrocarburos y ha sido aprobado para productos de limpieza en estas industrias Petr\u00f3leo y Gas, Agencias Gubernamentales, Automoci\u00f3n e Ingenier\u00eda, Navegaci\u00f3n y Marina, Industria Aeron\u00e1utica, Manufactura, Industria de Alimentaci\u00f3n y Bebidas, e Industrias de Limpieza en General.<\/p>\n<hr \/>\n<h3>Totalmente biodegradable (100%&lt;21 d\u00edas)<\/h3>\n<p>AQUAQUICK 2000 existe desde hace muchas d\u00e9cadas y cuenta con un gran n\u00famero de informes y homologaciones que garantizan los aspectos de seguridad y el estado del medio ambiente. No existen manipulaciones, almacenamientos o advertencias especiales para la aplicaci\u00f3n del producto AQUAQUICK 2000. A efectos ecot\u00f3xicos este producto es completamente biodegradable. En plantas depuradoras de agua, AQUAQUICK 2000 es 100% biodegradable en menos de 60 minutos. En aguas superficiales, AQUAQUICK 2000 es 100% biodegradable en menos de 21 d\u00edas. En nuestra p\u00e1gina de investigaci\u00f3n puede encontrar m\u00e1s informaci\u00f3n sobre el proceso de 21 d\u00edas de AQUAQUICK 2000. <\/p>\n<hr \/>\n<h3>AQUAQUICK 2000 no es inflamable<\/h3>\n<p>AQUAQUICK 2000 est\u00e1 dermatol\u00f3gicamente aprobado como lo suficientemente seguro para usar en casa como jab\u00f3n de manos diario, o puede ser utilizado en m\u00faltiples industrias como jab\u00f3n de manos ya que sus ingredientes naturales no irritan las c\u00e9lulas de la piel humana.<\/p>\n<hr \/>\n<h3>Dispersi\u00f3n org\u00e1nica y biol\u00f3gica<\/h3>\n<p>No da\u00f1a metales, pinturas, revestimientos, gomas ni pl\u00e1sticos - No afecta a los sustratos y es seguro para la limpieza de pl\u00e1sticos, metales, revestimientos, pinturas, gomas, epoxi, etc.<\/p>\n<hr \/>\n<h3>Asistencia t\u00e9cnica para AQUAQUICK 2000<\/h3>\n<p>AQUAQUICK 2000 se ha utilizado para muchas aplicaciones de limpieza diferentes en todo el mundo. Nuestro equipo de expertos t\u00e9cnicos ha crecido mucho en las \u00faltimas d\u00e9cadas. Siempre proporcionamos soporte t\u00e9cnico a aquellos que necesitan ayuda o informaci\u00f3n con respecto a AQUAQUICK 2000. Suministramos, aplicamos y cumplimos y somos el fabricante mundial de AQUAQUICK 2000. Para obtener informaci\u00f3n directa sobre el soporte t\u00e9cnico env\u00edenos un correo electr\u00f3nico a business@aquaquick2000.com  <\/p>\n<hr \/>\n\t\t<\/div>\n\t\t\t\t\t<\/div>\n\n\t\n<\/div>\n\t\t<\/div>\n\n\t\t\n<style>\n#section_1657292271 {\n  padding-top: 30px;\n  padding-bottom: 30px;\n}\n<\/style>\n\t<\/section>","protected":false},"excerpt":{"rendered":"","protected":false},"author":1,"featured_media":8707,"parent":0,"menu_order":0,"comment_status":"closed","ping_status":"closed","template":"page-blank.php","meta":{"cybocfi_hide_featured_image":"","footnotes":"","_links_to":"","_links_to_target":""},"class_list":["post-2453","page","type-page","status-publish","has-post-thumbnail","hentry"],"_links":{"self":[{"href":"https:\/\/www.aquaquick2000.com\/es\/wp-json\/wp\/v2\/pages\/2453","targetHints":{"allow":["GET"]}}],"collection":[{"href":"https:\/\/www.aquaquick2000.com\/es\/wp-json\/wp\/v2\/pages"}],"about":[{"href":"https:\/\/www.aquaquick2000.com\/es\/wp-json\/wp\/v2\/types\/page"}],"author":[{"embeddable":true,"href":"https:\/\/www.aquaquick2000.com\/es\/wp-json\/wp\/v2\/users\/1"}],"replies":[{"embeddable":true,"href":"https:\/\/www.aquaquick2000.com\/es\/wp-json\/wp\/v2\/comments?post=2453"}],"version-history":[{"count":0,"href":"https:\/\/www.aquaquick2000.com\/es\/wp-json\/wp\/v2\/pages\/2453\/revisions"}],"wp:featuredmedia":[{"embeddable":true,"href":"https:\/\/www.aquaquick2000.com\/es\/wp-json\/wp\/v2\/media\/8707"}],"wp:attachment":[{"href":"https:\/\/www.aquaquick2000.com\/es\/wp-json\/wp\/v2\/media?parent=2453"}],"curies":[{"name":"wp","href":"https:\/\/api.w.org\/{rel}","templated":true}]}}