{"id":5689,"date":"2020-10-29T16:32:47","date_gmt":"2020-10-29T16:32:47","guid":{"rendered":"https:\/\/www.aquaquick2000.com\/?page_id=5689"},"modified":"2023-01-27T10:28:49","modified_gmt":"2023-01-27T10:28:49","slug":"al-entilaka","status":"publish","type":"page","link":"https:\/\/www.aquaquick2000.com\/es\/distributors\/al-entilaka\/","title":{"rendered":"Al-entilaka"},"content":{"rendered":"<section class=\"section\" id=\"section_916214428\">\n\t\t<div class=\"section-bg fill\" >\n\t\t\t<img decoding=\"async\" width=\"1920\" height=\"441\" src=\"https:\/\/b3871678.smushcdn.com\/3871678\/wp-content\/uploads\/2020\/09\/aquaquick-2000-oil-cleaning-waterwave.jpg?lossy=2&strip=1&webp=1\" class=\"bg attachment- size-\" alt=\"\" title=\"\" srcset=\"https:\/\/b3871678.smushcdn.com\/3871678\/wp-content\/uploads\/2020\/09\/aquaquick-2000-oil-cleaning-waterwave.jpg?lossy=2&amp;strip=1&amp;webp=1 1920w, https:\/\/b3871678.smushcdn.com\/3871678\/wp-content\/uploads\/2020\/09\/aquaquick-2000-oil-cleaning-waterwave-510x117.jpg?lossy=2&amp;strip=1&amp;webp=1 510w, https:\/\/b3871678.smushcdn.com\/3871678\/wp-content\/uploads\/2020\/09\/aquaquick-2000-oil-cleaning-waterwave-500x115.jpg?lossy=2&amp;strip=1&amp;webp=1 500w, https:\/\/b3871678.smushcdn.com\/3871678\/wp-content\/uploads\/2020\/09\/aquaquick-2000-oil-cleaning-waterwave-1280x294.jpg?lossy=2&amp;strip=1&amp;webp=1 1280w, https:\/\/b3871678.smushcdn.com\/3871678\/wp-content\/uploads\/2020\/09\/aquaquick-2000-oil-cleaning-waterwave-768x176.jpg?lossy=2&amp;strip=1&amp;webp=1 768w, https:\/\/b3871678.smushcdn.com\/3871678\/wp-content\/uploads\/2020\/09\/aquaquick-2000-oil-cleaning-waterwave-1536x353.jpg?lossy=2&amp;strip=1&amp;webp=1 1536w, https:\/\/b3871678.smushcdn.com\/3871678\/wp-content\/uploads\/2020\/09\/aquaquick-2000-oil-cleaning-waterwave.jpg?size=204x47&amp;lossy=2&amp;strip=1&amp;webp=1 204w, https:\/\/b3871678.smushcdn.com\/3871678\/wp-content\/uploads\/2020\/09\/aquaquick-2000-oil-cleaning-waterwave.jpg?size=408x94&amp;lossy=2&amp;strip=1&amp;webp=1 408w, https:\/\/b3871678.smushcdn.com\/3871678\/wp-content\/uploads\/2020\/09\/aquaquick-2000-oil-cleaning-waterwave.jpg?size=612x141&amp;lossy=2&amp;strip=1&amp;webp=1 612w, https:\/\/b3871678.smushcdn.com\/3871678\/wp-content\/uploads\/2020\/09\/aquaquick-2000-oil-cleaning-waterwave.jpg?size=1020x234&amp;lossy=2&amp;strip=1&amp;webp=1 1020w\" sizes=\"(max-width: 1920px) 100vw, 1920px\">\t\t\t\t\t\t<div class=\"section-bg-overlay absolute fill\"><\/div>\n\t\t\t\n\n\t\t<\/div>\n\n\t\t\n\n\t\t<div class=\"section-content relative\">\n\t\t\t\n<div class=\"row row-collapse align-equal\"  id=\"row-692327392\">\n\n\t<div id=\"col-1119974914\" class=\"col small-12 large-12\"  >\n\t\t\t\t<div class=\"col-inner\"  >\n\t\t\t\n\t\t\t\n<\/p>\n<h2 class=\"uppercase\" style=\"text-align: center;\">AQUAQUICK 2000 EN LIBIA ES VENDIDO POR al-entilaka<\/h2>\n\t\t<\/div>\n\t\t\t\t\t<\/div>\n\n\t\n<\/div>\n\t\t<\/div>\n\n\t\t\n<style>\n#section_916214428 {\n  padding-top: 45px;\n  padding-bottom: 45px;\n}\n#section_916214428 .section-bg-overlay {\n  background-color: rgba(240, 240, 240, 0.64);\n}\n<\/style>\n\t<\/section>\n\t\n\n\t<section class=\"section\" id=\"section_1125427117\">\n\t\t<div class=\"section-bg fill\" >\n\t\t\t\t\t\t\t\t\t<div class=\"section-bg-overlay absolute fill\"><\/div>\n\t\t\t\n\n\t\t<\/div>\n\n\t\t\n\n\t\t<div class=\"section-content relative\">\n\t\t\t\n<div class=\"row\"  id=\"row-1361624693\">\n\n\t<div id=\"col-1415559586\" class=\"col medium-6 small-12 large-6\"  >\n\t\t\t\t<div class=\"col-inner\"  >\n\t\t\t\n\t\t\t\n<h3 class=\"widget-title\">Distribuidor AQUAQUICK 2000 en Libia<\/h3>\n<p>Al-Entilaka es representante oficial de los productos AQUAQUICK. <br \/>Al-Entilaka tiene licencia para vender los productos AQUAQUICK en <b>Libia<\/b>.<br \/><em><strong>Al-Entilaka est\u00e1 aprobado por AQUAQUICK GLOBAL B.V.<\/strong><\/em><\/p>\n<h3>Datos de contacto de Al-Entilaka<\/h3>\n<ul>\n<li class=\"bullet-arrow\"><span style=\"font-size: 90%;\">Direcci\u00f3n de correo electr\u00f3nico: Altabib@yahoo.com<\/span><\/li>\n<li class=\"bullet-arrow\">Tel: +21(8)912134472<\/li>\n<\/ul>\n<a href=\"https:\/\/www.aquaquick2000.com\/es\/distribuidores\/\" class=\"button primary\" >\n\t\t<span>Todos los distribuidores de AQUAQUICK 2000<\/span>\n\t<\/a>\n\n\t\t<\/div>\n\t\t\t\t\t<\/div>\n\n\t\n\n\t<div id=\"col-315173494\" class=\"col medium-6 small-12 large-6\"  >\n\t\t\t\t<div class=\"col-inner\" style=\"background-color:rgb(240, 240, 240);\" >\n\t\t\t\n\t\t\t\n<div class=\"accordion\">\n\t<div id=\"accordion-3244339507\" class=\"accordion-item\">\n\t\t<a id=\"accordion-3244339507-label\" class=\"accordion-title plain active\" href=\"#accordion-item-aquaquick-2000-in-libya\" aria-expanded=\"true\" aria-controls=\"accordion-3244339507-content\">\n\t\t\t<button class=\"toggle\" aria-label=\"Toggle\"><i class=\"icon-angle-down\" aria-hidden=\"true\"><\/i><\/button>\n\t\t\t<span>AQUAQUICK 2000 en Libia<\/span>\n\t\t<\/a>\n\t\t<div id=\"accordion-3244339507-content\" class=\"accordion-inner\" style=\"display: block;\" aria-labelledby=\"accordion-3244339507-label\">\n\t\t\t\n<p>Para comprar AQUAQUICK 2000 directamente en Libia puede ponerse en contacto con nuestro distribuidor local .<\/p>\n<p>AQUAQUICK 2000 puede adquirirse en cualquier pa\u00eds del mundo y es la soluci\u00f3n n\u00famero uno para la limpieza de vertidos de petr\u00f3leo.<\/p>\n\t\t<\/div>\n\t<\/div>\n\t\n\t<div id=\"accordion-3184402005\" class=\"accordion-item\">\n\t\t<a id=\"accordion-3184402005-label\" class=\"accordion-title plain\" href=\"#accordion-item-oil-spills-in-libya\" aria-expanded=\"false\" aria-controls=\"accordion-3184402005-content\">\n\t\t\t<button class=\"toggle\" aria-label=\"Toggle\"><i class=\"icon-angle-down\" aria-hidden=\"true\"><\/i><\/button>\n\t\t\t<span>Vertidos de petr\u00f3leo en Libia<\/span>\n\t\t<\/a>\n\t\t<div id=\"accordion-3184402005-content\" class=\"accordion-inner\" aria-labelledby=\"accordion-3184402005-label\">\n\t\t\t\n<p>Para una soluci\u00f3n inmediata y respetuosa con el medio ambiente, lo mejor es utilizar AQUAQUICK 2000. Si se encuentra con cualquier derrame de petr\u00f3leo en Libia puede ponerse en contacto con Al-Entilaka para el suministro de AQUAQUICK 2000.<\/p>\n\t\t<\/div>\n\t<\/div>\n\t\n\t<div id=\"accordion-4081414013\" class=\"accordion-item\">\n\t\t<a id=\"accordion-4081414013-label\" class=\"accordion-title plain\" href=\"#accordion-item-about-al-entilaka\" aria-expanded=\"false\" aria-controls=\"accordion-4081414013-content\">\n\t\t\t<button class=\"toggle\" aria-label=\"Toggle\"><i class=\"icon-angle-down\" aria-hidden=\"true\"><\/i><\/button>\n\t\t\t<span>Acerca de Al-Entilaka<\/span>\n\t\t<\/a>\n\t\t<div id=\"accordion-4081414013-content\" class=\"accordion-inner\" aria-labelledby=\"accordion-4081414013-label\">\n\t\t\t\n<p>Al-Entilaka es una empresa libia especializada en el sector de la importaci\u00f3n y exportaci\u00f3n para la industria petrolera. Desde la creaci\u00f3n de Al-Entilaka, cada vez m\u00e1s empresas libias son conscientes de los requisitos medioambientales que deben cumplir las soluciones de limpieza del petr\u00f3leo.<\/p>\n\t\t<\/div>\n\t<\/div>\n\t\n<\/div>\n\t<div class=\"img has-hover x md-x lg-x y md-y lg-y\" id=\"image_501687150\">\n\t\t\t\t\t\t\t\t<div class=\"img-inner dark\" >\n\t\t\t<img decoding=\"async\" width=\"500\" height=\"149\" data-src=\"https:\/\/b3871678.smushcdn.com\/3871678\/wp-content\/uploads\/2020\/09\/AQUAQUICK-2000-DISTRIBUTOR-LOGOS_0005_allentik.jpg?lossy=2&strip=1&webp=1\" class=\"attachment-large size-large lazyload\" alt=\"\" title=\"\" data-srcset=\"https:\/\/b3871678.smushcdn.com\/3871678\/wp-content\/uploads\/2020\/09\/AQUAQUICK-2000-DISTRIBUTOR-LOGOS_0005_allentik.jpg?lossy=2&amp;strip=1&amp;webp=1 500w, https:\/\/b3871678.smushcdn.com\/3871678\/wp-content\/uploads\/2020\/09\/AQUAQUICK-2000-DISTRIBUTOR-LOGOS_0005_allentik.jpg?size=204x61&amp;lossy=2&amp;strip=1&amp;webp=1 204w, https:\/\/b3871678.smushcdn.com\/3871678\/wp-content\/uploads\/2020\/09\/AQUAQUICK-2000-DISTRIBUTOR-LOGOS_0005_allentik.jpg?size=408x122&amp;lossy=2&amp;strip=1&amp;webp=1 408w\" data-sizes=\"auto\" src=\"data:image\/svg+xml;base64,PHN2ZyB3aWR0aD0iMSIgaGVpZ2h0PSIxIiB4bWxucz0iaHR0cDovL3d3dy53My5vcmcvMjAwMC9zdmciPjwvc3ZnPg==\" style=\"--smush-placeholder-width: 500px; --smush-placeholder-aspect-ratio: 500\/149;\" data-original-sizes=\"(max-width: 500px) 100vw, 500px\">\t\t\t\t\t\t\n\t\t\t\t\t<\/div>\n\t\t\t\t\t\t\t\t\n<style>\n#image_501687150 {\n  width: 100%;\n}\n<\/style>\n\t<\/div>\n\t\n\t\t<\/div>\n\t\t\t\t\t<\/div>\n\n\t\n<\/div>\n\t\t<\/div>\n\n\t\t\n<style>\n#section_1125427117 {\n  padding-top: 30px;\n  padding-bottom: 30px;\n  background-color: rgb(255, 255, 255);\n}\n#section_1125427117 .section-bg-overlay {\n  background-color: rgba(240, 240, 240, 0);\n}\n<\/style>\n\t<\/section>","protected":false},"excerpt":{"rendered":"","protected":false},"author":1,"featured_media":5593,"parent":2564,"menu_order":0,"comment_status":"closed","ping_status":"closed","template":"page-blank.php","meta":{"cybocfi_hide_featured_image":"","footnotes":"","_links_to":"","_links_to_target":""},"class_list":["post-5689","page","type-page","status-publish","has-post-thumbnail","hentry"],"_links":{"self":[{"href":"https:\/\/www.aquaquick2000.com\/es\/wp-json\/wp\/v2\/pages\/5689","targetHints":{"allow":["GET"]}}],"collection":[{"href":"https:\/\/www.aquaquick2000.com\/es\/wp-json\/wp\/v2\/pages"}],"about":[{"href":"https:\/\/www.aquaquick2000.com\/es\/wp-json\/wp\/v2\/types\/page"}],"author":[{"embeddable":true,"href":"https:\/\/www.aquaquick2000.com\/es\/wp-json\/wp\/v2\/users\/1"}],"replies":[{"embeddable":true,"href":"https:\/\/www.aquaquick2000.com\/es\/wp-json\/wp\/v2\/comments?post=5689"}],"version-history":[{"count":0,"href":"https:\/\/www.aquaquick2000.com\/es\/wp-json\/wp\/v2\/pages\/5689\/revisions"}],"up":[{"embeddable":true,"href":"https:\/\/www.aquaquick2000.com\/es\/wp-json\/wp\/v2\/pages\/2564"}],"wp:featuredmedia":[{"embeddable":true,"href":"https:\/\/www.aquaquick2000.com\/es\/wp-json\/wp\/v2\/media\/5593"}],"wp:attachment":[{"href":"https:\/\/www.aquaquick2000.com\/es\/wp-json\/wp\/v2\/media?parent=5689"}],"curies":[{"name":"wp","href":"https:\/\/api.w.org\/{rel}","templated":true}]}}