{"id":5715,"date":"2020-10-30T14:24:18","date_gmt":"2020-10-30T14:24:18","guid":{"rendered":"https:\/\/www.aquaquick2000.com\/?page_id=5715"},"modified":"2023-01-27T10:32:05","modified_gmt":"2023-01-27T10:32:05","slug":"satelite-srl","status":"publish","type":"page","link":"https:\/\/www.aquaquick2000.com\/es\/distributors\/satelite-srl\/","title":{"rendered":"Sat\u00e9lite SRL"},"content":{"rendered":"<section class=\"section\" id=\"section_1942463207\">\n\t\t<div class=\"section-bg fill\" >\n\t\t\t<img decoding=\"async\" width=\"1920\" height=\"441\" src=\"https:\/\/b3871678.smushcdn.com\/3871678\/wp-content\/uploads\/2020\/09\/aquaquick-2000-oil-cleaning-waterwave.jpg?lossy=2&strip=1&webp=1\" class=\"bg attachment- size-\" alt=\"\" title=\"\" srcset=\"https:\/\/b3871678.smushcdn.com\/3871678\/wp-content\/uploads\/2020\/09\/aquaquick-2000-oil-cleaning-waterwave.jpg?lossy=2&amp;strip=1&amp;webp=1 1920w, https:\/\/b3871678.smushcdn.com\/3871678\/wp-content\/uploads\/2020\/09\/aquaquick-2000-oil-cleaning-waterwave-510x117.jpg?lossy=2&amp;strip=1&amp;webp=1 510w, https:\/\/b3871678.smushcdn.com\/3871678\/wp-content\/uploads\/2020\/09\/aquaquick-2000-oil-cleaning-waterwave-500x115.jpg?lossy=2&amp;strip=1&amp;webp=1 500w, https:\/\/b3871678.smushcdn.com\/3871678\/wp-content\/uploads\/2020\/09\/aquaquick-2000-oil-cleaning-waterwave-1280x294.jpg?lossy=2&amp;strip=1&amp;webp=1 1280w, https:\/\/b3871678.smushcdn.com\/3871678\/wp-content\/uploads\/2020\/09\/aquaquick-2000-oil-cleaning-waterwave-768x176.jpg?lossy=2&amp;strip=1&amp;webp=1 768w, https:\/\/b3871678.smushcdn.com\/3871678\/wp-content\/uploads\/2020\/09\/aquaquick-2000-oil-cleaning-waterwave-1536x353.jpg?lossy=2&amp;strip=1&amp;webp=1 1536w, https:\/\/b3871678.smushcdn.com\/3871678\/wp-content\/uploads\/2020\/09\/aquaquick-2000-oil-cleaning-waterwave.jpg?size=204x47&amp;lossy=2&amp;strip=1&amp;webp=1 204w, https:\/\/b3871678.smushcdn.com\/3871678\/wp-content\/uploads\/2020\/09\/aquaquick-2000-oil-cleaning-waterwave.jpg?size=408x94&amp;lossy=2&amp;strip=1&amp;webp=1 408w, https:\/\/b3871678.smushcdn.com\/3871678\/wp-content\/uploads\/2020\/09\/aquaquick-2000-oil-cleaning-waterwave.jpg?size=612x141&amp;lossy=2&amp;strip=1&amp;webp=1 612w, https:\/\/b3871678.smushcdn.com\/3871678\/wp-content\/uploads\/2020\/09\/aquaquick-2000-oil-cleaning-waterwave.jpg?size=1020x234&amp;lossy=2&amp;strip=1&amp;webp=1 1020w\" sizes=\"(max-width: 1920px) 100vw, 1920px\">\t\t\t\t\t\t<div class=\"section-bg-overlay absolute fill\"><\/div>\n\t\t\t\n\n\t\t<\/div>\n\n\t\t\n\n\t\t<div class=\"section-content relative\">\n\t\t\t\n<div class=\"row row-collapse align-equal\"  id=\"row-1999448533\">\n\n\t<div id=\"col-1146369008\" class=\"col small-12 large-12\"  >\n\t\t\t\t<div class=\"col-inner\"  >\n\t\t\t\n\t\t\t\n<h2 class=\"uppercase\" style=\"text-align: center;\">AQUAQUICK 2000 IN \u00a0<b>Bolivia<\/b> VENDIDO POR Satelite SRL<\/h2>\n\t\t<\/div>\n\t\t\t\t\t<\/div>\n\n\t\n<\/div>\n\t\t<\/div>\n\n\t\t\n<style>\n#section_1942463207 {\n  padding-top: 45px;\n  padding-bottom: 45px;\n}\n#section_1942463207 .section-bg-overlay {\n  background-color: rgba(240, 240, 240, 0.64);\n}\n<\/style>\n\t<\/section>\n\t\n\n\t<section class=\"section\" id=\"section_996934115\">\n\t\t<div class=\"section-bg fill\" >\n\t\t\t\t\t\t\t\t\t<div class=\"section-bg-overlay absolute fill\"><\/div>\n\t\t\t\n\n\t\t<\/div>\n\n\t\t\n\n\t\t<div class=\"section-content relative\">\n\t\t\t\n<div class=\"row\"  id=\"row-123926863\">\n\n\t<div id=\"col-1259361653\" class=\"col medium-6 small-12 large-6\"  >\n\t\t\t\t<div class=\"col-inner\"  >\n\t\t\t\n\t\t\t\n<h3 class=\"widget-title\">Distribuidor AQUAQUICK 2000 en Bolivia<\/h3>\n<p>Satelite SRL es representante oficial de los productos AQUAQUICK.<br \/><em>Satelite SRL tiene licencia para vender los productos AQUAQUICK en Bolivia.<br \/><strong>Satelite SRL est\u00e1 autorizada por AQUAQUICK GLOBAL B.V.<\/strong><\/em><\/p>\n<h3>Datos de contacto de Satelite SRL<\/h3>\n<ul>\n<li class=\"bullet-arrow\"><span style=\"font-size: 90%;\">Persona de contacto: Benjam\u00edn Velasco<\/strong><\/span><\/li>\n<li class=\"bullet-arrow\"><span style=\"font-size: 90%;\">Direcci\u00f3n de correo electr\u00f3nico: <strong>Info@Satelitesrl.com<\/strong><\/span><\/li>\n<li class=\"bullet-arrow\"><span style=\"font-size: 90%;\">Direcci\u00f3n de correo electr\u00f3nico: <strong>Benjamin.velasco@Satelitesrl.com<\/strong><\/span><\/li>\n<li class=\"bullet-arrow\">P\u00e1gina web: <a href=\"http:\/\/www.satelitesrl.net\" target=\"_blank\" rel=\"noopener\">www.satelitesrl.net<\/a><\/li>\n<li class=\"bullet-arrow\">Tel: +591 133581771<\/li>\n<li class=\"bullet-arrow\">Tel: +591 74163536<\/li>\n<li class=\"bullet-arrow\">Tel: +34 650050716<\/li>\n<li class=\"bullet-arrow\"><span style=\"font-size: 90%;\">Direcci\u00f3n: Barrio Las Palmas, <br \/>Calle\/Punta Man C\u00e9sped N\u00aa 5 <br \/>SANTA CRUZ-BOLIVIA<\/strong><\/span><\/li>\n<\/ul>\n<h3>Satelite SRL es distribuidor no exclusivo en Bolivia<\/h3>\n<a href=\"https:\/\/www.aquaquick2000.com\/es\/distribuidores\/\" class=\"button primary\">\n\t\t<span>Todos los distribuidores de AQUAQUICK 2000<\/span>\n\t<\/a>\n\n\t\t<\/div>\n\t\t\t\t\t<\/div>\n\n\t\n\n\t<div id=\"col-396869035\" class=\"col medium-6 small-12 large-6\"  >\n\t\t\t\t<div class=\"col-inner\" style=\"background-color:rgb(240, 240, 240);\" >\n\t\t\t\n\t\t\t\n<div class=\"accordion\">\n\t<div id=\"accordion-3746635371\" class=\"accordion-item\">\n\t\t<a id=\"accordion-3746635371-label\" class=\"accordion-title plain active\" href=\"#accordion-item-aquaquick-2000-in-%20bolivia\" aria-expanded=\"true\" aria-controls=\"accordion-3746635371-content\">\n\t\t\t<button class=\"toggle\" aria-label=\"Toggle\"><i class=\"icon-angle-down\" aria-hidden=\"true\"><\/i><\/button>\n\t\t\t<span>AQUAQUICK 2000 en Bolivia<\/span>\n\t\t<\/a>\n\t\t<div id=\"accordion-3746635371-content\" class=\"accordion-inner\" style=\"display: block;\" aria-labelledby=\"accordion-3746635371-label\">\n\t\t\t\n<p>Para comprar AQUAQUICK 2000 directamente en Bolivia puede contactar a nuestro distribuidor local Satelite SRL<\/p>\n<p>AQUAQUICK 2000 puede adquirirse en cualquier pa\u00eds del mundo y es la soluci\u00f3n n\u00famero uno para la limpieza de vertidos de petr\u00f3leo.<\/p>\n\t\t<\/div>\n\t<\/div>\n\t\n\t<div id=\"accordion-965478524\" class=\"accordion-item\">\n\t\t<a id=\"accordion-965478524-label\" class=\"accordion-title plain\" href=\"#accordion-item-oil-spills-in-%20bolivia\" aria-expanded=\"false\" aria-controls=\"accordion-965478524-content\">\n\t\t\t<button class=\"toggle\" aria-label=\"Toggle\"><i class=\"icon-angle-down\" aria-hidden=\"true\"><\/i><\/button>\n\t\t\t<span>Vertidos de petr\u00f3leo en Bolivia<\/span>\n\t\t<\/a>\n\t\t<div id=\"accordion-965478524-content\" class=\"accordion-inner\" aria-labelledby=\"accordion-965478524-label\">\n\t\t\t\n<p>Para una soluci\u00f3n inmediata y respetuosa con el medio ambiente para derrames de petr\u00f3leo lo mejor es utilizar AQUAQUICK 2000. Si se encuentra con alg\u00fan derrame de petr\u00f3leo en Bolivia puede ponerse en contacto con Satelite SRL para el suministro de AQUAQUICK 2000.<\/p>\n\t\t<\/div>\n\t<\/div>\n\t\n\t<div id=\"accordion-4194184939\" class=\"accordion-item\">\n\t\t<a id=\"accordion-4194184939-label\" class=\"accordion-title plain\" href=\"#accordion-item-about-satelite-srl\" aria-expanded=\"false\" aria-controls=\"accordion-4194184939-content\">\n\t\t\t<button class=\"toggle\" aria-label=\"Toggle\"><i class=\"icon-angle-down\" aria-hidden=\"true\"><\/i><\/button>\n\t\t\t<span>Acerca de Satelite SRL<\/span>\n\t\t<\/a>\n\t\t<div id=\"accordion-4194184939-content\" class=\"accordion-inner\" aria-labelledby=\"accordion-4194184939-label\">\n\t\t\t\n<p>Satelite SRL es una organizaci\u00f3n que se ha centrado en la importaci\u00f3n y exportaci\u00f3n de productos biodegradables, especialmente dentro del segmento de productos de limpieza e higiene industrial. Adem\u00e1s de la comercializaci\u00f3n local de estos productos Satelite SRL tiene un fuerte compromiso con la distribuci\u00f3n de estos productos.<\/p>\n<p>Aquellos que compran productos de Satelite SRL pueden estar garantizados de recibir asistencia t\u00e9cnica en todos los campos relacionados, Con un objetivo en varios sectores tales como: Tecnol\u00f3gico, Agr\u00edcola, Mantenimiento, Asistencia o consultor\u00eda, Satelite SRL contin\u00faa el desarrollo de la adopci\u00f3n de productos en Bolivia.<\/p>\n\t\t<\/div>\n\t<\/div>\n\t\n<\/div>\n\t<div class=\"img has-hover x md-x lg-x y md-y lg-y\" id=\"image_1191958918\">\n\t\t\t\t\t\t\t\t<div class=\"img-inner dark\" >\n\t\t\t<img decoding=\"async\" width=\"900\" height=\"500\" data-src=\"https:\/\/b3871678.smushcdn.com\/3871678\/wp-content\/uploads\/2022\/01\/DISTRIBUTOR-OF-AQUAQUICK-2000-1.png?lossy=2&strip=1&webp=1\" class=\"attachment-large size-large lazyload\" alt=\"\" data-srcset=\"https:\/\/b3871678.smushcdn.com\/3871678\/wp-content\/uploads\/2022\/01\/DISTRIBUTOR-OF-AQUAQUICK-2000-1.png?lossy=2&strip=1&webp=1 900w, https:\/\/b3871678.smushcdn.com\/3871678\/wp-content\/uploads\/2022\/01\/DISTRIBUTOR-OF-AQUAQUICK-2000-1-510x283.png?lossy=2&strip=1&webp=1 510w, https:\/\/b3871678.smushcdn.com\/3871678\/wp-content\/uploads\/2022\/01\/DISTRIBUTOR-OF-AQUAQUICK-2000-1-500x278.png?lossy=2&strip=1&webp=1 500w, https:\/\/b3871678.smushcdn.com\/3871678\/wp-content\/uploads\/2022\/01\/DISTRIBUTOR-OF-AQUAQUICK-2000-1-768x427.png?lossy=2&strip=1&webp=1 768w, https:\/\/b3871678.smushcdn.com\/3871678\/wp-content\/uploads\/2022\/01\/DISTRIBUTOR-OF-AQUAQUICK-2000-1.png?size=204x113&lossy=2&strip=1&webp=1 204w, https:\/\/b3871678.smushcdn.com\/3871678\/wp-content\/uploads\/2022\/01\/DISTRIBUTOR-OF-AQUAQUICK-2000-1.png?size=408x227&lossy=2&strip=1&webp=1 408w, https:\/\/b3871678.smushcdn.com\/3871678\/wp-content\/uploads\/2022\/01\/DISTRIBUTOR-OF-AQUAQUICK-2000-1.png?size=612x340&lossy=2&strip=1&webp=1 612w\" data-sizes=\"auto\" title=\"\" src=\"data:image\/svg+xml;base64,PHN2ZyB3aWR0aD0iMSIgaGVpZ2h0PSIxIiB4bWxucz0iaHR0cDovL3d3dy53My5vcmcvMjAwMC9zdmciPjwvc3ZnPg==\" style=\"--smush-placeholder-width: 900px; --smush-placeholder-aspect-ratio: 900\/500;\" data-original-sizes=\"(max-width: 900px) 100vw, 900px\">\t\t\t\t\t\t\n\t\t\t\t\t<\/div>\n\t\t\t\t\t\t\t\t\n<style>\n#image_1191958918 {\n  width: 100%;\n}\n<\/style>\n\t<\/div>\n\t\n\t\t<\/div>\n\t\t\t\t\t<\/div>\n\n\t\n<\/div>\n\t\t<\/div>\n\n\t\t\n<style>\n#section_996934115 {\n  padding-top: 30px;\n  padding-bottom: 30px;\n  background-color: rgb(255, 255, 255);\n}\n#section_996934115 .section-bg-overlay {\n  background-color: rgba(240, 240, 240, 0);\n}\n<\/style>\n\t<\/section>","protected":false},"excerpt":{"rendered":"","protected":false},"author":1,"featured_media":9138,"parent":2564,"menu_order":0,"comment_status":"closed","ping_status":"closed","template":"page-blank.php","meta":{"cybocfi_hide_featured_image":"","footnotes":"","_links_to":"","_links_to_target":""},"class_list":["post-5715","page","type-page","status-publish","has-post-thumbnail","hentry"],"_links":{"self":[{"href":"https:\/\/www.aquaquick2000.com\/es\/wp-json\/wp\/v2\/pages\/5715","targetHints":{"allow":["GET"]}}],"collection":[{"href":"https:\/\/www.aquaquick2000.com\/es\/wp-json\/wp\/v2\/pages"}],"about":[{"href":"https:\/\/www.aquaquick2000.com\/es\/wp-json\/wp\/v2\/types\/page"}],"author":[{"embeddable":true,"href":"https:\/\/www.aquaquick2000.com\/es\/wp-json\/wp\/v2\/users\/1"}],"replies":[{"embeddable":true,"href":"https:\/\/www.aquaquick2000.com\/es\/wp-json\/wp\/v2\/comments?post=5715"}],"version-history":[{"count":0,"href":"https:\/\/www.aquaquick2000.com\/es\/wp-json\/wp\/v2\/pages\/5715\/revisions"}],"up":[{"embeddable":true,"href":"https:\/\/www.aquaquick2000.com\/es\/wp-json\/wp\/v2\/pages\/2564"}],"wp:featuredmedia":[{"embeddable":true,"href":"https:\/\/www.aquaquick2000.com\/es\/wp-json\/wp\/v2\/media\/9138"}],"wp:attachment":[{"href":"https:\/\/www.aquaquick2000.com\/es\/wp-json\/wp\/v2\/media?parent=5715"}],"curies":[{"name":"wp","href":"https:\/\/api.w.org\/{rel}","templated":true}]}}