{"id":5746,"date":"2020-11-03T11:35:52","date_gmt":"2020-11-03T11:35:52","guid":{"rendered":"https:\/\/www.aquaquick2000.com\/?page_id=5746"},"modified":"2023-01-27T10:32:28","modified_gmt":"2023-01-27T10:32:28","slug":"sorb-chem","status":"publish","type":"page","link":"https:\/\/www.aquaquick2000.com\/es\/distributors\/sorb-chem\/","title":{"rendered":"Sustancias qu\u00edmicas"},"content":{"rendered":"<section class=\"section\" id=\"section_2069947900\">\n\t\t<div class=\"section-bg fill\" >\n\t\t\t<img decoding=\"async\" width=\"1920\" height=\"441\" src=\"https:\/\/b3871678.smushcdn.com\/3871678\/wp-content\/uploads\/2020\/09\/aquaquick-2000-oil-cleaning-waterwave.jpg?lossy=2&strip=1&webp=1\" class=\"bg attachment- size-\" alt=\"\" title=\"\" srcset=\"https:\/\/b3871678.smushcdn.com\/3871678\/wp-content\/uploads\/2020\/09\/aquaquick-2000-oil-cleaning-waterwave.jpg?lossy=2&amp;strip=1&amp;webp=1 1920w, https:\/\/b3871678.smushcdn.com\/3871678\/wp-content\/uploads\/2020\/09\/aquaquick-2000-oil-cleaning-waterwave-510x117.jpg?lossy=2&amp;strip=1&amp;webp=1 510w, https:\/\/b3871678.smushcdn.com\/3871678\/wp-content\/uploads\/2020\/09\/aquaquick-2000-oil-cleaning-waterwave-500x115.jpg?lossy=2&amp;strip=1&amp;webp=1 500w, https:\/\/b3871678.smushcdn.com\/3871678\/wp-content\/uploads\/2020\/09\/aquaquick-2000-oil-cleaning-waterwave-1280x294.jpg?lossy=2&amp;strip=1&amp;webp=1 1280w, https:\/\/b3871678.smushcdn.com\/3871678\/wp-content\/uploads\/2020\/09\/aquaquick-2000-oil-cleaning-waterwave-768x176.jpg?lossy=2&amp;strip=1&amp;webp=1 768w, https:\/\/b3871678.smushcdn.com\/3871678\/wp-content\/uploads\/2020\/09\/aquaquick-2000-oil-cleaning-waterwave-1536x353.jpg?lossy=2&amp;strip=1&amp;webp=1 1536w, https:\/\/b3871678.smushcdn.com\/3871678\/wp-content\/uploads\/2020\/09\/aquaquick-2000-oil-cleaning-waterwave.jpg?size=204x47&amp;lossy=2&amp;strip=1&amp;webp=1 204w, https:\/\/b3871678.smushcdn.com\/3871678\/wp-content\/uploads\/2020\/09\/aquaquick-2000-oil-cleaning-waterwave.jpg?size=408x94&amp;lossy=2&amp;strip=1&amp;webp=1 408w, https:\/\/b3871678.smushcdn.com\/3871678\/wp-content\/uploads\/2020\/09\/aquaquick-2000-oil-cleaning-waterwave.jpg?size=612x141&amp;lossy=2&amp;strip=1&amp;webp=1 612w, https:\/\/b3871678.smushcdn.com\/3871678\/wp-content\/uploads\/2020\/09\/aquaquick-2000-oil-cleaning-waterwave.jpg?size=1020x234&amp;lossy=2&amp;strip=1&amp;webp=1 1020w\" sizes=\"(max-width: 1920px) 100vw, 1920px\">\t\t\t\t\t\t<div class=\"section-bg-overlay absolute fill\"><\/div>\n\t\t\t\n\n\t\t<\/div>\n\n\t\t\n\n\t\t<div class=\"section-content relative\">\n\t\t\t\n\n<div class=\"row row-collapse align-equal\"  id=\"row-156046799\">\n\n\n\t<div id=\"col-1922748837\" class=\"col small-12 large-12\"  >\n\t\t\t\t<div class=\"col-inner\"  >\n\t\t\t\n\t\t\t\n\n<h2 class=\"uppercase\" style=\"text-align: center;\">AQUAQUICK 2000 EN lituania ES VENDIDO POR Sorb Chem<\/h2>\n\n\t\t<\/div>\n\t\t\t\t\t<\/div>\n\n\t\n\n<\/div>\n\n\t\t<\/div>\n\n\t\t\n<style>\n#section_2069947900 {\n  padding-top: 45px;\n  padding-bottom: 45px;\n}\n#section_2069947900 .section-bg-overlay {\n  background-color: rgba(240, 240, 240, 0.64);\n}\n<\/style>\n\t<\/section>\n\t\n\n\t<section class=\"section\" id=\"section_520458947\">\n\t\t<div class=\"section-bg fill\" >\n\t\t\t\t\t\t\t\t\t<div class=\"section-bg-overlay absolute fill\"><\/div>\n\t\t\t\n\n\t\t<\/div>\n\n\t\t\n\n\t\t<div class=\"section-content relative\">\n\t\t\t\n\n<div class=\"row\"  id=\"row-1063864279\">\n\n\n\t<div id=\"col-348514156\" class=\"col medium-6 small-12 large-6\"  >\n\t\t\t\t<div class=\"col-inner\"  >\n\t\t\t\n\t\t\t\n\n<h3 class=\"widget-title\">Distribuidor de AQUAQUICK 2000 en Lituania<\/h3>\n<p class=\"widget-title\">UAB SORB CHEM repr\u00e9sente toute une gamme de fabricants europ\u00e9ens, qui font de la production des emplois et de l'environnement. UAB SORB ofrece una amplia gama de servicios. <\/p>\n<p>Sorb Chem tiene licencia para vender los productos AQUAQUICK en Lituania.<br><em><strong>Sorb Chem est\u00e1 aprobado por AQUAQUICK GLOBAL B.V.<\/strong><\/em><\/p>\n<h3>Datos de contacto de Sorb Chem<\/h3>\n<p>Sr. Darius Vaisnora<\/p>\n<ul>\n<li class=\"bullet-arrow\">Direcci\u00f3n: Titnago g. 12, LT-02300 Vilnius<\/li>\n<li class=\"bullet-arrow\">Correo electr\u00f3nico:<a href=\"mailto:info@sorbchem.lt\">info@sorbchem.lt<\/a><\/li>\n<li class=\"bullet-arrow\">Tel\u00e9fono\/fax de la empresa +370 5 265 3281&nbsp;<\/li>\n<li class=\"bullet-arrow\">N\u00famero de tel\u00e9fono alternativo 1. +370 690 96 265<\/li>\n<li class=\"bullet-arrow\">N\u00famero de tel\u00e9fono alternativo 2. +370 650 38 090<\/li>\n<\/ul>\n<h3>Sorb Chem es distribuidor no exclusivo en Lituania<\/h3>\n<a href=\"https:\/\/www.aquaquick2000.com\/es\/distribuidores\/\" class=\"button primary\" >\n\t\t<span>Todos los distribuidores de AQUAQUICK 2000<\/span>\n\t<\/a>\n\n\n\n\t\t<\/div>\n\t\t\t\t\t<\/div>\n\n\t\n\n\t<div id=\"col-1359799428\" class=\"col medium-6 small-12 large-6\"  >\n\t\t\t\t<div class=\"col-inner\" style=\"background-color:rgb(240, 240, 240);\" >\n\t\t\t\n\t\t\t\n\n<div class=\"accordion\">\n\n\t<div id=\"accordion-9609120\" class=\"accordion-item\">\n\t\t<a id=\"accordion-9609120-label\" class=\"accordion-title plain active\" href=\"#accordion-item-aquaquick-2000-in-lithuania\" aria-expanded=\"true\" aria-controls=\"accordion-9609120-content\">\n\t\t\t<button class=\"toggle\" aria-label=\"Toggle\"><i class=\"icon-angle-down\" aria-hidden=\"true\"><\/i><\/button>\n\t\t\t<span>AQUAQUICK 2000 en Lituania<\/span>\n\t\t<\/a>\n\t\t<div id=\"accordion-9609120-content\" class=\"accordion-inner\" style=\"display: block;\" aria-labelledby=\"accordion-9609120-label\">\n\t\t\t\n\n<p>Para comprar AQUAQUICK 2000 directamente en <b>Lituania<\/b> puede ponerse en contacto con nuestro distribuidor local <strong>Sustancias qu\u00edmicas<\/strong>.<\/p>\n<p>AQUAQUICK 2000 puede adquirirse en cualquier pa\u00eds del mundo y es la soluci\u00f3n n\u00famero uno para la limpieza de vertidos de petr\u00f3leo.<\/p>\n\n\t\t<\/div>\n\t<\/div>\n\t\n\t<div id=\"accordion-3616939277\" class=\"accordion-item\">\n\t\t<a id=\"accordion-3616939277-label\" class=\"accordion-title plain\" href=\"#accordion-item-oil-spills-in-lithuania\" aria-expanded=\"false\" aria-controls=\"accordion-3616939277-content\">\n\t\t\t<button class=\"toggle\" aria-label=\"Toggle\"><i class=\"icon-angle-down\" aria-hidden=\"true\"><\/i><\/button>\n\t\t\t<span>Vertidos de petr\u00f3leo en Lituania<\/span>\n\t\t<\/a>\n\t\t<div id=\"accordion-3616939277-content\" class=\"accordion-inner\" aria-labelledby=\"accordion-3616939277-label\">\n\t\t\t\n\n<p>Para una soluci\u00f3n inmediata y respetuosa con el medio ambiente, lo mejor es utilizar AQUAQUICK 2000. Si encuentra alg\u00fan derrame de aceite en <strong>Lituania<\/strong> puede ponerse en contacto con <strong>Sustancias qu\u00edmicas<\/strong> para el suministro de AQUAQUICK 2000.<\/p>\n\n\t\t<\/div>\n\t<\/div>\n\t\n\t<div id=\"accordion-1672944819\" class=\"accordion-item\">\n\t\t<a id=\"accordion-1672944819-label\" class=\"accordion-title plain\" href=\"#accordion-item-about-sorb-chem\" aria-expanded=\"false\" aria-controls=\"accordion-1672944819-content\">\n\t\t\t<button class=\"toggle\" aria-label=\"Toggle\"><i class=\"icon-angle-down\" aria-hidden=\"true\"><\/i><\/button>\n\t\t\t<span>Acerca de Sorb Chem<\/span>\n\t\t<\/a>\n\t\t<div id=\"accordion-1672944819-content\" class=\"accordion-inner\" aria-labelledby=\"accordion-1672944819-label\">\n\t\t\t\n\n<h3>Acerca de UAB Sorb Chem<\/h3>\n<p>UAB \"SORB CHEM\" representa a una serie de fabricantes europeos, cuyos productos est\u00e1n dise\u00f1ados para la protecci\u00f3n de los puestos de trabajo y el medio ambiente, la eliminaci\u00f3n de los accidentes ecol\u00f3gicos<\/p>\n<ul>\n<li class=\"bullet-arrow\">Instalaciones de deshidrataci\u00f3n y ablandamiento del agua.<\/li>\n<li class=\"bullet-arrow\">Dispositivos y sistemas para la preparaci\u00f3n de agua desmineralizada y desionizada.<\/li>\n<li class=\"bullet-arrow\">Dispositivos para laboratorios y protecci\u00f3n del medio ambiente.<\/li>\n<li class=\"bullet-arrow\">Aparatos y sistemas para la producci\u00f3n de agua utilizada para: acumuladores, planchado, evaporaci\u00f3n, preparaci\u00f3n de soluciones refrigerantes, preparaci\u00f3n de soluciones usadas Euro 5 (adblue).<\/li>\n<li class=\"bullet-arrow\">Bombas resistentes a los productos qu\u00edmicos.<\/li>\n<li class=\"bullet-arrow\">Bombas con acoplamientos magn\u00e9ticos.<\/li>\n<li class=\"bullet-arrow\">Aparatos y sistemas para filtrar soluciones galv\u00e1nicas.<\/li>\n<li class=\"bullet-arrow\">Diversos materiales absorbentes de l\u00edquidos y sorbentes.<\/li>\n<li class=\"bullet-arrow\">S\u00f3lo medios y materiales para absorber y amortiguar los productos derivados del petr\u00f3leo.<\/li>\n<li class=\"bullet-arrow\">Absorbentes para la absorci\u00f3n de productos qu\u00edmicos agresivos y concentrados.<\/li>\n<li class=\"bullet-arrow\">Absorbentes para el montaje de kits ADR para transporte terrestre y acu\u00e1tico.<\/li>\n<li class=\"bullet-arrow\">Medidas y materiales para recoger l\u00edquidos derramados y mantener limpios los lugares de trabajo.<\/li>\n<li class=\"bullet-arrow\">Detergente ecol\u00f3gico para productos petrol\u00edferos - splitter \"AQUAQUICK2000\" - para descomponer y limpiar el aceite y otros productos grasientos de diversas superficies, as\u00ed como del agua.<\/li>\n<li class=\"bullet-arrow\">Materiales para la filtraci\u00f3n de diversas soluciones.<\/li>\n<li class=\"bullet-arrow\">Medidas de sellado y bloqueo de tuber\u00edas.<\/li>\n<li class=\"bullet-arrow\">Airbags - para levantar diversas cargas pesadas.<\/li>\n<li class=\"bullet-arrow\">Alfombras adhesivas para salas especialmente limpias: antibacterianas, antiest\u00e1ticas.<\/li>\n<li class=\"bullet-arrow\">Productos de polipropileno: antihundimiento - flotadores y otras cuerdas, redes diversas.<\/li>\n<li class=\"bullet-arrow\">Filtros de agua, sistemas de purificaci\u00f3n de agua.<\/li>\n<\/ul>\n\n\t\t<\/div>\n\t<\/div>\n\t\n\n<\/div>\n\t<div class=\"img has-hover x md-x lg-x y md-y lg-y\" id=\"image_1514987927\">\n\t\t\t\t\t\t\t\t<div class=\"img-inner dark\" >\n\t\t\t<img decoding=\"async\" width=\"500\" height=\"149\" data-src=\"https:\/\/b3871678.smushcdn.com\/3871678\/wp-content\/uploads\/2020\/09\/AQUAQUICK-2000-DISTRIBUTOR-LOGOS_0000_sorb-chem-aquaquick2000.jpg?lossy=2&strip=1&webp=1\" class=\"attachment-large size-large lazyload\" alt=\"\" title=\"\" data-srcset=\"https:\/\/b3871678.smushcdn.com\/3871678\/wp-content\/uploads\/2020\/09\/AQUAQUICK-2000-DISTRIBUTOR-LOGOS_0000_sorb-chem-aquaquick2000.jpg?lossy=2&amp;strip=1&amp;webp=1 500w, https:\/\/b3871678.smushcdn.com\/3871678\/wp-content\/uploads\/2020\/09\/AQUAQUICK-2000-DISTRIBUTOR-LOGOS_0000_sorb-chem-aquaquick2000.jpg?size=204x61&amp;lossy=2&amp;strip=1&amp;webp=1 204w, https:\/\/b3871678.smushcdn.com\/3871678\/wp-content\/uploads\/2020\/09\/AQUAQUICK-2000-DISTRIBUTOR-LOGOS_0000_sorb-chem-aquaquick2000.jpg?size=408x122&amp;lossy=2&amp;strip=1&amp;webp=1 408w\" data-sizes=\"auto\" src=\"data:image\/svg+xml;base64,PHN2ZyB3aWR0aD0iMSIgaGVpZ2h0PSIxIiB4bWxucz0iaHR0cDovL3d3dy53My5vcmcvMjAwMC9zdmciPjwvc3ZnPg==\" style=\"--smush-placeholder-width: 500px; --smush-placeholder-aspect-ratio: 500\/149;\" data-original-sizes=\"(max-width: 500px) 100vw, 500px\">\t\t\t\t\t\t\n\t\t\t\t\t<\/div>\n\t\t\t\t\t\t\t\t\n<style>\n#image_1514987927 {\n  width: 100%;\n}\n<\/style>\n\t<\/div>\n\t\n\n\n\t\t<\/div>\n\t\t\t\t\t<\/div>\n\n\t\n\n<\/div>\n\n\t\t<\/div>\n\n\t\t\n<style>\n#section_520458947 {\n  padding-top: 30px;\n  padding-bottom: 30px;\n  background-color: rgb(255, 255, 255);\n}\n#section_520458947 .section-bg-overlay {\n  background-color: rgba(240, 240, 240, 0);\n}\n<\/style>\n\t<\/section>","protected":false},"excerpt":{"rendered":"","protected":false},"author":1,"featured_media":5587,"parent":2564,"menu_order":0,"comment_status":"closed","ping_status":"closed","template":"page-blank.php","meta":{"cybocfi_hide_featured_image":"","footnotes":"","_links_to":"","_links_to_target":""},"class_list":["post-5746","page","type-page","status-publish","has-post-thumbnail","hentry"],"_links":{"self":[{"href":"https:\/\/www.aquaquick2000.com\/es\/wp-json\/wp\/v2\/pages\/5746","targetHints":{"allow":["GET"]}}],"collection":[{"href":"https:\/\/www.aquaquick2000.com\/es\/wp-json\/wp\/v2\/pages"}],"about":[{"href":"https:\/\/www.aquaquick2000.com\/es\/wp-json\/wp\/v2\/types\/page"}],"author":[{"embeddable":true,"href":"https:\/\/www.aquaquick2000.com\/es\/wp-json\/wp\/v2\/users\/1"}],"replies":[{"embeddable":true,"href":"https:\/\/www.aquaquick2000.com\/es\/wp-json\/wp\/v2\/comments?post=5746"}],"version-history":[{"count":0,"href":"https:\/\/www.aquaquick2000.com\/es\/wp-json\/wp\/v2\/pages\/5746\/revisions"}],"up":[{"embeddable":true,"href":"https:\/\/www.aquaquick2000.com\/es\/wp-json\/wp\/v2\/pages\/2564"}],"wp:featuredmedia":[{"embeddable":true,"href":"https:\/\/www.aquaquick2000.com\/es\/wp-json\/wp\/v2\/media\/5587"}],"wp:attachment":[{"href":"https:\/\/www.aquaquick2000.com\/es\/wp-json\/wp\/v2\/media?parent=5746"}],"curies":[{"name":"wp","href":"https:\/\/api.w.org\/{rel}","templated":true}]}}