{"id":8668,"date":"2020-11-20T23:07:35","date_gmt":"2020-11-20T23:07:35","guid":{"rendered":"https:\/\/www.aquaquick2000.com\/?page_id=8668"},"modified":"2023-01-27T10:25:47","modified_gmt":"2023-01-27T10:25:47","slug":"acerca-de-la-marca-aquaquick-libya","status":"publish","type":"page","link":"https:\/\/www.aquaquick2000.com\/es\/brand-history\/about-the-aquaquick-libya-brand\/","title":{"rendered":"Acerca de la marca AQUAQUICK Libia"},"content":{"rendered":"<section class=\"section\" id=\"section_213714924\">\n\t\t<div class=\"section-bg fill\" >\n\t\t\t<img decoding=\"async\" width=\"1920\" height=\"1200\" src=\"https:\/\/b3871678.smushcdn.com\/3871678\/wp-content\/uploads\/2020\/09\/AQUAQUICK-2000-Bubbles-Background.jpg?lossy=2&strip=1&webp=1\" class=\"bg attachment- size-\" alt=\"\" title=\"\" srcset=\"https:\/\/b3871678.smushcdn.com\/3871678\/wp-content\/uploads\/2020\/09\/AQUAQUICK-2000-Bubbles-Background.jpg?lossy=2&amp;strip=1&amp;webp=1 1920w, https:\/\/b3871678.smushcdn.com\/3871678\/wp-content\/uploads\/2020\/09\/AQUAQUICK-2000-Bubbles-Background-510x319.jpg?lossy=2&amp;strip=1&amp;webp=1 510w, https:\/\/b3871678.smushcdn.com\/3871678\/wp-content\/uploads\/2020\/09\/AQUAQUICK-2000-Bubbles-Background-500x313.jpg?lossy=2&amp;strip=1&amp;webp=1 500w, https:\/\/b3871678.smushcdn.com\/3871678\/wp-content\/uploads\/2020\/09\/AQUAQUICK-2000-Bubbles-Background-1280x800.jpg?lossy=2&amp;strip=1&amp;webp=1 1280w, https:\/\/b3871678.smushcdn.com\/3871678\/wp-content\/uploads\/2020\/09\/AQUAQUICK-2000-Bubbles-Background-768x480.jpg?lossy=2&amp;strip=1&amp;webp=1 768w, https:\/\/b3871678.smushcdn.com\/3871678\/wp-content\/uploads\/2020\/09\/AQUAQUICK-2000-Bubbles-Background-1536x960.jpg?lossy=2&amp;strip=1&amp;webp=1 1536w, https:\/\/b3871678.smushcdn.com\/3871678\/wp-content\/uploads\/2020\/09\/AQUAQUICK-2000-Bubbles-Background.jpg?size=204x128&amp;lossy=2&amp;strip=1&amp;webp=1 204w, https:\/\/b3871678.smushcdn.com\/3871678\/wp-content\/uploads\/2020\/09\/AQUAQUICK-2000-Bubbles-Background.jpg?size=408x255&amp;lossy=2&amp;strip=1&amp;webp=1 408w, https:\/\/b3871678.smushcdn.com\/3871678\/wp-content\/uploads\/2020\/09\/AQUAQUICK-2000-Bubbles-Background.jpg?size=612x383&amp;lossy=2&amp;strip=1&amp;webp=1 612w, https:\/\/b3871678.smushcdn.com\/3871678\/wp-content\/uploads\/2020\/09\/AQUAQUICK-2000-Bubbles-Background.jpg?size=1020x638&amp;lossy=2&amp;strip=1&amp;webp=1 1020w\" sizes=\"(max-width: 1920px) 100vw, 1920px\">\t\t\t\t\t\t<div class=\"section-bg-overlay absolute fill\"><\/div>\n\t\t\t\n\n\t\t<\/div>\n\n\t\t\n\n\t\t<div class=\"section-content relative\">\n\t\t\t\n\n<div class=\"row align-middle\"  id=\"row-1832192063\">\n\n\n\t<div id=\"col-1691630170\" class=\"col small-12 large-12\"  >\n\t\t\t\t<div class=\"col-inner\"  >\n\t\t\t\n\t\t\t\n\n\t<div id=\"gap-231047127\" class=\"gap-element clearfix\" style=\"display:block; height:auto;\">\n\t\t\n<style>\n#gap-231047127 {\n  padding-top: 30px;\n}\n<\/style>\n\t<\/div>\n\t\n\n<h1>M\u00e1s informaci\u00f3n sobre la marca AQUAQUICK LIBYA<\/h1>\n<p><strong>AQUAQUICK LIBIA es una marca propiedad de AQUAQUICK GLOBAL BV<\/strong><\/p>\n\n\t\t<\/div>\n\t\t\t\t\t<\/div>\n\n\t\n\n<\/div>\n\n\t\t<\/div>\n\n\t\t\n<style>\n#section_213714924 {\n  padding-top: 30px;\n  padding-bottom: 30px;\n}\n#section_213714924 .section-bg-overlay {\n  background-color: rgba(255, 255, 255, 0.6);\n}\n#section_213714924 .section-bg img {\n  object-position: 6% 57%;\n}\n<\/style>\n\t<\/section>\n\t\n\n\t<section class=\"section\" id=\"section_962176749\">\n\t\t<div class=\"section-bg fill\" >\n\t\t\t\t\t\t\t\t\t\n\t\t\t\n\n\t\t<\/div>\n\n\t\t\n\n\t\t<div class=\"section-content relative\">\n\t\t\t\n\n<div class=\"row\"  id=\"row-2070074038\">\n\n\n\t<div id=\"col-2055067653\" class=\"col medium-7 small-12 large-7\"  >\n\t\t\t\t<div class=\"col-inner\"  >\n\t\t\t\n\t\t\t\n\n<h2>Producto AQUAQUICK 2000 en Libia<\/h2>\n<div>Cuando se trata de AQUAQUICK 2000 en Libia, el producto es muy conocido entre las empresas de la industria petrolera. Durante muchas d\u00e9cadas las empresas con sede en Libia han estado utilizando AQUAQUICK 2000 para limpiar los derrames de petr\u00f3leo, as\u00ed como sesiones de limpieza de mantenimiento con \u00e9xito para evitar un cierre de la empresa. AQUAQUICK 2000 se ha aplicado en muchas empresas en Libia para mejorar las condiciones de trabajo, as\u00ed como el medio ambiente y las condiciones de salud para los lugare\u00f1os, los usuarios del producto y los animales que viven cerca de los lugares de derrame de petr\u00f3leo en Libia.<\/div>\n<div>&nbsp;<\/div>\n<h2>Comprar AQUAQUICK 2000 en Libia<\/h2>\n<div>AQUAQUICK 2000 puede adquirirse directamente a trav\u00e9s de uno de los distribuidores designados en Libia o puede adquirirse directamente a trav\u00e9s de nosotros cuando no pueda ponerse en contacto con uno de los distribuidores locales actualmente. Puede ponerse en contacto con nosotros enviando un correo electr\u00f3nico a business@aquaquick2000.com para obtener m\u00e1s informaci\u00f3n sobre la situaci\u00f3n actual de AQUAQUICK 2000 en Libia.&nbsp;<\/div>\n<div>&nbsp;<\/div>\n<h2>AQUAQUICK LIBIA Derechos de autor e infracci\u00f3n de marca&nbsp;<\/h2>\n<div>La marca AQUAQUICK LIBIA no puede ser copiada o utilizada por nadie m\u00e1s que AQUAQUICK GLOBAL B.V a menos que, siempre que los derechos legales y notificaci\u00f3n por escrito directamente de AQUAQUICK GLOBAL B.V. Todas las marcas, productos, marcas comerciales, etc. relacionados con AQUAQUICK y AQUAQUICK 2000 son propiedad legal de AQUAQUICK GLOBAL B.V.&nbsp;<\/div>\n<div>&nbsp;<\/div>\n<div>Si desea m\u00e1s informaci\u00f3n sobre la gama de productos AQUAQUICK o la marca AQUAQUICK, p\u00f3ngase en contacto con nosotros directamente en business@aquaquick2000.com.<\/div>\n\n\t\t<\/div>\n\t\t\t\t\t<\/div>\n\n\t\n\n\t<div id=\"col-102425164\" class=\"col medium-5 small-12 large-5\"  >\n\t\t\t\t<div class=\"col-inner\"  >\n\t\t\t\n\t\t\t\n\n<div class=\"row\"  id=\"row-741939243\">\n\n\n\t<div id=\"col-1431370603\" class=\"col small-12 large-12\"  >\n\t\t\t\t<div class=\"col-inner\"  >\n\t\t\t\n\t\t\t\n\n<h2>Acerca de AQUAQUICK LIBIA<\/h2>\n<ul>\n<li class=\"bullet-checkmark\">AQUAQUICK 2000 est\u00e1 disponible en Libia<\/li>\n<li class=\"bullet-checkmark\">AQUAQUICK LIBIA es de nuestra propiedad<\/li>\n<li class=\"bullet-checkmark\">AQUAQUICK 2000 Soluci\u00f3n Total Limpiadora de Aceite<\/li>\n<li class=\"bullet-checkmark\">Gran historial en Libia con AQUAQUICK 2000<\/li><li class=\"bullet-checkmark\">www.aquaquicklibya.com est\u00e1 reservado para nosotros<\/li>\n<\/ul>\n\n\t\t<\/div>\n\t\t\t\t\t<\/div>\n\n\t\n\n\n<style>\n#row-741939243 > .col > .col-inner {\n  padding: 22px 15px 0px 15px;\n  background-color: rgb(242, 242, 242);\n}\n<\/style>\n<\/div>\n\t<div class=\"img has-hover x md-x lg-x y md-y lg-y\" id=\"image_1366366089\">\n\t\t\t\t\t\t\t\t<div class=\"img-inner dark\" >\n\t\t\t<img decoding=\"async\" width=\"1020\" height=\"230\" data-src=\"https:\/\/b3871678.smushcdn.com\/3871678\/wp-content\/uploads\/2020\/11\/AQUAQUICK-LIBYa-MIDSIZE-format-sheet-psd-1280x289.png?lossy=2&strip=1&webp=1\" class=\"attachment-large size-large lazyload\" alt=\"\" data-srcset=\"https:\/\/b3871678.smushcdn.com\/3871678\/wp-content\/uploads\/2020\/11\/AQUAQUICK-LIBYa-MIDSIZE-format-sheet-psd-1280x289.png?lossy=2&strip=1&webp=1 1280w, https:\/\/b3871678.smushcdn.com\/3871678\/wp-content\/uploads\/2020\/11\/AQUAQUICK-LIBYa-MIDSIZE-format-sheet-psd-510x115.png?lossy=2&strip=1&webp=1 510w, https:\/\/b3871678.smushcdn.com\/3871678\/wp-content\/uploads\/2020\/11\/AQUAQUICK-LIBYa-MIDSIZE-format-sheet-psd-500x113.png?lossy=2&strip=1&webp=1 500w, https:\/\/b3871678.smushcdn.com\/3871678\/wp-content\/uploads\/2020\/11\/AQUAQUICK-LIBYa-MIDSIZE-format-sheet-psd-768x174.png?lossy=2&strip=1&webp=1 768w, https:\/\/b3871678.smushcdn.com\/3871678\/wp-content\/uploads\/2020\/11\/AQUAQUICK-LIBYa-MIDSIZE-format-sheet-psd.png?lossy=2&strip=1&webp=1 1500w, https:\/\/b3871678.smushcdn.com\/3871678\/wp-content\/uploads\/2020\/11\/AQUAQUICK-LIBYa-MIDSIZE-format-sheet-psd.png?size=204x46&lossy=2&strip=1&webp=1 204w, https:\/\/b3871678.smushcdn.com\/3871678\/wp-content\/uploads\/2020\/11\/AQUAQUICK-LIBYa-MIDSIZE-format-sheet-psd.png?size=408x92&lossy=2&strip=1&webp=1 408w, https:\/\/b3871678.smushcdn.com\/3871678\/wp-content\/uploads\/2020\/11\/AQUAQUICK-LIBYa-MIDSIZE-format-sheet-psd.png?size=612x138&lossy=2&strip=1&webp=1 612w, https:\/\/b3871678.smushcdn.com\/3871678\/wp-content\/uploads\/2020\/11\/AQUAQUICK-LIBYa-MIDSIZE-format-sheet-psd.png?size=1020x230&lossy=2&strip=1&webp=1 1020w\" data-sizes=\"auto\" title=\"\" src=\"data:image\/svg+xml;base64,PHN2ZyB3aWR0aD0iMSIgaGVpZ2h0PSIxIiB4bWxucz0iaHR0cDovL3d3dy53My5vcmcvMjAwMC9zdmciPjwvc3ZnPg==\" style=\"--smush-placeholder-width: 1020px; --smush-placeholder-aspect-ratio: 1020\/230;\" data-original-sizes=\"(max-width: 1020px) 100vw, 1020px\">\t\t\t\t\t\t\n\t\t\t\t\t<\/div>\n\t\t\t\t\t\t\t\t\n<style>\n#image_1366366089 {\n  width: 100%;\n}\n<\/style>\n\t<\/div>\n\t\n\n\t<div class=\"img has-hover x md-x lg-x y md-y lg-y\" id=\"image_1273654097\">\n\t\t\t\t\t\t\t\t<div class=\"img-inner dark\" >\n\t\t\t<img decoding=\"async\" width=\"1020\" height=\"510\" data-src=\"https:\/\/b3871678.smushcdn.com\/3871678\/wp-content\/uploads\/2020\/09\/AQUAQUICK-2000-in-Libya.png?lossy=2&strip=1&webp=1\" class=\"attachment-large size-large lazyload\" alt=\"\" data-srcset=\"https:\/\/b3871678.smushcdn.com\/3871678\/wp-content\/uploads\/2020\/09\/AQUAQUICK-2000-in-Libya.png?lossy=2&strip=1&webp=1 1024w, https:\/\/b3871678.smushcdn.com\/3871678\/wp-content\/uploads\/2020\/09\/AQUAQUICK-2000-in-Libya-510x255.png?lossy=2&strip=1&webp=1 510w, https:\/\/b3871678.smushcdn.com\/3871678\/wp-content\/uploads\/2020\/09\/AQUAQUICK-2000-in-Libya-500x250.png?lossy=2&strip=1&webp=1 500w, https:\/\/b3871678.smushcdn.com\/3871678\/wp-content\/uploads\/2020\/09\/AQUAQUICK-2000-in-Libya-768x384.png?lossy=2&strip=1&webp=1 768w, https:\/\/b3871678.smushcdn.com\/3871678\/wp-content\/uploads\/2020\/09\/AQUAQUICK-2000-in-Libya.png?size=204x102&lossy=2&strip=1&webp=1 204w, https:\/\/b3871678.smushcdn.com\/3871678\/wp-content\/uploads\/2020\/09\/AQUAQUICK-2000-in-Libya.png?size=408x204&lossy=2&strip=1&webp=1 408w, https:\/\/b3871678.smushcdn.com\/3871678\/wp-content\/uploads\/2020\/09\/AQUAQUICK-2000-in-Libya.png?size=612x306&lossy=2&strip=1&webp=1 612w\" data-sizes=\"auto\" title=\"\" src=\"data:image\/svg+xml;base64,PHN2ZyB3aWR0aD0iMSIgaGVpZ2h0PSIxIiB4bWxucz0iaHR0cDovL3d3dy53My5vcmcvMjAwMC9zdmciPjwvc3ZnPg==\" style=\"--smush-placeholder-width: 1020px; --smush-placeholder-aspect-ratio: 1020\/510;\" data-original-sizes=\"(max-width: 1020px) 100vw, 1020px\">\t\t\t\t\t\t\n\t\t\t\t\t<\/div>\n\t\t\t\t\t\t\t\t\n<style>\n#image_1273654097 {\n  width: 100%;\n}\n<\/style>\n\t<\/div>\n\t\n\n\n\t\t<\/div>\n\t\t\t\t\t<\/div>\n\n\t\n\n<\/div>\n\n\t\t<\/div>\n\n\t\t\n<style>\n#section_962176749 {\n  padding-top: 30px;\n  padding-bottom: 30px;\n}\n<\/style>\n\t<\/section>","protected":false},"excerpt":{"rendered":"","protected":false},"author":1,"featured_media":8711,"parent":8666,"menu_order":0,"comment_status":"closed","ping_status":"closed","template":"page-blank.php","meta":{"cybocfi_hide_featured_image":"","footnotes":"","_links_to":"","_links_to_target":""},"class_list":["post-8668","page","type-page","status-publish","has-post-thumbnail","hentry"],"_links":{"self":[{"href":"https:\/\/www.aquaquick2000.com\/es\/wp-json\/wp\/v2\/pages\/8668","targetHints":{"allow":["GET"]}}],"collection":[{"href":"https:\/\/www.aquaquick2000.com\/es\/wp-json\/wp\/v2\/pages"}],"about":[{"href":"https:\/\/www.aquaquick2000.com\/es\/wp-json\/wp\/v2\/types\/page"}],"author":[{"embeddable":true,"href":"https:\/\/www.aquaquick2000.com\/es\/wp-json\/wp\/v2\/users\/1"}],"replies":[{"embeddable":true,"href":"https:\/\/www.aquaquick2000.com\/es\/wp-json\/wp\/v2\/comments?post=8668"}],"version-history":[{"count":0,"href":"https:\/\/www.aquaquick2000.com\/es\/wp-json\/wp\/v2\/pages\/8668\/revisions"}],"up":[{"embeddable":true,"href":"https:\/\/www.aquaquick2000.com\/es\/wp-json\/wp\/v2\/pages\/8666"}],"wp:featuredmedia":[{"embeddable":true,"href":"https:\/\/www.aquaquick2000.com\/es\/wp-json\/wp\/v2\/media\/8711"}],"wp:attachment":[{"href":"https:\/\/www.aquaquick2000.com\/es\/wp-json\/wp\/v2\/media?parent=8668"}],"curies":[{"name":"wp","href":"https:\/\/api.w.org\/{rel}","templated":true}]}}