{"id":9168,"date":"2022-07-06T13:59:59","date_gmt":"2022-07-06T13:59:59","guid":{"rendered":"https:\/\/www.aquaquick2000.com\/?page_id=9168"},"modified":"2025-12-25T13:23:33","modified_gmt":"2025-12-25T13:23:33","slug":"fabrica-afdal-al-tanzif-para-detergentes","status":"publish","type":"page","link":"https:\/\/www.aquaquick2000.com\/es\/distributors\/factory-afdal-al-tanzif-for-detergents\/","title":{"rendered":"F\u00e1brica Afdal Al-Tanzif de Detergentes"},"content":{"rendered":"<section class=\"section\" id=\"section_429345182\">\n\t\t<div class=\"section-bg fill\" >\n\t\t\t<img decoding=\"async\" width=\"1920\" height=\"441\" src=\"https:\/\/b3871678.smushcdn.com\/3871678\/wp-content\/uploads\/2020\/09\/aquaquick-2000-oil-cleaning-waterwave.jpg?lossy=2&strip=1&webp=1\" class=\"bg attachment- size-\" alt=\"\" title=\"\" srcset=\"https:\/\/b3871678.smushcdn.com\/3871678\/wp-content\/uploads\/2020\/09\/aquaquick-2000-oil-cleaning-waterwave.jpg?lossy=2&amp;strip=1&amp;webp=1 1920w, https:\/\/b3871678.smushcdn.com\/3871678\/wp-content\/uploads\/2020\/09\/aquaquick-2000-oil-cleaning-waterwave-510x117.jpg?lossy=2&amp;strip=1&amp;webp=1 510w, https:\/\/b3871678.smushcdn.com\/3871678\/wp-content\/uploads\/2020\/09\/aquaquick-2000-oil-cleaning-waterwave-500x115.jpg?lossy=2&amp;strip=1&amp;webp=1 500w, https:\/\/b3871678.smushcdn.com\/3871678\/wp-content\/uploads\/2020\/09\/aquaquick-2000-oil-cleaning-waterwave-1280x294.jpg?lossy=2&amp;strip=1&amp;webp=1 1280w, https:\/\/b3871678.smushcdn.com\/3871678\/wp-content\/uploads\/2020\/09\/aquaquick-2000-oil-cleaning-waterwave-768x176.jpg?lossy=2&amp;strip=1&amp;webp=1 768w, https:\/\/b3871678.smushcdn.com\/3871678\/wp-content\/uploads\/2020\/09\/aquaquick-2000-oil-cleaning-waterwave-1536x353.jpg?lossy=2&amp;strip=1&amp;webp=1 1536w, https:\/\/b3871678.smushcdn.com\/3871678\/wp-content\/uploads\/2020\/09\/aquaquick-2000-oil-cleaning-waterwave.jpg?size=204x47&amp;lossy=2&amp;strip=1&amp;webp=1 204w, https:\/\/b3871678.smushcdn.com\/3871678\/wp-content\/uploads\/2020\/09\/aquaquick-2000-oil-cleaning-waterwave.jpg?size=408x94&amp;lossy=2&amp;strip=1&amp;webp=1 408w, https:\/\/b3871678.smushcdn.com\/3871678\/wp-content\/uploads\/2020\/09\/aquaquick-2000-oil-cleaning-waterwave.jpg?size=612x141&amp;lossy=2&amp;strip=1&amp;webp=1 612w, https:\/\/b3871678.smushcdn.com\/3871678\/wp-content\/uploads\/2020\/09\/aquaquick-2000-oil-cleaning-waterwave.jpg?size=1020x234&amp;lossy=2&amp;strip=1&amp;webp=1 1020w\" sizes=\"(max-width: 1920px) 100vw, 1920px\">\t\t\t\t\t\t<div class=\"section-bg-overlay absolute fill\"><\/div>\n\t\t\t\n\n\t\t<\/div>\n\n\t\t\n\n\t\t<div class=\"section-content relative\">\n\t\t\t\n\n<div class=\"row row-collapse align-equal\"  id=\"row-1412014172\">\n\n\n\t<div id=\"col-1412624892\" class=\"col small-12 large-12\"  >\n\t\t\t\t<div class=\"col-inner\"  >\n\t\t\t\n\t\t\t\n\n\t<div id=\"text-3603336671\" class=\"text\">\n\t\t\n\n<h2 class=\"uppercase\" style=\"text-align: center;\">Distribuidor exclusivo para Arabia Saud\u00ed, es F\u00e1brica Afdal al-Tanzif Para Detergentes<\/h2>\n\t\t\n<style>\n#text-3603336671 {\n  color: rgb(31, 31, 31);\n}\n#text-3603336671 > * {\n  color: rgb(31, 31, 31);\n}\n<\/style>\n\t<\/div>\n\t\n\n\t\t<\/div>\n\t\t\t\t\t<\/div>\n\n\t\n\n<\/div>\n\n\t\t<\/div>\n\n\t\t\n<style>\n#section_429345182 {\n  padding-top: 45px;\n  padding-bottom: 45px;\n}\n#section_429345182 .section-bg-overlay {\n  background-color: rgba(240, 240, 240, 0.64);\n}\n<\/style>\n\t<\/section>\n\t\n\n\t<section class=\"section\" id=\"section_1733186541\">\n\t\t<div class=\"section-bg fill\" >\n\t\t\t\t\t\t\t\t\t<div class=\"section-bg-overlay absolute fill\"><\/div>\n\t\t\t\n\n\t\t<\/div>\n\n\t\t\n\n\t\t<div class=\"section-content relative\">\n\t\t\t\n\n<div class=\"row\"  id=\"row-1578691406\">\n\n\n\t<div id=\"col-564650611\" class=\"col medium-6 small-12 large-6\"  >\n\t\t\t\t<div class=\"col-inner\"  >\n\t\t\t\n\t\t\t\n\n<h3 class=\"widget-title\">Distribuidor de AQUAQUICK 2000 en Arabia Saud\u00ed.<\/h3>\n<p>F\u00e1brica Afdal al-Tanzif Para Detergentes. tiene licencia para vender los productos AQUAQUICK en Arabia Saudita<\/p>\n<p><em><strong>F\u00e1brica Afdal al-Tanzif Para Detergentes. est\u00e1 aprobado por AQUAQUICK GLOBAL B.V.<\/strong><\/em><\/p>\n<h3>Datos de contacto de la f\u00e1brica Afdal al-Tanzif para detergentes.<\/h3>\n<p>abdullah@bestcleansa.com<br \/>+966555553656<\/p>\n<a href=\"https:\/\/www.aquaquick2000.com\/es\/distribuidores\/\" class=\"button primary\" >\n\t\t<span>Todos los distribuidores de AQUAQUICK 2000<\/span>\n\t<\/a>\n\n\n\t<div class=\"img has-hover x md-x lg-x y md-y lg-y\" id=\"image_850635825\">\n\t\t\t\t\t\t\t\t<div class=\"img-inner dark\" style=\"margin:10px 0px 0px 0px;\">\n\t\t\t<img decoding=\"async\" width=\"500\" height=\"136\" data-src=\"https:\/\/b3871678.smushcdn.com\/3871678\/wp-content\/uploads\/2022\/07\/Factory-Afdal-Al-tanzif-for-detergents-1-e1657115671216.png?lossy=2&strip=1&webp=1\" class=\"attachment-large size-large lazyload\" alt=\"\" title=\"\" data-srcset=\"https:\/\/b3871678.smushcdn.com\/3871678\/wp-content\/uploads\/2022\/07\/Factory-Afdal-Al-tanzif-for-detergents-1-e1657115671216.png?lossy=2&amp;strip=1&amp;webp=1 500w, https:\/\/b3871678.smushcdn.com\/3871678\/wp-content\/uploads\/2022\/07\/Factory-Afdal-Al-tanzif-for-detergents-1-e1657115671216.png?size=204x55&amp;lossy=2&amp;strip=1&amp;webp=1 204w, https:\/\/b3871678.smushcdn.com\/3871678\/wp-content\/uploads\/2022\/07\/Factory-Afdal-Al-tanzif-for-detergents-1-e1657115671216.png?size=408x111&amp;lossy=2&amp;strip=1&amp;webp=1 408w\" data-sizes=\"auto\" src=\"data:image\/svg+xml;base64,PHN2ZyB3aWR0aD0iMSIgaGVpZ2h0PSIxIiB4bWxucz0iaHR0cDovL3d3dy53My5vcmcvMjAwMC9zdmciPjwvc3ZnPg==\" style=\"--smush-placeholder-width: 500px; --smush-placeholder-aspect-ratio: 500\/136;\" data-original-sizes=\"(max-width: 500px) 100vw, 500px\">\t\t\t\t\t\t\n\t\t\t\t\t<\/div>\n\t\t\t\t\t\t\t\t\n<style>\n#image_850635825 {\n  width: 50%;\n}\n<\/style>\n\t<\/div>\n\t\n\n\n\t\t<\/div>\n\t\t\t\t\t<\/div>\n\n\t\n\n\t<div id=\"col-2099650691\" class=\"col medium-6 small-12 large-6\"  >\n\t\t\t\t<div class=\"col-inner\" style=\"background-color:rgb(240, 240, 240);\" >\n\t\t\t\n\t\t\t\n\n<div class=\"accordion\">\n\n\t<div id=\"accordion-2673377377\" class=\"accordion-item\">\n\t\t<a id=\"accordion-2673377377-label\" class=\"accordion-title plain active\" href=\"#accordion-item-aquaquick-2000-in-saudi-arabia\" aria-expanded=\"true\" aria-controls=\"accordion-2673377377-content\">\n\t\t\t<button class=\"toggle\" aria-label=\"Toggle\"><i class=\"icon-angle-down\" aria-hidden=\"true\"><\/i><\/button>\n\t\t\t<span>AQUAQUICK 2000 En Arabia Saud\u00ed<\/span>\n\t\t<\/a>\n\t\t<div id=\"accordion-2673377377-content\" class=\"accordion-inner\" style=\"display: block;\" aria-labelledby=\"accordion-2673377377-label\">\n\t\t\t\n\n<p>Para comprar AQUAQUICK 2000 directamente en <strong>Arabia Saud\u00ed.<\/strong> puede ponerse en contacto con nuestro distribuidor local<strong> F\u00e1brica Afdal al-Tanzif Para Detergentes.<\/strong><\/p>\n<p>AQUAQUICK 2000 puede adquirirse en cualquier pa\u00eds del mundo y es la soluci\u00f3n n\u00famero uno para la limpieza de vertidos de petr\u00f3leo.<\/p>\n\n\t\t<\/div>\n\t<\/div>\n\t\n\t<div id=\"accordion-1569570459\" class=\"accordion-item\">\n\t\t<a id=\"accordion-1569570459-label\" class=\"accordion-title plain\" href=\"#accordion-item-oil-spills-in-saudi-arabia\" aria-expanded=\"false\" aria-controls=\"accordion-1569570459-content\">\n\t\t\t<button class=\"toggle\" aria-label=\"Toggle\"><i class=\"icon-angle-down\" aria-hidden=\"true\"><\/i><\/button>\n\t\t\t<span>Vertidos de petr\u00f3leo en Arabia Saud\u00ed<\/span>\n\t\t<\/a>\n\t\t<div id=\"accordion-1569570459-content\" class=\"accordion-inner\" aria-labelledby=\"accordion-1569570459-label\">\n\t\t\t\n\n<p>Para una soluci\u00f3n inmediata y respetuosa con el medio ambiente, lo mejor es utilizar AQUAQUICK 2000. Si encuentra alg\u00fan derrame de aceite en <strong>Arabia Saud\u00ed,<\/strong><b>\u00a0<\/b>puede ponerse en contacto con <em>F\u00e1brica Afdal al-Tanzif Para Detergentes<\/em> para el suministro de AQUAQUICK 2000.<\/p>\n\n\t\t<\/div>\n\t<\/div>\n\t\n\n<\/div>\n\n\t\t<\/div>\n\t\t\t\t\t<\/div>\n\n\t\n\n<\/div>\n\n\t\t<\/div>\n\n\t\t\n<style>\n#section_1733186541 {\n  padding-top: 45px;\n  padding-bottom: 45px;\n  background-color: rgb(255, 255, 255);\n}\n#section_1733186541 .section-bg-overlay {\n  background-color: rgba(240, 240, 240, 0);\n}\n<\/style>\n\t<\/section>","protected":false},"excerpt":{"rendered":"","protected":false},"author":1,"featured_media":9166,"parent":2564,"menu_order":0,"comment_status":"closed","ping_status":"closed","template":"page-blank.php","meta":{"cybocfi_hide_featured_image":"","footnotes":"","_links_to":"","_links_to_target":""},"class_list":["post-9168","page","type-page","status-publish","has-post-thumbnail","hentry"],"_links":{"self":[{"href":"https:\/\/www.aquaquick2000.com\/es\/wp-json\/wp\/v2\/pages\/9168","targetHints":{"allow":["GET"]}}],"collection":[{"href":"https:\/\/www.aquaquick2000.com\/es\/wp-json\/wp\/v2\/pages"}],"about":[{"href":"https:\/\/www.aquaquick2000.com\/es\/wp-json\/wp\/v2\/types\/page"}],"author":[{"embeddable":true,"href":"https:\/\/www.aquaquick2000.com\/es\/wp-json\/wp\/v2\/users\/1"}],"replies":[{"embeddable":true,"href":"https:\/\/www.aquaquick2000.com\/es\/wp-json\/wp\/v2\/comments?post=9168"}],"version-history":[{"count":0,"href":"https:\/\/www.aquaquick2000.com\/es\/wp-json\/wp\/v2\/pages\/9168\/revisions"}],"up":[{"embeddable":true,"href":"https:\/\/www.aquaquick2000.com\/es\/wp-json\/wp\/v2\/pages\/2564"}],"wp:featuredmedia":[{"embeddable":true,"href":"https:\/\/www.aquaquick2000.com\/es\/wp-json\/wp\/v2\/media\/9166"}],"wp:attachment":[{"href":"https:\/\/www.aquaquick2000.com\/es\/wp-json\/wp\/v2\/media?parent=9168"}],"curies":[{"name":"wp","href":"https:\/\/api.w.org\/{rel}","templated":true}]}}