{"id":9215,"date":"2023-01-12T14:25:11","date_gmt":"2023-01-12T14:25:11","guid":{"rendered":"https:\/\/www.aquaquick2000.com\/?page_id=9215"},"modified":"2023-01-27T10:31:31","modified_gmt":"2023-01-27T10:31:31","slug":"provert-srl-2","status":"publish","type":"page","link":"https:\/\/www.aquaquick2000.com\/es\/distributors\/provert-srl\/","title":{"rendered":"PROVERT SRL"},"content":{"rendered":"<section class=\"section\" id=\"section_667701874\">\n\t\t<div class=\"section-bg fill\" >\n\t\t\t<img decoding=\"async\" width=\"1920\" height=\"441\" src=\"https:\/\/b3871678.smushcdn.com\/3871678\/wp-content\/uploads\/2020\/09\/aquaquick-2000-oil-cleaning-waterwave.jpg?lossy=2&strip=1&webp=1\" class=\"bg attachment- size-\" alt=\"\" title=\"\" srcset=\"https:\/\/b3871678.smushcdn.com\/3871678\/wp-content\/uploads\/2020\/09\/aquaquick-2000-oil-cleaning-waterwave.jpg?lossy=2&amp;strip=1&amp;webp=1 1920w, https:\/\/b3871678.smushcdn.com\/3871678\/wp-content\/uploads\/2020\/09\/aquaquick-2000-oil-cleaning-waterwave-510x117.jpg?lossy=2&amp;strip=1&amp;webp=1 510w, https:\/\/b3871678.smushcdn.com\/3871678\/wp-content\/uploads\/2020\/09\/aquaquick-2000-oil-cleaning-waterwave-500x115.jpg?lossy=2&amp;strip=1&amp;webp=1 500w, https:\/\/b3871678.smushcdn.com\/3871678\/wp-content\/uploads\/2020\/09\/aquaquick-2000-oil-cleaning-waterwave-1280x294.jpg?lossy=2&amp;strip=1&amp;webp=1 1280w, https:\/\/b3871678.smushcdn.com\/3871678\/wp-content\/uploads\/2020\/09\/aquaquick-2000-oil-cleaning-waterwave-768x176.jpg?lossy=2&amp;strip=1&amp;webp=1 768w, https:\/\/b3871678.smushcdn.com\/3871678\/wp-content\/uploads\/2020\/09\/aquaquick-2000-oil-cleaning-waterwave-1536x353.jpg?lossy=2&amp;strip=1&amp;webp=1 1536w, https:\/\/b3871678.smushcdn.com\/3871678\/wp-content\/uploads\/2020\/09\/aquaquick-2000-oil-cleaning-waterwave.jpg?size=204x47&amp;lossy=2&amp;strip=1&amp;webp=1 204w, https:\/\/b3871678.smushcdn.com\/3871678\/wp-content\/uploads\/2020\/09\/aquaquick-2000-oil-cleaning-waterwave.jpg?size=408x94&amp;lossy=2&amp;strip=1&amp;webp=1 408w, https:\/\/b3871678.smushcdn.com\/3871678\/wp-content\/uploads\/2020\/09\/aquaquick-2000-oil-cleaning-waterwave.jpg?size=612x141&amp;lossy=2&amp;strip=1&amp;webp=1 612w, https:\/\/b3871678.smushcdn.com\/3871678\/wp-content\/uploads\/2020\/09\/aquaquick-2000-oil-cleaning-waterwave.jpg?size=1020x234&amp;lossy=2&amp;strip=1&amp;webp=1 1020w\" sizes=\"(max-width: 1920px) 100vw, 1920px\">\t\t\t\t\t\t<div class=\"section-bg-overlay absolute fill\"><\/div>\n\t\t\t\n\n\t\t<\/div>\n\n\t\t\n\n\t\t<div class=\"section-content relative\">\n\t\t\t\n\n<div class=\"row row-collapse align-equal\"  id=\"row-1175399262\">\n\n\n\t<div id=\"col-733355789\" class=\"col small-12 large-12\"  >\n\t\t\t\t<div class=\"col-inner\"  >\n\t\t\t\n\t\t\t\n\n<h2 class=\"uppercase\" style=\"text-align: center;\">AQUAQUICK 2000 EN Bolivia ES VENDIDO POR PROVERT SRL<\/h2>\n\n\n\t\t<\/div>\n\t\t\t\t\t<\/div>\n\n\t\n\n<\/div>\n\n\t\t<\/div>\n\n\t\t\n<style>\n#section_667701874 {\n  padding-top: 45px;\n  padding-bottom: 45px;\n}\n#section_667701874 .section-bg-overlay {\n  background-color: rgba(240, 240, 240, 0.64);\n}\n<\/style>\n\t<\/section>\n\t\n\n\t<section class=\"section\" id=\"section_267712534\">\n\t\t<div class=\"section-bg fill\" >\n\t\t\t\t\t\t\t\t\t<div class=\"section-bg-overlay absolute fill\"><\/div>\n\t\t\t\n\n\t\t<\/div>\n\n\t\t\n\n\t\t<div class=\"section-content relative\">\n\t\t\t\n\n<div class=\"row\"  id=\"row-1438351139\">\n\n\n\t<div id=\"col-89078692\" class=\"col medium-6 small-12 large-6\"  >\n\t\t\t\t<div class=\"col-inner\"  >\n\t\t\t\n\t\t\t\n\n<h3 class=\"widget-title\">Distribuidor AQUAQUICK 2000 en Bolivia<\/h3>\n<p class=\"widget-title\">PROVERT SRL repr\u00e9sente toute une gamme de fabricants europ\u00e9ens, qui font de la production des emplois et de l'environnement.<\/p>\n<p>PROVERT SRL ofrece una amplia gama de servicios.<\/p>\n<p>PROVERT SRL tiene licencia para vender los productos AQUAQUICK en Bolivia.<\/p>\n<p><em><strong>PROVERT SRL est\u00e1 autorizada por AQUAQUICK GLOBAL B.V.<\/strong><\/em><\/p>\n<h3>Datos de contacto de PROVERT SRL<\/h3>\n<ul>\n<li class=\"bullet-arrow\">Correo electr\u00f3nico: <a href=\"mailto:info@vandoclean.nl\">Info@provertglobal.com<\/a><\/li>\n<li class=\"bullet-arrow\">Eduardo Sandoval: +59177552991<\/li>\n<li class=\"bullet-arrow\">Direcci\u00f3n: Barrio Sirari calle Claveles #47<br>SANTA CRUZ-BOLIVIA<\/li>\n<\/ul>\n<a href=\"https:\/\/www.aquaquick2000.com\/es\/distribuidores\/\" class=\"button primary\" >\n\t\t<span>Todos los distribuidores de AQUAQUICK 2000<\/span>\n\t<\/a>\n\n\n\n\t\t<\/div>\n\t\t\t\t\t<\/div>\n\n\t\n\n\t<div id=\"col-1908767618\" class=\"col medium-6 small-12 large-6\"  >\n\t\t\t\t<div class=\"col-inner\" style=\"background-color:rgb(240, 240, 240);\" >\n\t\t\t\n\t\t\t\n\n<div class=\"accordion\">\n\n\t<div id=\"accordion-2478893189\" class=\"accordion-item\">\n\t\t<a id=\"accordion-2478893189-label\" class=\"accordion-title plain active\" href=\"#accordion-item-aquaquick-2000-in-bolivia\" aria-expanded=\"true\" aria-controls=\"accordion-2478893189-content\">\n\t\t\t<button class=\"toggle\" aria-label=\"Toggle\"><i class=\"icon-angle-down\" aria-hidden=\"true\"><\/i><\/button>\n\t\t\t<span>AQUAQUICK 2000 en Bolivia<\/span>\n\t\t<\/a>\n\t\t<div id=\"accordion-2478893189-content\" class=\"accordion-inner\" style=\"display: block;\" aria-labelledby=\"accordion-2478893189-label\">\n\t\t\t\n\n<p>Para comprar AQUAQUICK 2000 directamente en <b>Bolivia<\/b>&nbsp;puede ponerse en contacto con nuestro distribuidor local <strong>PROVERT SRL<\/strong>.<\/p>\n<p>AQUAQUICK 2000 puede adquirirse en cualquier pa\u00eds del mundo y es la soluci\u00f3n n\u00famero uno para la limpieza de vertidos de petr\u00f3leo.<\/p>\n\n\t\t<\/div>\n\t<\/div>\n\t\n\t<div id=\"accordion-3269561506\" class=\"accordion-item\">\n\t\t<a id=\"accordion-3269561506-label\" class=\"accordion-title plain\" href=\"#accordion-item-oil-spills-in-bolivia\" aria-expanded=\"false\" aria-controls=\"accordion-3269561506-content\">\n\t\t\t<button class=\"toggle\" aria-label=\"Toggle\"><i class=\"icon-angle-down\" aria-hidden=\"true\"><\/i><\/button>\n\t\t\t<span>Vertidos de petr\u00f3leo en Bolivia<\/span>\n\t\t<\/a>\n\t\t<div id=\"accordion-3269561506-content\" class=\"accordion-inner\" aria-labelledby=\"accordion-3269561506-label\">\n\t\t\t\n\n<p>Para una soluci\u00f3n inmediata y respetuosa con el medio ambiente, lo mejor es utilizar AQUAQUICK 2000. Si encuentra alg\u00fan derrame de aceite en <b>Bolivia <\/b>puede ponerse en contacto con <strong>PROVERT SRL<\/strong> para el suministro de AQUAQUICK 2000.<\/p>\n\n\t\t<\/div>\n\t<\/div>\n\t\n\n<\/div>\n\t<div class=\"img has-hover x md-x lg-x y md-y lg-y\" id=\"image_1221026279\">\n\t\t\t\t\t\t\t\t<div class=\"img-inner dark\" >\n\t\t\t<img decoding=\"async\" width=\"1020\" height=\"896\" data-src=\"https:\/\/b3871678.smushcdn.com\/3871678\/wp-content\/uploads\/2023\/01\/Prover-Cleaning-Solution-Aquaquick2000-Distributor.jpg?lossy=2&strip=1&webp=1\" class=\"attachment-large size-large lazyload\" alt=\"Provert SRL Distribuidor de soluciones de limpieza Aquaquick2000\" data-srcset=\"https:\/\/b3871678.smushcdn.com\/3871678\/wp-content\/uploads\/2023\/01\/Prover-Cleaning-Solution-Aquaquick2000-Distributor.jpg?lossy=2&strip=1&webp=1 1024w, https:\/\/b3871678.smushcdn.com\/3871678\/wp-content\/uploads\/2023\/01\/Prover-Cleaning-Solution-Aquaquick2000-Distributor-510x448.jpg?lossy=2&strip=1&webp=1 510w, https:\/\/b3871678.smushcdn.com\/3871678\/wp-content\/uploads\/2023\/01\/Prover-Cleaning-Solution-Aquaquick2000-Distributor-500x439.jpg?lossy=2&strip=1&webp=1 500w, https:\/\/b3871678.smushcdn.com\/3871678\/wp-content\/uploads\/2023\/01\/Prover-Cleaning-Solution-Aquaquick2000-Distributor-768x675.jpg?lossy=2&strip=1&webp=1 768w, https:\/\/b3871678.smushcdn.com\/3871678\/wp-content\/uploads\/2023\/01\/Prover-Cleaning-Solution-Aquaquick2000-Distributor.jpg?size=204x179&lossy=2&strip=1&webp=1 204w, https:\/\/b3871678.smushcdn.com\/3871678\/wp-content\/uploads\/2023\/01\/Prover-Cleaning-Solution-Aquaquick2000-Distributor.jpg?size=408x358&lossy=2&strip=1&webp=1 408w, https:\/\/b3871678.smushcdn.com\/3871678\/wp-content\/uploads\/2023\/01\/Prover-Cleaning-Solution-Aquaquick2000-Distributor.jpg?size=612x538&lossy=2&strip=1&webp=1 612w\" data-sizes=\"auto\" title=\"\" src=\"data:image\/svg+xml;base64,PHN2ZyB3aWR0aD0iMSIgaGVpZ2h0PSIxIiB4bWxucz0iaHR0cDovL3d3dy53My5vcmcvMjAwMC9zdmciPjwvc3ZnPg==\" style=\"--smush-placeholder-width: 1020px; --smush-placeholder-aspect-ratio: 1020\/896;\" data-original-sizes=\"(max-width: 1020px) 100vw, 1020px\">\t\t\t\t\t\t\n\t\t\t\t\t<\/div>\n\t\t\t\t\t\t\t\t\n<style>\n#image_1221026279 {\n  width: 100%;\n}\n<\/style>\n\t<\/div>\n\t\n\n\n\t\t<\/div>\n\t\t\t\t\t<\/div>\n\n\t\n\n<\/div>\n\n\t\t<\/div>\n\n\t\t\n<style>\n#section_267712534 {\n  padding-top: 30px;\n  padding-bottom: 30px;\n  background-color: rgb(255, 255, 255);\n}\n#section_267712534 .section-bg-overlay {\n  background-color: rgba(240, 240, 240, 0);\n}\n<\/style>\n\t<\/section>","protected":false},"excerpt":{"rendered":"","protected":false},"author":1,"featured_media":9217,"parent":2564,"menu_order":0,"comment_status":"closed","ping_status":"closed","template":"page-blank.php","meta":{"cybocfi_hide_featured_image":"","footnotes":"","_links_to":"","_links_to_target":""},"class_list":["post-9215","page","type-page","status-publish","has-post-thumbnail","hentry"],"_links":{"self":[{"href":"https:\/\/www.aquaquick2000.com\/es\/wp-json\/wp\/v2\/pages\/9215","targetHints":{"allow":["GET"]}}],"collection":[{"href":"https:\/\/www.aquaquick2000.com\/es\/wp-json\/wp\/v2\/pages"}],"about":[{"href":"https:\/\/www.aquaquick2000.com\/es\/wp-json\/wp\/v2\/types\/page"}],"author":[{"embeddable":true,"href":"https:\/\/www.aquaquick2000.com\/es\/wp-json\/wp\/v2\/users\/1"}],"replies":[{"embeddable":true,"href":"https:\/\/www.aquaquick2000.com\/es\/wp-json\/wp\/v2\/comments?post=9215"}],"version-history":[{"count":0,"href":"https:\/\/www.aquaquick2000.com\/es\/wp-json\/wp\/v2\/pages\/9215\/revisions"}],"up":[{"embeddable":true,"href":"https:\/\/www.aquaquick2000.com\/es\/wp-json\/wp\/v2\/pages\/2564"}],"wp:featuredmedia":[{"embeddable":true,"href":"https:\/\/www.aquaquick2000.com\/es\/wp-json\/wp\/v2\/media\/9217"}],"wp:attachment":[{"href":"https:\/\/www.aquaquick2000.com\/es\/wp-json\/wp\/v2\/media?parent=9215"}],"curies":[{"name":"wp","href":"https:\/\/api.w.org\/{rel}","templated":true}]}}