{"id":9556,"date":"2024-01-17T15:06:55","date_gmt":"2024-01-17T15:06:55","guid":{"rendered":"https:\/\/www.aquaquick2000.com\/?page_id=9556"},"modified":"2025-06-12T12:22:08","modified_gmt":"2025-06-12T12:22:08","slug":"gastos-de-envio","status":"publish","type":"page","link":"https:\/\/www.aquaquick2000.com\/es\/shipment-cost\/","title":{"rendered":"Shipment &#038; cost"},"content":{"rendered":"<section class=\"section\" id=\"section_1718294199\">\n\t\t<div class=\"section-bg fill\" >\n\t\t\t\t\t\t\t\t\t\n\t\t\t\n\n\t\t<\/div>\n\n\t\t\n\n\t\t<div class=\"section-content relative\">\n\t\t\t\n\n<div class=\"row\"  id=\"row-862778373\">\n\n\n\t<div id=\"col-920624761\" class=\"col medium-3 small-12 large-3\"  >\n\t\t<div class=\"is-sticky-column\"><div class=\"is-sticky-column__inner\">\t\t<div class=\"col-inner\"  >\n\t\t\t\n\t\t\t\n\n<a href=\"https:\/\/www.aquaquick2000.com\/es\/about-us\/\" class=\"button alert lowercase expand navbuttons\" style=\"border-radius:2px;\">\n\t\t<span>Qui\u00e9nes somos<\/span>\n\t<\/a>\n\n\n<a href=\"https:\/\/www.aquaquick2000.com\/es\/planta-de-produccion\/\" class=\"button alert lowercase expand navbuttons\" style=\"border-radius:2px;\">\n\t\t<span>Planta de producci\u00f3n<\/span>\n\t<\/a>\n\n\n<a href=\"https:\/\/www.aquaquick2000.com\/es\/la-filosofia-medioambiental\/\" class=\"button alert lowercase expand navbuttons\" style=\"border-radius:2px;\">\n\t\t<span>Filosof\u00eda medioambiental<\/span>\n\t<\/a>\n\n\n<a href=\"https:\/\/www.aquaquick2000.com\/es\/conviertase-en-distribuidor-de-aquaquick-2000\/\" class=\"button alert lowercase expand navbuttons\" style=\"border-radius:2px;\">\n\t\t<span>Convertirse en revendedor<\/span>\n\t<\/a>\n\n\n<a href=\"https:\/\/www.aquaquick2000.com\/es\/gastos-de-envio\/\" class=\"button alert lowercase expand navbuttons\" style=\"border-radius:2px;\">\n\t\t<span>Env\u00edo y coste<\/span>\n\t<\/a>\n\n\n<a href=\"https:\/\/www.aquaquick2000.com\/es\/politica-de-sustitucion-de-la-garantia\/\" class=\"button alert lowercase expand navbuttons\" style=\"border-radius:2px;\">\n\t\t<span>Pol\u00edtica de sustituci\u00f3n de la garant\u00eda<\/span>\n\t<\/a>\n\n\n<a href=\"https:\/\/www.aquaquick2000.com\/es\/politica-de-devoluciones\/\" class=\"button alert lowercase expand navbuttons\" style=\"border-radius:2px;\">\n\t\t<span>Pol\u00edtica de devoluciones<\/span>\n\t<\/a>\n\n\n\n\t\t<\/div>\n\t\t<\/div><\/div>\t\t\t<\/div>\n\n\t\n\n\t<div id=\"col-1818238327\" class=\"col medium-9 small-12 large-9 small-col-first\"  >\n\t\t\t\t<div class=\"col-inner\"  >\n\t\t\t\n\t\t\t\n\n<h1>Env\u00edo y costes<\/h1>\n<h4>M\u00e9todo de entrega<\/h4>\n<p>En AQUAQUICK 2000, nos aseguramos de que nuestros productos se env\u00eden con cuidado y eficacia. Todos los pedidos se env\u00edan utilizando m\u00e9todos de entrega est\u00e1ndar. Para realizar su pedido, s\u00f3lo tiene que visitar nuestro sitio web o ponerse en contacto con nosotros por correo electr\u00f3nico. Una vez recibido su pedido, incluida la autorizaci\u00f3n de pago, le proporcionaremos un plan de env\u00edo personalizado basado en su pa\u00eds\/localizaci\u00f3n espec\u00edficos.<\/p>\n<h4>D\u00edas laborables<\/h4>\n<p>Enviamos los pedidos \u00fanicamente en d\u00edas laborables. Nuestros d\u00edas laborables van de lunes a domingo, excluidos los d\u00edas festivos reconocidos en la Uni\u00f3n Europea. Este horario garantiza que su pedido se procese y env\u00ede r\u00e1pidamente.<\/p>\n<h4>Gastos de env\u00edo<\/h4>\n<p>El coste de env\u00edo de su pedido viene determinado por varios factores: el importe total del pedido, el destino y el tipo de m\u00e9todo de env\u00edo seleccionado. Para pedidos dentro de la Uni\u00f3n Europea, a menudo ofrecemos tarifas de env\u00edo reducidas. Para pedidos con destino fuera de la Uni\u00f3n Europea, se aplican gastos de env\u00edo adicionales. Estos gastos se calculan autom\u00e1ticamente en funci\u00f3n de su pedido y se confirman mediante comunicaci\u00f3n por correo electr\u00f3nico.<\/p>\n<p><strong>Tenga en cuenta lo siguiente:<\/strong> Para las entregas FUERA DE EUROPA, nuestros gastos de env\u00edo no incluyen los gastos de despacho de aduanas ni los aranceles de importaci\u00f3n. Estos costes adicionales se cobran a la llegada del env\u00edo a su pa\u00eds y son responsabilidad del destinatario.<\/p>\n<h3>D\u00edas estimados de env\u00edo por pa\u00eds<\/h3>\n<h4>En EUROPA<\/h4>\n<ul>\n<li>Austria: 4 - 6 d\u00edas<\/li>\n<li>B\u00e9lgica: 1 d\u00eda<\/li>\n<li>Bulgaria: 4 - 6 d\u00edas<\/li>\n<li>Croacia: 4 - 6 d\u00edas<\/li>\n<li>Rep\u00fablica Checa: 4 - 6 d\u00edas<\/li>\n<li>Dinamarca: 4 - 6 d\u00edas<\/li>\n<li>Estonia: 4 - 6 d\u00edas<\/li>\n<li>Finlandia: 4 - 6 d\u00edas<\/li>\n<li>Francia: 4 - 6 d\u00edas<\/li>\n<li>Alemania: 4 - 6 d\u00edas<\/li>\n<li>Grecia: 4 - 6 d\u00edas<\/li>\n<li>Hungr\u00eda: 4 - 6 d\u00edas<\/li>\n<li>Irlanda: 4 - 6 d\u00edas<\/li>\n<li>Italia: 4 - 6 d\u00edas<\/li>\n<li>Letonia: 4 - 6 d\u00edas<\/li>\n<li>Lituania: 4 - 6 d\u00edas<\/li>\n<li>Luxemburgo: 4 - 6 d\u00edas<\/li>\n<li>Polonia: 4 - 6 d\u00edas<\/li>\n<li>Portugal: 4 - 6 d\u00edas<\/li>\n<li>Ruman\u00eda: 5 - 7 d\u00edas<\/li>\n<li>Eslovaquia: 4 - 6 d\u00edas<\/li>\n<li>Eslovenia: 4 - 6 d\u00edas<\/li>\n<li>Espa\u00f1a: 4 - 6 d\u00edas<\/li>\n<li>Suecia: 4 - 6 d\u00edas<\/li>\n<li>Pa\u00edses Bajos: 2 - 3 d\u00edas<\/li>\n<\/ul>\n<h4>Pedidos internacionales (fuera de Europa)<\/h4>\n<p>Para los pedidos destinados fuera de Europa, la tramitaci\u00f3n se determinar\u00e1 en funci\u00f3n del m\u00e9todo de env\u00edo elegido, la cantidad de productos pedidos y otras condiciones diversas.<\/p>\n<h3>Restricciones<\/h3>\n<p>Tenga en cuenta que no se pueden realizar pedidos en l\u00ednea para direcciones de entrega fuera de la Uni\u00f3n Europea. Esta restricci\u00f3n tambi\u00e9n se aplica a regiones espec\u00edficas como Groenlandia, las Islas Feroe, algunas islas remotas y determinados territorios de ultramar. Para pedidos a estas regiones, p\u00f3ngase en contacto con nuestro servicio de atenci\u00f3n al cliente en <a href=\"mailto:business@aquaquick2000.com\" target=\"_new\" rel=\"noopener\">business@aquaquick2000.com<\/a>.<\/p>\n<h3>Seguimiento del pedido<\/h3>\n<p>Una vez procesado su pedido en nuestro almac\u00e9n, se le asignar\u00e1 un n\u00famero de seguimiento, si procede. Recibir\u00e1 una notificaci\u00f3n cuando su paquete salga de nuestro almac\u00e9n. Tenga en cuenta que la informaci\u00f3n de seguimiento puede tardar hasta 48 horas en ser visible en el sistema de la empresa de mensajer\u00eda.<\/p>\n<h3>Encontrar el estado de su pedido<\/h3>\n<p>Puede seguir f\u00e1cilmente el estado de su pedido:<\/p>\n<ul>\n<li><strong>Compruebe su correo electr\u00f3nico:<\/strong> Recibir\u00e1 informaci\u00f3n actualizada sobre el estado de su pedido en la direcci\u00f3n de correo electr\u00f3nico facilitada durante el proceso de pago.<\/li>\n<li><strong>Visite nuestro sitio web:<\/strong> Acceda a su cuenta en <a href=\"http:\/\/www.aquaquick2000.com\/es\/\" target=\"_new\" rel=\"noopener\">www.aquaquick2000.com<\/a> para acceder a su historial de pedidos, incluidos los pendientes, los de seguimiento y los anteriores.<\/li>\n<li><strong>P\u00f3ngase en contacto con nosotros:<\/strong> Para cualquier consulta adicional sobre su pedido, no dude en ponerse en contacto con nuestro servicio de atenci\u00f3n al cliente en <a href=\"mailto:business@aquaquick2000.com\" target=\"_new\" rel=\"noopener\">business@aquaquick2000.com<\/a>.<\/li>\n<\/ul>\n\n\t\t<\/div>\n\t\t\t\t\t<\/div>\n\n\t\n\n<\/div>\n\n\t\t<\/div>\n\n\t\t\n<style>\n#section_1718294199 {\n  padding-top: 30px;\n  padding-bottom: 30px;\n}\n<\/style>\n\t<\/section>","protected":false},"excerpt":{"rendered":"","protected":false},"author":1,"featured_media":0,"parent":0,"menu_order":0,"comment_status":"closed","ping_status":"closed","template":"","meta":{"cybocfi_hide_featured_image":"","footnotes":"","_links_to":"","_links_to_target":""},"class_list":["post-9556","page","type-page","status-publish","hentry"],"_links":{"self":[{"href":"https:\/\/www.aquaquick2000.com\/es\/wp-json\/wp\/v2\/pages\/9556","targetHints":{"allow":["GET"]}}],"collection":[{"href":"https:\/\/www.aquaquick2000.com\/es\/wp-json\/wp\/v2\/pages"}],"about":[{"href":"https:\/\/www.aquaquick2000.com\/es\/wp-json\/wp\/v2\/types\/page"}],"author":[{"embeddable":true,"href":"https:\/\/www.aquaquick2000.com\/es\/wp-json\/wp\/v2\/users\/1"}],"replies":[{"embeddable":true,"href":"https:\/\/www.aquaquick2000.com\/es\/wp-json\/wp\/v2\/comments?post=9556"}],"version-history":[{"count":0,"href":"https:\/\/www.aquaquick2000.com\/es\/wp-json\/wp\/v2\/pages\/9556\/revisions"}],"wp:attachment":[{"href":"https:\/\/www.aquaquick2000.com\/es\/wp-json\/wp\/v2\/media?parent=9556"}],"curies":[{"name":"wp","href":"https:\/\/api.w.org\/{rel}","templated":true}]}}