{"id":9643,"date":"2024-01-18T01:22:18","date_gmt":"2024-01-18T01:22:18","guid":{"rendered":"https:\/\/www.aquaquick2000.com\/?page_id=9643"},"modified":"2025-06-12T12:21:43","modified_gmt":"2025-06-12T12:21:43","slug":"la-filosofia-medioambiental","status":"publish","type":"page","link":"https:\/\/www.aquaquick2000.com\/es\/the-environmental-philosophy\/","title":{"rendered":"Filosof\u00eda medioambiental"},"content":{"rendered":"<section class=\"section\" id=\"section_535946731\">\n\t\t<div class=\"section-bg fill\" >\n\t\t\t\t\t\t\t\t\t\n\t\t\t\n\n\t\t<\/div>\n\n\t\t\n\n\t\t<div class=\"section-content relative\">\n\t\t\t\n\n<div class=\"row\"  id=\"row-1314415336\">\n\n\n\t<div id=\"col-1810895217\" class=\"col medium-3 small-12 large-3\"  >\n\t\t<div class=\"is-sticky-column\"><div class=\"is-sticky-column__inner\">\t\t<div class=\"col-inner\"  >\n\t\t\t\n\t\t\t\n\n<a href=\"https:\/\/www.aquaquick2000.com\/es\/about-us\/\" class=\"button alert lowercase expand navbuttons\" style=\"border-radius:2px;\">\n\t\t<span>Qui\u00e9nes somos<\/span>\n\t<\/a>\n\n\n<a href=\"https:\/\/www.aquaquick2000.com\/es\/planta-de-produccion\/\" class=\"button alert lowercase expand navbuttons\" style=\"border-radius:2px;\">\n\t\t<span>Planta de producci\u00f3n<\/span>\n\t<\/a>\n\n\n<a href=\"https:\/\/www.aquaquick2000.com\/es\/la-filosofia-medioambiental\/\" class=\"button alert lowercase expand navbuttons\" style=\"border-radius:2px;\">\n\t\t<span>Filosof\u00eda medioambiental<\/span>\n\t<\/a>\n\n\n<a href=\"https:\/\/www.aquaquick2000.com\/es\/conviertase-en-distribuidor-de-aquaquick-2000\/\" class=\"button alert lowercase expand navbuttons\" style=\"border-radius:2px;\">\n\t\t<span>Convertirse en revendedor<\/span>\n\t<\/a>\n\n\n<a href=\"https:\/\/www.aquaquick2000.com\/es\/gastos-de-envio\/\" class=\"button alert lowercase expand navbuttons\" style=\"border-radius:2px;\">\n\t\t<span>Env\u00edo y coste<\/span>\n\t<\/a>\n\n\n<a href=\"https:\/\/www.aquaquick2000.com\/es\/politica-de-sustitucion-de-la-garantia\/\" class=\"button alert lowercase expand navbuttons\" style=\"border-radius:2px;\">\n\t\t<span>Pol\u00edtica de sustituci\u00f3n de la garant\u00eda<\/span>\n\t<\/a>\n\n\n<a href=\"https:\/\/www.aquaquick2000.com\/es\/politica-de-devoluciones\/\" class=\"button alert lowercase expand navbuttons\" style=\"border-radius:2px;\">\n\t\t<span>Pol\u00edtica de devoluciones<\/span>\n\t<\/a>\n\n\n\n\t\t<\/div>\n\t\t<\/div><\/div>\t\t\t<\/div>\n\n\t\n\n\t<div id=\"col-1643243386\" class=\"col medium-9 small-12 large-9 small-col-first\"  >\n\t\t\t\t<div class=\"col-inner\"  >\n\t\t\t\n\t\t\t\n\n<h1><strong>La filosof\u00eda medioambiental de AQUAQUICK<\/strong><\/h1>\n<p>En una era en la que la conciencia medioambiental no es s\u00f3lo una elecci\u00f3n, sino una necesidad, AQUAQUICK se compromete a liderar el camino de las soluciones de limpieza sostenibles, seguras y eficaces. Nuestra filosof\u00eda se basa en la creencia de que el cuidado del planeta y el suministro de productos de alta calidad pueden, y deben, ir de la mano.<\/p>\n<h3>Compromiso con materias primas seguras y sostenibles<\/h3>\n<p><strong>Selecci\u00f3n de ingredientes respetuosa con el medio ambiente<\/strong> AQUAQUICK se dedica a minimizar el impacto medioambiental desde el origen. Seleccionamos meticulosamente nuestras materias primas, dando prioridad a las que son sostenibles y tienen una huella ecol\u00f3gica m\u00ednima. Nuestro riguroso an\u00e1lisis incluye evaluaciones de toxicidad, impacto medioambiental y perfiles alerg\u00e9nicos, garantizando que cada ingrediente contribuya positivamente tanto a la eficacia de nuestros productos como a la seguridad medioambiental.<\/p>\n<p><strong>Normas estrictas para proveedores<\/strong> Exigimos a nuestros proveedores y socios el cumplimiento de las normas medioambientales m\u00e1s estrictas. Las sustancias qu\u00edmicas y los materiales utilizados en los productos AQUAQUICK se obtienen de forma responsable, garantizando que se ajustan a nuestro compromiso con la sostenibilidad y la seguridad.<\/p>\n<h3>Conservaci\u00f3n y reciclaje del agua<\/h3>\n<p><strong>Gesti\u00f3n innovadora del agua<\/strong> El agua es un recurso precioso y en AQUAQUICK nos tomamos muy en serio nuestra responsabilidad de conservarla. Nos aseguramos de que casi toda el agua utilizada en nuestros procesos se recicla y purifica mediante meticulosos controles microbiol\u00f3gicos, reduciendo as\u00ed significativamente nuestra huella h\u00eddrica y manteniendo al mismo tiempo una mayor calidad de nuestro producto.<\/p>\n<h3>Reducir el impacto log\u00edstico<\/h3>\n<p><strong>Embalaje y transporte sostenibles<\/strong> Nos esforzamos por reducir nuestro impacto log\u00edstico produciendo internamente la mayor parte de nuestros envases, lo que reduce las emisiones innecesarias del transporte. Para las entregas de productos, empleamos estrategias de transporte intermodal para minimizar el transporte por carretera, reduciendo a\u00fan m\u00e1s nuestra huella de carbono.<\/p>\n<h3>Productos ecol\u00f3gicos y vers\u00e1tiles<\/h3>\n<p><strong>Dise\u00f1ado para ser eficiente y beneficioso para el medio ambiente<\/strong> Cada producto AQUAQUICK se dise\u00f1a pensando en su versatilidad. Nuestro objetivo es reducir el impacto ambiental en todos los niveles, desde la producci\u00f3n y el envasado hasta la distribuci\u00f3n y el uso. Este enfoque hol\u00edstico garantiza que nuestros productos no s\u00f3lo ahorren recursos, sino que tambi\u00e9n proporcionen beneficios econ\u00f3micos a nuestros consumidores. Creemos en la creaci\u00f3n de soluciones que hagan m\u00e1s con menos, fomentando tanto el bienestar medioambiental como el ahorro de los consumidores.<\/p>\n\n\t\t<\/div>\n\t\t\t\t\t<\/div>\n\n\t\n\n<\/div>\n\n\t\t<\/div>\n\n\t\t\n<style>\n#section_535946731 {\n  padding-top: 30px;\n  padding-bottom: 30px;\n}\n<\/style>\n\t<\/section>","protected":false},"excerpt":{"rendered":"","protected":false},"author":1,"featured_media":0,"parent":0,"menu_order":0,"comment_status":"closed","ping_status":"closed","template":"","meta":{"cybocfi_hide_featured_image":"","footnotes":"","_links_to":"","_links_to_target":""},"class_list":["post-9643","page","type-page","status-publish","hentry"],"_links":{"self":[{"href":"https:\/\/www.aquaquick2000.com\/es\/wp-json\/wp\/v2\/pages\/9643","targetHints":{"allow":["GET"]}}],"collection":[{"href":"https:\/\/www.aquaquick2000.com\/es\/wp-json\/wp\/v2\/pages"}],"about":[{"href":"https:\/\/www.aquaquick2000.com\/es\/wp-json\/wp\/v2\/types\/page"}],"author":[{"embeddable":true,"href":"https:\/\/www.aquaquick2000.com\/es\/wp-json\/wp\/v2\/users\/1"}],"replies":[{"embeddable":true,"href":"https:\/\/www.aquaquick2000.com\/es\/wp-json\/wp\/v2\/comments?post=9643"}],"version-history":[{"count":0,"href":"https:\/\/www.aquaquick2000.com\/es\/wp-json\/wp\/v2\/pages\/9643\/revisions"}],"wp:attachment":[{"href":"https:\/\/www.aquaquick2000.com\/es\/wp-json\/wp\/v2\/media?parent=9643"}],"curies":[{"name":"wp","href":"https:\/\/api.w.org\/{rel}","templated":true}]}}