{"id":2453,"date":"2016-12-06T14:45:28","date_gmt":"2016-12-06T14:45:28","guid":{"rendered":"http:\/\/www.aquaquick2000.com\/?page_id=2453"},"modified":"2023-01-27T10:17:38","modified_gmt":"2023-01-27T10:17:38","slug":"aquaquick-2000-produit-benefices","status":"publish","type":"page","link":"https:\/\/www.aquaquick2000.com\/fr\/aquaquick-2000-product-benefits\/","title":{"rendered":"Avantages du produit AQUAQUICK 2000"},"content":{"rendered":"<section class=\"section dark\" id=\"section_1079884033\">\n\t\t<div class=\"section-bg fill\" >\n\t\t\t<img decoding=\"async\" width=\"1920\" height=\"441\" src=\"https:\/\/b3871678.smushcdn.com\/3871678\/wp-content\/uploads\/2020\/09\/aquaquick-2000-oil-cleaning-waterwave.jpg?lossy=2&strip=1&webp=1\" class=\"bg attachment- size-\" alt=\"\" title=\"\" srcset=\"https:\/\/b3871678.smushcdn.com\/3871678\/wp-content\/uploads\/2020\/09\/aquaquick-2000-oil-cleaning-waterwave.jpg?lossy=2&amp;strip=1&amp;webp=1 1920w, https:\/\/b3871678.smushcdn.com\/3871678\/wp-content\/uploads\/2020\/09\/aquaquick-2000-oil-cleaning-waterwave-510x117.jpg?lossy=2&amp;strip=1&amp;webp=1 510w, https:\/\/b3871678.smushcdn.com\/3871678\/wp-content\/uploads\/2020\/09\/aquaquick-2000-oil-cleaning-waterwave-500x115.jpg?lossy=2&amp;strip=1&amp;webp=1 500w, https:\/\/b3871678.smushcdn.com\/3871678\/wp-content\/uploads\/2020\/09\/aquaquick-2000-oil-cleaning-waterwave-1280x294.jpg?lossy=2&amp;strip=1&amp;webp=1 1280w, https:\/\/b3871678.smushcdn.com\/3871678\/wp-content\/uploads\/2020\/09\/aquaquick-2000-oil-cleaning-waterwave-768x176.jpg?lossy=2&amp;strip=1&amp;webp=1 768w, https:\/\/b3871678.smushcdn.com\/3871678\/wp-content\/uploads\/2020\/09\/aquaquick-2000-oil-cleaning-waterwave-1536x353.jpg?lossy=2&amp;strip=1&amp;webp=1 1536w, https:\/\/b3871678.smushcdn.com\/3871678\/wp-content\/uploads\/2020\/09\/aquaquick-2000-oil-cleaning-waterwave.jpg?size=204x47&amp;lossy=2&amp;strip=1&amp;webp=1 204w, https:\/\/b3871678.smushcdn.com\/3871678\/wp-content\/uploads\/2020\/09\/aquaquick-2000-oil-cleaning-waterwave.jpg?size=408x94&amp;lossy=2&amp;strip=1&amp;webp=1 408w, https:\/\/b3871678.smushcdn.com\/3871678\/wp-content\/uploads\/2020\/09\/aquaquick-2000-oil-cleaning-waterwave.jpg?size=612x141&amp;lossy=2&amp;strip=1&amp;webp=1 612w, https:\/\/b3871678.smushcdn.com\/3871678\/wp-content\/uploads\/2020\/09\/aquaquick-2000-oil-cleaning-waterwave.jpg?size=1020x234&amp;lossy=2&amp;strip=1&amp;webp=1 1020w\" sizes=\"(max-width: 1920px) 100vw, 1920px\">\t\t\t\t\t\t<div class=\"section-bg-overlay absolute fill\"><\/div>\n\t\t\t\n\n\t\t<\/div>\n\n\t\t\n\n\t\t<div class=\"section-content relative\">\n\t\t\t\n<h2 style=\"text-align: center;\">Avantages du produit AQUAQUICK 2000<\/h2>\n\t\t<\/div>\n\n\t\t\n<style>\n#section_1079884033 {\n  padding-top: 60px;\n  padding-bottom: 60px;\n}\n#section_1079884033 .section-bg-overlay {\n  background-color: rgba(0, 0, 0, 0.22);\n}\n<\/style>\n\t<\/section>\n\t\n\n\t<section class=\"section\" id=\"section_2084845455\">\n\t\t<div class=\"section-bg fill\" >\n\t\t\t\t\t\t\t\t\t\n\t\t\t\n\n\t\t<\/div>\n\n\t\t\n\n\t\t<div class=\"section-content relative\">\n\t\t\t\n<div class=\"row\"  id=\"row-1900529713\">\n\n\t<div id=\"col-1976823903\" class=\"col medium-6 small-12 large-6\"  >\n\t\t\t\t<div class=\"col-inner\"  >\n\t\t\t\n\t\t\t\n<h3>Produit totalement respectueux de l'utilisateur et de l'environnement\n<\/h3><p>AQUAQUICK 2000 ne contient que des ingr\u00e9dients naturels, sans chlorures, solvants ou alcalo\u00efdes. AQUAQUICK 2000 a \u00e9t\u00e9 approuv\u00e9 et test\u00e9 par de nombreux instituts de recherche ind\u00e9pendants dans le monde entier, avec des classifications de certification d'utilisation provenant de TNO Pays-Bas, MIGAS Indon\u00e9sie, l'Organisation maritime internationale (OMI), ainsi que de nombreux autres.\n<hr\/>\n<h3>Non-toxique pour tous les organismes aquatiques<\/h3>\n<p>AQUAQUICK 2000 dans son \u00e9tat dilu\u00e9 de 1:50, c'est-\u00e0-dire 10mL d'AQUAQUICK 2000 m\u00e9lang\u00e9s \u00e0 1 litre d'eau, peut \u00eatre utilis\u00e9 pour nettoyer les d\u00e9versements d'huile qui ont recouvert les animaux et la v\u00e9g\u00e9tation dans les environnements aquatiques.<\/p>\n<hr \/>\n<h3>R\u00e9duit les d\u00e9chets chimiques<\/h3>\n<p>AQUAQUICK 2000 brise de fa\u00e7on bio-mol\u00e9culaire la coh\u00e9sion des structures des hydrocarbures en cr\u00e9ant une micro-\u00e9mulsion en particules d'environ 3 microns. Ces microns et des nutriments sp\u00e9ciaux produisent une explosion de la croissance des bact\u00e9ries pr\u00e9sentes dans l'environnement, ce qui permet de les \u00e9liminer facilement.<\/p>\n<hr \/>\n<h3>\u00c9conomie d'\u00e9nergie et rentabilit\u00e9<\/h3>\n<p>AQUAQUICK 2000 offre une solution \u00e9conomique qui augmente la productivit\u00e9 en r\u00e9duisant les temps d'arr\u00eat et en diminuant les d\u00e9penses associ\u00e9es \u00e0 la partie nettoyage de l'industrie, comme le co\u00fbt du produit lui-m\u00eame, le transport du produit, l'entreposage du produit, le co\u00fbt de l'\u00e9quipement de protection individuelle, et qui acc\u00e9l\u00e8re les proc\u00e9dures et augmente la s\u00e9curit\u00e9 des employ\u00e9s. AQUAQUICK 2000 remplace de nombreux nettoyants largement utilis\u00e9s, des solvants toxiques et des alcalins qui d\u00e9placent les hydrocarbures mais ne les biod\u00e9gradent pas. Il n\u00e9cessite tr\u00e8s peu d'efforts de la part de l'utilisateur pour le r\u00e9curage et peut \u00eatre facilement essuy\u00e9 avec un chiffon humide apr\u00e8s application.<\/p>\n<hr \/>\n<h3>Non-corrosif et non-irritant pour la peau humaine.<\/h3>\n<p>AQUAQUICK 2000 est approuv\u00e9 dermatologiquement comme \u00e9tant suffisamment s\u00fbr pour \u00eatre utilis\u00e9 \u00e0 la maison comme savon \u00e0 mains quotidien, ou peut \u00eatre utilis\u00e9 dans de nombreuses industries comme savon \u00e0 mains, car ses ingr\u00e9dients naturels n'irritent pas les cellules de la peau humaine.<\/p>\n<hr \/>\n<h3>AQUAQUICK 2000 est non corrosif pour le m\u00e9tal.<\/h3>\n<p>N'endommage pas les m\u00e9taux, la peinture, les rev\u00eatements, le caoutchouc ou les plastiques - N'affecte pas les substrats et est sans danger pour le nettoyage des plastiques, des m\u00e9taux, des rev\u00eatements, des peintures, des caoutchoucs, de l'\u00e9poxy, etc.<\/p>\n<hr \/>\n<h3>AQUAQUICK 2000 n'a pas de dur\u00e9e de conservation.<\/h3>\n<p>Ce produit n'a pas de date d'expiration. Cependant, un stockage prolong\u00e9 peut provoquer un tassement. Remuer le produit lui permettra d'atteindre sa masse homog\u00e8ne. Vous pouvez utiliser ce produit en toute s\u00e9curit\u00e9 jusqu'\u00e0 ce que la quantit\u00e9 achet\u00e9e soit \u00e9puis\u00e9e, m\u00eame si la date d'achat est d\u00e9pass\u00e9e de deux ans ou plus. Les ingr\u00e9dients naturels contenus dans ce produit contiennent leurs propres conservateurs qui prot\u00e8gent la continuit\u00e9 du produit pour les ann\u00e9es \u00e0 venir.<\/p>\n<hr \/>\n\t\t<\/div>\n\t\t\t\t\t<\/div>\n\n\t\n\n\t<div id=\"col-1208520162\" class=\"col medium-6 small-12 large-6\"  >\n\t\t\t\t<div class=\"col-inner\"  >\n\t\t\t\n\t\t\t\n<h3>Produit de nettoyage multi-usages\n<\/h3><p>AQUAQUICK 2000 est un bio\u00e9mulsifiant, un d\u00e9graissant, un nettoyant d'hydrocarbures et un dispersant d'huile \u00e0 base d'eau qui peut \u00eatre utilis\u00e9 pour le nettoyage des r\u00e9servoirs, des tuyaux, le d\u00e9graissage, l'entretien des grilles, le lavage des sols, le nettoyage des sols et de l'\u00e9quipement dans l'industrie alimentaire, le nettoyage des ponts, des salles des machines et des cales des navires. Il est suffisamment s\u00fbr pour \u00eatre utilis\u00e9 comme un savon normal pour les mains.<\/p><hr\/>\n<h3>AQUAQUICK 2000 peut \u00eatre utilis\u00e9 comme un extincteur.<\/h3>\n<p>L'utilisation d'AQUAQUICK 2000 a \u00e9t\u00e9 approuv\u00e9e par les services d'incendie de Jakarta, en Indon\u00e9sie, ainsi que dans d'autres pays, en tant que combustible ignifuge pour \u00e9teindre le feu et peut \u00eatre utilis\u00e9 pour nettoyer les d\u00e9g\u00e2ts apr\u00e8s.<\/p>\n<hr \/>\n<h3>Solution de nettoyage total<\/h3>\n<p>AQUAQUICK 2000 convient pour nettoyer toute pollution par hydrocarbures et a \u00e9t\u00e9 approuv\u00e9 pour les produits de nettoyage dans ces industries : Le p\u00e9trole et le gaz, les agences gouvernementales, l'automobile et l'ing\u00e9nierie, le transport maritime et la marine, l'industrie a\u00e9ronautique, la fabrication, l'industrie alimentaire et des boissons, et les industries de nettoyage g\u00e9n\u00e9ral.<\/p>\n<hr \/>\n<h3>Enti\u00e8rement biod\u00e9gradable (100%&lt;21 jours)<\/h3>\n<p>AQUAQUICK 2000 existe depuis plusieurs d\u00e9cennies et poss\u00e8de un grand nombre de rapports et d'homologations garantissant les aspects de s\u00e9curit\u00e9 et l'\u00e9tat de l'environnement. Il n'y a pas de manipulations, de stockages ou d'avertissements particuliers pour l'application du produit AQUAQUICK 2000. Dans les effets \u00e9co-toxiques, ce produit est compl\u00e8tement biod\u00e9gradable. Dans les stations d'\u00e9puration des eaux, AQUAQUICK 2000 est 100% biod\u00e9gradable en moins de 60 minutes. Dans les eaux de surface, AQUAQUICK 2000 est 100% biod\u00e9gradable en moins de 21 jours. Sur notre page de recherche, vous pouvez en savoir plus sur le processus de 21 jours d'AQUAQUICK 2000. <\/p>\n<hr \/>\n<h3>AQUAQUICK 2000 est ininflammable.<\/h3>\n<p>AQUAQUICK 2000 est approuv\u00e9 dermatologiquement comme \u00e9tant suffisamment s\u00fbr pour \u00eatre utilis\u00e9 \u00e0 la maison comme savon \u00e0 mains quotidien, ou peut \u00eatre utilis\u00e9 dans de multiples industries comme savon \u00e0 mains puisque ses ingr\u00e9dients naturels n'irritent pas les cellules de la peau humaine.<\/p>\n<hr \/>\n<h3>Dispersion organique et biologique<\/h3>\n<p>N'endommage pas les m\u00e9taux, la peinture, les rev\u00eatements, le caoutchouc ou les plastiques - N'affecte pas les substrats et est sans danger pour le nettoyage des plastiques, des m\u00e9taux, des rev\u00eatements, des peintures, des caoutchoucs, de l'\u00e9poxy, etc.<\/p>\n<hr \/>\n<h3>Assistance technique pour l'AQUAQUICK 2000<\/h3>\n<p>AQUAQUICK 2000 a \u00e9t\u00e9 utilis\u00e9 pour de nombreuses applications de nettoyage diff\u00e9rentes dans le monde entier. Notre \u00e9quipe d'experts techniques s'est beaucoup d\u00e9velopp\u00e9e au cours des derni\u00e8res d\u00e9cennies. Nous fournissons toujours un soutien technique \u00e0 ceux qui ont besoin d'aide ou d'informations concernant AQUAQUICK 2000. Nous fournissons, appliquons et respectons et sommes le fabricant mondial d'AQUAQUICK 2000. Pour des informations directes sur le support technique, envoyez-nous un courriel \u00e0 business@aquaquick2000.com.  <\/p>\n<hr \/>\n\t\t<\/div>\n\t\t\t\t\t<\/div>\n\n\t\n<\/div>\n\t\t<\/div>\n\n\t\t\n<style>\n#section_2084845455 {\n  padding-top: 30px;\n  padding-bottom: 30px;\n}\n<\/style>\n\t<\/section>","protected":false},"excerpt":{"rendered":"","protected":false},"author":1,"featured_media":8707,"parent":0,"menu_order":0,"comment_status":"closed","ping_status":"closed","template":"page-blank.php","meta":{"cybocfi_hide_featured_image":"","footnotes":"","_links_to":"","_links_to_target":""},"class_list":["post-2453","page","type-page","status-publish","has-post-thumbnail","hentry"],"_links":{"self":[{"href":"https:\/\/www.aquaquick2000.com\/fr\/wp-json\/wp\/v2\/pages\/2453","targetHints":{"allow":["GET"]}}],"collection":[{"href":"https:\/\/www.aquaquick2000.com\/fr\/wp-json\/wp\/v2\/pages"}],"about":[{"href":"https:\/\/www.aquaquick2000.com\/fr\/wp-json\/wp\/v2\/types\/page"}],"author":[{"embeddable":true,"href":"https:\/\/www.aquaquick2000.com\/fr\/wp-json\/wp\/v2\/users\/1"}],"replies":[{"embeddable":true,"href":"https:\/\/www.aquaquick2000.com\/fr\/wp-json\/wp\/v2\/comments?post=2453"}],"version-history":[{"count":0,"href":"https:\/\/www.aquaquick2000.com\/fr\/wp-json\/wp\/v2\/pages\/2453\/revisions"}],"wp:featuredmedia":[{"embeddable":true,"href":"https:\/\/www.aquaquick2000.com\/fr\/wp-json\/wp\/v2\/media\/8707"}],"wp:attachment":[{"href":"https:\/\/www.aquaquick2000.com\/fr\/wp-json\/wp\/v2\/media?parent=2453"}],"curies":[{"name":"wp","href":"https:\/\/api.w.org\/{rel}","templated":true}]}}