{"id":2532,"date":"2017-01-02T12:53:57","date_gmt":"2017-01-02T12:53:57","guid":{"rendered":"http:\/\/www.aquaquick2000.com\/?page_id=2532"},"modified":"2023-01-26T13:03:21","modified_gmt":"2023-01-26T13:03:21","slug":"liste-des-agrements-certificats","status":"publish","type":"page","link":"https:\/\/www.aquaquick2000.com\/fr\/accreditations\/list-of-approvals-certificates\/","title":{"rendered":"Liste des agr\u00e9ments et certificats"},"content":{"rendered":"Liste des agr\u00e9ments et certificats\n\n<h2>Liste des homologations et certificats pour AQUAQUICK 2000.<\/h2>\n<p>Au cours des quatre derni\u00e8res d\u00e9cennies, le produit AQUAQUICK 2000 a \u00e9tonn\u00e9 le monde entier par ses r\u00e9sultats remarquables. Depuis lors, AQUAQUICK 2000 a \u00e9t\u00e9 utilis\u00e9 comme une solution r\u00e9ussie pour de nombreuses applications industrielles. AQUAQUICK 2000 a \u00e9t\u00e9 test\u00e9 et approuv\u00e9 ou certifi\u00e9 par les organisations, entreprises et instituts gouvernementaux suivants. <\/p>\n<ul>\n<li class=\"bullet-checkmark\">UT Enschede, Pays-Bas - AQUAQUICK 2000, lorsqu'il est utilis\u00e9 dans une station d'\u00e9puration des eaux us\u00e9es, est enti\u00e8rement biod\u00e9gradable et ne contient pas de chlore. Il ne pr\u00e9sente aucun risque particulier pour la sant\u00e9 ni aucun sous-produit toxique, tout en \u00e9liminant facilement les hydrocarbures du sol.<\/li>\n<li class=\"bullet-checkmark\">TNO University Delft, Netherlands - Ce produit n'a pas d'effets n\u00e9fastes \u00e0 long terme sur les \u00e9cosyst\u00e8mes, les syst\u00e8mes aquatiques ou les utilisateurs, car AQUAQUICK 2000 est enti\u00e8rement biod\u00e9gradable, non sensibilisant et non corrosif pour la peau ou les yeux humains.<\/li>\n<li class=\"bullet-checkmark\">Minist\u00e8re de la sant\u00e9, Pays-Bas - AQUAQUICK 2000 est conforme \u00e0 toutes les r\u00e9glementations d'application de l'industrie alimentaire n\u00e9erlandaise.<\/li>\n<li class=\"bullet-checkmark\">Minist\u00e8re de la D\u00e9fense des Pays-Bas, Pays-Bas - AQUAQUICK 2000 n'est pas destructeur pour les peintures ou les rev\u00eatements et s'est r\u00e9v\u00e9l\u00e9 apte \u00e0 \u00e9liminer les hydrocarbures tout en produisant une \u00e9mulsion stable.<\/li>\n<li class=\"bullet-checkmark\">Netherlands Water Board Districts, Pays-Bas - AQUAQUICK 2000 peut \u00eatre rejet\u00e9 dans les \u00e9gouts apr\u00e8s \u00e9limination des hydrocarbures s\u00e9par\u00e9s qui ne doivent pas \u00eatre pollu\u00e9s par des substances interdites.<\/li>\n<li class=\"bullet-checkmark\">Directorate General for Shipping and Maritime Affairs, London UK (IMO) - AQUAQUICK 2000 et AQUAQUICK 2000 SP r\u00e9pondent \u00e0 toutes les directives \u00e9nonc\u00e9es dans l'annexe II de MARPOL, Nettoyage des citernes (MERC.2\/CIRC.8), et le groupe de travail ESPH.<\/li>\n<li class=\"bullet-checkmark\">NS Dutch Railways Utrecht, Pays-Bas - AQUAQUICK 2000 est un agent de nettoyage universel appropri\u00e9 pour le nettoyage des m\u00e9taux et des surfaces peintes. Son application ne requiert aucune proc\u00e9dure de s\u00e9curit\u00e9 particuli\u00e8re. Il peut \u00e9galement \u00eatre utilis\u00e9 avec des \u00e9quipements de dispersion \u00e0 haute pression.<\/li>\n<li class=\"bullet-checkmark\">American Bureau of Shipping London, UK - AQUAQUICK 2000 et AQUAQUICK 2000 SP ont re\u00e7u un certificat d'\u00e9valuation de la conception du produit pour l'approbation de l'exp\u00e9dition.<\/li>\n<li class=\"bullet-checkmark\">Surveillance nationale des mines, Pays-Bas - AQUAQUICK 2000, conform\u00e9ment \u00e0 l'article 49B, alin\u00e9a 1, du r\u00e8glement sur l'exploitation mini\u00e8re du plateau continental, s'est r\u00e9v\u00e9l\u00e9 inoffensif pour le milieu marin.<\/li>\n<li class=\"bullet-checkmark\">Institut de recherche TUV de Hanovre, Allemagne - AQUAQUICK 2000 SP a \u00e9t\u00e9 approuv\u00e9 pour une utilisation dans les industries de l'automobile et du travail des m\u00e9taux. Il est conforme \u00e0 toutes les exigences relatives aux nettoyants \u00e0 s\u00e9paration rapide tout en respectant les r\u00e9glementations allemandes relatives aux substances ou pr\u00e9parations dangereuses des directives environnementales.<\/li>\n<li class=\"bullet-checkmark\">Dekra Umwelt Gmbh Stuttgart, Allemagne - AQUAQUICK 2000 SP r\u00e9pond aux normes d'approbation pour l'utilisation dans les s\u00e9parateurs d'huile et de graisse (norme autrichienne B 5105) avec une classification de transport de mat\u00e9riau non dangereux.<\/li>\n<li class=\"bullet-checkmark\">Institut d'hygi\u00e8ne de Gelsenkirchen, Allemagne - AQUAQUICK 2000 est un d\u00e9tergent approuv\u00e9 pour le nettoyage des surfaces routi\u00e8res pollu\u00e9es par l'huile.<\/li>\n<li class=\"bullet-checkmark\">Laboratoire national de recherche sur les mat\u00e9riaux de Dortmund, Allemagne - AQUAQUICK 2000 s'est r\u00e9v\u00e9l\u00e9 conforme aux \" m\u00e9thodes \u00e9tablies d'\u00e9limination des traces d'huile sur les surfaces routi\u00e8res, \u00e0 l'exception des absorbants d'huile \".<\/li>\n<li class=\"bullet-checkmark\">Laboratoire de chimie Webling, Allemagne - AQUAQUICK 2000 est 100% biod\u00e9gradable, ne causant aucun effet ind\u00e9sirable dans les installations de traitement des eaux us\u00e9es ou sur l'\u00e9quipement.<\/li>\n<li class=\"bullet-checkmark\">Recherche en Malaisie - Il a \u00e9t\u00e9 d\u00e9termin\u00e9 qu'AQUAQUICK 2000 s'est r\u00e9v\u00e9l\u00e9 non toxique pour les milieux aquatiques, conform\u00e9ment \u00e0 la classification des produits de l'Organisation maritime internationale (OMI) (valeurs LC50 et EC50 de &gt;1000mg\/L). Les tests ont montr\u00e9 que la teneur en graisse et en huile des eaux us\u00e9es a \u00e9t\u00e9 r\u00e9duite jusqu'\u00e0 94% en seulement 21 jours.<\/li>\n<li class=\"bullet-checkmark\">Chercheur du laboratoire de microbiologie J. Balfanz Munster, Allemagne - AQUAQUICK 2000 V-93 stimule la croissance des bact\u00e9ries et des microorganismes et acc\u00e9l\u00e8re la d\u00e9gradation des hydrocarbures dans le sol et l'eau de surface. La recherche a montr\u00e9 une moyenne de 90% de d\u00e9gradation des hydrocarbures en 35 jours.<\/li>\n<li class=\"bullet-checkmark\">Mechem Technical &amp; Laboratory Services Pte, Ltd, Singapour - AQUAQUICK 2000 s'est av\u00e9r\u00e9 conforme aux sp\u00e9cifications des dispersants, \u00e9num\u00e9r\u00e9es dans la premi\u00e8re annexe de la pr\u00e9vention de la pollution de la mer. (R\u00e8glement 1999.)<\/li>\n<li class=\"bullet-checkmark\">Migas Laboratories, Indon\u00e9sie - AQUAQUICK 2000 peut \u00eatre utilis\u00e9 l\u00e9galement et en toute s\u00e9curit\u00e9 pour contr\u00f4ler les d\u00e9versements d'hydrocarbures et nettoyer les bateaux sur le rivage et au large, lorsqu'il est dilu\u00e9 \u00e0 1:50 dans 10 ml d'eau.<\/li>\n<li class=\"bullet-checkmark\">London Underground United Kingdom - AQUAQUICK 2000 est acceptable pour l'utilisation dans le London Underground Ltd, sans aucune objection en mati\u00e8re de sant\u00e9 ou de s\u00e9curit\u00e9. (Rapport n\u00b0 C7638, 9 f\u00e9vrier 1996)<\/li>\n<li class=\"bullet-checkmark\">SABA - On a constat\u00e9 que l'AQUAQUICK 2000 et l'AQUAQUICK 2000 SP n'avaient aucun effet nocif sur les mastics de sol \u00e9tanches aux liquides pour les stations-service fabriqu\u00e9s par Simson et SABA.<\/li>\n<li class=\"bullet-checkmark\">Agence canadienne d'inspection des aliments, Ontario, Canada - AQUAQUICK 2000 et AQUAQUICK 2000 SP sont approuv\u00e9s pour le nettoyage industriel des \u00e9quipements de l'industrie alimentaire. Leurs r\u00e9sultats montrent qu'il n'y aura pas de contamination des aliments qui en r\u00e9sultera. Ces produits peuvent \u00eatre utilis\u00e9s sur les sols et les murs dans les zones alimentaires lorsque les aliments ne sont pas manipul\u00e9s.<\/li>\n<li class=\"bullet-checkmark\">Icelandic Food Inspection Agency, Iceland - AQUAQUICK 2000 a \u00e9t\u00e9 approuv\u00e9 pour le nettoyage industriel de tous les \u00e9quipements de l'industrie alimentaire. Il s'est av\u00e9r\u00e9 \u00eatre non toxique, non corrosif et respectueux de l'utilisateur et de l'environnement.<\/li>\n<li class=\"bullet-checkmark\">Polish Food Inspection Agency, Pologne - AQUAQUICK 2000 a \u00e9t\u00e9 approuv\u00e9 pour le nettoyage industriel des \u00e9quipements de production alimentaire.<\/li>\n<li class=\"bullet-checkmark\">Deutschland Environmental Protection Group, Allemagne - AQUAQUICK 2000 a \u00e9t\u00e9 jug\u00e9 s\u00fbr et approuv\u00e9 pour toutes les applications environnementales en Allemagne.<\/li>\n<li class=\"bullet-checkmark\">Tha\u00eflande\/Malaisie - AQUAQUICK 2000 a \u00e9t\u00e9 approuv\u00e9 pour une utilisation dans toutes les applications industrielles et environnementales dans les r\u00e9gions de la Tha\u00eflande et de la Malaisie.<\/li>\n<li class=\"bullet-checkmark\">P\u00e9rou - L'utilisation d'AQUAQUICK 2000 dans les applications de nettoyage a \u00e9t\u00e9 approuv\u00e9e au P\u00e9rou.<\/li>\n<li class=\"bullet-checkmark\">Egypte - AQUAQUICK 2000 a obtenu l'agr\u00e9ment pour les applications g\u00e9n\u00e9rales et industrielles de nettoyage. Il est \u00e9galement autoris\u00e9 pour le traitement des d\u00e9versements d'hydrocarbures en \u00c9gypte.<\/li>\n<li class=\"bullet-checkmark\">Garde c\u00f4ti\u00e8re des Philippines, Philippines - AQUAQUICK 2000 r\u00e9pond \u00e0 toutes les exigences d'accr\u00e9ditation pour un dispersant de d\u00e9versement d'hydrocarbures.<\/li>\n<li class=\"bullet-checkmark\">Surface-washing Agents : an Update 2013, Spill Science, Edmonton, Alberta, Canada - Liste AQUAQUICK 2000 comme un dispersant de lavage de surface approuv\u00e9 qui a satisfait \u00e0 toutes les normes d'essai d'efficacit\u00e9, de toxicit\u00e9 et d'application.<\/li>\n<\/ul>","protected":false},"excerpt":{"rendered":"<p>List of approvals &amp; certificates List of Approvals &amp; Certificates for AQUAQUICK 2000. For the past 4 decades the AQUAQUICK 2000 product has amazed the world with remarkable results. Since then AQUAQUICK 2000 has been used as a successful solution for many industrial applications. AQUAQUICK 2000 has been tested and approved or certified by the [&#8230;]\n","protected":false},"author":1,"featured_media":4384,"parent":2528,"menu_order":0,"comment_status":"closed","ping_status":"closed","template":"","meta":{"cybocfi_hide_featured_image":"","footnotes":"","_links_to":"","_links_to_target":""},"class_list":["post-2532","page","type-page","status-publish","has-post-thumbnail","hentry"],"_links":{"self":[{"href":"https:\/\/www.aquaquick2000.com\/fr\/wp-json\/wp\/v2\/pages\/2532","targetHints":{"allow":["GET"]}}],"collection":[{"href":"https:\/\/www.aquaquick2000.com\/fr\/wp-json\/wp\/v2\/pages"}],"about":[{"href":"https:\/\/www.aquaquick2000.com\/fr\/wp-json\/wp\/v2\/types\/page"}],"author":[{"embeddable":true,"href":"https:\/\/www.aquaquick2000.com\/fr\/wp-json\/wp\/v2\/users\/1"}],"replies":[{"embeddable":true,"href":"https:\/\/www.aquaquick2000.com\/fr\/wp-json\/wp\/v2\/comments?post=2532"}],"version-history":[{"count":0,"href":"https:\/\/www.aquaquick2000.com\/fr\/wp-json\/wp\/v2\/pages\/2532\/revisions"}],"up":[{"embeddable":true,"href":"https:\/\/www.aquaquick2000.com\/fr\/wp-json\/wp\/v2\/pages\/2528"}],"wp:featuredmedia":[{"embeddable":true,"href":"https:\/\/www.aquaquick2000.com\/fr\/wp-json\/wp\/v2\/media\/4384"}],"wp:attachment":[{"href":"https:\/\/www.aquaquick2000.com\/fr\/wp-json\/wp\/v2\/media?parent=2532"}],"curies":[{"name":"wp","href":"https:\/\/api.w.org\/{rel}","templated":true}]}}