{"id":3561,"date":"2018-04-23T21:19:18","date_gmt":"2018-04-23T21:19:18","guid":{"rendered":"http:\/\/www.aquaquick2000.com\/?page_id=3561"},"modified":"2023-01-27T10:31:09","modified_gmt":"2023-01-27T10:31:09","slug":"nck-international-corp","status":"publish","type":"page","link":"https:\/\/www.aquaquick2000.com\/fr\/distributors\/nck-international-corp\/","title":{"rendered":"NCK INTERNATIONAL CORP"},"content":{"rendered":"<section class=\"section\" id=\"section_1634758097\">\n\t\t<div class=\"section-bg fill\" >\n\t\t\t<img decoding=\"async\" width=\"1920\" height=\"441\" src=\"https:\/\/b3871678.smushcdn.com\/3871678\/wp-content\/uploads\/2020\/09\/aquaquick-2000-oil-cleaning-waterwave.jpg?lossy=2&strip=1&webp=1\" class=\"bg attachment- size-\" alt=\"\" title=\"\" srcset=\"https:\/\/b3871678.smushcdn.com\/3871678\/wp-content\/uploads\/2020\/09\/aquaquick-2000-oil-cleaning-waterwave.jpg?lossy=2&amp;strip=1&amp;webp=1 1920w, https:\/\/b3871678.smushcdn.com\/3871678\/wp-content\/uploads\/2020\/09\/aquaquick-2000-oil-cleaning-waterwave-510x117.jpg?lossy=2&amp;strip=1&amp;webp=1 510w, https:\/\/b3871678.smushcdn.com\/3871678\/wp-content\/uploads\/2020\/09\/aquaquick-2000-oil-cleaning-waterwave-500x115.jpg?lossy=2&amp;strip=1&amp;webp=1 500w, https:\/\/b3871678.smushcdn.com\/3871678\/wp-content\/uploads\/2020\/09\/aquaquick-2000-oil-cleaning-waterwave-1280x294.jpg?lossy=2&amp;strip=1&amp;webp=1 1280w, https:\/\/b3871678.smushcdn.com\/3871678\/wp-content\/uploads\/2020\/09\/aquaquick-2000-oil-cleaning-waterwave-768x176.jpg?lossy=2&amp;strip=1&amp;webp=1 768w, https:\/\/b3871678.smushcdn.com\/3871678\/wp-content\/uploads\/2020\/09\/aquaquick-2000-oil-cleaning-waterwave-1536x353.jpg?lossy=2&amp;strip=1&amp;webp=1 1536w, https:\/\/b3871678.smushcdn.com\/3871678\/wp-content\/uploads\/2020\/09\/aquaquick-2000-oil-cleaning-waterwave.jpg?size=204x47&amp;lossy=2&amp;strip=1&amp;webp=1 204w, https:\/\/b3871678.smushcdn.com\/3871678\/wp-content\/uploads\/2020\/09\/aquaquick-2000-oil-cleaning-waterwave.jpg?size=408x94&amp;lossy=2&amp;strip=1&amp;webp=1 408w, https:\/\/b3871678.smushcdn.com\/3871678\/wp-content\/uploads\/2020\/09\/aquaquick-2000-oil-cleaning-waterwave.jpg?size=612x141&amp;lossy=2&amp;strip=1&amp;webp=1 612w, https:\/\/b3871678.smushcdn.com\/3871678\/wp-content\/uploads\/2020\/09\/aquaquick-2000-oil-cleaning-waterwave.jpg?size=1020x234&amp;lossy=2&amp;strip=1&amp;webp=1 1020w\" sizes=\"(max-width: 1920px) 100vw, 1920px\">\t\t\t\t\t\t<div class=\"section-bg-overlay absolute fill\"><\/div>\n\t\t\t\n\n\t\t<\/div>\n\n\t\t\n\n\t\t<div class=\"section-content relative\">\n\t\t\t\n\n<div class=\"row row-collapse align-equal\"  id=\"row-311383225\">\n\n\n\t<div id=\"col-663771854\" class=\"col small-12 large-12\"  >\n\t\t\t\t<div class=\"col-inner\"  >\n\t\t\t\n\t\t\t\n\n<h2 class=\"uppercase\" style=\"text-align: center;\">L'AQUAQUICK 2000 en Chine, \u00e0 Ta\u00efwan et au Vietnam est vendu par NCK INTERNATIONAL CORP.<\/h2>\n\n\t\t<\/div>\n\t\t\t\t\t<\/div>\n\n\t\n\n<\/div>\n\n\t\t<\/div>\n\n\t\t\n<style>\n#section_1634758097 {\n  padding-top: 45px;\n  padding-bottom: 45px;\n}\n#section_1634758097 .section-bg-overlay {\n  background-color: rgba(240, 240, 240, 0.64);\n}\n<\/style>\n\t<\/section>\n\t\n\n\t<section class=\"section\" id=\"section_793459199\">\n\t\t<div class=\"section-bg fill\" >\n\t\t\t\t\t\t\t\t\t<div class=\"section-bg-overlay absolute fill\"><\/div>\n\t\t\t\n\n\t\t<\/div>\n\n\t\t\n\n\t\t<div class=\"section-content relative\">\n\t\t\t\n\n<div class=\"row\"  id=\"row-856382311\">\n\n\n\t<div id=\"col-1189088697\" class=\"col medium-6 small-12 large-6\"  >\n\t\t\t\t<div class=\"col-inner\"  >\n\t\t\t\n\t\t\t\n\n<h3 class=\"widget-title\">AQUAQUICK 2000 Distributeur en Chine, \u00e0 Taiwan et au Vietnam<\/h3>\n<p class=\"widget-title\">NCK INTERNATIONAL CORP repr\u00e9sente toute une s\u00e9rie de fabricants europ\u00e9ens, qui ont fait de la production des emplois et de l'environnement.<\/p>\n<p>NCK INTERNATIONAL CORP offre une large gamme de services.<\/p>\n<p>NCK INTERNATIONAL CORP est autoris\u00e9 \u00e0 vendre les produits AQUAQUICK en Chine, \u00e0 Taiwan et au Vietnam.<\/p>\n<p><em><strong>NCK INTERNATIONAL CORP est approuv\u00e9 par AQUAQUICK GLOBAL B.V.<\/strong><\/em><\/p>\n<h3>Coordonn\u00e9es de NCK INTERNATIONAL CORP<\/h3>\n<a href=\"https:\/\/www.aquaquick2000.com\/fr\/distributeurs\/\" class=\"button primary\" >\n\t\t<span>Tous les distributeurs d'AQUAQUICK 2000<\/span>\n\t<\/a>\n\n\n\n\t\t<\/div>\n\t\t\t\t\t<\/div>\n\n\t\n\n\t<div id=\"col-1299250393\" class=\"col medium-6 small-12 large-6\"  >\n\t\t\t\t<div class=\"col-inner\" style=\"background-color:rgb(240, 240, 240);\" >\n\t\t\t\n\t\t\t\n\n<div class=\"accordion\">\n\n\t<div id=\"accordion-3873864819\" class=\"accordion-item\">\n\t\t<a id=\"accordion-3873864819-label\" class=\"accordion-title plain active\" href=\"#accordion-item-aquaquick-2000-in-china,-taiwan-&#038;-vietnam\" aria-expanded=\"true\" aria-controls=\"accordion-3873864819-content\">\n\t\t\t<button class=\"toggle\" aria-label=\"Basculer\"><i class=\"icon-angle-down\" aria-hidden=\"true\"><\/i><\/button>\n\t\t\t<span>AQUAQUICK 2000 en Chine, \u00e0 Taiwan et au Vietnam<\/span>\n\t\t<\/a>\n\t\t<div id=\"accordion-3873864819-content\" class=\"accordion-inner\" style=\"display: block;\" aria-labelledby=\"accordion-3873864819-label\">\n\t\t\t\n\n<p>Pour acheter AQUAQUICK 2000 directement en <b>Chine, Taiwan et Vietnam<\/b> vous pouvez contacter notre distributeur local <strong>NCK INTERNATIONAL CORP<\/strong>.<\/p>\n<p>AQUAQUICK 2000 peut \u00eatre achet\u00e9 dans n'importe quel pays du monde et constitue la solution num\u00e9ro un pour le nettoyage des mar\u00e9es noires.<\/p>\n\n\t\t<\/div>\n\t<\/div>\n\t\n\t<div id=\"accordion-100100347\" class=\"accordion-item\">\n\t\t<a id=\"accordion-100100347-label\" class=\"accordion-title plain\" href=\"#accordion-item-oil-spills-in-china,-taiwan-&#038;-vietnam\" aria-expanded=\"false\" aria-controls=\"accordion-100100347-content\">\n\t\t\t<button class=\"toggle\" aria-label=\"Basculer\"><i class=\"icon-angle-down\" aria-hidden=\"true\"><\/i><\/button>\n\t\t\t<span>D\u00e9versements de p\u00e9trole en Chine, \u00e0 Taiwan et au Vietnam<\/span>\n\t\t<\/a>\n\t\t<div id=\"accordion-100100347-content\" class=\"accordion-inner\" aria-labelledby=\"accordion-100100347-label\">\n\t\t\t\n\n<p>Pour une solution imm\u00e9diate et \u00e9cologique aux d\u00e9versements d'hydrocarbures, il est pr\u00e9f\u00e9rable d'utiliser AQUAQUICK 2000. Si vous rencontrez des d\u00e9versements d'huile dans <b>Chine, Taiwan et Vietnam <\/b>vous pouvez contacter NCK INTERNATIONAL CORP pour la fourniture d'AQUAQUICK 2000.<\/p>\n\n\t\t<\/div>\n\t<\/div>\n\t\n\t<div id=\"accordion-1483224158\" class=\"accordion-item\">\n\t\t<a id=\"accordion-1483224158-label\" class=\"accordion-title plain\" href=\"#accordion-item-about-nck-international-corp\" aria-expanded=\"false\" aria-controls=\"accordion-1483224158-content\">\n\t\t\t<button class=\"toggle\" aria-label=\"Basculer\"><i class=\"icon-angle-down\" aria-hidden=\"true\"><\/i><\/button>\n\t\t\t<span>\u00c0 propos de NCK INTERNATIONAL CORP<\/span>\n\t\t<\/a>\n\t\t<div id=\"accordion-1483224158-content\" class=\"accordion-inner\" aria-labelledby=\"accordion-1483224158-label\">\n\t\t\t\n\n<h3>\u00c0 propos de NCK INTERNATIONAL CORP<\/h3>\n<p>Alors que les consommateurs sont de plus en plus sensibles aux \u00e9conomies d'\u00e9nergie et \u00e0 la protection de l'environnement, \"Hong Quansheng\" adh\u00e8re \u00e0 la philosophie d'entreprise coh\u00e9rente de l'\"innovation\", des \"\u00e9conomies d'\u00e9nergie\" et de la \"durabilit\u00e9\", afin que chacun puisse vivre dans un environnement vert, s\u00fbr et confortable pour la tendance irr\u00e9versible du d\u00e9veloppement de la protection de l'environnement.<\/p>\n<p>Zheng Fengning, pr\u00e9sident de Hong Quansheng International, a pr\u00e9sent\u00e9 la peinture \u00e9cran thermique \u00e9cologique \u00e0 \u00e9conomie d'\u00e9nergie Adgreencoat, d\u00e9velopp\u00e9e par NCK Co. Ltd. de l'Institut central de recherche du Japon. Ce produit peut r\u00e9fl\u00e9chir directement et efficacement la chaleur rayonnante de la lumi\u00e8re du soleil, les rayons ultraviolets et les rayons infrarouges proches.<\/p>\n<p>R\u00e9duire la temp\u00e9rature dans l'objet (comme les b\u00e2timents\/barils\/bus, etc.), r\u00e9duire les co\u00fbts d'\u00e9lectricit\u00e9 de la climatisation et am\u00e9liorer le confort de l'environnement de travail. En 2013, China Research International Co., Ltd. a \u00e9t\u00e9 cr\u00e9\u00e9e en tant que coentreprise avec NCK pour \u00eatre responsable de la fabrication, du marketing et du d\u00e9veloppement des canaux de distribution des produits dans la r\u00e9gion de la Grande Chine.<\/p>\n<p>En outre, depuis 2017, China Research International s'est engag\u00e9 \u00e0 fournir aux clients des services et des solutions \u00e9cologiques de haute qualit\u00e9, dans l'esprit de continuer \u00e0 cultiver des produits d'\u00e9conomie d'\u00e9nergie respectueux de l'environnement.<\/p>\n<p>Elle a commenc\u00e9 \u00e0 repr\u00e9senter la s\u00e9rie de produits AQUAQUICK 2000 d'AQUAQUICK GLOBAL BV des Pays-Bas, fournissant aux clients un nettoyage respectueux de l'environnement (d\u00e9gradation de l'huile) Le meilleur et le plus efficace des plans de r\u00e9partition. Nous nous effor\u00e7ons d'\u00e9tablir des partenariats \u00e9troits avec les clients, nous respectons nos engagements envers les clients et les fournisseurs, et nous poursuivons une op\u00e9ration gagnant-gagnant et durable.<\/p>\n<p>Zhongyan insiste sur la qualit\u00e9 des produits, la s\u00e9lection des sources de mati\u00e8res premi\u00e8res et des normes de processus rigoureuses. Elle est fermement convaincue que seuls la responsabilit\u00e9 et l'engagement sociaux permettent de concr\u00e9tiser la vision d'une exploitation durable.<\/p>\n\n\t\t<\/div>\n\t<\/div>\n\t\n\n<\/div>\n\t<div class=\"img has-hover x md-x lg-x y md-y lg-y\" id=\"image_169220872\">\n\t\t\t\t\t\t\t\t<div class=\"img-inner dark\" >\n\t\t\t<img decoding=\"async\" width=\"500\" height=\"149\" data-src=\"https:\/\/b3871678.smushcdn.com\/3871678\/wp-content\/uploads\/2020\/09\/AQUAQUICK-2000-DISTRIBUTOR-LOGOS_0007_logo03-1-e1523610811893.jpg?lossy=2&strip=1&webp=1\" class=\"attachment-large size-large lazyload\" alt=\"DISTRIBUTEUR AQUAQUICK 2000 NCK INTERNATIONAL CORP.\" title=\"\" data-srcset=\"https:\/\/b3871678.smushcdn.com\/3871678\/wp-content\/uploads\/2020\/09\/AQUAQUICK-2000-DISTRIBUTOR-LOGOS_0007_logo03-1-e1523610811893.jpg?lossy=2&amp;strip=1&amp;webp=1 500w, https:\/\/b3871678.smushcdn.com\/3871678\/wp-content\/uploads\/2020\/09\/AQUAQUICK-2000-DISTRIBUTOR-LOGOS_0007_logo03-1-e1523610811893.jpg?size=204x61&amp;lossy=2&amp;strip=1&amp;webp=1 204w, https:\/\/b3871678.smushcdn.com\/3871678\/wp-content\/uploads\/2020\/09\/AQUAQUICK-2000-DISTRIBUTOR-LOGOS_0007_logo03-1-e1523610811893.jpg?size=408x122&amp;lossy=2&amp;strip=1&amp;webp=1 408w\" data-sizes=\"auto\" src=\"data:image\/svg+xml;base64,PHN2ZyB3aWR0aD0iMSIgaGVpZ2h0PSIxIiB4bWxucz0iaHR0cDovL3d3dy53My5vcmcvMjAwMC9zdmciPjwvc3ZnPg==\" style=\"--smush-placeholder-width: 500px; --smush-placeholder-aspect-ratio: 500\/149;\" data-original-sizes=\"(max-width: 500px) 100vw, 500px\">\t\t\t\t\t\t\n\t\t\t\t\t<\/div>\n\t\t\t\t\t\t\t\t\n<style>\n#image_169220872 {\n  width: 100%;\n}\n<\/style>\n\t<\/div>\n\t\n\n\n\t\t<\/div>\n\t\t\t\t\t<\/div>\n\n\t\n\n<\/div>\n\n\t\t<\/div>\n\n\t\t\n<style>\n#section_793459199 {\n  padding-top: 30px;\n  padding-bottom: 30px;\n  background-color: rgb(255, 255, 255);\n}\n#section_793459199 .section-bg-overlay {\n  background-color: rgba(240, 240, 240, 0);\n}\n<\/style>\n\t<\/section>","protected":false},"excerpt":{"rendered":"","protected":false},"author":1,"featured_media":5585,"parent":2564,"menu_order":0,"comment_status":"closed","ping_status":"closed","template":"page-blank.php","meta":{"cybocfi_hide_featured_image":"","footnotes":"","_links_to":"","_links_to_target":""},"class_list":["post-3561","page","type-page","status-publish","has-post-thumbnail","hentry"],"_links":{"self":[{"href":"https:\/\/www.aquaquick2000.com\/fr\/wp-json\/wp\/v2\/pages\/3561","targetHints":{"allow":["GET"]}}],"collection":[{"href":"https:\/\/www.aquaquick2000.com\/fr\/wp-json\/wp\/v2\/pages"}],"about":[{"href":"https:\/\/www.aquaquick2000.com\/fr\/wp-json\/wp\/v2\/types\/page"}],"author":[{"embeddable":true,"href":"https:\/\/www.aquaquick2000.com\/fr\/wp-json\/wp\/v2\/users\/1"}],"replies":[{"embeddable":true,"href":"https:\/\/www.aquaquick2000.com\/fr\/wp-json\/wp\/v2\/comments?post=3561"}],"version-history":[{"count":0,"href":"https:\/\/www.aquaquick2000.com\/fr\/wp-json\/wp\/v2\/pages\/3561\/revisions"}],"up":[{"embeddable":true,"href":"https:\/\/www.aquaquick2000.com\/fr\/wp-json\/wp\/v2\/pages\/2564"}],"wp:featuredmedia":[{"embeddable":true,"href":"https:\/\/www.aquaquick2000.com\/fr\/wp-json\/wp\/v2\/media\/5585"}],"wp:attachment":[{"href":"https:\/\/www.aquaquick2000.com\/fr\/wp-json\/wp\/v2\/media?parent=3561"}],"curies":[{"name":"wp","href":"https:\/\/api.w.org\/{rel}","templated":true}]}}