{"id":4301,"date":"2019-07-18T11:17:49","date_gmt":"2019-07-18T11:17:49","guid":{"rendered":"https:\/\/www.aquaquick2000.com\/?page_id=4301"},"modified":"2023-01-27T10:33:00","modified_gmt":"2023-01-27T10:33:00","slug":"topserw","status":"publish","type":"page","link":"https:\/\/www.aquaquick2000.com\/fr\/distributors\/topserw\/","title":{"rendered":"TOPSERW"},"content":{"rendered":"<section class=\"section\" id=\"section_423580536\">\n\t\t<div class=\"section-bg fill\" >\n\t\t\t<img decoding=\"async\" width=\"1920\" height=\"441\" src=\"https:\/\/b3871678.smushcdn.com\/3871678\/wp-content\/uploads\/2020\/09\/aquaquick-2000-oil-cleaning-waterwave.jpg?lossy=2&strip=1&webp=1\" class=\"bg attachment- size-\" alt=\"\" title=\"\" srcset=\"https:\/\/b3871678.smushcdn.com\/3871678\/wp-content\/uploads\/2020\/09\/aquaquick-2000-oil-cleaning-waterwave.jpg?lossy=2&amp;strip=1&amp;webp=1 1920w, https:\/\/b3871678.smushcdn.com\/3871678\/wp-content\/uploads\/2020\/09\/aquaquick-2000-oil-cleaning-waterwave-510x117.jpg?lossy=2&amp;strip=1&amp;webp=1 510w, https:\/\/b3871678.smushcdn.com\/3871678\/wp-content\/uploads\/2020\/09\/aquaquick-2000-oil-cleaning-waterwave-500x115.jpg?lossy=2&amp;strip=1&amp;webp=1 500w, https:\/\/b3871678.smushcdn.com\/3871678\/wp-content\/uploads\/2020\/09\/aquaquick-2000-oil-cleaning-waterwave-1280x294.jpg?lossy=2&amp;strip=1&amp;webp=1 1280w, https:\/\/b3871678.smushcdn.com\/3871678\/wp-content\/uploads\/2020\/09\/aquaquick-2000-oil-cleaning-waterwave-768x176.jpg?lossy=2&amp;strip=1&amp;webp=1 768w, https:\/\/b3871678.smushcdn.com\/3871678\/wp-content\/uploads\/2020\/09\/aquaquick-2000-oil-cleaning-waterwave-1536x353.jpg?lossy=2&amp;strip=1&amp;webp=1 1536w, https:\/\/b3871678.smushcdn.com\/3871678\/wp-content\/uploads\/2020\/09\/aquaquick-2000-oil-cleaning-waterwave.jpg?size=204x47&amp;lossy=2&amp;strip=1&amp;webp=1 204w, https:\/\/b3871678.smushcdn.com\/3871678\/wp-content\/uploads\/2020\/09\/aquaquick-2000-oil-cleaning-waterwave.jpg?size=408x94&amp;lossy=2&amp;strip=1&amp;webp=1 408w, https:\/\/b3871678.smushcdn.com\/3871678\/wp-content\/uploads\/2020\/09\/aquaquick-2000-oil-cleaning-waterwave.jpg?size=612x141&amp;lossy=2&amp;strip=1&amp;webp=1 612w, https:\/\/b3871678.smushcdn.com\/3871678\/wp-content\/uploads\/2020\/09\/aquaquick-2000-oil-cleaning-waterwave.jpg?size=1020x234&amp;lossy=2&amp;strip=1&amp;webp=1 1020w\" sizes=\"(max-width: 1920px) 100vw, 1920px\">\t\t\t\t\t\t<div class=\"section-bg-overlay absolute fill\"><\/div>\n\t\t\t\n\n\t\t<\/div>\n\n\t\t\n\n\t\t<div class=\"section-content relative\">\n\t\t\t\n<div class=\"row row-collapse align-equal\"  id=\"row-865657092\">\n\n\t<div id=\"col-839621801\" class=\"col small-12 large-12\"  >\n\t\t\t\t<div class=\"col-inner\"  >\n\t\t\t\n\t\t\t\n<h2 class=\"uppercase\" style=\"text-align: center;\">AQUAQUICK 2000 EN POLOGNE EST VENDU PAR topserw<\/h2>\n\t\t<\/div>\n\t\t\t\t\t<\/div>\n\n\t\n<\/div>\n\t\t<\/div>\n\n\t\t\n<style>\n#section_423580536 {\n  padding-top: 45px;\n  padding-bottom: 45px;\n}\n#section_423580536 .section-bg-overlay {\n  background-color: rgba(240, 240, 240, 0.64);\n}\n<\/style>\n\t<\/section>\n\t\n\n\t<section class=\"section\" id=\"section_822596012\">\n\t\t<div class=\"section-bg fill\" >\n\t\t\t\t\t\t\t\t\t<div class=\"section-bg-overlay absolute fill\"><\/div>\n\t\t\t\n\n\t\t<\/div>\n\n\t\t\n\n\t\t<div class=\"section-content relative\">\n\t\t\t\n<div class=\"row\"  id=\"row-552864549\">\n\n\t<div id=\"col-579997672\" class=\"col medium-6 small-12 large-6\"  >\n\t\t\t\t<div class=\"col-inner\"  >\n\t\t\t\n\t\t\t\n<h3 class=\"widget-title\">AQUAQUICK 2000 Distributeur dans <b>Pologne<\/b><\/h3>\n<p>Topserw est un repr\u00e9sentant officiel des produits AQUAQUICK. <br \/>Topserw est autoris\u00e9 \u00e0 vendre les produits AQUAQUICK en Pologne. <br \/><strong>Topserw est approuv\u00e9 par AQUAQUICK GLOBAL B.V.<\/strong><\/p>\n<h3>Coordonn\u00e9es de <em>Topserw<\/em><\/h3>\n<ul>\n<li class=\"bullet-arrow\">Courriel : info@topserw.com.pl<\/li>\n<li class=\"bullet-arrow\">Num\u00e9ro de t\u00e9l\u00e9phone : +48 22 771 04 56<\/li>\n<li class=\"bullet-arrow\">Hotline :<a href=\"callto:     801 000 501\"> 801 000 501<\/a> <span style=\"font-size:70%;\">Local uniquement<\/span<<\/li>\n<\/ul>\n<h3>Topserw est un distributeur non exclusif en Pologne.<\/h3>\n<a href=\"https:\/\/www.aquaquick2000.com\/fr\/distributeurs\/\" class=\"button primary\" >\n\t\t<span>Tous les distributeurs d'AQUAQUICK 2000<\/span>\n\t<\/a>\n\n\t\t<\/div>\n\t\t\t\t\t<\/div>\n\n\t\n\n\t<div id=\"col-882763563\" class=\"col medium-6 small-12 large-6\"  >\n\t\t\t\t<div class=\"col-inner\" style=\"background-color:rgb(240, 240, 240);\" >\n\t\t\t\n\t\t\t\n<div class=\"accordion\">\n\t<div id=\"accordion-3345658591\" class=\"accordion-item\">\n\t\t<a id=\"accordion-3345658591-label\" class=\"accordion-title plain active\" href=\"#accordion-item-aquaquick-2000-in-the-poland\" aria-expanded=\"true\" aria-controls=\"accordion-3345658591-content\">\n\t\t\t<button class=\"toggle\" aria-label=\"Basculer\"><i class=\"icon-angle-down\" aria-hidden=\"true\"><\/i><\/button>\n\t\t\t<span>AQUAQUICK 2000 En Pologne<\/span>\n\t\t<\/a>\n\t\t<div id=\"accordion-3345658591-content\" class=\"accordion-inner\" style=\"display: block;\" aria-labelledby=\"accordion-3345658591-label\">\n\t\t\t\n<p>Pour acheter AQUAQUICK 2000 directement en <strong>Pologne\u00a0<\/strong>vous pouvez contacter notre distributeur local <strong>Topserw.<\/strong><\/p>\n<p>AQUAQUICK 2000 peut \u00eatre achet\u00e9 dans n'importe quel pays du monde et constitue la solution num\u00e9ro un pour le nettoyage des mar\u00e9es noires.<\/p>\n\t\t<\/div>\n\t<\/div>\n\t\n\t<div id=\"accordion-2502898941\" class=\"accordion-item\">\n\t\t<a id=\"accordion-2502898941-label\" class=\"accordion-title plain\" href=\"#accordion-item-oil-spills-in-poland\" aria-expanded=\"false\" aria-controls=\"accordion-2502898941-content\">\n\t\t\t<button class=\"toggle\" aria-label=\"Basculer\"><i class=\"icon-angle-down\" aria-hidden=\"true\"><\/i><\/button>\n\t\t\t<span>D\u00e9versements d'hydrocarbures en Pologne<\/span>\n\t\t<\/a>\n\t\t<div id=\"accordion-2502898941-content\" class=\"accordion-inner\" aria-labelledby=\"accordion-2502898941-label\">\n\t\t\t\n<p>Pour une solution imm\u00e9diate et \u00e9cologique aux d\u00e9versements d'hydrocarbures, il est pr\u00e9f\u00e9rable d'utiliser AQUAQUICK 2000. Si vous rencontrez des d\u00e9versements d'huile dans <b>Pologne<\/b>&nbsp;vous pouvez contacter <strong>Topserw<\/strong> pour la fourniture d'AQUAQUICK 2000.<\/p>\n\t\t<\/div>\n\t<\/div>\n\t\n\t<div id=\"accordion-2576181297\" class=\"accordion-item\">\n\t\t<a id=\"accordion-2576181297-label\" class=\"accordion-title plain\" href=\"#accordion-item-about-topserw\" aria-expanded=\"false\" aria-controls=\"accordion-2576181297-content\">\n\t\t\t<button class=\"toggle\" aria-label=\"Basculer\"><i class=\"icon-angle-down\" aria-hidden=\"true\"><\/i><\/button>\n\t\t\t<span>\u00c0 propos de Topserw<\/span>\n\t\t<\/a>\n\t\t<div id=\"accordion-2576181297-content\" class=\"accordion-inner\" aria-labelledby=\"accordion-2576181297-label\">\n\t\t\t\n<h3>\u00c0 propos de Topserw<\/h3>\n<p>Topserw existe depuis 1997 et est sp\u00e9cialis\u00e9e dans la fourniture de solutions pour la s\u00e9curit\u00e9 au travail ainsi que pour la sant\u00e9 et la protection de l'environnement. Nous op\u00e9rons dans tout le pays et offrons les meilleures solutions globales sur le march\u00e9 polonais. <br \/><br \/>Nous sommes l'une des entreprises \u00e0 la croissance la plus rapide du secteur. Nous fournissons une gamme compl\u00e8te de produits pour la manipulation et le stockage de mati\u00e8res dangereuses ainsi que l'\u00e9quipement n\u00e9cessaire pour travailler en toute s\u00e9curit\u00e9 dans des environnements dangereux.<\/p>\n\t\t<\/div>\n\t<\/div>\n\t\n<\/div>\n\t<div class=\"img has-hover x md-x lg-x y md-y lg-y\" id=\"image_441980085\">\n\t\t\t\t\t\t\t\t<div class=\"img-inner dark\" >\n\t\t\t<img decoding=\"async\" width=\"500\" height=\"149\" data-src=\"https:\/\/b3871678.smushcdn.com\/3871678\/wp-content\/uploads\/2020\/09\/AQUAQUICK-2000-DISTRIBUTOR-LOGOS_0008_topserw-aquaquick2000-poland.jpg?lossy=2&strip=1&webp=1\" class=\"attachment-large size-large lazyload\" alt=\"\" title=\"\" data-srcset=\"https:\/\/b3871678.smushcdn.com\/3871678\/wp-content\/uploads\/2020\/09\/AQUAQUICK-2000-DISTRIBUTOR-LOGOS_0008_topserw-aquaquick2000-poland.jpg?lossy=2&amp;strip=1&amp;webp=1 500w, https:\/\/b3871678.smushcdn.com\/3871678\/wp-content\/uploads\/2020\/09\/AQUAQUICK-2000-DISTRIBUTOR-LOGOS_0008_topserw-aquaquick2000-poland.jpg?size=204x61&amp;lossy=2&amp;strip=1&amp;webp=1 204w, https:\/\/b3871678.smushcdn.com\/3871678\/wp-content\/uploads\/2020\/09\/AQUAQUICK-2000-DISTRIBUTOR-LOGOS_0008_topserw-aquaquick2000-poland.jpg?size=408x122&amp;lossy=2&amp;strip=1&amp;webp=1 408w\" data-sizes=\"auto\" src=\"data:image\/svg+xml;base64,PHN2ZyB3aWR0aD0iMSIgaGVpZ2h0PSIxIiB4bWxucz0iaHR0cDovL3d3dy53My5vcmcvMjAwMC9zdmciPjwvc3ZnPg==\" style=\"--smush-placeholder-width: 500px; --smush-placeholder-aspect-ratio: 500\/149;\" data-original-sizes=\"(max-width: 500px) 100vw, 500px\">\t\t\t\t\t\t\n\t\t\t\t\t<\/div>\n\t\t\t\t\t\t\t\t\n<style>\n#image_441980085 {\n  width: 100%;\n}\n<\/style>\n\t<\/div>\n\t\n\t\t<\/div>\n\t\t\t\t\t<\/div>\n\n\t\n<\/div>\n\t\t<\/div>\n\n\t\t\n<style>\n#section_822596012 {\n  padding-top: 30px;\n  padding-bottom: 30px;\n  background-color: rgb(255, 255, 255);\n}\n#section_822596012 .section-bg-overlay {\n  background-color: rgba(240, 240, 240, 0);\n}\n<\/style>\n\t<\/section>","protected":false},"excerpt":{"rendered":"","protected":false},"author":1,"featured_media":5594,"parent":2564,"menu_order":0,"comment_status":"closed","ping_status":"closed","template":"page-blank.php","meta":{"cybocfi_hide_featured_image":"","footnotes":"","_links_to":"","_links_to_target":""},"class_list":["post-4301","page","type-page","status-publish","has-post-thumbnail","hentry"],"_links":{"self":[{"href":"https:\/\/www.aquaquick2000.com\/fr\/wp-json\/wp\/v2\/pages\/4301","targetHints":{"allow":["GET"]}}],"collection":[{"href":"https:\/\/www.aquaquick2000.com\/fr\/wp-json\/wp\/v2\/pages"}],"about":[{"href":"https:\/\/www.aquaquick2000.com\/fr\/wp-json\/wp\/v2\/types\/page"}],"author":[{"embeddable":true,"href":"https:\/\/www.aquaquick2000.com\/fr\/wp-json\/wp\/v2\/users\/1"}],"replies":[{"embeddable":true,"href":"https:\/\/www.aquaquick2000.com\/fr\/wp-json\/wp\/v2\/comments?post=4301"}],"version-history":[{"count":0,"href":"https:\/\/www.aquaquick2000.com\/fr\/wp-json\/wp\/v2\/pages\/4301\/revisions"}],"up":[{"embeddable":true,"href":"https:\/\/www.aquaquick2000.com\/fr\/wp-json\/wp\/v2\/pages\/2564"}],"wp:featuredmedia":[{"embeddable":true,"href":"https:\/\/www.aquaquick2000.com\/fr\/wp-json\/wp\/v2\/media\/5594"}],"wp:attachment":[{"href":"https:\/\/www.aquaquick2000.com\/fr\/wp-json\/wp\/v2\/media?parent=4301"}],"curies":[{"name":"wp","href":"https:\/\/api.w.org\/{rel}","templated":true}]}}