{"id":4403,"date":"2020-09-06T14:37:40","date_gmt":"2020-09-06T14:37:40","guid":{"rendered":"http:\/\/www.aquaquick2000.com\/?page_id=4403"},"modified":"2023-01-27T10:35:52","modified_gmt":"2023-01-27T10:35:52","slug":"l-histoire-de-linventeur-henri-de-vries-de-lentreprise-entreprise-h-de-vries-a-aquaquick-global-b-v","status":"publish","type":"page","link":"https:\/\/www.aquaquick2000.com\/fr\/the-history-of-inventor-henri-de-vries-from-business-enterprise-h-de-vries-to-aquaquick-global-b-v\/","title":{"rendered":"L'histoire de l'inventeur Henri de Vries (De l'entreprise commerciale H de Vries \u00e0 AQUAQUICK GLOBAL B.V)"},"content":{"rendered":"<section class=\"section\" id=\"section_667031039\">\n\t\t<div class=\"section-bg fill\" >\n\t\t\t<img decoding=\"async\" width=\"1920\" height=\"1200\" src=\"https:\/\/b3871678.smushcdn.com\/3871678\/wp-content\/uploads\/2020\/09\/AQUAQUICK-2000-Bubbles-Background.jpg?lossy=2&strip=1&webp=1\" class=\"bg attachment- size-\" alt=\"\" title=\"\" srcset=\"https:\/\/b3871678.smushcdn.com\/3871678\/wp-content\/uploads\/2020\/09\/AQUAQUICK-2000-Bubbles-Background.jpg?lossy=2&amp;strip=1&amp;webp=1 1920w, https:\/\/b3871678.smushcdn.com\/3871678\/wp-content\/uploads\/2020\/09\/AQUAQUICK-2000-Bubbles-Background-510x319.jpg?lossy=2&amp;strip=1&amp;webp=1 510w, https:\/\/b3871678.smushcdn.com\/3871678\/wp-content\/uploads\/2020\/09\/AQUAQUICK-2000-Bubbles-Background-500x313.jpg?lossy=2&amp;strip=1&amp;webp=1 500w, https:\/\/b3871678.smushcdn.com\/3871678\/wp-content\/uploads\/2020\/09\/AQUAQUICK-2000-Bubbles-Background-1280x800.jpg?lossy=2&amp;strip=1&amp;webp=1 1280w, https:\/\/b3871678.smushcdn.com\/3871678\/wp-content\/uploads\/2020\/09\/AQUAQUICK-2000-Bubbles-Background-768x480.jpg?lossy=2&amp;strip=1&amp;webp=1 768w, https:\/\/b3871678.smushcdn.com\/3871678\/wp-content\/uploads\/2020\/09\/AQUAQUICK-2000-Bubbles-Background-1536x960.jpg?lossy=2&amp;strip=1&amp;webp=1 1536w, https:\/\/b3871678.smushcdn.com\/3871678\/wp-content\/uploads\/2020\/09\/AQUAQUICK-2000-Bubbles-Background.jpg?size=204x128&amp;lossy=2&amp;strip=1&amp;webp=1 204w, https:\/\/b3871678.smushcdn.com\/3871678\/wp-content\/uploads\/2020\/09\/AQUAQUICK-2000-Bubbles-Background.jpg?size=408x255&amp;lossy=2&amp;strip=1&amp;webp=1 408w, https:\/\/b3871678.smushcdn.com\/3871678\/wp-content\/uploads\/2020\/09\/AQUAQUICK-2000-Bubbles-Background.jpg?size=612x383&amp;lossy=2&amp;strip=1&amp;webp=1 612w, https:\/\/b3871678.smushcdn.com\/3871678\/wp-content\/uploads\/2020\/09\/AQUAQUICK-2000-Bubbles-Background.jpg?size=1020x638&amp;lossy=2&amp;strip=1&amp;webp=1 1020w\" sizes=\"(max-width: 1920px) 100vw, 1920px\">\t\t\t\t\t\t<div class=\"section-bg-overlay absolute fill\"><\/div>\n\t\t\t\n\n\t\t<\/div>\n\n\t\t\n\n\t\t<div class=\"section-content relative\">\n\t\t\t\n<div class=\"row align-middle\"  id=\"row-1224307080\">\n\n\t<div id=\"col-1127584178\" class=\"col small-12 large-12\"  >\n\t\t\t\t<div class=\"col-inner\"  >\n\t\t\t\n\t\t\t\n\t<div id=\"gap-1404165069\" class=\"gap-element clearfix\" style=\"display:block; height:auto;\">\n\t\t\n<style>\n#gap-1404165069 {\n  padding-top: 40px;\n}\n<\/style>\n\t<\/div>\n\t\n<h1>Histoire du fondateur d'AQUAQUICK 2000<\/h1>\n<h3>D\u00e9couvrez l'histoire de l'AQUAQUICK 2000<\/h3>\n\t\t<\/div>\n\t\t\t\t\t<\/div>\n\n\t\n<\/div>\n\t\t<\/div>\n\n\t\t\n<style>\n#section_667031039 {\n  padding-top: 21px;\n  padding-bottom: 21px;\n}\n#section_667031039 .section-bg-overlay {\n  background-color: rgba(255, 255, 255, 0.68);\n}\n<\/style>\n\t<\/section>\n\t\n\n\t<section class=\"section\" id=\"section_1194934237\">\n\t\t<div class=\"section-bg fill\" >\n\t\t\t\t\t\t\t\t\t\n\t\t\t\n\n\t\t<\/div>\n\n\t\t\n\n\t\t<div class=\"section-content relative\">\n\t\t\t\n<div class=\"row\"  id=\"row-269056731\">\n\n\t<div id=\"col-795339361\" class=\"col medium-12 small-12 large-8\"  >\n\t\t\t\t<div class=\"col-inner box-shadow-2\" style=\"background-color:rgb(255, 255, 255);\" >\n\t\t\t\n\t\t\t\n<h2>L'histoire de l'inventeur \/ entrepreneur Henri de Vries<\/h2>\n<p><p>Vous pouvez en savoir plus sur l'histoire de l'Entrepeneur Henri de Vries dans la visionneuse de documents ci-dessous. Henri de Vries a \u00e9t\u00e9 impliqu\u00e9 dans de nombreuses grandes aventures, dont AQUAQUICK 2000. Dans la pr\u00e9sentation de l'histoire d'Henri de Vries, vous lirez comment AQUAQUICK 2000 a \u00e9t\u00e9 fond\u00e9.<\/p>\n<p>Taille du document : 11,5 Mo. Temps de chargement approximatif : 30 secondes - 5 minutes.<\/p>\n\n\t\t<div class=\"tabbed-content\">\n\t\t\t<h4 class=\"uppercase text-left\">S\u00e9lectionnez un visualiseur de documents<\/h4>\n\t\t\t<ul class=\"nav nav-tabs nav-uppercase nav-size-normal nav-left\" role=\"tablist\"><li id=\"tab-direct-view\" class=\"tab active has-icon\" role=\"presentation\"><a href=\"#tab_direct-view\" role=\"tab\" aria-selected=\"true\" aria-controls=\"tab_direct-view\"><span>Vue directe<\/span><\/a><\/li>\n<li id=\"tab-slideshare-viewer\" class=\"tab has-icon\" role=\"presentation\"><a href=\"#tab_slideshare-viewer\" tabindex=\"-1\" role=\"tab\" aria-selected=\"false\" aria-controls=\"tab_slideshare-viewer\"><span>Visionneuse de diapositives<\/span><\/a><\/li>\n<li id=\"tab-google-docs-viewer\" class=\"tab has-icon\" role=\"presentation\"><a href=\"#tab_google-docs-viewer\" tabindex=\"-1\" role=\"tab\" aria-selected=\"false\" aria-controls=\"tab_google-docs-viewer\"><span>Visualiseur de Google Docs<\/span><\/a><\/li>\n<li id=\"tab-youtube-viewer\" class=\"tab has-icon\" role=\"presentation\"><a href=\"#tab_youtube-viewer\" tabindex=\"-1\" role=\"tab\" aria-selected=\"false\" aria-controls=\"tab_youtube-viewer\"><span>Visionneuse de Youtube<\/span><\/a><\/li><\/ul><div class=\"tab-panels\"><div id=\"tab_direct-view\" class=\"panel active entry-content\" role=\"tabpanel\" aria-labelledby=\"tab-direct-view\">\n<p><iframe data-src=\"https:\/\/www.aquaquick2000.com\/wp-content\/uploads\/2020\/09\/AQUAQUICK-2000-HISTORY-PRESENTATION-Edition-2017.pdf#toolbar=0\" width=\"100%\" height=\"500px\" src=\"data:image\/svg+xml;base64,PHN2ZyB3aWR0aD0iMSIgaGVpZ2h0PSIxIiB4bWxucz0iaHR0cDovL3d3dy53My5vcmcvMjAwMC9zdmciPjwvc3ZnPg==\" class=\"lazyload\" data-load-mode=\"1\"><br \/><\/iframe><\/p>\n<\/div>\n<div id=\"tab_slideshare-viewer\" class=\"panel entry-content\" role=\"tabpanel\" aria-labelledby=\"tab-slideshare-viewer\">\n<iframe data-src=\"https:\/\/www.slideshare.net\/slideshow\/embed_code\/80960892\" width=\"625\" height=\"507\" frameborder=\"0\" marginwidth=\"0\" marginheight=\"0\" scrolling=\"no\" src=\"data:image\/svg+xml;base64,PHN2ZyB3aWR0aD0iMSIgaGVpZ2h0PSIxIiB4bWxucz0iaHR0cDovL3d3dy53My5vcmcvMjAwMC9zdmciPjwvc3ZnPg==\" class=\"lazyload\" data-load-mode=\"1\"><\/iframe><br\/>\n<p>Le mode plein \u00e9cran peut ne pas fonctionner en fonction de votre navigateur web.<\/p>\n<\/div>\n<div id=\"tab_google-docs-viewer\" class=\"panel entry-content\" role=\"tabpanel\" aria-labelledby=\"tab-google-docs-viewer\">\n<div class=\"ead-preview\"><div class=\"ead-document\" style=\"position: relative;padding-top: 90%;\"><div class=\"ead-iframe-wrapper\"><iframe data-src=\"\/\/docs.google.com\/viewer?url=http%3A%2F%2Fwww.aquaquick2000.com%2Fwp-content%2Fuploads%2F2020%2F09%2FHISTORY-BUSINESS-ENTREPENEUR-H-DE-VRIES-AQUAQUICK-2000-PRESENTATION-2017.pptx&amp;embedded=true&amp;hl=en\" title=\"Document embarqu\u00e9\" class=\"ead-iframe lazyload\" style=\"width: 100%;height: 100%;border: none;position: absolute;left: 0;top: 0;visibility: hidden;\" src=\"data:image\/svg+xml;base64,PHN2ZyB3aWR0aD0iMSIgaGVpZ2h0PSIxIiB4bWxucz0iaHR0cDovL3d3dy53My5vcmcvMjAwMC9zdmciPjwvc3ZnPg==\" data-load-mode=\"1\"><\/iframe><\/div>\t\t\t<div class=\"ead-document-loading\" style=\"width:100%;height:100%;position:absolute;left:0;top:0;z-index:10;\">\n\t\t\t\t<div class=\"ead-loading-wrap\">\n\t\t\t\t\t<div class=\"ead-loading-main\">\n\t\t\t\t\t\t<div class=\"ead-loading\">\n\t\t\t\t\t\t\t<img decoding=\"async\" data-src=\"https:\/\/www.aquaquick2000.com\/wp-content\/plugins\/embed-any-document\/images\/loading.svg\" width=\"55\" height=\"55\" alt=\"Chargeur\" title=\"\" src=\"data:image\/svg+xml;base64,PHN2ZyB3aWR0aD0iMSIgaGVpZ2h0PSIxIiB4bWxucz0iaHR0cDovL3d3dy53My5vcmcvMjAwMC9zdmciPjwvc3ZnPg==\" class=\"lazyload\" style=\"--smush-placeholder-width: 55px; --smush-placeholder-aspect-ratio: 55\/55;\">\n\t\t\t\t\t\t\t<span>En cours de chargement...<\/span>\n\t\t\t\t\t\t<\/div>\n\t\t\t\t\t<\/div>\n\t\t\t\t\t<div class=\"ead-loading-foot\">\n\t\t\t\t\t\t<div class=\"ead-loading-foot-title\">\n\t\t\t\t\t\t\t<img decoding=\"async\" data-src=\"https:\/\/www.aquaquick2000.com\/wp-content\/plugins\/embed-any-document\/images\/EAD-logo.svg\" alt=\"Logo EAD\" width=\"36\" height=\"23\" title=\"\" src=\"data:image\/svg+xml;base64,PHN2ZyB3aWR0aD0iMSIgaGVpZ2h0PSIxIiB4bWxucz0iaHR0cDovL3d3dy53My5vcmcvMjAwMC9zdmciPjwvc3ZnPg==\" class=\"lazyload\" style=\"--smush-placeholder-width: 36px; --smush-placeholder-aspect-ratio: 36\/23;\">\n\t\t\t\t\t\t\t<span>Cela prend trop de temps ?<\/span>\n\t\t\t\t\t\t<\/div>\n\t\t\t\t\t\t<p>\n\t\t\t\t\t\t\t<div class=\"ead-document-btn ead-reload-btn\" role=\"button\">\n\t\t\t\t\t\t\t\t<img decoding=\"async\" data-src=\"https:\/\/www.aquaquick2000.com\/wp-content\/plugins\/embed-any-document\/images\/reload.svg\" alt=\"Recharger\" width=\"12\" height=\"12\" title=\"\" src=\"data:image\/svg+xml;base64,PHN2ZyB3aWR0aD0iMSIgaGVpZ2h0PSIxIiB4bWxucz0iaHR0cDovL3d3dy53My5vcmcvMjAwMC9zdmciPjwvc3ZnPg==\" class=\"lazyload\" style=\"--smush-placeholder-width: 12px; --smush-placeholder-aspect-ratio: 12\/12;\"> Recharger le document\t\t\t\t\t\t\t<\/div>\n\t\t\t\t\t\t\t<span>|<\/span>\n\t\t\t\t\t\t\t<a href=\"https:\/\/docs.google.com\/viewer?url=http%3A%2F%2Fwww.aquaquick2000.com%2Fwp-content%2Fuploads%2F2020%2F09%2FHISTORY-BUSINESS-ENTREPENEUR-H-DE-VRIES-AQUAQUICK-2000-PRESENTATION-2017.pptx&#038;hl=en\" class=\"ead-document-btn\" target=\"_blank\">\n\t\t\t\t\t\t\t\t<img decoding=\"async\" data-src=\"https:\/\/www.aquaquick2000.com\/wp-content\/plugins\/embed-any-document\/images\/open.svg\" alt=\"Ouvert\" width=\"12\" height=\"12\" title=\"\" src=\"data:image\/svg+xml;base64,PHN2ZyB3aWR0aD0iMSIgaGVpZ2h0PSIxIiB4bWxucz0iaHR0cDovL3d3dy53My5vcmcvMjAwMC9zdmciPjwvc3ZnPg==\" class=\"lazyload\" style=\"--smush-placeholder-width: 12px; --smush-placeholder-aspect-ratio: 12\/12;\"> Ouvrir dans un nouvel onglet\t\t\t\t\t\t\t<\/a>\n\t\t\t\t\t<\/div>\n\t\t\t\t<\/div>\n\t\t\t<\/div>\n\t\t<\/div><\/div>\n<p>Le chargement peut prendre plus de temps avec Google Docs Viewer pour certains pays.<\/p>\n<\/div>\n<div id=\"tab_youtube-viewer\" class=\"panel entry-content\" role=\"tabpanel\" aria-labelledby=\"tab-youtube-viewer\">\n<div class=\"video video-fit mb\" style=\"padding-top:56.25%;\"><div class=\"lazyload smush-lazyload-video smush-lazyload-youtube\" style=\"--smush-video-aspect-ratio: 1020\/574\" data-bg-image=\"url(https:\/\/i.ytimg.com\/vi_webp\/1WIMCf37mG8\/maxresdefault.webp)\" ><iframe title=\"HISTOIRE ENTREPENEUR H DE VRIES AQUAQUICK 2000 PRESENTATION 2017 full HD Video\" width=\"1020\" height=\"574\" data-src=\"https:\/\/www.youtube.com\/embed\/1WIMCf37mG8?feature=oembed\" frameborder=\"0\" allow=\"accelerometer; autoplay; clipboard-write; encrypted-media; gyroscope; picture-in-picture; web-share\" referrerpolicy=\"strict-origin-when-cross-origin\" allowfullscreen src=\"data:image\/svg+xml;base64,PHN2ZyB3aWR0aD0iMSIgaGVpZ2h0PSIxIiB4bWxucz0iaHR0cDovL3d3dy53My5vcmcvMjAwMC9zdmciPjwvc3ZnPg==\"><\/iframe><span class=\"smush-play-btn\" role=\"button\" aria-label=\"Play video\">\r\n\t\t\t\t<span tabindex=\"0\" class=\"smush-play-btn-inner\">\r\n\t\t\t\t\t<span>Play<\/span>\r\n\t\t\t\t<\/span>\r\n\t\t\t<\/span><\/div><\/div>\n<p>La visionneuse youtube est une version vid\u00e9o de la pr\u00e9sentation. Les diapositives seront pr\u00e9sent\u00e9es pendant 45 secondes chacune.<\/p>\n<\/div><\/div><\/div>\n\t\t<\/div>\n\t\t\t\t\n<style>\n#col-795339361 > .col-inner {\n  padding: 16px 16px 0px 16px;\n}\n<\/style>\n\t<\/div>\n\n\t\n\n\t<div id=\"col-2102180422\" class=\"col medium-12 small-12 large-4 medium-col-first\"  >\n\t\t\t\t<div class=\"col-inner box-shadow-2\" style=\"background-color:rgb(255, 255, 255);\" >\n\t\t\t\n\t\t\t\n\t<div class=\"box has-hover   has-hover box-text-bottom\" >\n\n\t\t<div class=\"box-image\" >\n\t\t\t\t\t\t<div class=\"\" >\n\t\t\t\t<img decoding=\"async\" width=\"800\" height=\"644\" data-src=\"https:\/\/b3871678.smushcdn.com\/3871678\/wp-content\/uploads\/2020\/09\/Founder-of-AQUAQUICK-2000-henri-de-vries-enschede-01-10-1927.jpg?lossy=2&strip=1&webp=1\" class=\"attachment- size- lazyload\" alt=\"L&#039;histoire de l&#039;inventeur Henri de Vries (De l&#039;entreprise commerciale H de Vries \u00e0 AQUAQUICK GLOBAL B.V)\" data-srcset=\"https:\/\/b3871678.smushcdn.com\/3871678\/wp-content\/uploads\/2020\/09\/Founder-of-AQUAQUICK-2000-henri-de-vries-enschede-01-10-1927.jpg?lossy=2&strip=1&webp=1 800w, https:\/\/b3871678.smushcdn.com\/3871678\/wp-content\/uploads\/2020\/09\/Founder-of-AQUAQUICK-2000-henri-de-vries-enschede-01-10-1927-510x411.jpg?lossy=2&strip=1&webp=1 510w, https:\/\/b3871678.smushcdn.com\/3871678\/wp-content\/uploads\/2020\/09\/Founder-of-AQUAQUICK-2000-henri-de-vries-enschede-01-10-1927-500x403.jpg?lossy=2&strip=1&webp=1 500w, https:\/\/b3871678.smushcdn.com\/3871678\/wp-content\/uploads\/2020\/09\/Founder-of-AQUAQUICK-2000-henri-de-vries-enschede-01-10-1927-768x618.jpg?lossy=2&strip=1&webp=1 768w, https:\/\/b3871678.smushcdn.com\/3871678\/wp-content\/uploads\/2020\/09\/Founder-of-AQUAQUICK-2000-henri-de-vries-enschede-01-10-1927-600x483.jpg?lossy=2&strip=1&webp=1 600w, https:\/\/b3871678.smushcdn.com\/3871678\/wp-content\/uploads\/2020\/09\/Founder-of-AQUAQUICK-2000-henri-de-vries-enschede-01-10-1927.jpg?size=204x164&lossy=2&strip=1&webp=1 204w, https:\/\/b3871678.smushcdn.com\/3871678\/wp-content\/uploads\/2020\/09\/Founder-of-AQUAQUICK-2000-henri-de-vries-enschede-01-10-1927.jpg?size=408x328&lossy=2&strip=1&webp=1 408w\" data-sizes=\"auto\" title=\"\" src=\"data:image\/svg+xml;base64,PHN2ZyB3aWR0aD0iMSIgaGVpZ2h0PSIxIiB4bWxucz0iaHR0cDovL3d3dy53My5vcmcvMjAwMC9zdmciPjwvc3ZnPg==\" style=\"--smush-placeholder-width: 800px; --smush-placeholder-aspect-ratio: 800\/644;\" data-original-sizes=\"(max-width: 800px) 100vw, 800px\">\t\t\t\t\t\t\t\t\t\t\t<\/div>\n\t\t\t\t\t<\/div>\n\n\t\t<div class=\"box-text text-center\" >\n\t\t\t<div class=\"box-text-inner\">\n\t\t\t\t\n<h4 style=\"text-align: center;\">Henri de Vries<\/h4>\n<p style=\"text-align: center;\">Inventeur et chef d'entreprise<\/p>\n\t\t\t<\/div>\n\t\t<\/div>\n\t<\/div>\n\t\n<p style=\"text-align: center;\">L'entreprise H. de Vries a \u00e9t\u00e9 cr\u00e9\u00e9e vers 1952 par Henri de Vries dans la ville d'Enschede, aux Pays-Bas. Au d\u00e9but, l'entreprise se concentrait principalement sur la r\u00e9paration de Pirns pour l'industrie textile.<\/p>\n<p style=\"text-align: center;\">Les peaux qui ne pouvaient plus \u00eatre utilis\u00e9es et qui \u00e9taient destin\u00e9es \u00e0 \u00eatre jet\u00e9es \u00e9taient liss\u00e9es et recouvertes d'une nouvelle couche de vernis. Ces pirates ont ensuite \u00e9t\u00e9 revendus \u00e0 l'industrie textile, ce qui leur a permis de r\u00e9aliser d'\u00e9normes \u00e9conomies sur leurs d\u00e9penses professionnelles.<\/p>\n\t\t<\/div>\n\t\t\t\t\n<style>\n#col-2102180422 > .col-inner {\n  padding: 16px 16px 0px 16px;\n}\n<\/style>\n\t<\/div>\n\n\t\n<\/div>\n\t\t<\/div>\n\n\t\t\n<style>\n#section_1194934237 {\n  padding-top: 30px;\n  padding-bottom: 30px;\n  background-color: rgb(242, 242, 242);\n}\n<\/style>\n\t<\/section>","protected":false},"excerpt":{"rendered":"","protected":false},"author":1,"featured_media":4397,"parent":0,"menu_order":0,"comment_status":"closed","ping_status":"closed","template":"page-blank.php","meta":{"cybocfi_hide_featured_image":"","footnotes":"","_links_to":"","_links_to_target":""},"class_list":["post-4403","page","type-page","status-publish","has-post-thumbnail","hentry"],"_links":{"self":[{"href":"https:\/\/www.aquaquick2000.com\/fr\/wp-json\/wp\/v2\/pages\/4403","targetHints":{"allow":["GET"]}}],"collection":[{"href":"https:\/\/www.aquaquick2000.com\/fr\/wp-json\/wp\/v2\/pages"}],"about":[{"href":"https:\/\/www.aquaquick2000.com\/fr\/wp-json\/wp\/v2\/types\/page"}],"author":[{"embeddable":true,"href":"https:\/\/www.aquaquick2000.com\/fr\/wp-json\/wp\/v2\/users\/1"}],"replies":[{"embeddable":true,"href":"https:\/\/www.aquaquick2000.com\/fr\/wp-json\/wp\/v2\/comments?post=4403"}],"version-history":[{"count":0,"href":"https:\/\/www.aquaquick2000.com\/fr\/wp-json\/wp\/v2\/pages\/4403\/revisions"}],"wp:featuredmedia":[{"embeddable":true,"href":"https:\/\/www.aquaquick2000.com\/fr\/wp-json\/wp\/v2\/media\/4397"}],"wp:attachment":[{"href":"https:\/\/www.aquaquick2000.com\/fr\/wp-json\/wp\/v2\/media?parent=4403"}],"curies":[{"name":"wp","href":"https:\/\/api.w.org\/{rel}","templated":true}]}}