{"id":5715,"date":"2020-10-30T14:24:18","date_gmt":"2020-10-30T14:24:18","guid":{"rendered":"https:\/\/www.aquaquick2000.com\/?page_id=5715"},"modified":"2023-01-27T10:32:05","modified_gmt":"2023-01-27T10:32:05","slug":"satelite-srl","status":"publish","type":"page","link":"https:\/\/www.aquaquick2000.com\/fr\/distributors\/satelite-srl\/","title":{"rendered":"Satelite SRL"},"content":{"rendered":"<section class=\"section\" id=\"section_501045846\">\n\t\t<div class=\"section-bg fill\" >\n\t\t\t<img decoding=\"async\" width=\"1920\" height=\"441\" src=\"https:\/\/b3871678.smushcdn.com\/3871678\/wp-content\/uploads\/2020\/09\/aquaquick-2000-oil-cleaning-waterwave.jpg?lossy=2&strip=1&webp=1\" class=\"bg attachment- size-\" alt=\"\" title=\"\" srcset=\"https:\/\/b3871678.smushcdn.com\/3871678\/wp-content\/uploads\/2020\/09\/aquaquick-2000-oil-cleaning-waterwave.jpg?lossy=2&amp;strip=1&amp;webp=1 1920w, https:\/\/b3871678.smushcdn.com\/3871678\/wp-content\/uploads\/2020\/09\/aquaquick-2000-oil-cleaning-waterwave-510x117.jpg?lossy=2&amp;strip=1&amp;webp=1 510w, https:\/\/b3871678.smushcdn.com\/3871678\/wp-content\/uploads\/2020\/09\/aquaquick-2000-oil-cleaning-waterwave-500x115.jpg?lossy=2&amp;strip=1&amp;webp=1 500w, https:\/\/b3871678.smushcdn.com\/3871678\/wp-content\/uploads\/2020\/09\/aquaquick-2000-oil-cleaning-waterwave-1280x294.jpg?lossy=2&amp;strip=1&amp;webp=1 1280w, https:\/\/b3871678.smushcdn.com\/3871678\/wp-content\/uploads\/2020\/09\/aquaquick-2000-oil-cleaning-waterwave-768x176.jpg?lossy=2&amp;strip=1&amp;webp=1 768w, https:\/\/b3871678.smushcdn.com\/3871678\/wp-content\/uploads\/2020\/09\/aquaquick-2000-oil-cleaning-waterwave-1536x353.jpg?lossy=2&amp;strip=1&amp;webp=1 1536w, https:\/\/b3871678.smushcdn.com\/3871678\/wp-content\/uploads\/2020\/09\/aquaquick-2000-oil-cleaning-waterwave.jpg?size=204x47&amp;lossy=2&amp;strip=1&amp;webp=1 204w, https:\/\/b3871678.smushcdn.com\/3871678\/wp-content\/uploads\/2020\/09\/aquaquick-2000-oil-cleaning-waterwave.jpg?size=408x94&amp;lossy=2&amp;strip=1&amp;webp=1 408w, https:\/\/b3871678.smushcdn.com\/3871678\/wp-content\/uploads\/2020\/09\/aquaquick-2000-oil-cleaning-waterwave.jpg?size=612x141&amp;lossy=2&amp;strip=1&amp;webp=1 612w, https:\/\/b3871678.smushcdn.com\/3871678\/wp-content\/uploads\/2020\/09\/aquaquick-2000-oil-cleaning-waterwave.jpg?size=1020x234&amp;lossy=2&amp;strip=1&amp;webp=1 1020w\" sizes=\"(max-width: 1920px) 100vw, 1920px\">\t\t\t\t\t\t<div class=\"section-bg-overlay absolute fill\"><\/div>\n\t\t\t\n\n\t\t<\/div>\n\n\t\t\n\n\t\t<div class=\"section-content relative\">\n\t\t\t\n<div class=\"row row-collapse align-equal\"  id=\"row-353858921\">\n\n\t<div id=\"col-777663127\" class=\"col small-12 large-12\"  >\n\t\t\t\t<div class=\"col-inner\"  >\n\t\t\t\n\t\t\t\n<h2 class=\"uppercase\" style=\"text-align: center;\">AQUAQUICK 2000 IN \u00a0<b>Bolivie<\/b> EST VENDU PAR Satelite SRL<\/h2>\n\t\t<\/div>\n\t\t\t\t\t<\/div>\n\n\t\n<\/div>\n\t\t<\/div>\n\n\t\t\n<style>\n#section_501045846 {\n  padding-top: 45px;\n  padding-bottom: 45px;\n}\n#section_501045846 .section-bg-overlay {\n  background-color: rgba(240, 240, 240, 0.64);\n}\n<\/style>\n\t<\/section>\n\t\n\n\t<section class=\"section\" id=\"section_576757902\">\n\t\t<div class=\"section-bg fill\" >\n\t\t\t\t\t\t\t\t\t<div class=\"section-bg-overlay absolute fill\"><\/div>\n\t\t\t\n\n\t\t<\/div>\n\n\t\t\n\n\t\t<div class=\"section-content relative\">\n\t\t\t\n<div class=\"row\"  id=\"row-1116234467\">\n\n\t<div id=\"col-2135326073\" class=\"col medium-6 small-12 large-6\"  >\n\t\t\t\t<div class=\"col-inner\"  >\n\t\t\t\n\t\t\t\n<h3 class=\"widget-title\">Distributeur de l'AQUAQUICK 2000 en Bolivie<\/h3>\n<p>Satelite SRL est un repr\u00e9sentant officiel des produits AQUAQUICK.<br \/><em>Satelite SRL est autoris\u00e9 \u00e0 vendre les produits AQUAQUICK en Bolivie.<br \/><strong>Satelite SRL est approuv\u00e9 par AQUAQUICK GLOBAL B.V.<\/strong><\/em><\/p>\n<h3>Coordonn\u00e9es de Satelite SRL<\/h3>\n<ul>\n<li class=\"bullet-arrow\"><span style=\"font-size: 90%;\">Personne \u00e0 contacter : Benjamin Velasco<\/strong><\/span><\/li>\n<li class=\"bullet-arrow\"><span style=\"font-size: 90%;\">Adresse \u00e9lectronique : <strong>Info@Satelitesrl.com<\/strong><\/span><\/li>\n<li class=\"bullet-arrow\"><span style=\"font-size: 90%;\">Adresse \u00e9lectronique : <strong>Benjamin.velasco@Satelitesrl.com<\/strong><\/span><\/li>\n<li class=\"bullet-arrow\">Site web : <a href=\"http:\/\/www.satelitesrl.net\" target=\"_blank\" rel=\"noopener\">www.satelitesrl.net<\/a><\/li>\n<li class=\"bullet-arrow\">T\u00e9l\u00e9phone : +591 133581771<\/li>\n<li class=\"bullet-arrow\">T\u00e9l\u00e9phone : +591 74163536<\/li>\n<li class=\"bullet-arrow\">T\u00e9l\u00e9phone : +34 650050716<\/li>\n<li class=\"bullet-arrow\"><span style=\"font-size: 90%;\">Adresse : Barrio Las Palmas, <br \/>Calle\/Punta Man C\u00e9sped N\u00aa 5 <br \/>SANTA CRUZ-BOLIVIE<\/strong><\/span><\/li>\n<\/ul>\n<h3>Satelite SRL est un distributeur non exclusif en Bolivie.<\/h3>\n<a href=\"https:\/\/www.aquaquick2000.com\/fr\/distributeurs\/\" class=\"button primary\">\n\t\t<span>Tous les distributeurs d'AQUAQUICK 2000<\/span>\n\t<\/a>\n\n\t\t<\/div>\n\t\t\t\t\t<\/div>\n\n\t\n\n\t<div id=\"col-2075814167\" class=\"col medium-6 small-12 large-6\"  >\n\t\t\t\t<div class=\"col-inner\" style=\"background-color:rgb(240, 240, 240);\" >\n\t\t\t\n\t\t\t\n<div class=\"accordion\">\n\t<div id=\"accordion-1606482387\" class=\"accordion-item\">\n\t\t<a id=\"accordion-1606482387-label\" class=\"accordion-title plain active\" href=\"#accordion-item-aquaquick-2000-in-%20bolivia\" aria-expanded=\"true\" aria-controls=\"accordion-1606482387-content\">\n\t\t\t<button class=\"toggle\" aria-label=\"Basculer\"><i class=\"icon-angle-down\" aria-hidden=\"true\"><\/i><\/button>\n\t\t\t<span>AQUAQUICK 2000 en Bolivie<\/span>\n\t\t<\/a>\n\t\t<div id=\"accordion-1606482387-content\" class=\"accordion-inner\" style=\"display: block;\" aria-labelledby=\"accordion-1606482387-label\">\n\t\t\t\n<p>Pour acheter l'AQUAQUICK 2000 directement en Bolivie, vous pouvez contacter notre distributeur local Satelite SRL.<\/p>\n<p>AQUAQUICK 2000 peut \u00eatre achet\u00e9 dans n'importe quel pays du monde et constitue la solution num\u00e9ro un pour le nettoyage des mar\u00e9es noires.<\/p>\n\t\t<\/div>\n\t<\/div>\n\t\n\t<div id=\"accordion-4201557395\" class=\"accordion-item\">\n\t\t<a id=\"accordion-4201557395-label\" class=\"accordion-title plain\" href=\"#accordion-item-oil-spills-in-%20bolivia\" aria-expanded=\"false\" aria-controls=\"accordion-4201557395-content\">\n\t\t\t<button class=\"toggle\" aria-label=\"Basculer\"><i class=\"icon-angle-down\" aria-hidden=\"true\"><\/i><\/button>\n\t\t\t<span>Mar\u00e9es noires en Bolivie<\/span>\n\t\t<\/a>\n\t\t<div id=\"accordion-4201557395-content\" class=\"accordion-inner\" aria-labelledby=\"accordion-4201557395-label\">\n\t\t\t\n<p>Pour une solution imm\u00e9diate et \u00e9cologique aux d\u00e9versements d'hydrocarbures, il est pr\u00e9f\u00e9rable d'utiliser AQUAQUICK 2000. Si vous rencontrez des d\u00e9versements d'hydrocarbures en Bolivie, vous pouvez contacter Satelite SRL pour la fourniture d'AQUAQUICK 2000.<\/p>\n\t\t<\/div>\n\t<\/div>\n\t\n\t<div id=\"accordion-1293076187\" class=\"accordion-item\">\n\t\t<a id=\"accordion-1293076187-label\" class=\"accordion-title plain\" href=\"#accordion-item-about-satelite-srl\" aria-expanded=\"false\" aria-controls=\"accordion-1293076187-content\">\n\t\t\t<button class=\"toggle\" aria-label=\"Basculer\"><i class=\"icon-angle-down\" aria-hidden=\"true\"><\/i><\/button>\n\t\t\t<span>\u00c0 propos de Satelite SRL<\/span>\n\t\t<\/a>\n\t\t<div id=\"accordion-1293076187-content\" class=\"accordion-inner\" aria-labelledby=\"accordion-1293076187-label\">\n\t\t\t\n<p>Satelite SRL est une organisation qui s'est concentr\u00e9e sur l'importation et l'exportation de produits biod\u00e9gradables, notamment dans le segment des produits de nettoyage et d'hygi\u00e8ne industriels. Outre la commercialisation locale de ces produits, Satelite SRL s'est fortement engag\u00e9e dans la distribution de ces produits.<\/p>\n<p>Ceux qui ach\u00e8tent des produits de Satelite SRL peuvent \u00eatre assur\u00e9s de recevoir une assistance technique dans tous les domaines connexes, avec un objectif sur plusieurs secteurs tels que : Technologie, Agricole, Maintenance, Assistance ou Conseil, Satelite SRL poursuit le d\u00e9veloppement de l'adoption des produits en Bolivie.<\/p>\n\t\t<\/div>\n\t<\/div>\n\t\n<\/div>\n\t<div class=\"img has-hover x md-x lg-x y md-y lg-y\" id=\"image_1638787722\">\n\t\t\t\t\t\t\t\t<div class=\"img-inner dark\" >\n\t\t\t<img decoding=\"async\" width=\"900\" height=\"500\" data-src=\"https:\/\/b3871678.smushcdn.com\/3871678\/wp-content\/uploads\/2022\/01\/DISTRIBUTOR-OF-AQUAQUICK-2000-1.png?lossy=2&strip=1&webp=1\" class=\"attachment-large size-large lazyload\" alt=\"\" data-srcset=\"https:\/\/b3871678.smushcdn.com\/3871678\/wp-content\/uploads\/2022\/01\/DISTRIBUTOR-OF-AQUAQUICK-2000-1.png?lossy=2&strip=1&webp=1 900w, https:\/\/b3871678.smushcdn.com\/3871678\/wp-content\/uploads\/2022\/01\/DISTRIBUTOR-OF-AQUAQUICK-2000-1-510x283.png?lossy=2&strip=1&webp=1 510w, https:\/\/b3871678.smushcdn.com\/3871678\/wp-content\/uploads\/2022\/01\/DISTRIBUTOR-OF-AQUAQUICK-2000-1-500x278.png?lossy=2&strip=1&webp=1 500w, https:\/\/b3871678.smushcdn.com\/3871678\/wp-content\/uploads\/2022\/01\/DISTRIBUTOR-OF-AQUAQUICK-2000-1-768x427.png?lossy=2&strip=1&webp=1 768w, https:\/\/b3871678.smushcdn.com\/3871678\/wp-content\/uploads\/2022\/01\/DISTRIBUTOR-OF-AQUAQUICK-2000-1.png?size=204x113&lossy=2&strip=1&webp=1 204w, https:\/\/b3871678.smushcdn.com\/3871678\/wp-content\/uploads\/2022\/01\/DISTRIBUTOR-OF-AQUAQUICK-2000-1.png?size=408x227&lossy=2&strip=1&webp=1 408w, https:\/\/b3871678.smushcdn.com\/3871678\/wp-content\/uploads\/2022\/01\/DISTRIBUTOR-OF-AQUAQUICK-2000-1.png?size=612x340&lossy=2&strip=1&webp=1 612w\" data-sizes=\"auto\" title=\"\" src=\"data:image\/svg+xml;base64,PHN2ZyB3aWR0aD0iMSIgaGVpZ2h0PSIxIiB4bWxucz0iaHR0cDovL3d3dy53My5vcmcvMjAwMC9zdmciPjwvc3ZnPg==\" style=\"--smush-placeholder-width: 900px; --smush-placeholder-aspect-ratio: 900\/500;\" data-original-sizes=\"(max-width: 900px) 100vw, 900px\">\t\t\t\t\t\t\n\t\t\t\t\t<\/div>\n\t\t\t\t\t\t\t\t\n<style>\n#image_1638787722 {\n  width: 100%;\n}\n<\/style>\n\t<\/div>\n\t\n\t\t<\/div>\n\t\t\t\t\t<\/div>\n\n\t\n<\/div>\n\t\t<\/div>\n\n\t\t\n<style>\n#section_576757902 {\n  padding-top: 30px;\n  padding-bottom: 30px;\n  background-color: rgb(255, 255, 255);\n}\n#section_576757902 .section-bg-overlay {\n  background-color: rgba(240, 240, 240, 0);\n}\n<\/style>\n\t<\/section>","protected":false},"excerpt":{"rendered":"","protected":false},"author":1,"featured_media":9138,"parent":2564,"menu_order":0,"comment_status":"closed","ping_status":"closed","template":"page-blank.php","meta":{"cybocfi_hide_featured_image":"","footnotes":"","_links_to":"","_links_to_target":""},"class_list":["post-5715","page","type-page","status-publish","has-post-thumbnail","hentry"],"_links":{"self":[{"href":"https:\/\/www.aquaquick2000.com\/fr\/wp-json\/wp\/v2\/pages\/5715","targetHints":{"allow":["GET"]}}],"collection":[{"href":"https:\/\/www.aquaquick2000.com\/fr\/wp-json\/wp\/v2\/pages"}],"about":[{"href":"https:\/\/www.aquaquick2000.com\/fr\/wp-json\/wp\/v2\/types\/page"}],"author":[{"embeddable":true,"href":"https:\/\/www.aquaquick2000.com\/fr\/wp-json\/wp\/v2\/users\/1"}],"replies":[{"embeddable":true,"href":"https:\/\/www.aquaquick2000.com\/fr\/wp-json\/wp\/v2\/comments?post=5715"}],"version-history":[{"count":0,"href":"https:\/\/www.aquaquick2000.com\/fr\/wp-json\/wp\/v2\/pages\/5715\/revisions"}],"up":[{"embeddable":true,"href":"https:\/\/www.aquaquick2000.com\/fr\/wp-json\/wp\/v2\/pages\/2564"}],"wp:featuredmedia":[{"embeddable":true,"href":"https:\/\/www.aquaquick2000.com\/fr\/wp-json\/wp\/v2\/media\/9138"}],"wp:attachment":[{"href":"https:\/\/www.aquaquick2000.com\/fr\/wp-json\/wp\/v2\/media?parent=5715"}],"curies":[{"name":"wp","href":"https:\/\/api.w.org\/{rel}","templated":true}]}}