{"id":5746,"date":"2020-11-03T11:35:52","date_gmt":"2020-11-03T11:35:52","guid":{"rendered":"https:\/\/www.aquaquick2000.com\/?page_id=5746"},"modified":"2023-01-27T10:32:28","modified_gmt":"2023-01-27T10:32:28","slug":"sorb-chim","status":"publish","type":"page","link":"https:\/\/www.aquaquick2000.com\/fr\/distributors\/sorb-chem\/","title":{"rendered":"Sorb Chimie"},"content":{"rendered":"<section class=\"section\" id=\"section_530857234\">\n\t\t<div class=\"section-bg fill\" >\n\t\t\t<img decoding=\"async\" width=\"1920\" height=\"441\" src=\"https:\/\/b3871678.smushcdn.com\/3871678\/wp-content\/uploads\/2020\/09\/aquaquick-2000-oil-cleaning-waterwave.jpg?lossy=2&strip=1&webp=1\" class=\"bg attachment- size-\" alt=\"\" title=\"\" srcset=\"https:\/\/b3871678.smushcdn.com\/3871678\/wp-content\/uploads\/2020\/09\/aquaquick-2000-oil-cleaning-waterwave.jpg?lossy=2&amp;strip=1&amp;webp=1 1920w, https:\/\/b3871678.smushcdn.com\/3871678\/wp-content\/uploads\/2020\/09\/aquaquick-2000-oil-cleaning-waterwave-510x117.jpg?lossy=2&amp;strip=1&amp;webp=1 510w, https:\/\/b3871678.smushcdn.com\/3871678\/wp-content\/uploads\/2020\/09\/aquaquick-2000-oil-cleaning-waterwave-500x115.jpg?lossy=2&amp;strip=1&amp;webp=1 500w, https:\/\/b3871678.smushcdn.com\/3871678\/wp-content\/uploads\/2020\/09\/aquaquick-2000-oil-cleaning-waterwave-1280x294.jpg?lossy=2&amp;strip=1&amp;webp=1 1280w, https:\/\/b3871678.smushcdn.com\/3871678\/wp-content\/uploads\/2020\/09\/aquaquick-2000-oil-cleaning-waterwave-768x176.jpg?lossy=2&amp;strip=1&amp;webp=1 768w, https:\/\/b3871678.smushcdn.com\/3871678\/wp-content\/uploads\/2020\/09\/aquaquick-2000-oil-cleaning-waterwave-1536x353.jpg?lossy=2&amp;strip=1&amp;webp=1 1536w, https:\/\/b3871678.smushcdn.com\/3871678\/wp-content\/uploads\/2020\/09\/aquaquick-2000-oil-cleaning-waterwave.jpg?size=204x47&amp;lossy=2&amp;strip=1&amp;webp=1 204w, https:\/\/b3871678.smushcdn.com\/3871678\/wp-content\/uploads\/2020\/09\/aquaquick-2000-oil-cleaning-waterwave.jpg?size=408x94&amp;lossy=2&amp;strip=1&amp;webp=1 408w, https:\/\/b3871678.smushcdn.com\/3871678\/wp-content\/uploads\/2020\/09\/aquaquick-2000-oil-cleaning-waterwave.jpg?size=612x141&amp;lossy=2&amp;strip=1&amp;webp=1 612w, https:\/\/b3871678.smushcdn.com\/3871678\/wp-content\/uploads\/2020\/09\/aquaquick-2000-oil-cleaning-waterwave.jpg?size=1020x234&amp;lossy=2&amp;strip=1&amp;webp=1 1020w\" sizes=\"(max-width: 1920px) 100vw, 1920px\">\t\t\t\t\t\t<div class=\"section-bg-overlay absolute fill\"><\/div>\n\t\t\t\n\n\t\t<\/div>\n\n\t\t\n\n\t\t<div class=\"section-content relative\">\n\t\t\t\n\n<div class=\"row row-collapse align-equal\"  id=\"row-1294928027\">\n\n\n\t<div id=\"col-1573640465\" class=\"col small-12 large-12\"  >\n\t\t\t\t<div class=\"col-inner\"  >\n\t\t\t\n\t\t\t\n\n<h2 class=\"uppercase\" style=\"text-align: center;\">AQUAQUICK 2000 EN LITUANIE EST VENDU PAR Sorb Chem<\/h2>\n\n\t\t<\/div>\n\t\t\t\t\t<\/div>\n\n\t\n\n<\/div>\n\n\t\t<\/div>\n\n\t\t\n<style>\n#section_530857234 {\n  padding-top: 45px;\n  padding-bottom: 45px;\n}\n#section_530857234 .section-bg-overlay {\n  background-color: rgba(240, 240, 240, 0.64);\n}\n<\/style>\n\t<\/section>\n\t\n\n\t<section class=\"section\" id=\"section_364039561\">\n\t\t<div class=\"section-bg fill\" >\n\t\t\t\t\t\t\t\t\t<div class=\"section-bg-overlay absolute fill\"><\/div>\n\t\t\t\n\n\t\t<\/div>\n\n\t\t\n\n\t\t<div class=\"section-content relative\">\n\t\t\t\n\n<div class=\"row\"  id=\"row-1352524572\">\n\n\n\t<div id=\"col-563925997\" class=\"col medium-6 small-12 large-6\"  >\n\t\t\t\t<div class=\"col-inner\"  >\n\t\t\t\n\t\t\t\n\n<h3 class=\"widget-title\">AQUAQUICK 2000 Distributeur en Lituanie<\/h3>\n<p class=\"widget-title\">UAB SORB CHEM repr\u00e9sente toute une gamme de fabricants europ\u00e9ens, qui ont fait de la production des emplois et de l'environnement. L'UAB SORB offre une large gamme de services. <\/p>\n<p>Sorb Chem est autoris\u00e9 \u00e0 vendre les produits AQUAQUICK en Lituanie.<br><em><strong>Sorb Chem est approuv\u00e9 par AQUAQUICK GLOBAL B.V.<\/strong><\/em><\/p>\n<h3>Coordonn\u00e9es de Sorb Chem<\/h3>\n<p>M. Darius Vaisnora<\/p>\n<ul>\n<li class=\"bullet-arrow\">Adresse : Titnago g. 12, LT-02300 Vilnius<\/li>\n<li class=\"bullet-arrow\">Courriel :<a href=\"mailto:info@sorbchem.lt\">info@sorbchem.lt<\/a><\/li>\n<li class=\"bullet-arrow\">T\u00e9l\u00e9phone\/fax de la soci\u00e9t\u00e9 : +370 5 265 3281&nbsp;<\/li>\n<li class=\"bullet-arrow\">Num\u00e9ro de t\u00e9l\u00e9phone alternatif 1. +370 690 96 265<\/li>\n<li class=\"bullet-arrow\">Num\u00e9ro de t\u00e9l\u00e9phone alternatif 2. +370 650 38 090<\/li>\n<\/ul>\n<h3>Sorb Chem est un distributeur non exclusif en Lituanie.<\/h3>\n<a href=\"https:\/\/www.aquaquick2000.com\/fr\/distributeurs\/\" class=\"button primary\" >\n\t\t<span>Tous les distributeurs d'AQUAQUICK 2000<\/span>\n\t<\/a>\n\n\n\n\t\t<\/div>\n\t\t\t\t\t<\/div>\n\n\t\n\n\t<div id=\"col-389301685\" class=\"col medium-6 small-12 large-6\"  >\n\t\t\t\t<div class=\"col-inner\" style=\"background-color:rgb(240, 240, 240);\" >\n\t\t\t\n\t\t\t\n\n<div class=\"accordion\">\n\n\t<div id=\"accordion-1385125861\" class=\"accordion-item\">\n\t\t<a id=\"accordion-1385125861-label\" class=\"accordion-title plain active\" href=\"#accordion-item-aquaquick-2000-in-lithuania\" aria-expanded=\"true\" aria-controls=\"accordion-1385125861-content\">\n\t\t\t<button class=\"toggle\" aria-label=\"Basculer\"><i class=\"icon-angle-down\" aria-hidden=\"true\"><\/i><\/button>\n\t\t\t<span>AQUAQUICK 2000 en Lituanie<\/span>\n\t\t<\/a>\n\t\t<div id=\"accordion-1385125861-content\" class=\"accordion-inner\" style=\"display: block;\" aria-labelledby=\"accordion-1385125861-label\">\n\t\t\t\n\n<p>Pour acheter AQUAQUICK 2000 directement en <b>Lituanie<\/b> vous pouvez contacter notre distributeur local <strong>Sorb Chimie<\/strong>.<\/p>\n<p>AQUAQUICK 2000 peut \u00eatre achet\u00e9 dans n'importe quel pays du monde et constitue la solution num\u00e9ro un pour le nettoyage des mar\u00e9es noires.<\/p>\n\n\t\t<\/div>\n\t<\/div>\n\t\n\t<div id=\"accordion-1701967383\" class=\"accordion-item\">\n\t\t<a id=\"accordion-1701967383-label\" class=\"accordion-title plain\" href=\"#accordion-item-oil-spills-in-lithuania\" aria-expanded=\"false\" aria-controls=\"accordion-1701967383-content\">\n\t\t\t<button class=\"toggle\" aria-label=\"Basculer\"><i class=\"icon-angle-down\" aria-hidden=\"true\"><\/i><\/button>\n\t\t\t<span>D\u00e9versements de p\u00e9trole en Lituanie<\/span>\n\t\t<\/a>\n\t\t<div id=\"accordion-1701967383-content\" class=\"accordion-inner\" aria-labelledby=\"accordion-1701967383-label\">\n\t\t\t\n\n<p>Pour une solution imm\u00e9diate et \u00e9cologique aux d\u00e9versements d'hydrocarbures, il est pr\u00e9f\u00e9rable d'utiliser AQUAQUICK 2000. Si vous rencontrez des d\u00e9versements d'huile dans <strong>Lituanie<\/strong> vous pouvez contacter <strong>Sorb Chimie<\/strong> pour la fourniture d'AQUAQUICK 2000.<\/p>\n\n\t\t<\/div>\n\t<\/div>\n\t\n\t<div id=\"accordion-914452632\" class=\"accordion-item\">\n\t\t<a id=\"accordion-914452632-label\" class=\"accordion-title plain\" href=\"#accordion-item-about-sorb-chem\" aria-expanded=\"false\" aria-controls=\"accordion-914452632-content\">\n\t\t\t<button class=\"toggle\" aria-label=\"Basculer\"><i class=\"icon-angle-down\" aria-hidden=\"true\"><\/i><\/button>\n\t\t\t<span>\u00c0 propos de Sorb Chem<\/span>\n\t\t<\/a>\n\t\t<div id=\"accordion-914452632-content\" class=\"accordion-inner\" aria-labelledby=\"accordion-914452632-label\">\n\t\t\t\n\n<h3>\u00c0 propos de l'UAB Sorb Chem<\/h3>\n<p>L'UAB \"SORB CHEM\" repr\u00e9sente un certain nombre de fabricants europ\u00e9ens dont les produits sont con\u00e7us pour la protection des emplois et de l'environnement, l'\u00e9limination des accidents \u00e9cologiques.<\/p>\n<ul>\n<li class=\"bullet-arrow\">Installations pour la d\u00e9shydratation et l'adoucissement de l'eau.<\/li>\n<li class=\"bullet-arrow\">Dispositifs et syst\u00e8mes pour la pr\u00e9paration d'eau d\u00e9min\u00e9ralis\u00e9e et d\u00e9ionis\u00e9e.<\/li>\n<li class=\"bullet-arrow\">Dispositifs pour les laboratoires et la protection de l'environnement.<\/li>\n<li class=\"bullet-arrow\">Appareils et syst\u00e8mes pour la production d'eau utilis\u00e9e pour : les accumulateurs, le repassage, l'\u00e9vaporation, la pr\u00e9paration de solutions de refroidissement, la pr\u00e9paration de solutions us\u00e9es Euro 5 (adblue).<\/li>\n<li class=\"bullet-arrow\">Pompes r\u00e9sistantes aux produits chimiques.<\/li>\n<li class=\"bullet-arrow\">Pompes avec accouplement magn\u00e9tique.<\/li>\n<li class=\"bullet-arrow\">Appareils et syst\u00e8mes pour filtrer les solutions galvaniques.<\/li>\n<li class=\"bullet-arrow\">Divers mat\u00e9riaux absorbant les liquides, absorbant les sorbants.<\/li>\n<li class=\"bullet-arrow\">Uniquement des moyens et des mat\u00e9riaux pour absorber et r\u00e9sorber les produits p\u00e9troliers.<\/li>\n<li class=\"bullet-arrow\">Absorbants pour l'absorption de produits chimiques agressifs et concentr\u00e9s.<\/li>\n<li class=\"bullet-arrow\">Absorbants pour l'assemblage des kits ADR pour le transport terrestre et maritime.<\/li>\n<li class=\"bullet-arrow\">Mesures et mat\u00e9riaux pour recueillir les liquides renvers\u00e9s et maintenir les lieux de travail propres.<\/li>\n<li class=\"bullet-arrow\">D\u00e9tergent \u00e9cologique pour produits p\u00e9troliers - s\u00e9parateur \"AQUAQUICK2000\" - pour la d\u00e9composition et le nettoyage de l'huile et d'autres produits gras de diverses surfaces ainsi que de l'eau.<\/li>\n<li class=\"bullet-arrow\">Mat\u00e9riaux pour la filtration de diverses solutions.<\/li>\n<li class=\"bullet-arrow\">Mesures d'\u00e9tanch\u00e9it\u00e9 et de blocage des canalisations.<\/li>\n<li class=\"bullet-arrow\">Airbags - pour le levage de diverses charges lourdes.<\/li>\n<li class=\"bullet-arrow\">Tapis collants pour les salles particuli\u00e8rement propres - antibact\u00e9riens, antistatiques.<\/li>\n<li class=\"bullet-arrow\">Produits en polypropyl\u00e8ne : non coulants - flotteurs et autres cordages, filets divers.<\/li>\n<li class=\"bullet-arrow\">Filtres \u00e0 eau, syst\u00e8mes de purification de l'eau.<\/li>\n<\/ul>\n\n\t\t<\/div>\n\t<\/div>\n\t\n\n<\/div>\n\t<div class=\"img has-hover x md-x lg-x y md-y lg-y\" id=\"image_923655618\">\n\t\t\t\t\t\t\t\t<div class=\"img-inner dark\" >\n\t\t\t<img decoding=\"async\" width=\"500\" height=\"149\" data-src=\"https:\/\/b3871678.smushcdn.com\/3871678\/wp-content\/uploads\/2020\/09\/AQUAQUICK-2000-DISTRIBUTOR-LOGOS_0000_sorb-chem-aquaquick2000.jpg?lossy=2&strip=1&webp=1\" class=\"attachment-large size-large lazyload\" alt=\"\" title=\"\" data-srcset=\"https:\/\/b3871678.smushcdn.com\/3871678\/wp-content\/uploads\/2020\/09\/AQUAQUICK-2000-DISTRIBUTOR-LOGOS_0000_sorb-chem-aquaquick2000.jpg?lossy=2&amp;strip=1&amp;webp=1 500w, https:\/\/b3871678.smushcdn.com\/3871678\/wp-content\/uploads\/2020\/09\/AQUAQUICK-2000-DISTRIBUTOR-LOGOS_0000_sorb-chem-aquaquick2000.jpg?size=204x61&amp;lossy=2&amp;strip=1&amp;webp=1 204w, https:\/\/b3871678.smushcdn.com\/3871678\/wp-content\/uploads\/2020\/09\/AQUAQUICK-2000-DISTRIBUTOR-LOGOS_0000_sorb-chem-aquaquick2000.jpg?size=408x122&amp;lossy=2&amp;strip=1&amp;webp=1 408w\" data-sizes=\"auto\" src=\"data:image\/svg+xml;base64,PHN2ZyB3aWR0aD0iMSIgaGVpZ2h0PSIxIiB4bWxucz0iaHR0cDovL3d3dy53My5vcmcvMjAwMC9zdmciPjwvc3ZnPg==\" style=\"--smush-placeholder-width: 500px; --smush-placeholder-aspect-ratio: 500\/149;\" data-original-sizes=\"(max-width: 500px) 100vw, 500px\">\t\t\t\t\t\t\n\t\t\t\t\t<\/div>\n\t\t\t\t\t\t\t\t\n<style>\n#image_923655618 {\n  width: 100%;\n}\n<\/style>\n\t<\/div>\n\t\n\n\n\t\t<\/div>\n\t\t\t\t\t<\/div>\n\n\t\n\n<\/div>\n\n\t\t<\/div>\n\n\t\t\n<style>\n#section_364039561 {\n  padding-top: 30px;\n  padding-bottom: 30px;\n  background-color: rgb(255, 255, 255);\n}\n#section_364039561 .section-bg-overlay {\n  background-color: rgba(240, 240, 240, 0);\n}\n<\/style>\n\t<\/section>","protected":false},"excerpt":{"rendered":"","protected":false},"author":1,"featured_media":5587,"parent":2564,"menu_order":0,"comment_status":"closed","ping_status":"closed","template":"page-blank.php","meta":{"cybocfi_hide_featured_image":"","footnotes":"","_links_to":"","_links_to_target":""},"class_list":["post-5746","page","type-page","status-publish","has-post-thumbnail","hentry"],"_links":{"self":[{"href":"https:\/\/www.aquaquick2000.com\/fr\/wp-json\/wp\/v2\/pages\/5746","targetHints":{"allow":["GET"]}}],"collection":[{"href":"https:\/\/www.aquaquick2000.com\/fr\/wp-json\/wp\/v2\/pages"}],"about":[{"href":"https:\/\/www.aquaquick2000.com\/fr\/wp-json\/wp\/v2\/types\/page"}],"author":[{"embeddable":true,"href":"https:\/\/www.aquaquick2000.com\/fr\/wp-json\/wp\/v2\/users\/1"}],"replies":[{"embeddable":true,"href":"https:\/\/www.aquaquick2000.com\/fr\/wp-json\/wp\/v2\/comments?post=5746"}],"version-history":[{"count":0,"href":"https:\/\/www.aquaquick2000.com\/fr\/wp-json\/wp\/v2\/pages\/5746\/revisions"}],"up":[{"embeddable":true,"href":"https:\/\/www.aquaquick2000.com\/fr\/wp-json\/wp\/v2\/pages\/2564"}],"wp:featuredmedia":[{"embeddable":true,"href":"https:\/\/www.aquaquick2000.com\/fr\/wp-json\/wp\/v2\/media\/5587"}],"wp:attachment":[{"href":"https:\/\/www.aquaquick2000.com\/fr\/wp-json\/wp\/v2\/media?parent=5746"}],"curies":[{"name":"wp","href":"https:\/\/api.w.org\/{rel}","templated":true}]}}