{"id":8658,"date":"2020-11-20T17:16:29","date_gmt":"2020-11-20T17:16:29","guid":{"rendered":"https:\/\/www.aquaquick2000.com\/?page_id=8658"},"modified":"2023-01-27T10:33:58","modified_gmt":"2023-01-27T10:33:58","slug":"liste-de-prix","status":"publish","type":"page","link":"https:\/\/www.aquaquick2000.com\/fr\/price-list\/","title":{"rendered":"Learn more about the Price"},"content":{"rendered":"<section class=\"section\" id=\"section_1438498759\">\n\t\t<div class=\"section-bg fill\" >\n\t\t\t<img decoding=\"async\" width=\"1920\" height=\"441\" src=\"https:\/\/b3871678.smushcdn.com\/3871678\/wp-content\/uploads\/2020\/09\/aquaquick-2000-oil-cleaning-waterwave.jpg?lossy=2&strip=1&webp=1\" class=\"bg attachment- size-\" alt=\"\" title=\"\" srcset=\"https:\/\/b3871678.smushcdn.com\/3871678\/wp-content\/uploads\/2020\/09\/aquaquick-2000-oil-cleaning-waterwave.jpg?lossy=2&amp;strip=1&amp;webp=1 1920w, https:\/\/b3871678.smushcdn.com\/3871678\/wp-content\/uploads\/2020\/09\/aquaquick-2000-oil-cleaning-waterwave-510x117.jpg?lossy=2&amp;strip=1&amp;webp=1 510w, https:\/\/b3871678.smushcdn.com\/3871678\/wp-content\/uploads\/2020\/09\/aquaquick-2000-oil-cleaning-waterwave-500x115.jpg?lossy=2&amp;strip=1&amp;webp=1 500w, https:\/\/b3871678.smushcdn.com\/3871678\/wp-content\/uploads\/2020\/09\/aquaquick-2000-oil-cleaning-waterwave-1280x294.jpg?lossy=2&amp;strip=1&amp;webp=1 1280w, https:\/\/b3871678.smushcdn.com\/3871678\/wp-content\/uploads\/2020\/09\/aquaquick-2000-oil-cleaning-waterwave-768x176.jpg?lossy=2&amp;strip=1&amp;webp=1 768w, https:\/\/b3871678.smushcdn.com\/3871678\/wp-content\/uploads\/2020\/09\/aquaquick-2000-oil-cleaning-waterwave-1536x353.jpg?lossy=2&amp;strip=1&amp;webp=1 1536w, https:\/\/b3871678.smushcdn.com\/3871678\/wp-content\/uploads\/2020\/09\/aquaquick-2000-oil-cleaning-waterwave.jpg?size=204x47&amp;lossy=2&amp;strip=1&amp;webp=1 204w, https:\/\/b3871678.smushcdn.com\/3871678\/wp-content\/uploads\/2020\/09\/aquaquick-2000-oil-cleaning-waterwave.jpg?size=408x94&amp;lossy=2&amp;strip=1&amp;webp=1 408w, https:\/\/b3871678.smushcdn.com\/3871678\/wp-content\/uploads\/2020\/09\/aquaquick-2000-oil-cleaning-waterwave.jpg?size=612x141&amp;lossy=2&amp;strip=1&amp;webp=1 612w, https:\/\/b3871678.smushcdn.com\/3871678\/wp-content\/uploads\/2020\/09\/aquaquick-2000-oil-cleaning-waterwave.jpg?size=1020x234&amp;lossy=2&amp;strip=1&amp;webp=1 1020w\" sizes=\"(max-width: 1920px) 100vw, 1920px\">\t\t\t\t\t\t<div class=\"section-bg-overlay absolute fill\"><\/div>\n\t\t\t\n\n\t\t<\/div>\n\n\t\t\n\n\t\t<div class=\"section-content relative\">\n\t\t\t\n\n<div class=\"row align-middle\"  id=\"row-1984382770\">\n\n\n\t<div id=\"col-1195905018\" class=\"col medium-9 small-12 large-9\"  >\n\t\t\t\t<div class=\"col-inner\"  >\n\t\t\t\n\t\t\t\n\n<h1>En savoir plus sur le prix de l'AQUAQUICK 2000<\/h1>\n\n\t\t<\/div>\n\t\t\t\t\t<\/div>\n\n\t\n\n\t<div id=\"col-2132916008\" class=\"col medium-3 small-12 large-3\"  >\n\t\t\t\t<div class=\"col-inner\"  >\n\t\t\t\n\t\t\t\n\n<a href=\"https:\/\/www.aquaquick2000.com\/fr\/contactez-nous\/\" class=\"button primary\" >\n\t\t<span>Demande de liste de prix<\/span>\n\t<i class=\"icon-envelop\" aria-hidden=\"true\"><\/i><\/a>\n\n\n\n\t\t<\/div>\n\t\t\t\t\t<\/div>\n\n\t\n\n<\/div>\n\n\t\t<\/div>\n\n\t\t\n<style>\n#section_1438498759 {\n  padding-top: 0px;\n  padding-bottom: 0px;\n  min-height: 160px;\n}\n#section_1438498759 .section-bg-overlay {\n  background-color: rgba(255, 255, 255, 0.59);\n}\n<\/style>\n\t<\/section>\n\t\n\n\t<section class=\"section\" id=\"section_1131321827\">\n\t\t<div class=\"section-bg fill\" >\n\t\t\t\t\t\t\t\t\t\n\t\t\t\n\n\t\t<\/div>\n\n\t\t\n\n\t\t<div class=\"section-content relative\">\n\t\t\t\n\n<div class=\"row\"  id=\"row-227805591\">\n\n\n\t<div id=\"col-986089258\" class=\"col medium-6 small-12 large-6\"  >\n\t\t\t\t<div class=\"col-inner\"  >\n\t\t\t\n\t\t\t\n\n<h2>Quel est le prix d'AQUAQUICK 2000 ?<\/h2>\n<p>Si vous ne savez pas quel devrait \u00eatre le prix d'AQUAQUICK 2000, il pourrait \u00eatre tr\u00e8s frustrant pour vous d'avoir une id\u00e9e claire des r\u00e9sultats et du co\u00fbt de notre produit. De nombreux sites Web indiquent des prix diff\u00e9rents pour les produits AQUAQUICK 2000 et d'autres sites Web ne font r\u00e9f\u00e9rence qu'\u00e0 une demande de devis.<\/p>\n<p>En tant que fabricant mondial et seule entreprise capable de d\u00e9signer les d\u00e9tenteurs de licence et les distributeurs d'AQUAQUICK 2000, nous devrions \u00eatre en mesure de vous informer \u00e0 ce sujet.<\/p>\n<p>Le produit AQUAQUICK 2000 est un produit connu depuis plusieurs d\u00e9cennies. Jusqu'\u00e0 aujourd'hui, l'entreprise est toujours une entreprise familiale et elle est pass\u00e9e \u00e0 la troisi\u00e8me g\u00e9n\u00e9ration, puis \u00e0 la quatri\u00e8me. Comme pour toute entreprise, avec le temps, les directives et les approches du march\u00e9 changent et AQUAQUICK GLOBAL BV n'est pas diff\u00e9rente de cela.&nbsp;<\/p>\n<p>Actuellement, le prix d'AQUAQUICK 2000 n'est pas indiqu\u00e9 sur notre site Web. En effet, dans le pass\u00e9, AQUAQUICK 2000 ne pouvait \u00eatre achet\u00e9 que directement aupr\u00e8s de nos distributeurs dans certains pays, r\u00e9gions ou segments de march\u00e9. Conscients que cela peut avoir des hauts et des bas ainsi qu'une grande confusion, nous avons examin\u00e9 cette question plus attentivement.&nbsp;<\/p>\n<p>\u00c0 l'avenir, AQUAQUICK GLOBAL BV adoptera une nouvelle strat\u00e9gie et un nouveau mod\u00e8le commercial pour la gamme de produits AQUAQUICK 2000. Cela signifie qu'il y aura plus d'information sur les prix d'AQUAQUICK 2000 ainsi qu'un processus plus facile pour acheter AQUAQUICK 2000 directement par notre interm\u00e9diaire dans les r\u00e9gions qui ne sont pas actuellement soutenues par un distributeur local d\u00e9sign\u00e9.<\/p>\n<p>AQUAQUICK 2000 ne peut \u00eatre obtenu que par l'interm\u00e9diaire de nos distributeurs d\u00e9sign\u00e9s (dans la r\u00e9gion o\u00f9 ils sont d\u00e9sign\u00e9s) et ailleurs par AQUAQUICK GLOBAL BV. Certaines entreprises pr\u00e9tendent encore aujourd'hui \u00eatre des distributeurs d'AQUAQUICK 2000 et vendent un produit sous le nom et la marque d'AQUAQUICK 2000. Malheureusement, nous avons constat\u00e9 \u00e0 plusieurs reprises dans le pass\u00e9 que AQUAQUICK 2000 est l'un des produits qui est imit\u00e9 par de faux produits bon march\u00e9 utilisant le nom de marque AQUAQUICK 2000 pour pr\u00e9tendre \u00eatre le produit original.&nbsp;<\/p>\n<p>Si vous trouvez des informations sur AQUAQUICK 2000 sur Internet sans \u00eatre s\u00fbr de la l\u00e9gitimit\u00e9 du produit, nous vous conseillons simplement de nous contacter pour plus d'informations. Vous pouvez le faire en nous envoyant un courriel \u00e0 business@aquaquick2000.com avec autant d'informations que possible sur le produit et son prix.&nbsp;&nbsp;<\/p>\n<p>Nous sommes constamment \u00e0 la recherche d'imitations de notre produit. C'est pourquoi nous appr\u00e9cions grandement que vous nous fassiez part de vos constatations concernant un produit AQUAQUICK 2000 faux ou imit\u00e9, ainsi que des entreprises qui pr\u00e9tendent \u00eatre le distributeur ou l'agent exclusif d'AQUAQUICK 2000.&nbsp;<\/p>\n<p><strong>Il est interdit de vendre AQUAQUICK 2000 ou de pr\u00e9tendre \u00eatre le seul repr\u00e9sentant d'AQUAQUICK 2000 de quelque fa\u00e7on que ce soit. Comme il a \u00e9t\u00e9 mentionn\u00e9 ci-dessus, AQUAQUICK GLOBAL B.V. est la seule entreprise au monde \u00e0 d\u00e9tenir tous les droits l\u00e9gaux sur la marque et les formules des produits et, par cons\u00e9quent, nous sommes le seul fabricant et d\u00e9tenteur de licence de la gamme de produits AQUAQUICK 2000.&nbsp;<\/strong><\/p>\n\n\t\t<\/div>\n\t\t\t\t\t<\/div>\n\n\t\n\n\t<div id=\"col-318897701\" class=\"col medium-6 small-12 large-6\"  >\n\t\t\t\t<div class=\"col-inner\"  >\n\t\t\t\n\t\t\t\n\n<div class=\"row\"  id=\"row-774500117\">\n\n\n\t<div id=\"col-670605291\" class=\"col small-12 large-12\"  >\n\t\t\t\t<div class=\"col-inner\" style=\"background-color:rgb(246, 246, 246);\" >\n\t\t\t\n\t\t\t\n\n<h2>Faits concernant le prix d'AQUAQUICK 2000<\/h2>\n<ul>\n<li class=\"bullet-checkmark\" style=\"font-size: 11pt;\">Les distributeurs ont eu la libert\u00e9 de fixer leurs propres prix.<\/li>\n<li class=\"bullet-checkmark\" style=\"font-size: 11pt;\">AQUAQUICK GLOBAL n'utilise pas le commerce \u00e9lectronique. <strong>(encore)<\/strong>.<\/li>\n<li class=\"bullet-checkmark\" style=\"font-size: 11pt;\">Nous sommes les seuls fabricants mondiaux d'AQUAQUICK 2000.<\/li>\n<li class=\"bullet-checkmark\" style=\"font-size: 11pt;\">Les licences d'AQUAQUICK 2000 ne peuvent \u00eatre nomm\u00e9es que par nous.<\/li>\n<li class=\"bullet-checkmark\" style=\"font-size: 11pt;\">Indiquer que le prix de vente d'AQUAQUICK 2000 est de 15,99 \u20ac par litre.<\/li>\n<li class=\"bullet-checkmark\" style=\"font-size: 11pt;\">Il existe de faux produits imitant AQUAQUICK 2000. <strong>(Avertissement)<\/strong><\/li>\n<li style=\"font-size: 11pt;\" class=\"bullet-checkmark\">AQUAQUICK 2000 est invent\u00e9 et entretenu par une entreprise familiale.<\/li>\n<\/ul>\n\n\t\t<\/div>\n\t\t\t\t\n<style>\n#col-670605291 > .col-inner {\n  padding: 10px 10px 0px 10px;\n}\n<\/style>\n\t<\/div>\n\n\t\n\n<\/div>\n<div class=\"row\"  id=\"row-598617089\">\n\n\n\t<div id=\"col-1580228018\" class=\"col small-12 large-12\"  >\n\t\t\t\t<div class=\"col-inner\"  >\n\t\t\t\n\t\t\t\n\n\t<div class=\"box has-hover   has-hover box-shadow-2 box-text-bottom\" >\n\n\t\t<div class=\"box-image\" >\n\t\t\t\t\t\t<div class=\"\" >\n\t\t\t\t<img decoding=\"async\" width=\"1206\" height=\"804\" data-src=\"https:\/\/b3871678.smushcdn.com\/3871678\/wp-content\/uploads\/2020\/09\/aquaquick-2000-packaging-made-in-2015-4.jpg?lossy=2&strip=1&webp=1\" class=\"attachment- size- lazyload\" alt=\"\" data-srcset=\"https:\/\/b3871678.smushcdn.com\/3871678\/wp-content\/uploads\/2020\/09\/aquaquick-2000-packaging-made-in-2015-4.jpg?lossy=2&strip=1&webp=1 1206w, https:\/\/b3871678.smushcdn.com\/3871678\/wp-content\/uploads\/2020\/09\/aquaquick-2000-packaging-made-in-2015-4-510x340.jpg?lossy=2&strip=1&webp=1 510w, https:\/\/b3871678.smushcdn.com\/3871678\/wp-content\/uploads\/2020\/09\/aquaquick-2000-packaging-made-in-2015-4-500x333.jpg?lossy=2&strip=1&webp=1 500w, https:\/\/b3871678.smushcdn.com\/3871678\/wp-content\/uploads\/2020\/09\/aquaquick-2000-packaging-made-in-2015-4-768x512.jpg?lossy=2&strip=1&webp=1 768w, https:\/\/b3871678.smushcdn.com\/3871678\/wp-content\/uploads\/2020\/09\/aquaquick-2000-packaging-made-in-2015-4-600x400.jpg?lossy=2&strip=1&webp=1 600w, https:\/\/b3871678.smushcdn.com\/3871678\/wp-content\/uploads\/2020\/09\/aquaquick-2000-packaging-made-in-2015-4.jpg?size=204x136&lossy=2&strip=1&webp=1 204w, https:\/\/b3871678.smushcdn.com\/3871678\/wp-content\/uploads\/2020\/09\/aquaquick-2000-packaging-made-in-2015-4.jpg?size=408x272&lossy=2&strip=1&webp=1 408w, https:\/\/b3871678.smushcdn.com\/3871678\/wp-content\/uploads\/2020\/09\/aquaquick-2000-packaging-made-in-2015-4.jpg?size=1020x680&lossy=2&strip=1&webp=1 1020w\" data-sizes=\"auto\" title=\"\" src=\"data:image\/svg+xml;base64,PHN2ZyB3aWR0aD0iMSIgaGVpZ2h0PSIxIiB4bWxucz0iaHR0cDovL3d3dy53My5vcmcvMjAwMC9zdmciPjwvc3ZnPg==\" style=\"--smush-placeholder-width: 1206px; --smush-placeholder-aspect-ratio: 1206\/804;\" data-original-sizes=\"(max-width: 1206px) 100vw, 1206px\">\t\t\t\t\t\t\t\t\t\t\t<\/div>\n\t\t\t\t\t<\/div>\n\n\t\t<div class=\"box-text text-center\" style=\"background-color:rgb(243, 243, 243);\">\n\t\t\t<div class=\"box-text-inner\">\n\t\t\t\t\n\n<h4>AQUAQUICK 2000 &amp; AQUAQUICK 2000 R2U<\/h4>\n<p>Voici une photo d'AQUAQUICK 2000 <br>et AQUAQUICK 2000 R2U<em><strong>(Pr\u00eat \u00e0 l'emploi)<\/strong><\/em><\/p>\n\n\t\t\t<\/div>\n\t\t<\/div>\n\t<\/div>\n\t\n\t<div id=\"gap-1428984216\" class=\"gap-element clearfix\" style=\"display:block; height:auto;\">\n\t\t\n<style>\n#gap-1428984216 {\n  padding-top: 30px;\n}\n<\/style>\n\t<\/div>\n\t\n\n\t<div class=\"box has-hover   has-hover box-shadow-2 box-text-bottom\" >\n\n\t\t<div class=\"box-image\" >\n\t\t\t\t\t\t<div class=\"\" >\n\t\t\t\t<img decoding=\"async\" width=\"1206\" height=\"804\" data-src=\"https:\/\/b3871678.smushcdn.com\/3871678\/wp-content\/uploads\/2020\/09\/AQUAQUICK-2000-SP-PACKAGING-MADE-IN-2015-3.jpg?lossy=2&strip=1&webp=1\" class=\"attachment- size- lazyload\" alt=\"AQUAQUICK 2000 SP\" data-srcset=\"https:\/\/b3871678.smushcdn.com\/3871678\/wp-content\/uploads\/2020\/09\/AQUAQUICK-2000-SP-PACKAGING-MADE-IN-2015-3.jpg?lossy=2&strip=1&webp=1 1206w, https:\/\/b3871678.smushcdn.com\/3871678\/wp-content\/uploads\/2020\/09\/AQUAQUICK-2000-SP-PACKAGING-MADE-IN-2015-3-510x340.jpg?lossy=2&strip=1&webp=1 510w, https:\/\/b3871678.smushcdn.com\/3871678\/wp-content\/uploads\/2020\/09\/AQUAQUICK-2000-SP-PACKAGING-MADE-IN-2015-3-500x333.jpg?lossy=2&strip=1&webp=1 500w, https:\/\/b3871678.smushcdn.com\/3871678\/wp-content\/uploads\/2020\/09\/AQUAQUICK-2000-SP-PACKAGING-MADE-IN-2015-3-768x512.jpg?lossy=2&strip=1&webp=1 768w, https:\/\/b3871678.smushcdn.com\/3871678\/wp-content\/uploads\/2020\/09\/AQUAQUICK-2000-SP-PACKAGING-MADE-IN-2015-3-600x400.jpg?lossy=2&strip=1&webp=1 600w, https:\/\/b3871678.smushcdn.com\/3871678\/wp-content\/uploads\/2020\/09\/AQUAQUICK-2000-SP-PACKAGING-MADE-IN-2015-3.jpg?size=204x136&lossy=2&strip=1&webp=1 204w, https:\/\/b3871678.smushcdn.com\/3871678\/wp-content\/uploads\/2020\/09\/AQUAQUICK-2000-SP-PACKAGING-MADE-IN-2015-3.jpg?size=408x272&lossy=2&strip=1&webp=1 408w, https:\/\/b3871678.smushcdn.com\/3871678\/wp-content\/uploads\/2020\/09\/AQUAQUICK-2000-SP-PACKAGING-MADE-IN-2015-3.jpg?size=1020x680&lossy=2&strip=1&webp=1 1020w\" data-sizes=\"auto\" title=\"\" src=\"data:image\/svg+xml;base64,PHN2ZyB3aWR0aD0iMSIgaGVpZ2h0PSIxIiB4bWxucz0iaHR0cDovL3d3dy53My5vcmcvMjAwMC9zdmciPjwvc3ZnPg==\" style=\"--smush-placeholder-width: 1206px; --smush-placeholder-aspect-ratio: 1206\/804;\" data-original-sizes=\"(max-width: 1206px) 100vw, 1206px\">\t\t\t\t\t\t\t\t\t\t\t<\/div>\n\t\t\t\t\t<\/div>\n\n\t\t<div class=\"box-text text-center\" style=\"background-color:rgb(243, 243, 243);\">\n\t\t\t<div class=\"box-text-inner\">\n\t\t\t\t\n\n<h4>AQUAQUICK 2000 SP &amp; AQUAQUICK 2000 SP R2U<\/h4>\n<p>Voici une photo de l'AQUAQUICK 2000 SP <br>Et AQUAQUICK 2000 SP R2U<em><strong>(Pr\u00eat \u00e0 l'emploi)<\/strong><\/em><\/p>\n\n\t\t\t<\/div>\n\t\t<\/div>\n\t<\/div>\n\t\n\n\t\t<\/div>\n\t\t\t\t\t<\/div>\n\n\t\n\n<\/div>\n\n\t\t<\/div>\n\t\t\t\t\t<\/div>\n\n\t\n\n<\/div>\n\n\t\t<\/div>\n\n\t\t\n<style>\n#section_1131321827 {\n  padding-top: 30px;\n  padding-bottom: 30px;\n}\n<\/style>\n\t<\/section>","protected":false},"excerpt":{"rendered":"","protected":false},"author":1,"featured_media":8679,"parent":0,"menu_order":0,"comment_status":"closed","ping_status":"closed","template":"page-blank.php","meta":{"cybocfi_hide_featured_image":"","footnotes":"","_links_to":"","_links_to_target":""},"class_list":["post-8658","page","type-page","status-publish","has-post-thumbnail","hentry"],"_links":{"self":[{"href":"https:\/\/www.aquaquick2000.com\/fr\/wp-json\/wp\/v2\/pages\/8658","targetHints":{"allow":["GET"]}}],"collection":[{"href":"https:\/\/www.aquaquick2000.com\/fr\/wp-json\/wp\/v2\/pages"}],"about":[{"href":"https:\/\/www.aquaquick2000.com\/fr\/wp-json\/wp\/v2\/types\/page"}],"author":[{"embeddable":true,"href":"https:\/\/www.aquaquick2000.com\/fr\/wp-json\/wp\/v2\/users\/1"}],"replies":[{"embeddable":true,"href":"https:\/\/www.aquaquick2000.com\/fr\/wp-json\/wp\/v2\/comments?post=8658"}],"version-history":[{"count":0,"href":"https:\/\/www.aquaquick2000.com\/fr\/wp-json\/wp\/v2\/pages\/8658\/revisions"}],"wp:featuredmedia":[{"embeddable":true,"href":"https:\/\/www.aquaquick2000.com\/fr\/wp-json\/wp\/v2\/media\/8679"}],"wp:attachment":[{"href":"https:\/\/www.aquaquick2000.com\/fr\/wp-json\/wp\/v2\/media?parent=8658"}],"curies":[{"name":"wp","href":"https:\/\/api.w.org\/{rel}","templated":true}]}}