{"id":9556,"date":"2024-01-17T15:06:55","date_gmt":"2024-01-17T15:06:55","guid":{"rendered":"https:\/\/www.aquaquick2000.com\/?page_id=9556"},"modified":"2025-06-12T12:22:08","modified_gmt":"2025-06-12T12:22:08","slug":"frais-de-transport","status":"publish","type":"page","link":"https:\/\/www.aquaquick2000.com\/fr\/shipment-cost\/","title":{"rendered":"Shipment &#038; cost"},"content":{"rendered":"<section class=\"section\" id=\"section_1700536231\">\n\t\t<div class=\"section-bg fill\" >\n\t\t\t\t\t\t\t\t\t\n\t\t\t\n\n\t\t<\/div>\n\n\t\t\n\n\t\t<div class=\"section-content relative\">\n\t\t\t\n\n<div class=\"row\"  id=\"row-263836426\">\n\n\n\t<div id=\"col-38979949\" class=\"col medium-3 small-12 large-3\"  >\n\t\t<div class=\"is-sticky-column\"><div class=\"is-sticky-column__inner\">\t\t<div class=\"col-inner\"  >\n\t\t\t\n\t\t\t\n\n<a href=\"https:\/\/www.aquaquick2000.com\/fr\/a-propos-de-nous\/\" class=\"button alert lowercase expand navbuttons\" style=\"border-radius:2px;\">\n\t\t<span>A propos de nous<\/span>\n\t<\/a>\n\n\n<a href=\"https:\/\/www.aquaquick2000.com\/fr\/usine-de-production-2\/\" class=\"button alert lowercase expand navbuttons\" style=\"border-radius:2px;\">\n\t\t<span>Usine de production<\/span>\n\t<\/a>\n\n\n<a href=\"https:\/\/www.aquaquick2000.com\/fr\/la-philosophie-environnementale\/\" class=\"button alert lowercase expand navbuttons\" style=\"border-radius:2px;\">\n\t\t<span>La philosophie environnementale<\/span>\n\t<\/a>\n\n\n<a href=\"https:\/\/www.aquaquick2000.com\/fr\/devenir-revendeur-daquaquick-2000\/\" class=\"button alert lowercase expand navbuttons\" style=\"border-radius:2px;\">\n\t\t<span>Devenir revendeur<\/span>\n\t<\/a>\n\n\n<a href=\"https:\/\/www.aquaquick2000.com\/fr\/frais-de-transport\/\" class=\"button alert lowercase expand navbuttons\" style=\"border-radius:2px;\">\n\t\t<span>Exp\u00e9dition et co\u00fbt<\/span>\n\t<\/a>\n\n\n<a href=\"https:\/\/www.aquaquick2000.com\/fr\/politique-de-remplacement-de-la-garantie\/\" class=\"button alert lowercase expand navbuttons\" style=\"border-radius:2px;\">\n\t\t<span>Politique de remplacement de la garantie<\/span>\n\t<\/a>\n\n\n<a href=\"https:\/\/www.aquaquick2000.com\/fr\/politique-de-retour\/\" class=\"button alert lowercase expand navbuttons\" style=\"border-radius:2px;\">\n\t\t<span>Politique de retour<\/span>\n\t<\/a>\n\n\n\n\t\t<\/div>\n\t\t<\/div><\/div>\t\t\t<\/div>\n\n\t\n\n\t<div id=\"col-519132022\" class=\"col medium-9 small-12 large-9 small-col-first\"  >\n\t\t\t\t<div class=\"col-inner\"  >\n\t\t\t\n\t\t\t\n\n<h1>Exp\u00e9dition et co\u00fbts<\/h1>\n<h4>M\u00e9thode de livraison<\/h4>\n<p>Chez AQUAQUICK 2000, nous veillons \u00e0 ce que nos produits soient exp\u00e9di\u00e9s avec soin et efficacit\u00e9. Toutes les commandes sont exp\u00e9di\u00e9es par des m\u00e9thodes de livraison standard. Pour passer votre commande, il vous suffit de visiter notre site Web ou de nous contacter par courrier \u00e9lectronique. Une fois votre commande re\u00e7ue, y compris l'autorisation de paiement, nous vous fournirons un plan d'exp\u00e9dition personnalis\u00e9 en fonction de votre pays\/localit\u00e9.<\/p>\n<h4>Jours ouvrables<\/h4>\n<p>Nous exp\u00e9dions les commandes uniquement les jours ouvrables. Nos jours ouvrables s'\u00e9tendent du lundi au dimanche, \u00e0 l'exclusion des jours f\u00e9ri\u00e9s reconnus dans l'Union europ\u00e9enne. Cet horaire garantit que votre commande est trait\u00e9e et exp\u00e9di\u00e9e rapidement.<\/p>\n<h4>Frais d'exp\u00e9dition<\/h4>\n<p>Les frais d'exp\u00e9dition de votre commande sont d\u00e9termin\u00e9s par plusieurs facteurs : le montant total de votre commande, la destination et le type de m\u00e9thode d'exp\u00e9dition choisi. Pour les commandes \u00e0 l'int\u00e9rieur de l'Union europ\u00e9enne, nous proposons souvent des tarifs d'exp\u00e9dition r\u00e9duits. Pour les commandes destin\u00e9es \u00e0 l'ext\u00e9rieur de l'Union europ\u00e9enne, des frais de port suppl\u00e9mentaires sont appliqu\u00e9s. Ces frais sont calcul\u00e9s automatiquement sur la base de votre commande et confirm\u00e9s par courrier \u00e9lectronique.<\/p>\n<p><strong>A noter :<\/strong> Pour les livraisons en dehors de l'Europe, nos frais d'exp\u00e9dition ne comprennent pas les frais de d\u00e9douanement et les droits d'importation. Ces frais suppl\u00e9mentaires sont factur\u00e9s \u00e0 l'arriv\u00e9e de l'envoi dans votre pays et sont \u00e0 la charge du destinataire.<\/p>\n<h3>D\u00e9lais d'exp\u00e9dition estim\u00e9s par pays<\/h3>\n<h4>En EUROPE<\/h4>\n<ul>\n<li>Autriche : 4 - 6 jours<\/li>\n<li>Belgique : 1 jour<\/li>\n<li>Bulgarie : 4 - 6 jours<\/li>\n<li>Croatie : 4 - 6 jours<\/li>\n<li>R\u00e9publique tch\u00e8que : 4 - 6 jours<\/li>\n<li>Danemark : 4 - 6 jours<\/li>\n<li>Estonie : 4 - 6 jours<\/li>\n<li>Finlande : 4 - 6 jours<\/li>\n<li>France : 4 - 6 jours<\/li>\n<li>Allemagne : 4 - 6 jours<\/li>\n<li>Gr\u00e8ce : 4 - 6 jours<\/li>\n<li>Hongrie : 4 - 6 jours<\/li>\n<li>Irlande : 4 - 6 jours<\/li>\n<li>Italie : 4 - 6 jours<\/li>\n<li>Lettonie : 4 - 6 jours<\/li>\n<li>Lituanie : 4 - 6 jours<\/li>\n<li>Luxembourg : 4 - 6 jours<\/li>\n<li>Pologne : 4 - 6 jours<\/li>\n<li>Portugal : 4 - 6 jours<\/li>\n<li>Roumanie : 5 - 7 jours<\/li>\n<li>Slovaquie : 4 - 6 jours<\/li>\n<li>Slov\u00e9nie : 4 - 6 jours<\/li>\n<li>Espagne : 4 - 6 jours<\/li>\n<li>Su\u00e8de : 4 - 6 jours<\/li>\n<li>Pays-Bas : 2 - 3 jours<\/li>\n<\/ul>\n<h4>Commandes internationales (hors Europe)<\/h4>\n<p>Pour les commandes destin\u00e9es \u00e0 l'ext\u00e9rieur de l'Europe, le traitement sera d\u00e9termin\u00e9 par le mode d'exp\u00e9dition choisi, la quantit\u00e9 de produits command\u00e9s et diverses autres conditions.<\/p>\n<h3>Restrictions<\/h3>\n<p>Veuillez noter que les commandes en ligne ne peuvent pas \u00eatre pass\u00e9es pour des adresses de livraison situ\u00e9es en dehors de l'Union europ\u00e9enne. Cette restriction s'applique \u00e9galement \u00e0 des r\u00e9gions sp\u00e9cifiques telles que le Groenland, les \u00eeles F\u00e9ro\u00e9, certaines \u00eeles \u00e9loign\u00e9es et certains territoires d'outre-mer. Pour les commandes \u00e0 destination de ces r\u00e9gions, veuillez contacter notre service client\u00e8le \u00e0 l'adresse suivante <a href=\"mailto:business@aquaquick2000.com\" target=\"_new\" rel=\"noopener\">business@aquaquick2000.com<\/a>.<\/p>\n<h3>Suivi de votre commande<\/h3>\n<p>Lors du traitement de votre commande dans notre entrep\u00f4t, un num\u00e9ro de suivi vous sera attribu\u00e9, le cas \u00e9ch\u00e9ant. Vous recevrez une notification lorsque votre colis quittera notre entrep\u00f4t. Veuillez noter qu'il peut s'\u00e9couler jusqu'\u00e0 48 heures avant que les informations de suivi ne soient visibles dans le syst\u00e8me du transporteur.<\/p>\n<h3>Trouver l'\u00e9tat de votre commande<\/h3>\n<p>Vous pouvez facilement suivre l'\u00e9tat de votre commande :<\/p>\n<ul>\n<li><strong>V\u00e9rifiez votre courrier \u00e9lectronique :<\/strong> Vous recevrez des mises \u00e0 jour sur l'\u00e9tat de votre commande \u00e0 l'adresse \u00e9lectronique fournie lors du processus de paiement.<\/li>\n<li><strong>Visitez notre site web :<\/strong> Connectez-vous \u00e0 votre compte sur <a href=\"http:\/\/www.aquaquick2000.com\/fr\/\" target=\"_new\" rel=\"noopener\">www.aquaquick2000.com<\/a> pour acc\u00e9der \u00e0 l'historique de vos commandes, y compris les commandes en attente, les commandes de suivi et les commandes pr\u00e9c\u00e9dentes.<\/li>\n<li><strong>Nous contacter :<\/strong> Pour toute question concernant votre commande, n'h\u00e9sitez pas \u00e0 contacter notre service client\u00e8le \u00e0 l'adresse suivante <a href=\"mailto:business@aquaquick2000.com\" target=\"_new\" rel=\"noopener\">business@aquaquick2000.com<\/a>.<\/li>\n<\/ul>\n\n\t\t<\/div>\n\t\t\t\t\t<\/div>\n\n\t\n\n<\/div>\n\n\t\t<\/div>\n\n\t\t\n<style>\n#section_1700536231 {\n  padding-top: 30px;\n  padding-bottom: 30px;\n}\n<\/style>\n\t<\/section>","protected":false},"excerpt":{"rendered":"","protected":false},"author":1,"featured_media":0,"parent":0,"menu_order":0,"comment_status":"closed","ping_status":"closed","template":"","meta":{"cybocfi_hide_featured_image":"","footnotes":"","_links_to":"","_links_to_target":""},"class_list":["post-9556","page","type-page","status-publish","hentry"],"_links":{"self":[{"href":"https:\/\/www.aquaquick2000.com\/fr\/wp-json\/wp\/v2\/pages\/9556","targetHints":{"allow":["GET"]}}],"collection":[{"href":"https:\/\/www.aquaquick2000.com\/fr\/wp-json\/wp\/v2\/pages"}],"about":[{"href":"https:\/\/www.aquaquick2000.com\/fr\/wp-json\/wp\/v2\/types\/page"}],"author":[{"embeddable":true,"href":"https:\/\/www.aquaquick2000.com\/fr\/wp-json\/wp\/v2\/users\/1"}],"replies":[{"embeddable":true,"href":"https:\/\/www.aquaquick2000.com\/fr\/wp-json\/wp\/v2\/comments?post=9556"}],"version-history":[{"count":0,"href":"https:\/\/www.aquaquick2000.com\/fr\/wp-json\/wp\/v2\/pages\/9556\/revisions"}],"wp:attachment":[{"href":"https:\/\/www.aquaquick2000.com\/fr\/wp-json\/wp\/v2\/media?parent=9556"}],"curies":[{"name":"wp","href":"https:\/\/api.w.org\/{rel}","templated":true}]}}