{"id":9560,"date":"2024-01-17T19:44:55","date_gmt":"2024-01-17T19:44:55","guid":{"rendered":"https:\/\/www.aquaquick2000.com\/?page_id=9560"},"modified":"2025-06-12T12:18:27","modified_gmt":"2025-06-12T12:18:27","slug":"politique-de-remplacement-de-la-garantie","status":"publish","type":"page","link":"https:\/\/www.aquaquick2000.com\/fr\/warranty-replacement-policy\/","title":{"rendered":"Warranty &#038; Replacement Policy"},"content":{"rendered":"<section class=\"section\" id=\"section_161107660\">\n\t\t<div class=\"section-bg fill\" >\n\t\t\t\t\t\t\t\t\t\n\t\t\t\n\n\t\t<\/div>\n\n\t\t\n\n\t\t<div class=\"section-content relative\">\n\t\t\t\n\n<div class=\"row\"  id=\"row-942229775\">\n\n\n\t<div id=\"col-1742663787\" class=\"col medium-3 small-12 large-3\"  >\n\t\t<div class=\"is-sticky-column\"><div class=\"is-sticky-column__inner\">\t\t<div class=\"col-inner\"  >\n\t\t\t\n\t\t\t\n\n<a href=\"https:\/\/www.aquaquick2000.com\/fr\/a-propos-de-nous\/\" class=\"button alert lowercase expand navbuttons\" style=\"border-radius:2px;\">\n\t\t<span>A propos de nous<\/span>\n\t<\/a>\n\n\n<a href=\"https:\/\/www.aquaquick2000.com\/fr\/usine-de-production-2\/\" class=\"button alert lowercase expand navbuttons\" style=\"border-radius:2px;\">\n\t\t<span>Usine de production<\/span>\n\t<\/a>\n\n\n<a href=\"https:\/\/www.aquaquick2000.com\/fr\/la-philosophie-environnementale\/\" class=\"button alert lowercase expand navbuttons\" style=\"border-radius:2px;\">\n\t\t<span>La philosophie environnementale<\/span>\n\t<\/a>\n\n\n<a href=\"https:\/\/www.aquaquick2000.com\/fr\/devenir-revendeur-daquaquick-2000\/\" class=\"button alert lowercase expand navbuttons\" style=\"border-radius:2px;\">\n\t\t<span>Devenir revendeur<\/span>\n\t<\/a>\n\n\n<a href=\"https:\/\/www.aquaquick2000.com\/fr\/frais-de-transport\/\" class=\"button alert lowercase expand navbuttons\" style=\"border-radius:2px;\">\n\t\t<span>Exp\u00e9dition et co\u00fbt<\/span>\n\t<\/a>\n\n\n<a href=\"https:\/\/www.aquaquick2000.com\/fr\/politique-de-remplacement-de-la-garantie\/\" class=\"button alert lowercase expand navbuttons\" style=\"border-radius:2px;\">\n\t\t<span>Politique de remplacement de la garantie<\/span>\n\t<\/a>\n\n\n<a href=\"https:\/\/www.aquaquick2000.com\/fr\/politique-de-retour\/\" class=\"button alert lowercase expand navbuttons\" style=\"border-radius:2px;\">\n\t\t<span>Politique de retour<\/span>\n\t<\/a>\n\n\n\n\t\t<\/div>\n\t\t<\/div><\/div>\t\t\t<\/div>\n\n\t\n\n\t<div id=\"col-2059948668\" class=\"col medium-9 small-12 large-9 small-col-first\"  >\n\t\t\t\t<div class=\"col-inner\"  >\n\t\t\t\n\t\t\t\n\n<h1>Politique de remplacement de la garantie<\/h1>\n<h3>Notre engagement<\/h3>\n<p>Chez AQUAQUICK, nous nous engageons \u00e0 fournir des produits de haute qualit\u00e9 \u00e0 nos clients. Nous nous portons garants de l'excellence de nos produits et notre d\u00e9vouement \u00e0 la satisfaction de nos clients est primordial.<\/p>\n<h3>Politique de garantie<\/h3>\n<h4>Couverture<\/h4>\n<p>Notre garantie couvre tout d\u00e9faut de mat\u00e9riel ou de fabrication dans le cadre d'une utilisation normale pendant la p\u00e9riode de garantie. Pendant cette p\u00e9riode, si vous rencontrez des probl\u00e8mes dus \u00e0 des d\u00e9fauts de fabrication ou d'emballage, nous les r\u00e9glerons conform\u00e9ment \u00e0 nos conditions de garantie.<\/p>\n<h4>P\u00e9riode de garantie<\/h4>\n<p>La p\u00e9riode de garantie des produits AQUAQUICK est valable \u00e0 partir de la date d'achat. Veuillez vous r\u00e9f\u00e9rer \u00e0 la documentation de votre produit pour plus de d\u00e9tails sur la dur\u00e9e de la garantie.<\/p>\n<h3>Politique de remplacement<\/h3>\n<h4>\u00c9valuation des probl\u00e8mes li\u00e9s aux produits<\/h4>\n<p>Si vous croyez que votre produit AQUAQUICK souffre d'un d\u00e9faut de fabrication ou d'emballage, nous vous invitons \u00e0 nous le retourner pour \u00e9valuation. Nous examinerons minutieusement l'article retourn\u00e9 afin de d\u00e9terminer la cause du probl\u00e8me.<\/p>\n<h4>Conditions de remplacement<\/h4>\n<p>Le remplacement du produit sera envisag\u00e9 si :<\/p>\n<ul>\n<li>Il est confirm\u00e9 que le probl\u00e8me est d\u00fb \u00e0 des erreurs de fabrication ou d'emballage.<\/li>\n<li>Le produit est dans sa p\u00e9riode de garantie.<\/li>\n<li>Le produit a \u00e9t\u00e9 utilis\u00e9 conform\u00e9ment \u00e0 sa destination et n'a pas fait l'objet d'une mauvaise utilisation, d'une n\u00e9gligence ou d'une modification.<\/li>\n<\/ul>\n<h4>Proc\u00e9dure de retour des produits<\/h4>\n<ul>\n<li>Contactez-nous \u00e0 l'adresse business@aquaquick2000.com pour effectuer un retour. Veuillez inclure une description du probl\u00e8me et une preuve d'achat.<\/li>\n<li>Apr\u00e8s confirmation de notre \u00e9quipe, envoyez le produit \u00e0 l'adresse de retour sp\u00e9cifi\u00e9e.<\/li>\n<li>Pr\u00e9voyez un d\u00e9lai raisonnable pour la r\u00e9ception et l'inspection du produit.<\/li>\n<\/ul>\n<h4>R\u00e9sultats de l'\u00e9valuation<\/h4>\n<ul>\n<li>Si le produit est \u00e9ligible au remplacement, nous le remplacerons sans frais suppl\u00e9mentaires.<\/li>\n<li>Si le produit n'est pas \u00e9ligible au remplacement, nous vous en communiquerons les raisons et discuterons avec vous des options disponibles.<\/li>\n<\/ul>\n<h3>Exclusions<\/h3>\n<p>Cette garantie ne couvre pas les probl\u00e8mes caus\u00e9s par des conditions, des dysfonctionnements ou des dommages ne r\u00e9sultant pas de d\u00e9fauts de mat\u00e9riaux ou de fabrication. Elle ne couvre pas non plus les produits qui ont \u00e9t\u00e9 modifi\u00e9s ou utilis\u00e9s \u00e0 des fins autres que celles pr\u00e9vues.<\/p>\n<h3>Informations sur le contact<\/h3>\n<p>Pour toute question ou pour entamer une proc\u00e9dure de retour, veuillez nous contacter \u00e0 l'adresse suivante :<\/p>\n<ul>\n<li><strong>Courriel :<\/strong> business@aquaquick2000.com<\/li>\n<li><strong>T\u00e9l\u00e9phone :<\/strong> +31 6 412 938 51 &amp; +31 6 411 89 424<\/li>\n<\/ul>\n<p>Chez AQUAQUICK, nous nous engageons \u00e0 assurer votre satisfaction \u00e0 l'\u00e9gard de nos produits et nous nous efforcerons de r\u00e9soudre tout probl\u00e8me conform\u00e9ment \u00e0 notre politique de garantie et de remplacement.<\/p>\n\n\t\t<\/div>\n\t\t\t\t\t<\/div>\n\n\t\n\n<\/div>\n\n\t\t<\/div>\n\n\t\t\n<style>\n#section_161107660 {\n  padding-top: 30px;\n  padding-bottom: 30px;\n}\n<\/style>\n\t<\/section>","protected":false},"excerpt":{"rendered":"","protected":false},"author":1,"featured_media":0,"parent":0,"menu_order":0,"comment_status":"closed","ping_status":"closed","template":"","meta":{"cybocfi_hide_featured_image":"","footnotes":"","_links_to":"","_links_to_target":""},"class_list":["post-9560","page","type-page","status-publish","hentry"],"_links":{"self":[{"href":"https:\/\/www.aquaquick2000.com\/fr\/wp-json\/wp\/v2\/pages\/9560","targetHints":{"allow":["GET"]}}],"collection":[{"href":"https:\/\/www.aquaquick2000.com\/fr\/wp-json\/wp\/v2\/pages"}],"about":[{"href":"https:\/\/www.aquaquick2000.com\/fr\/wp-json\/wp\/v2\/types\/page"}],"author":[{"embeddable":true,"href":"https:\/\/www.aquaquick2000.com\/fr\/wp-json\/wp\/v2\/users\/1"}],"replies":[{"embeddable":true,"href":"https:\/\/www.aquaquick2000.com\/fr\/wp-json\/wp\/v2\/comments?post=9560"}],"version-history":[{"count":0,"href":"https:\/\/www.aquaquick2000.com\/fr\/wp-json\/wp\/v2\/pages\/9560\/revisions"}],"wp:attachment":[{"href":"https:\/\/www.aquaquick2000.com\/fr\/wp-json\/wp\/v2\/media?parent=9560"}],"curies":[{"name":"wp","href":"https:\/\/api.w.org\/{rel}","templated":true}]}}