{"id":9610,"date":"2024-01-17T23:11:25","date_gmt":"2024-01-17T23:11:25","guid":{"rendered":"https:\/\/www.aquaquick2000.com\/?page_id=9610"},"modified":"2025-06-12T12:23:39","modified_gmt":"2025-06-12T12:23:39","slug":"usine-de-production-2","status":"publish","type":"page","link":"https:\/\/www.aquaquick2000.com\/fr\/production-plant\/","title":{"rendered":"Usine de production"},"content":{"rendered":"<section class=\"section\" id=\"section_1045457169\">\n\t\t<div class=\"section-bg fill\" >\n\t\t\t\t\t\t\t\t\t\n\t\t\t\n\n\t\t<\/div>\n\n\t\t\n\n\t\t<div class=\"section-content relative\">\n\t\t\t\n\n<div class=\"row\"  id=\"row-1686115536\">\n\n\n\t<div id=\"col-555997137\" class=\"col medium-3 small-12 large-3\"  >\n\t\t<div class=\"is-sticky-column\"><div class=\"is-sticky-column__inner\">\t\t<div class=\"col-inner\"  >\n\t\t\t\n\t\t\t\n\n<a href=\"https:\/\/www.aquaquick2000.com\/fr\/a-propos-de-nous\/\" class=\"button alert lowercase expand navbuttons\" style=\"border-radius:2px;\">\n\t\t<span>A propos de nous<\/span>\n\t<\/a>\n\n\n<a href=\"https:\/\/www.aquaquick2000.com\/fr\/usine-de-production-2\/\" class=\"button alert lowercase expand navbuttons\" style=\"border-radius:2px;\">\n\t\t<span>Usine de production<\/span>\n\t<\/a>\n\n\n<a href=\"https:\/\/www.aquaquick2000.com\/fr\/la-philosophie-environnementale\/\" class=\"button alert lowercase expand navbuttons\" style=\"border-radius:2px;\">\n\t\t<span>La philosophie environnementale<\/span>\n\t<\/a>\n\n\n<a href=\"https:\/\/www.aquaquick2000.com\/fr\/devenir-revendeur-daquaquick-2000\/\" class=\"button alert lowercase expand navbuttons\" style=\"border-radius:2px;\">\n\t\t<span>Devenir revendeur<\/span>\n\t<\/a>\n\n\n<a href=\"https:\/\/www.aquaquick2000.com\/fr\/frais-de-transport\/\" class=\"button alert lowercase expand navbuttons\" style=\"border-radius:2px;\">\n\t\t<span>Exp\u00e9dition et co\u00fbt<\/span>\n\t<\/a>\n\n\n<a href=\"https:\/\/www.aquaquick2000.com\/fr\/politique-de-remplacement-de-la-garantie\/\" class=\"button alert lowercase expand navbuttons\" style=\"border-radius:2px;\">\n\t\t<span>Politique de remplacement de la garantie<\/span>\n\t<\/a>\n\n\n<a href=\"https:\/\/www.aquaquick2000.com\/fr\/politique-de-retour\/\" class=\"button alert lowercase expand navbuttons\" style=\"border-radius:2px;\">\n\t\t<span>Politique de retour<\/span>\n\t<\/a>\n\n\n\n\t\t<\/div>\n\t\t<\/div><\/div>\t\t\t<\/div>\n\n\t\n\n\t<div id=\"col-613764205\" class=\"col medium-9 small-12 large-9 small-col-first\"  >\n\t\t\t\t<div class=\"col-inner\"  >\n\t\t\t\n\t\t\t\n\n<h1>Usine de production AQUAQUICK 2000<\/h1>\n<h3>Les humbles d\u00e9buts : Une innovation dans la cuisine<\/h3>\n<p>Il \u00e9tait une fois, dans une modeste cuisine des Pays-Bas, un visionnaire nomm\u00e9 Henri de Vries qui s'est embarqu\u00e9 dans un voyage qui allait r\u00e9volutionner le monde des solutions de nettoyage \u00e9cologiques. C'est l\u00e0, au milieu du bruit domestique des casseroles, qu'est n\u00e9e la premi\u00e8re it\u00e9ration de ce qui allait devenir AQUAQUICK 2000. Henri, dot\u00e9 d'un esprit vif et d'une passion pour les solutions durables, a commenc\u00e9 \u00e0 exp\u00e9rimenter diverses formules. Son objectif est clair mais ambitieux : cr\u00e9er un produit de nettoyage \u00e0 la fois tr\u00e8s efficace et respectueux de l'environnement.<\/p>\n<h3>L'\u00e8re de l'usine familiale : Poser les bases<\/h3>\n<p>L'efficacit\u00e9 de la cr\u00e9ation d'Henri devenant \u00e9vidente, la production \u00e0 petite \u00e9chelle dans la cuisine a rapidement d\u00e9pass\u00e9 ses limites. La famille s'est ralli\u00e9e \u00e0 la vision d'Henri, ce qui a conduit \u00e0 la cr\u00e9ation de la premi\u00e8re usine familiale AQUAQUICK. C'est l\u00e0 que l'innovation rencontre le d\u00e9vouement. L'usine familiale, bourdonnante de l'\u00e9nergie d'une \u00e9quipe soud\u00e9e, est devenue le creuset o\u00f9 la formule AQUAQUICK a \u00e9t\u00e9 affin\u00e9e, am\u00e9lior\u00e9e et pr\u00e9par\u00e9e pour un public plus large. Cette \u00e9poque a \u00e9t\u00e9 marqu\u00e9e par un profond sens de la communaut\u00e9, o\u00f9 chaque bouteille d'AQUAQUICK 2000 incarnait l'engagement de la famille en faveur de la qualit\u00e9 et de la responsabilit\u00e9 environnementale.<\/p>\n<h3>L'expansion : Vers une vision plus large<\/h3>\n<p>Le passage d'une usine familiale \u00e0 une grande usine de production a \u00e9t\u00e9 aliment\u00e9 par une demande croissante et une reconnaissance de plus en plus grande des propri\u00e9t\u00e9s uniques d'AQUAQUICK 2000. Au fur et \u00e0 mesure que la nouvelle se r\u00e9pandait, des distributeurs, des revendeurs et des clients de divers secteurs ont commenc\u00e9 \u00e0 rechercher AQUAQUICK 2000 pour son respect de l'environnement et son efficacit\u00e9 in\u00e9gal\u00e9s. Il \u00e9tait temps pour Henri et sa famille de d\u00e9velopper leurs activit\u00e9s pour r\u00e9pondre \u00e0 la demande croissante.<\/p>\n<h3>La naissance de la solution \u00e0 plusieurs millions de dollars<\/h3>\n<p>Pour r\u00e9pondre aux besoins croissants, une usine de production d'AQUAQUICK \u00e0 la pointe de la technologie a \u00e9t\u00e9 con\u00e7ue. Cette installation, qui t\u00e9moigne de l'aventure d'AQUAQUICK 2000, a \u00e9t\u00e9 con\u00e7ue pour conjuguer \u00e9chelle et durabilit\u00e9. \u00c9quip\u00e9e des derni\u00e8res technologies et respectant les normes de production les plus strictes, l'usine est devenue un centre d'innovation et de fabrication \u00e0 grande \u00e9chelle. C'est l\u00e0 qu'AQUAQUICK 2000 a \u00e9t\u00e9 produit non seulement en plus grandes quantit\u00e9s, mais aussi en mettant de plus en plus l'accent sur la gestion de l'environnement et la qualit\u00e9.<\/p>\n<h3>AQUAQUICK 2000 du jour : Un g\u00e9ant mondial respectueux de l'environnement<\/h3>\n<p>Aujourd'hui, l'usine de production AQUAQUICK fait figure de phare dans le monde des solutions de nettoyage \u00e9cologiques. C'est un endroit o\u00f9 l'h\u00e9ritage d'une simple exp\u00e9rience en cuisine est pr\u00e9sent dans chaque produit. L'usine dessert un r\u00e9seau mondial de distributeurs et de clients, tous \u00e0 la recherche de la qualit\u00e9 exceptionnelle et de la s\u00e9curit\u00e9 environnementale que garantit AQUAQUICK 2000.<\/p>\n<p>L'usine n'est pas seulement un centre de production, c'est aussi un symbole de pratiques industrielles durables. Elle repr\u00e9sente l'aboutissement du r\u00eave d'Henri de Vries - un r\u00eave qui a commenc\u00e9 dans une humble cuisine et qui s'est d\u00e9velopp\u00e9 pour changer le paysage des solutions de nettoyage respectueuses de l'environnement.<\/p>\n<h3>Un h\u00e9ritage continu d'innovation et de durabilit\u00e9<\/h3>\n<p>Alors qu'AQUAQUICK 2000 continue d'\u00e9voluer, l'esprit d'innovation et l'engagement en faveur de la durabilit\u00e9 qui ont vu le jour dans la cuisine d'Henri restent au c\u0153ur de l'entreprise. D'une usine familiale \u00e0 une usine de production de plusieurs millions de dollars, le parcours d'AQUAQUICK 2000 t\u00e9moigne du pouvoir de la vision, de l'innovation et d'un engagement profond\u00e9ment ancr\u00e9 en faveur de l'environnement.<\/p>\n<p>Bienvenue chez AQUAQUICK 2000, leader dans le domaine des solutions de nettoyage \u00e9cologiques. Notre si\u00e8ge social est situ\u00e9 \u00e0 Enschede, aux Pays-Bas, et notre histoire a commenc\u00e9 avec la vision de transformer l'industrie du nettoyage avec des produits qui ne sont pas seulement efficaces, mais aussi respectueux de l'environnement. Notre parcours, qui s'\u00e9tend sur plusieurs d\u00e9cennies, a \u00e9t\u00e9 guid\u00e9 par l'innovation, l'engagement en faveur de la qualit\u00e9 et un profond sens des responsabilit\u00e9s \u00e0 l'\u00e9gard de notre plan\u00e8te.<\/p>\n<h3>Notre mission<\/h3>\n<p>Chez AQUAQUICK 2000, notre mission est simple mais profonde : fournir des solutions de nettoyage sup\u00e9rieures qui prot\u00e8gent l'environnement et r\u00e9pondent aux divers besoins de nos clients. Nous nous effor\u00e7ons de cr\u00e9er des produits qui non seulement excellent en termes de performance, mais qui contribuent \u00e9galement \u00e0 un avenir durable. Notre objectif est de red\u00e9finir le nettoyage en offrant des solutions s\u00fbres, efficaces et respectueuses de l'environnement.<\/p>\n<h3>Nos produits<\/h3>\n<p>Notre produit phare, Aquaquick 2000, est l'incarnation de notre mission. Mis au point apr\u00e8s des ann\u00e9es de recherches approfondies, il t\u00e9moigne de notre engagement en faveur d'une innovation respectueuse de l'environnement. Aquaquick 2000 est un agent nettoyant polyvalent et biod\u00e9gradable, capable de relever un large \u00e9ventail de d\u00e9fis en mati\u00e8re de nettoyage industriel et domestique. Des d\u00e9versements d'huile \u00e0 la salet\u00e9 quotidienne, notre produit assure une propret\u00e9 impeccable tout en respectant l'\u00e9cosyst\u00e8me.<\/p>\n<h3>Notre assurance qualit\u00e9<\/h3>\n<p>Chez AQUAQUICK 2000, la qualit\u00e9 n'est pas seulement une r\u00e9f\u00e9rence, c'est la pierre angulaire de notre existence. Nos produits sont soumis \u00e0 des tests rigoureux et \u00e0 des mesures de contr\u00f4le de la qualit\u00e9 pour s'assurer qu'ils r\u00e9pondent aux normes les plus \u00e9lev\u00e9es. Nous nous engageons \u00e0 fournir des produits auxquels nos clients peuvent faire confiance pour leur efficacit\u00e9 et leur s\u00e9curit\u00e9 environnementale.<\/p>\n<h3>Notre engagement environnemental<\/h3>\n<p>La gestion de l'environnement est au c\u0153ur d'AQUAQUICK 2000. Nous sommes d\u00e9termin\u00e9s \u00e0 minimiser notre empreinte carbone et \u00e0 faire en sorte que nos produits et nos pratiques contribuent positivement \u00e0 la conservation de l'environnement. De l'approvisionnement en ingr\u00e9dients durables \u00e0 l'adoption de processus de fabrication respectueux de l'environnement, chaque mesure que nous prenons est conforme \u00e0 notre engagement envers la plan\u00e8te.<\/p>\n<h2>Notre pr\u00e9sence mondiale<\/h2>\n<p>L'impact d'AQUAQUICK 2000 d\u00e9passe les fronti\u00e8res. Nos produits sont reconnus dans le monde entier et sont pr\u00e9sents dans divers pays et secteurs d'activit\u00e9. Nous sommes fiers de notre port\u00e9e internationale et de notre capacit\u00e9 \u00e0 offrir des solutions de nettoyage qui r\u00e9pondent aux normes mondiales et aux divers besoins des clients.<\/p>\n<h3>Notre engagement communautaire<\/h3>\n<p>Nous croyons qu'il faut rendre \u00e0 la communaut\u00e9 ce qu'elle nous a donn\u00e9 et nous nous engageons activement dans des initiatives qui promeuvent la sensibilisation \u00e0 l'environnement et la durabilit\u00e9. AQUAQUICK 2000 est plus qu'une marque, c'est un d\u00e9fenseur de la communaut\u00e9 pour un monde plus vert et plus propre.<\/p>\n<h3>Notre vision de l'avenir<\/h3>\n<p>Pour l'avenir, AQUAQUICK 2000 s'engage \u00e0 innover en permanence et \u00e0 \u00e9largir sa gamme de produits pour r\u00e9pondre \u00e0 l'\u00e9volution des besoins des clients et aux d\u00e9fis environnementaux. Nous envisageons un avenir o\u00f9 le nettoyage ne compromettra pas la sant\u00e9 de notre plan\u00e8te, et nous nous engageons \u00e0 faire de cette vision une r\u00e9alit\u00e9.<\/p>\n<h3>Rejoignez-nous dans notre qu\u00eate<\/h3>\n<p>Nous vous invitons \u00e0 nous rejoindre dans notre qu\u00eate d'un monde plus propre et plus vert. Que vous soyez une entreprise \u00e0 la recherche de solutions de nettoyage durables ou un particulier passionn\u00e9 par les modes de vie \u00e9cologiques, AQUAQUICK 2000 a quelque chose \u00e0 offrir \u00e0 chacun. Ensemble, faisons la diff\u00e9rence pour notre plan\u00e8te, un nettoyage \u00e0 la fois.<\/p>\n\n\t\t<\/div>\n\t\t\t\t\t<\/div>\n\n\t\n\n<\/div>\n\n\t\t<\/div>\n\n\t\t\n<style>\n#section_1045457169 {\n  padding-top: 30px;\n  padding-bottom: 30px;\n}\n<\/style>\n\t<\/section>","protected":false},"excerpt":{"rendered":"","protected":false},"author":1,"featured_media":0,"parent":0,"menu_order":0,"comment_status":"closed","ping_status":"closed","template":"","meta":{"cybocfi_hide_featured_image":"","footnotes":"","_links_to":"","_links_to_target":""},"class_list":["post-9610","page","type-page","status-publish","hentry"],"_links":{"self":[{"href":"https:\/\/www.aquaquick2000.com\/fr\/wp-json\/wp\/v2\/pages\/9610","targetHints":{"allow":["GET"]}}],"collection":[{"href":"https:\/\/www.aquaquick2000.com\/fr\/wp-json\/wp\/v2\/pages"}],"about":[{"href":"https:\/\/www.aquaquick2000.com\/fr\/wp-json\/wp\/v2\/types\/page"}],"author":[{"embeddable":true,"href":"https:\/\/www.aquaquick2000.com\/fr\/wp-json\/wp\/v2\/users\/1"}],"replies":[{"embeddable":true,"href":"https:\/\/www.aquaquick2000.com\/fr\/wp-json\/wp\/v2\/comments?post=9610"}],"version-history":[{"count":0,"href":"https:\/\/www.aquaquick2000.com\/fr\/wp-json\/wp\/v2\/pages\/9610\/revisions"}],"wp:attachment":[{"href":"https:\/\/www.aquaquick2000.com\/fr\/wp-json\/wp\/v2\/media?parent=9610"}],"curies":[{"name":"wp","href":"https:\/\/api.w.org\/{rel}","templated":true}]}}