{"id":9643,"date":"2024-01-18T01:22:18","date_gmt":"2024-01-18T01:22:18","guid":{"rendered":"https:\/\/www.aquaquick2000.com\/?page_id=9643"},"modified":"2025-06-12T12:21:43","modified_gmt":"2025-06-12T12:21:43","slug":"la-philosophie-environnementale","status":"publish","type":"page","link":"https:\/\/www.aquaquick2000.com\/fr\/the-environmental-philosophy\/","title":{"rendered":"La philosophie environnementale"},"content":{"rendered":"<section class=\"section\" id=\"section_1917801517\">\n\t\t<div class=\"section-bg fill\" >\n\t\t\t\t\t\t\t\t\t\n\t\t\t\n\n\t\t<\/div>\n\n\t\t\n\n\t\t<div class=\"section-content relative\">\n\t\t\t\n\n<div class=\"row\"  id=\"row-909281615\">\n\n\n\t<div id=\"col-1467746384\" class=\"col medium-3 small-12 large-3\"  >\n\t\t<div class=\"is-sticky-column\"><div class=\"is-sticky-column__inner\">\t\t<div class=\"col-inner\"  >\n\t\t\t\n\t\t\t\n\n<a href=\"https:\/\/www.aquaquick2000.com\/fr\/a-propos-de-nous\/\" class=\"button alert lowercase expand navbuttons\" style=\"border-radius:2px;\">\n\t\t<span>A propos de nous<\/span>\n\t<\/a>\n\n\n<a href=\"https:\/\/www.aquaquick2000.com\/fr\/usine-de-production-2\/\" class=\"button alert lowercase expand navbuttons\" style=\"border-radius:2px;\">\n\t\t<span>Usine de production<\/span>\n\t<\/a>\n\n\n<a href=\"https:\/\/www.aquaquick2000.com\/fr\/la-philosophie-environnementale\/\" class=\"button alert lowercase expand navbuttons\" style=\"border-radius:2px;\">\n\t\t<span>La philosophie environnementale<\/span>\n\t<\/a>\n\n\n<a href=\"https:\/\/www.aquaquick2000.com\/fr\/devenir-revendeur-daquaquick-2000\/\" class=\"button alert lowercase expand navbuttons\" style=\"border-radius:2px;\">\n\t\t<span>Devenir revendeur<\/span>\n\t<\/a>\n\n\n<a href=\"https:\/\/www.aquaquick2000.com\/fr\/frais-de-transport\/\" class=\"button alert lowercase expand navbuttons\" style=\"border-radius:2px;\">\n\t\t<span>Exp\u00e9dition et co\u00fbt<\/span>\n\t<\/a>\n\n\n<a href=\"https:\/\/www.aquaquick2000.com\/fr\/politique-de-remplacement-de-la-garantie\/\" class=\"button alert lowercase expand navbuttons\" style=\"border-radius:2px;\">\n\t\t<span>Politique de remplacement de la garantie<\/span>\n\t<\/a>\n\n\n<a href=\"https:\/\/www.aquaquick2000.com\/fr\/politique-de-retour\/\" class=\"button alert lowercase expand navbuttons\" style=\"border-radius:2px;\">\n\t\t<span>Politique de retour<\/span>\n\t<\/a>\n\n\n\n\t\t<\/div>\n\t\t<\/div><\/div>\t\t\t<\/div>\n\n\t\n\n\t<div id=\"col-1531748781\" class=\"col medium-9 small-12 large-9 small-col-first\"  >\n\t\t\t\t<div class=\"col-inner\"  >\n\t\t\t\n\t\t\t\n\n<h1><strong>La philosophie environnementale d'AQUAQUICK<\/strong><\/h1>\n<p>\u00c0 une \u00e9poque o\u00f9 la conscience environnementale n'est pas seulement un choix mais une n\u00e9cessit\u00e9, AQUAQUICK s'engage \u00e0 montrer la voie en mati\u00e8re de solutions de nettoyage durables, s\u00fbres et efficaces. Notre philosophie est ancr\u00e9e dans la conviction que la protection de la plan\u00e8te et la fourniture de produits de haute qualit\u00e9 peuvent et doivent aller de pair.<\/p>\n<h3>Engagement en faveur de mati\u00e8res premi\u00e8res s\u00fbres et durables<\/h3>\n<p><strong>S\u00e9lection d'ingr\u00e9dients respectueux de l'environnement<\/strong> AQUAQUICK s'efforce de minimiser l'impact sur l'environnement d\u00e8s la source. Nous s\u00e9lectionnons m\u00e9ticuleusement nos mati\u00e8res premi\u00e8res, en donnant la priorit\u00e9 \u00e0 celles qui sont durables et dont l'empreinte \u00e9cologique est minimale. Notre analyse rigoureuse comprend des \u00e9valuations de la toxicit\u00e9, de l'impact sur l'environnement et des profils allerg\u00e8nes, garantissant que chaque ingr\u00e9dient contribue positivement \u00e0 l'efficacit\u00e9 de nos produits et \u00e0 la s\u00e9curit\u00e9 de l'environnement.<\/p>\n<p><strong>Des normes strictes pour les fournisseurs<\/strong> Nous exigeons de nos fournisseurs et partenaires qu'ils respectent les normes environnementales les plus strictes. Les produits chimiques et les mat\u00e9riaux utilis\u00e9s dans les produits AQUAQUICK proviennent d'une source responsable, ce qui garantit qu'ils sont conformes \u00e0 notre engagement en mati\u00e8re de durabilit\u00e9 et de s\u00e9curit\u00e9.<\/p>\n<h3>Conservation et recyclage de l'eau<\/h3>\n<p><strong>Gestion innovante de l'eau<\/strong> L'eau est une ressource pr\u00e9cieuse et, chez AQUAQUICK, nous prenons au s\u00e9rieux notre responsabilit\u00e9 en mati\u00e8re de conservation. Nous veillons \u00e0 ce que la quasi-totalit\u00e9 de l'eau utilis\u00e9e dans nos processus soit recycl\u00e9e et purifi\u00e9e gr\u00e2ce \u00e0 des contr\u00f4les microbiologiques m\u00e9ticuleux, ce qui nous permet de r\u00e9duire consid\u00e9rablement notre empreinte hydrique tout en maintenant une qualit\u00e9 sup\u00e9rieure pour nos produits.<\/p>\n<h3>R\u00e9duire l'impact logistique<\/h3>\n<p><strong>Emballage et transport durables<\/strong> Nous nous effor\u00e7ons de r\u00e9duire notre impact logistique en produisant la plupart de nos emballages en interne, r\u00e9duisant ainsi les \u00e9missions dues aux transports inutiles. Pour les livraisons de produits, nous utilisons des strat\u00e9gies de transport intermodal afin de minimiser le transport routier, ce qui r\u00e9duit encore notre empreinte carbone.<\/p>\n<h3>Produits \u00e9cologiques et polyvalents<\/h3>\n<p><strong>Con\u00e7ue pour \u00eatre efficace et b\u00e9n\u00e9fique pour l'environnement<\/strong> Chaque produit AQUAQUICK est con\u00e7u dans un souci de polyvalence. Notre objectif est de r\u00e9duire l'impact environnemental \u00e0 tous les niveaux - de la production et de l'emballage \u00e0 la distribution et \u00e0 l'utilisation. Cette approche holistique garantit que nos produits ne se contentent pas d'\u00e9conomiser les ressources, mais qu'ils procurent \u00e9galement des avantages \u00e9conomiques \u00e0 nos consommateurs. Nous croyons en la cr\u00e9ation de solutions qui font plus avec moins, favorisant \u00e0 la fois le bien-\u00eatre de l'environnement et les \u00e9conomies des consommateurs.<\/p>\n\n\t\t<\/div>\n\t\t\t\t\t<\/div>\n\n\t\n\n<\/div>\n\n\t\t<\/div>\n\n\t\t\n<style>\n#section_1917801517 {\n  padding-top: 30px;\n  padding-bottom: 30px;\n}\n<\/style>\n\t<\/section>","protected":false},"excerpt":{"rendered":"","protected":false},"author":1,"featured_media":0,"parent":0,"menu_order":0,"comment_status":"closed","ping_status":"closed","template":"","meta":{"cybocfi_hide_featured_image":"","footnotes":"","_links_to":"","_links_to_target":""},"class_list":["post-9643","page","type-page","status-publish","hentry"],"_links":{"self":[{"href":"https:\/\/www.aquaquick2000.com\/fr\/wp-json\/wp\/v2\/pages\/9643","targetHints":{"allow":["GET"]}}],"collection":[{"href":"https:\/\/www.aquaquick2000.com\/fr\/wp-json\/wp\/v2\/pages"}],"about":[{"href":"https:\/\/www.aquaquick2000.com\/fr\/wp-json\/wp\/v2\/types\/page"}],"author":[{"embeddable":true,"href":"https:\/\/www.aquaquick2000.com\/fr\/wp-json\/wp\/v2\/users\/1"}],"replies":[{"embeddable":true,"href":"https:\/\/www.aquaquick2000.com\/fr\/wp-json\/wp\/v2\/comments?post=9643"}],"version-history":[{"count":0,"href":"https:\/\/www.aquaquick2000.com\/fr\/wp-json\/wp\/v2\/pages\/9643\/revisions"}],"wp:attachment":[{"href":"https:\/\/www.aquaquick2000.com\/fr\/wp-json\/wp\/v2\/media?parent=9643"}],"curies":[{"name":"wp","href":"https:\/\/api.w.org\/{rel}","templated":true}]}}