{"id":2453,"date":"2016-12-06T14:45:28","date_gmt":"2016-12-06T14:45:28","guid":{"rendered":"http:\/\/www.aquaquick2000.com\/?page_id=2453"},"modified":"2023-01-27T10:17:38","modified_gmt":"2023-01-27T10:17:38","slug":"aquaquick-2000-prodotto-benefici","status":"publish","type":"page","link":"https:\/\/www.aquaquick2000.com\/it\/aquaquick-2000-product-benefits\/","title":{"rendered":"Vantaggi del prodotto AQUAQUICK 2000"},"content":{"rendered":"<section class=\"section dark\" id=\"section_952192722\">\n\t\t<div class=\"section-bg fill\" >\n\t\t\t<img decoding=\"async\" width=\"1920\" height=\"441\" src=\"https:\/\/b3871678.smushcdn.com\/3871678\/wp-content\/uploads\/2020\/09\/aquaquick-2000-oil-cleaning-waterwave.jpg?lossy=2&strip=1&webp=1\" class=\"bg attachment- size-\" alt=\"\" title=\"\" srcset=\"https:\/\/b3871678.smushcdn.com\/3871678\/wp-content\/uploads\/2020\/09\/aquaquick-2000-oil-cleaning-waterwave.jpg?lossy=2&amp;strip=1&amp;webp=1 1920w, https:\/\/b3871678.smushcdn.com\/3871678\/wp-content\/uploads\/2020\/09\/aquaquick-2000-oil-cleaning-waterwave-510x117.jpg?lossy=2&amp;strip=1&amp;webp=1 510w, https:\/\/b3871678.smushcdn.com\/3871678\/wp-content\/uploads\/2020\/09\/aquaquick-2000-oil-cleaning-waterwave-500x115.jpg?lossy=2&amp;strip=1&amp;webp=1 500w, https:\/\/b3871678.smushcdn.com\/3871678\/wp-content\/uploads\/2020\/09\/aquaquick-2000-oil-cleaning-waterwave-1280x294.jpg?lossy=2&amp;strip=1&amp;webp=1 1280w, https:\/\/b3871678.smushcdn.com\/3871678\/wp-content\/uploads\/2020\/09\/aquaquick-2000-oil-cleaning-waterwave-768x176.jpg?lossy=2&amp;strip=1&amp;webp=1 768w, https:\/\/b3871678.smushcdn.com\/3871678\/wp-content\/uploads\/2020\/09\/aquaquick-2000-oil-cleaning-waterwave-1536x353.jpg?lossy=2&amp;strip=1&amp;webp=1 1536w, https:\/\/b3871678.smushcdn.com\/3871678\/wp-content\/uploads\/2020\/09\/aquaquick-2000-oil-cleaning-waterwave.jpg?size=204x47&amp;lossy=2&amp;strip=1&amp;webp=1 204w, https:\/\/b3871678.smushcdn.com\/3871678\/wp-content\/uploads\/2020\/09\/aquaquick-2000-oil-cleaning-waterwave.jpg?size=408x94&amp;lossy=2&amp;strip=1&amp;webp=1 408w, https:\/\/b3871678.smushcdn.com\/3871678\/wp-content\/uploads\/2020\/09\/aquaquick-2000-oil-cleaning-waterwave.jpg?size=612x141&amp;lossy=2&amp;strip=1&amp;webp=1 612w, https:\/\/b3871678.smushcdn.com\/3871678\/wp-content\/uploads\/2020\/09\/aquaquick-2000-oil-cleaning-waterwave.jpg?size=1020x234&amp;lossy=2&amp;strip=1&amp;webp=1 1020w\" sizes=\"(max-width: 1920px) 100vw, 1920px\">\t\t\t\t\t\t<div class=\"section-bg-overlay absolute fill\"><\/div>\n\t\t\t\n\n\t\t<\/div>\n\n\t\t\n\n\t\t<div class=\"section-content relative\">\n\t\t\t\n<h2 style=\"text-align: center;\">Vantaggi del prodotto AQUAQUICK 2000<\/h2>\n\t\t<\/div>\n\n\t\t\n<style>\n#section_952192722 {\n  padding-top: 60px;\n  padding-bottom: 60px;\n}\n#section_952192722 .section-bg-overlay {\n  background-color: rgba(0, 0, 0, 0.22);\n}\n<\/style>\n\t<\/section>\n\t\n\n\t<section class=\"section\" id=\"section_1759940177\">\n\t\t<div class=\"section-bg fill\" >\n\t\t\t\t\t\t\t\t\t\n\t\t\t\n\n\t\t<\/div>\n\n\t\t\n\n\t\t<div class=\"section-content relative\">\n\t\t\t\n<div class=\"row\"  id=\"row-1915526169\">\n\n\t<div id=\"col-194923023\" class=\"col medium-6 small-12 large-6\"  >\n\t\t\t\t<div class=\"col-inner\"  >\n\t\t\t\n\t\t\t\n<h3>Prodotto completamente rispettoso dell'utente e dell'ambiente\n<\/h3><p>AQUAQUICK 2000 contiene solo ingredienti naturali senza cloruri, solventi o alcaloidi. AQUAQUICK 2000 \u00e8 stato approvato e testato da numerosi istituti di ricerca indipendenti in tutto il mondo, con certificazioni d'uso da parte di TNO Netherlands, MIGAS Indonesia, International Maritime Organization (IMO) e molti altri.\n<hr\/>\n<h3>Non tossico per tutti gli organismi acquatici<\/h3>\n<p>AQUAQUICK 2000 allo stato diluito 1:50, cio\u00e8 10 ml di AQUAQUICK 2000 mescolati in un litro d'acqua, pu\u00f2 essere usato per pulire le fuoriuscite di petrolio che hanno coperto animali e vegetazione in ambienti acquatici.<\/p>\n<hr \/>\n<h3>Riduce i rifiuti chimici<\/h3>\n<p>AQUAQUICK 2000 rompe bio-molecolarmente la coesione delle strutture degli idrocarburi creando una microemulsione in particelle di circa 3 micron. Questi micron e le speciali sostanze nutritive producono un'esplosione di crescita dei batteri presenti nell'ambiente che ne facilitano la rimozione.<\/p>\n<hr \/>\n<h3>Risparmio energetico ed efficienza dei costi<\/h3>\n<p>AQUAQUICK 2000 offre una soluzione economica che aumenta la produttivit\u00e0 riducendo i tempi di inattivit\u00e0 e diminuendo le spese associate alla parte di pulizia del settore, come il costo del prodotto stesso, il trasporto del prodotto, lo stoccaggio del prodotto, il costo dei dispositivi di protezione individuale, velocizza le procedure e aumenta la sicurezza dei dipendenti. AQUAQUICK 2000 sostituisce molti detergenti ampiamente utilizzati, solventi tossici e alcaline che sostituiscono ma non biodegradano gli idrocarburi. Richiede uno sforzo minimo da parte dell'utente per la pulizia e pu\u00f2 essere facilmente rimosso con uno straccio umido dopo l'applicazione.<\/p>\n<hr \/>\n<h3>Non corrosivo e non irritante per la pelle umana<\/h3>\n<p>AQUAQUICK 2000 \u00e8 approvato dal punto di vista dermatologico e pu\u00f2 essere utilizzato a casa come sapone per le mani quotidiano o in diversi settori industriali, poich\u00e9 i suoi ingredienti naturali non irritano le cellule della pelle umana.<\/p>\n<hr \/>\n<h3>AQUAQUICK 2000 non \u00e8 corrosivo per i metalli.<\/h3>\n<p>Non danneggia metalli, vernici, rivestimenti, gomma o plastica - Non intacca i substrati ed \u00e8 sicuro per la pulizia di plastica, metalli, rivestimenti, vernici, gomme, epossidici, ecc.<\/p>\n<hr \/>\n<h3>AQUAQUICK 2000 non ha durata di conservazione<\/h3>\n<p>Questo prodotto non ha una data di scadenza. Tuttavia, una conservazione prolungata pu\u00f2 causare un assestamento. Agitando il prodotto si pu\u00f2 ottenere una massa omogenea. \u00c8 sicuro utilizzare questo prodotto fino all'esaurimento di quello acquistato, anche se sono passati 2 o pi\u00f9 anni dalla data di acquisto. Gli ingredienti naturali contenuti in questo prodotto contengono conservanti propri che proteggono la continuit\u00e0 del prodotto per gli anni a venire.<\/p>\n<hr \/>\n\t\t<\/div>\n\t\t\t\t\t<\/div>\n\n\t\n\n\t<div id=\"col-526828549\" class=\"col medium-6 small-12 large-6\"  >\n\t\t\t\t<div class=\"col-inner\"  >\n\t\t\t\n\t\t\t\n<h3>Prodotto di pulizia multiuso\n<\/h3><p>AQUAQUICK 2000 \u00e8 un bioemulsionante, sgrassante, detergente per idrocarburi e disperdente per oli, a base acquosa, che pu\u00f2 essere utilizzato per la pulizia di serbatoi, la pulizia di tubature, lo sgrassaggio, la manutenzione degli impianti, il lavaggio del suolo, la pulizia di pavimenti e attrezzature nell'industria alimentare, la pulizia di ponti, sale macchine e sentine delle navi; \u00e8 abbastanza sicuro da poter essere utilizzato come un normale sapone per le mani.<\/p><hr\/>\n<h3>AQUAQUICK 2000 Pu\u00f2 essere utilizzato come estintore<\/h3>\n<p>AQUAQUICK 2000 \u00e8 stato approvato per l'uso dai dipartimenti dei vigili del fuoco di Giacarta, in Indonesia, e di altri paesi come ritardante di fiamma per spegnere l'incendio e pu\u00f2 essere usato per ripulire il terreno dopo l'incendio.<\/p>\n<hr \/>\n<h3>Soluzione di pulizia totale<\/h3>\n<p>AQUAQUICK 2000 \u00e8 adatto alla pulizia di qualsiasi inquinamento da idrocarburi ed \u00e8 stato approvato per la pulizia dei prodotti in questi settori: Petrolio e gas, agenzie governative, industria automobilistica e meccanica, navale e marittima, industria aeronautica, industria manifatturiera, industria alimentare e delle bevande e industrie di pulizia generale.<\/p>\n<hr \/>\n<h3>Completamente biodegradabile (100%&lt;21 giorni)<\/h3>\n<p>AQUAQUICK 2000 esiste da molti decenni e possiede un gran numero di relazioni e approvazioni che garantiscono gli aspetti di sicurezza e lo stato dell'ambiente. Non ci sono manipolazioni, stoccaggi o avvertenze particolari per l'applicazione del prodotto AQUAQUICK 2000. Negli effetti eco-tossici questo prodotto \u00e8 completamente biodegradabile. Negli impianti di depurazione delle acque, AQUAQUICK 2000 \u00e8 100% biodegradabile in meno di 60 minuti. Nelle acque superficiali, AQUAQUICK 2000 \u00e8 100% biodegradabile in meno di 21 giorni. Nella nostra pagina di ricerca potete trovare maggiori informazioni sul processo di 21 giorni di AQUAQUICK 2000. <\/p>\n<hr \/>\n<h3>AQUAQUICK 2000 non \u00e8 infiammabile<\/h3>\n<p>AQUAQUICK 2000 \u00e8 approvato dermatologicamente e pu\u00f2 essere utilizzato a casa come sapone per le mani quotidiano o in diversi settori industriali, poich\u00e9 i suoi ingredienti naturali non irritano le cellule della pelle umana.<\/p>\n<hr \/>\n<h3>Dispersione organica e biologica<\/h3>\n<p>Non danneggia metalli, vernici, rivestimenti, gomma o plastica - Non intacca i substrati ed \u00e8 sicuro per la pulizia di plastica, metalli, rivestimenti, vernici, gomme, epossidici, ecc.<\/p>\n<hr \/>\n<h3>Assistenza tecnica per AQUAQUICK 2000<\/h3>\n<p>AQUAQUICK 2000 \u00e8 stato utilizzato per molte applicazioni di pulizia diverse in tutto il mondo. Il nostro team di esperti tecnici \u00e8 cresciuto molto negli ultimi decenni. Forniamo sempre assistenza tecnica a chi ha bisogno di aiuto o informazioni su AQUAQUICK 2000. Forniamo, applichiamo e rispettiamo e siamo il produttore globale di AQUAQUICK 2000. Per informazioni dirette sul supporto tecnico, inviateci un'e-mail all'indirizzo business@aquaquick2000.com.  <\/p>\n<hr \/>\n\t\t<\/div>\n\t\t\t\t\t<\/div>\n\n\t\n<\/div>\n\t\t<\/div>\n\n\t\t\n<style>\n#section_1759940177 {\n  padding-top: 30px;\n  padding-bottom: 30px;\n}\n<\/style>\n\t<\/section>","protected":false},"excerpt":{"rendered":"","protected":false},"author":1,"featured_media":8707,"parent":0,"menu_order":0,"comment_status":"closed","ping_status":"closed","template":"page-blank.php","meta":{"cybocfi_hide_featured_image":"","footnotes":"","_links_to":"","_links_to_target":""},"class_list":["post-2453","page","type-page","status-publish","has-post-thumbnail","hentry"],"_links":{"self":[{"href":"https:\/\/www.aquaquick2000.com\/it\/wp-json\/wp\/v2\/pages\/2453","targetHints":{"allow":["GET"]}}],"collection":[{"href":"https:\/\/www.aquaquick2000.com\/it\/wp-json\/wp\/v2\/pages"}],"about":[{"href":"https:\/\/www.aquaquick2000.com\/it\/wp-json\/wp\/v2\/types\/page"}],"author":[{"embeddable":true,"href":"https:\/\/www.aquaquick2000.com\/it\/wp-json\/wp\/v2\/users\/1"}],"replies":[{"embeddable":true,"href":"https:\/\/www.aquaquick2000.com\/it\/wp-json\/wp\/v2\/comments?post=2453"}],"version-history":[{"count":0,"href":"https:\/\/www.aquaquick2000.com\/it\/wp-json\/wp\/v2\/pages\/2453\/revisions"}],"wp:featuredmedia":[{"embeddable":true,"href":"https:\/\/www.aquaquick2000.com\/it\/wp-json\/wp\/v2\/media\/8707"}],"wp:attachment":[{"href":"https:\/\/www.aquaquick2000.com\/it\/wp-json\/wp\/v2\/media?parent=2453"}],"curies":[{"name":"wp","href":"https:\/\/api.w.org\/{rel}","templated":true}]}}