{"id":2532,"date":"2017-01-02T12:53:57","date_gmt":"2017-01-02T12:53:57","guid":{"rendered":"http:\/\/www.aquaquick2000.com\/?page_id=2532"},"modified":"2023-01-26T13:03:21","modified_gmt":"2023-01-26T13:03:21","slug":"elenco-delle-approvazioni-certificati","status":"publish","type":"page","link":"https:\/\/www.aquaquick2000.com\/it\/accreditations\/list-of-approvals-certificates\/","title":{"rendered":"Elenco delle approvazioni e dei certificati"},"content":{"rendered":"Elenco delle approvazioni e dei certificati\n\n<h2>Elenco delle approvazioni e dei certificati per AQUAQUICK 2000.<\/h2>\n<p>Negli ultimi quarant'anni il prodotto AQUAQUICK 2000 ha stupito il mondo con risultati notevoli. Da allora AQUAQUICK 2000 \u00e8 stato utilizzato come soluzione di successo per molte applicazioni industriali. AQUAQUICK 2000 \u00e8 stato testato e approvato o certificato dalle seguenti organizzazioni, aziende e istituti governativi. <\/p>\n<ul>\n<li class=\"bullet-checkmark\">UT Enschede, Paesi Bassi - AQUAQUICK 2000, se utilizzato in un impianto di trattamento delle acque reflue, \u00e8 completamente biodegradabile e privo di cloro, non produce rischi particolari per la salute o sottoprodotti tossici e rimuove facilmente gli idrocarburi dal suolo.<\/li>\n<li class=\"bullet-checkmark\">TNO University Delft, Paesi Bassi - Questo prodotto non ha effetti negativi a lungo termine sugli ecosistemi, sui sistemi acquatici o sugli utilizzatori perch\u00e9 AQUAQUICK 2000 \u00e8 completamente biodegradabile, non sensibilizzante e non corrosivo per la pelle e gli occhi dell'uomo.<\/li>\n<li class=\"bullet-checkmark\">Ministero della Salute, Paesi Bassi - AQUAQUICK 2000 \u00e8 conforme a tutte le normative olandesi relative all'industria alimentare.<\/li>\n<li class=\"bullet-checkmark\">Dipartimento della Difesa dei Paesi Bassi, Paesi Bassi - AQUAQUICK 2000 non \u00e8 distruttivo per le pitture o i rivestimenti e si \u00e8 dimostrato adatto a rimuovere gli idrocarburi creando un'emulsione stabile.<\/li>\n<li class=\"bullet-checkmark\">Distretti idrici olandesi, Paesi Bassi - AQUAQUICK 2000 pu\u00f2 essere smaltito nelle fognature dopo la rimozione degli idrocarburi separati che non possono essere inquinati da sostanze proibite.<\/li>\n<li class=\"bullet-checkmark\">Directorate General for Shipping and Maritime Affairs, Londra UK (IMO) - AQUAQUICK 2000 e AQUAQUICK 2000 SP soddisfano tutte le linee guida indicate nell'Allegato II della MARPOL, Pulizia delle cisterne (MERC.2\/CIRC.8) e nel Gruppo di lavoro ESPH.<\/li>\n<li class=\"bullet-checkmark\">NS Dutch Railways Utrecht, Paesi Bassi - AQUAQUICK 2000 \u00e8 un detergente universale adatto alla pulizia di metalli e superfici verniciate, senza che siano necessarie particolari procedure di sicurezza per la sua applicazione. Pu\u00f2 essere utilizzato anche con apparecchiature di dispersione ad alta pressione.<\/li>\n<li class=\"bullet-checkmark\">American Bureau of Shipping Londra, Regno Unito - AQUAQUICK 2000 e AQUAQUICK 2000 SP hanno ottenuto il Certificato di Valutazione della Progettazione del Prodotto per l'approvazione alla spedizione.<\/li>\n<li class=\"bullet-checkmark\">State Supervision of Mines, Paesi Bassi - AQUAQUICK 2000, ai sensi dell'articolo 49B, comma 1, del Regolamento sulle attivit\u00e0 estrattive della piattaforma continentale, \u00e8 risultato innocuo per l'ambiente marino.<\/li>\n<li class=\"bullet-checkmark\">TUV Research Institute Hannover, Germania - AQUAQUICK 2000 SP \u00e8 stato approvato per l'uso nell'industria automobilistica e metallurgica, soddisfacendo tutti i requisiti per i detergenti a rapida separazione e rispettando le normative tedesche per le sostanze o i preparati pericolosi della direttiva ambientale.<\/li>\n<li class=\"bullet-checkmark\">Dekra Umwelt Gmbh Stoccarda, Germania - AQUAQUICK 2000 SP soddisfa gli standard di approvazione per l'uso nei separatori di oli e grassi (Austrian Standard B 5105) con una classificazione di trasporto di materiale non pericoloso.<\/li>\n<li class=\"bullet-checkmark\">Istituto di Igiene di Gelsenkirchen, Germania - AQUAQUICK 2000 \u00e8 un detergente approvato per la pulizia di superfici stradali inquinate da olio.<\/li>\n<li class=\"bullet-checkmark\">Laboratorio Statale per la Ricerca sui Materiali di Dortmund, Germania - AQUAQUICK 2000 \u00e8 risultato conforme ai \"metodi di rimozione delle tracce di olio dalle superfici stradali, ad eccezione degli assorbenti per olio\".<\/li>\n<li class=\"bullet-checkmark\">Laboratorio chimico di Webling, Germania - AQUAQUICK 2000 \u00e8 100% biodegradabile e non provoca effetti negativi negli impianti di trattamento delle acque reflue o sulle attrezzature.<\/li>\n<li class=\"bullet-checkmark\">Ricerca in Malesia - \u00c8 stato stabilito che AQUAQUICK 2000 si \u00e8 dimostrato non tossico per gli ambienti acquatici, in conformit\u00e0 con la classificazione dei prodotti dell'Organizzazione Marittima Internazionale (IMO) (valori LC50 ed EC50 di &gt;1000mg\/L). I test hanno dimostrato che il contenuto di grasso e olio nelle acque reflue \u00e8 stato ridotto fino a 94% in soli 21 giorni.<\/li>\n<li class=\"bullet-checkmark\">Ricercatore di laboratorio microbiologico J. Balfanz Munster, Germania - AQUAQUICK 2000 V-93 stimola la crescita di batteri e microrganismi e accelera la degradazione degli idrocarburi nel terreno e nell'acqua di superficie. La ricerca ha mostrato una media di 90% di degradazione degli idrocarburi in 35 giorni.<\/li>\n<li class=\"bullet-checkmark\">Mechem Technical &amp; Laboratory Services Pte, Ltd., Singapore - AQUAQUICK 2000 \u00e8 risultato conforme alle specifiche per i disperdenti, elencate nella prima tabella della prevenzione dell'inquinamento del mare. (Regolamento 1999).<\/li>\n<li class=\"bullet-checkmark\">Migas Laboratories, Indonesia - AQUAQUICK 2000 pu\u00f2 essere utilizzato in modo legale e sicuro per controllare le fuoriuscite di petrolio e pulire le imbarcazioni a terra e al largo, se diluito 1:50 con 10 ml di acqua.<\/li>\n<li class=\"bullet-checkmark\">London Underground United Kingdom - AQUAQUICK 2000 \u00e8 accettabile per l'uso all'interno della London Underground Ltd., senza alcuna obiezione per la salute o la sicurezza. (Rapporto n. C7638, 9 febbraio 1996)<\/li>\n<li class=\"bullet-checkmark\">SABA - AQUAQUICK 2000 e AQUAQUICK 2000 SP sono risultati privi di effetti nocivi sui sigillanti per pavimenti a tenuta di liquido per stazioni di servizio prodotti da Simson e SABA.<\/li>\n<li class=\"bullet-checkmark\">Canadian Food Inspection Agency, Ontario, Canada - AQUAQUICK 2000 e AQUAQUICK 2000 SP sono approvati per l'uso nella pulizia industriale delle attrezzature dell'industria alimentare. I risultati dimostrano che non vi sar\u00e0 alcuna contaminazione degli alimenti. Questi prodotti possono essere utilizzati sui pavimenti e sulle pareti delle aree alimentari quando non vengono manipolati gli alimenti.<\/li>\n<li class=\"bullet-checkmark\">Icelandic Food Inspection Agency, Islanda - AQUAQUICK 2000 \u00e8 stato approvato per la pulizia industriale di tutte le attrezzature dell'industria alimentare. \u00c8 risultato non tossico, non corrosivo e rispettoso dell'utente e dell'ambiente.<\/li>\n<li class=\"bullet-checkmark\">Polish Food Inspection Agency, Polonia - AQUAQUICK 2000 \u00e8 stato approvato per la pulizia industriale delle attrezzature per la produzione alimentare.<\/li>\n<li class=\"bullet-checkmark\">Deutschland Environmental Protection Group, Germania - AQUAQUICK 2000 \u00e8 risultato sicuro e approvato per tutte le applicazioni ambientali in Germania.<\/li>\n<li class=\"bullet-checkmark\">Thailandia\/Malesia - AQUAQUICK 2000 \u00e8 stato approvato per l'uso in tutte le applicazioni industriali e ambientali nelle regioni della Thailandia e della Malesia.<\/li>\n<li class=\"bullet-checkmark\">Per\u00f9 - AQUAQUICK 2000 \u00e8 stato approvato per l'uso in applicazioni di pulizia in Per\u00f9.<\/li>\n<li class=\"bullet-checkmark\">Egitto - AQUAQUICK 2000 ha ottenuto l'approvazione per applicazioni generali e industriali per la pulizia. \u00c8 inoltre autorizzato per il trattamento delle fuoriuscite di petrolio in Egitto.<\/li>\n<li class=\"bullet-checkmark\">Guardia Costiera delle Filippine, Filippine - AQUAQUICK 2000 soddisfa tutti i requisiti di accreditamento per un disperdente per fuoriuscite di petrolio.<\/li>\n<li class=\"bullet-checkmark\">Surface-washing Agents: an Update 2013, Spill Science, Edmonton, Alberta, Canada - Elenca AQUAQUICK 2000 come disperdente approvato per il lavaggio delle superfici che ha soddisfatto tutti gli standard di test per l'efficacia, la tossicit\u00e0 e l'applicazione.<\/li>\n<\/ul>","protected":false},"excerpt":{"rendered":"<p>List of approvals &amp; certificates List of Approvals &amp; Certificates for AQUAQUICK 2000. For the past 4 decades the AQUAQUICK 2000 product has amazed the world with remarkable results. Since then AQUAQUICK 2000 has been used as a successful solution for many industrial applications. AQUAQUICK 2000 has been tested and approved or certified by the [&#8230;]\n","protected":false},"author":1,"featured_media":4384,"parent":2528,"menu_order":0,"comment_status":"closed","ping_status":"closed","template":"","meta":{"cybocfi_hide_featured_image":"","footnotes":"","_links_to":"","_links_to_target":""},"class_list":["post-2532","page","type-page","status-publish","has-post-thumbnail","hentry"],"_links":{"self":[{"href":"https:\/\/www.aquaquick2000.com\/it\/wp-json\/wp\/v2\/pages\/2532","targetHints":{"allow":["GET"]}}],"collection":[{"href":"https:\/\/www.aquaquick2000.com\/it\/wp-json\/wp\/v2\/pages"}],"about":[{"href":"https:\/\/www.aquaquick2000.com\/it\/wp-json\/wp\/v2\/types\/page"}],"author":[{"embeddable":true,"href":"https:\/\/www.aquaquick2000.com\/it\/wp-json\/wp\/v2\/users\/1"}],"replies":[{"embeddable":true,"href":"https:\/\/www.aquaquick2000.com\/it\/wp-json\/wp\/v2\/comments?post=2532"}],"version-history":[{"count":0,"href":"https:\/\/www.aquaquick2000.com\/it\/wp-json\/wp\/v2\/pages\/2532\/revisions"}],"up":[{"embeddable":true,"href":"https:\/\/www.aquaquick2000.com\/it\/wp-json\/wp\/v2\/pages\/2528"}],"wp:featuredmedia":[{"embeddable":true,"href":"https:\/\/www.aquaquick2000.com\/it\/wp-json\/wp\/v2\/media\/4384"}],"wp:attachment":[{"href":"https:\/\/www.aquaquick2000.com\/it\/wp-json\/wp\/v2\/media?parent=2532"}],"curies":[{"name":"wp","href":"https:\/\/api.w.org\/{rel}","templated":true}]}}