{"id":3561,"date":"2018-04-23T21:19:18","date_gmt":"2018-04-23T21:19:18","guid":{"rendered":"http:\/\/www.aquaquick2000.com\/?page_id=3561"},"modified":"2023-01-27T10:31:09","modified_gmt":"2023-01-27T10:31:09","slug":"nck-corpo-internazionale","status":"publish","type":"page","link":"https:\/\/www.aquaquick2000.com\/it\/distributors\/nck-international-corp\/","title":{"rendered":"NCK INTERNATIONAL CORP"},"content":{"rendered":"<section class=\"section\" id=\"section_210810178\">\n\t\t<div class=\"section-bg fill\" >\n\t\t\t<img decoding=\"async\" width=\"1920\" height=\"441\" src=\"https:\/\/b3871678.smushcdn.com\/3871678\/wp-content\/uploads\/2020\/09\/aquaquick-2000-oil-cleaning-waterwave.jpg?lossy=2&strip=1&webp=1\" class=\"bg attachment- size-\" alt=\"\" title=\"\" srcset=\"https:\/\/b3871678.smushcdn.com\/3871678\/wp-content\/uploads\/2020\/09\/aquaquick-2000-oil-cleaning-waterwave.jpg?lossy=2&amp;strip=1&amp;webp=1 1920w, https:\/\/b3871678.smushcdn.com\/3871678\/wp-content\/uploads\/2020\/09\/aquaquick-2000-oil-cleaning-waterwave-510x117.jpg?lossy=2&amp;strip=1&amp;webp=1 510w, https:\/\/b3871678.smushcdn.com\/3871678\/wp-content\/uploads\/2020\/09\/aquaquick-2000-oil-cleaning-waterwave-500x115.jpg?lossy=2&amp;strip=1&amp;webp=1 500w, https:\/\/b3871678.smushcdn.com\/3871678\/wp-content\/uploads\/2020\/09\/aquaquick-2000-oil-cleaning-waterwave-1280x294.jpg?lossy=2&amp;strip=1&amp;webp=1 1280w, https:\/\/b3871678.smushcdn.com\/3871678\/wp-content\/uploads\/2020\/09\/aquaquick-2000-oil-cleaning-waterwave-768x176.jpg?lossy=2&amp;strip=1&amp;webp=1 768w, https:\/\/b3871678.smushcdn.com\/3871678\/wp-content\/uploads\/2020\/09\/aquaquick-2000-oil-cleaning-waterwave-1536x353.jpg?lossy=2&amp;strip=1&amp;webp=1 1536w, https:\/\/b3871678.smushcdn.com\/3871678\/wp-content\/uploads\/2020\/09\/aquaquick-2000-oil-cleaning-waterwave.jpg?size=204x47&amp;lossy=2&amp;strip=1&amp;webp=1 204w, https:\/\/b3871678.smushcdn.com\/3871678\/wp-content\/uploads\/2020\/09\/aquaquick-2000-oil-cleaning-waterwave.jpg?size=408x94&amp;lossy=2&amp;strip=1&amp;webp=1 408w, https:\/\/b3871678.smushcdn.com\/3871678\/wp-content\/uploads\/2020\/09\/aquaquick-2000-oil-cleaning-waterwave.jpg?size=612x141&amp;lossy=2&amp;strip=1&amp;webp=1 612w, https:\/\/b3871678.smushcdn.com\/3871678\/wp-content\/uploads\/2020\/09\/aquaquick-2000-oil-cleaning-waterwave.jpg?size=1020x234&amp;lossy=2&amp;strip=1&amp;webp=1 1020w\" sizes=\"(max-width: 1920px) 100vw, 1920px\">\t\t\t\t\t\t<div class=\"section-bg-overlay absolute fill\"><\/div>\n\t\t\t\n\n\t\t<\/div>\n\n\t\t\n\n\t\t<div class=\"section-content relative\">\n\t\t\t\n\n<div class=\"row row-collapse align-equal\"  id=\"row-1878102455\">\n\n\n\t<div id=\"col-934492138\" class=\"col small-12 large-12\"  >\n\t\t\t\t<div class=\"col-inner\"  >\n\t\t\t\n\t\t\t\n\n<h2 class=\"uppercase\" style=\"text-align: center;\">AQUAQUICK 2000 IN CINA, Taiwan e Vietnam \u00c8 VENDUTO DA NCK INTERNATIONAL CORP<\/h2>\n\n\t\t<\/div>\n\t\t\t\t\t<\/div>\n\n\t\n\n<\/div>\n\n\t\t<\/div>\n\n\t\t\n<style>\n#section_210810178 {\n  padding-top: 45px;\n  padding-bottom: 45px;\n}\n#section_210810178 .section-bg-overlay {\n  background-color: rgba(240, 240, 240, 0.64);\n}\n<\/style>\n\t<\/section>\n\t\n\n\t<section class=\"section\" id=\"section_616795162\">\n\t\t<div class=\"section-bg fill\" >\n\t\t\t\t\t\t\t\t\t<div class=\"section-bg-overlay absolute fill\"><\/div>\n\t\t\t\n\n\t\t<\/div>\n\n\t\t\n\n\t\t<div class=\"section-content relative\">\n\t\t\t\n\n<div class=\"row\"  id=\"row-1835866287\">\n\n\n\t<div id=\"col-1536134954\" class=\"col medium-6 small-12 large-6\"  >\n\t\t\t\t<div class=\"col-inner\"  >\n\t\t\t\n\t\t\t\n\n<h3 class=\"widget-title\">AQUAQUICK 2000 Distributore in Cina, Taiwan e Vietnam<\/h3>\n<p class=\"widget-title\">NCK INTERNATIONAL CORP rappresenta un'intera gamma di produttori europei, che hanno fatto della produzione dei posti di lavoro e dell'ambiente.<\/p>\n<p>NCK INTERNATIONAL CORP offre un'ampia gamma di servizi.<\/p>\n<p>NCK INTERNATIONAL CORP \u00e8 autorizzata a vendere i prodotti AQUAQUICK in Cina, Taiwan e Vietnam.<\/p>\n<p><em><strong>NCK INTERNATIONAL CORP \u00e8 approvata da AQUAQUICK GLOBAL B.V.<\/strong><\/em><\/p>\n<h3>Dettagli di contatto di NCK INTERNATIONAL CORP<\/h3>\n<a href=\"https:\/\/www.aquaquick2000.com\/it\/distributori\/\" class=\"button primary\" >\n\t\t<span>Tutti i distributori di AQUAQUICK 2000<\/span>\n\t<\/a>\n\n\n\n\t\t<\/div>\n\t\t\t\t\t<\/div>\n\n\t\n\n\t<div id=\"col-951844346\" class=\"col medium-6 small-12 large-6\"  >\n\t\t\t\t<div class=\"col-inner\" style=\"background-color:rgb(240, 240, 240);\" >\n\t\t\t\n\t\t\t\n\n<div class=\"accordion\">\n\n\t<div id=\"accordion-553648090\" class=\"accordion-item\">\n\t\t<a id=\"accordion-553648090-label\" class=\"accordion-title plain active\" href=\"#accordion-item-aquaquick-2000-in-china,-taiwan-&#038;-vietnam\" aria-expanded=\"true\" aria-controls=\"accordion-553648090-content\">\n\t\t\t<button class=\"toggle\" aria-label=\"Attiva\/Disattiva\"><i class=\"icon-angle-down\" aria-hidden=\"true\"><\/i><\/button>\n\t\t\t<span>AQUAQUICK 2000 in Cina, Taiwan e Vietnam<\/span>\n\t\t<\/a>\n\t\t<div id=\"accordion-553648090-content\" class=\"accordion-inner\" style=\"display: block;\" aria-labelledby=\"accordion-553648090-label\">\n\t\t\t\n\n<p>Per acquistare AQUAQUICK 2000 direttamente in <b>Cina, Taiwan e Vietnam<\/b> potete contattare il nostro distributore locale <strong>NCK INTERNATIONAL CORP<\/strong>.<\/p>\n<p>AQUAQUICK 2000 pu\u00f2 essere acquistato in qualsiasi paese del mondo ed \u00e8 la soluzione numero uno per la bonifica delle fuoriuscite di petrolio.<\/p>\n\n\t\t<\/div>\n\t<\/div>\n\t\n\t<div id=\"accordion-2725758224\" class=\"accordion-item\">\n\t\t<a id=\"accordion-2725758224-label\" class=\"accordion-title plain\" href=\"#accordion-item-oil-spills-in-china,-taiwan-&#038;-vietnam\" aria-expanded=\"false\" aria-controls=\"accordion-2725758224-content\">\n\t\t\t<button class=\"toggle\" aria-label=\"Attiva\/Disattiva\"><i class=\"icon-angle-down\" aria-hidden=\"true\"><\/i><\/button>\n\t\t\t<span>Fuoriuscite di petrolio in Cina, Taiwan e Vietnam<\/span>\n\t\t<\/a>\n\t\t<div id=\"accordion-2725758224-content\" class=\"accordion-inner\" aria-labelledby=\"accordion-2725758224-label\">\n\t\t\t\n\n<p>Per una soluzione immediata ed ecologica alle fuoriuscite di olio \u00e8 meglio usare AQUAQUICK 2000. Se si verificano fuoriuscite di olio in <b>Cina, Taiwan e Vietnam <\/b>potete contattare NCK INTERNATIONAL CORP per la fornitura di AQUAQUICK 2000.<\/p>\n\n\t\t<\/div>\n\t<\/div>\n\t\n\t<div id=\"accordion-2441937077\" class=\"accordion-item\">\n\t\t<a id=\"accordion-2441937077-label\" class=\"accordion-title plain\" href=\"#accordion-item-about-nck-international-corp\" aria-expanded=\"false\" aria-controls=\"accordion-2441937077-content\">\n\t\t\t<button class=\"toggle\" aria-label=\"Attiva\/Disattiva\"><i class=\"icon-angle-down\" aria-hidden=\"true\"><\/i><\/button>\n\t\t\t<span>Informazioni su NCK INTERNATIONAL CORP<\/span>\n\t\t<\/a>\n\t\t<div id=\"accordion-2441937077-content\" class=\"accordion-inner\" aria-labelledby=\"accordion-2441937077-label\">\n\t\t\t\n\n<h3>Informazioni su NCK INTERNATIONAL CORP<\/h3>\n<p>Poich\u00e9 i consumatori sono sempre pi\u00f9 attenti al risparmio energetico e alla tutela dell'ambiente, \"Hong Quansheng\" aderisce alla filosofia aziendale coerente di \"innovazione\", \"risparmio energetico\" e \"sostenibilit\u00e0\", in modo che tutti possano vivere in un ambiente verde, sicuro e confortevole per la tendenza irreversibile dello sviluppo della tutela ambientale.<\/p>\n<p>Zheng Fengning, presidente di Hong Quansheng International, ha presentato la vernice termoisolante ecologica Adgreencoat, sviluppata da NCK Co. Ltd. dell'Istituto Centrale di Ricerca del Giappone. Questo prodotto \u00e8 in grado di riflettere direttamente ed efficacemente il calore radiante della luce solare, dei raggi ultravioletti e del vicino infrarosso.<\/p>\n<p>Ridurre la temperatura dell'oggetto (come edifici\/barili\/bus, ecc.), ridurre i costi dell'elettricit\u00e0 per l'aria condizionata e migliorare il comfort dell'ambiente di lavoro. Nel 2013, China Research International Co., Ltd. \u00e8 stata costituita come joint venture con NCK per essere responsabile della produzione, del marketing e dello sviluppo dei canali dei prodotti nella regione della Grande Cina.<\/p>\n<p>Inoltre, dal 2017, China Research International si \u00e8 impegnata a fornire ai clienti servizi e soluzioni ecologiche di alta qualit\u00e0, nello spirito di continuare a coltivare prodotti ecologici a risparmio energetico.<\/p>\n<p>Ha iniziato a rappresentare la serie di prodotti AQUAQUICK GLOBAL BV 's AQUAQUICK 2000 dai Paesi Bassi, fornendo ai clienti una pulizia ecologica (degradazione del petrolio) Il piano di allocazione migliore ed efficace. Ci sforziamo di stabilire strette collaborazioni con i clienti, di rispettare gli impegni presi con clienti e fornitori e di perseguire un'operazione sostenibile e vantaggiosa per tutti.<\/p>\n<p>Zhongyan insiste sulla qualit\u00e0 dei prodotti, sulla selezione delle fonti di materie prime e su rigorosi standard di processo. \u00c8 fermamente convinta che solo la responsabilit\u00e0 sociale e l'impegno possano realizzare la visione di un'attivit\u00e0 sostenibile.<\/p>\n\n\t\t<\/div>\n\t<\/div>\n\t\n\n<\/div>\n\t<div class=\"img has-hover x md-x lg-x y md-y lg-y\" id=\"image_1861551152\">\n\t\t\t\t\t\t\t\t<div class=\"img-inner dark\" >\n\t\t\t<img decoding=\"async\" width=\"500\" height=\"149\" data-src=\"https:\/\/b3871678.smushcdn.com\/3871678\/wp-content\/uploads\/2020\/09\/AQUAQUICK-2000-DISTRIBUTOR-LOGOS_0007_logo03-1-e1523610811893.jpg?lossy=2&strip=1&webp=1\" class=\"attachment-large size-large lazyload\" alt=\"DISTRIBUTORE AQUAQUICK 2000 NCK INTERNATIONAL CORP\" title=\"\" data-srcset=\"https:\/\/b3871678.smushcdn.com\/3871678\/wp-content\/uploads\/2020\/09\/AQUAQUICK-2000-DISTRIBUTOR-LOGOS_0007_logo03-1-e1523610811893.jpg?lossy=2&amp;strip=1&amp;webp=1 500w, https:\/\/b3871678.smushcdn.com\/3871678\/wp-content\/uploads\/2020\/09\/AQUAQUICK-2000-DISTRIBUTOR-LOGOS_0007_logo03-1-e1523610811893.jpg?size=204x61&amp;lossy=2&amp;strip=1&amp;webp=1 204w, https:\/\/b3871678.smushcdn.com\/3871678\/wp-content\/uploads\/2020\/09\/AQUAQUICK-2000-DISTRIBUTOR-LOGOS_0007_logo03-1-e1523610811893.jpg?size=408x122&amp;lossy=2&amp;strip=1&amp;webp=1 408w\" data-sizes=\"auto\" src=\"data:image\/svg+xml;base64,PHN2ZyB3aWR0aD0iMSIgaGVpZ2h0PSIxIiB4bWxucz0iaHR0cDovL3d3dy53My5vcmcvMjAwMC9zdmciPjwvc3ZnPg==\" style=\"--smush-placeholder-width: 500px; --smush-placeholder-aspect-ratio: 500\/149;\" data-original-sizes=\"(max-width: 500px) 100vw, 500px\">\t\t\t\t\t\t\n\t\t\t\t\t<\/div>\n\t\t\t\t\t\t\t\t\n<style>\n#image_1861551152 {\n  width: 100%;\n}\n<\/style>\n\t<\/div>\n\t\n\n\n\t\t<\/div>\n\t\t\t\t\t<\/div>\n\n\t\n\n<\/div>\n\n\t\t<\/div>\n\n\t\t\n<style>\n#section_616795162 {\n  padding-top: 30px;\n  padding-bottom: 30px;\n  background-color: rgb(255, 255, 255);\n}\n#section_616795162 .section-bg-overlay {\n  background-color: rgba(240, 240, 240, 0);\n}\n<\/style>\n\t<\/section>","protected":false},"excerpt":{"rendered":"","protected":false},"author":1,"featured_media":5585,"parent":2564,"menu_order":0,"comment_status":"closed","ping_status":"closed","template":"page-blank.php","meta":{"cybocfi_hide_featured_image":"","footnotes":"","_links_to":"","_links_to_target":""},"class_list":["post-3561","page","type-page","status-publish","has-post-thumbnail","hentry"],"_links":{"self":[{"href":"https:\/\/www.aquaquick2000.com\/it\/wp-json\/wp\/v2\/pages\/3561","targetHints":{"allow":["GET"]}}],"collection":[{"href":"https:\/\/www.aquaquick2000.com\/it\/wp-json\/wp\/v2\/pages"}],"about":[{"href":"https:\/\/www.aquaquick2000.com\/it\/wp-json\/wp\/v2\/types\/page"}],"author":[{"embeddable":true,"href":"https:\/\/www.aquaquick2000.com\/it\/wp-json\/wp\/v2\/users\/1"}],"replies":[{"embeddable":true,"href":"https:\/\/www.aquaquick2000.com\/it\/wp-json\/wp\/v2\/comments?post=3561"}],"version-history":[{"count":0,"href":"https:\/\/www.aquaquick2000.com\/it\/wp-json\/wp\/v2\/pages\/3561\/revisions"}],"up":[{"embeddable":true,"href":"https:\/\/www.aquaquick2000.com\/it\/wp-json\/wp\/v2\/pages\/2564"}],"wp:featuredmedia":[{"embeddable":true,"href":"https:\/\/www.aquaquick2000.com\/it\/wp-json\/wp\/v2\/media\/5585"}],"wp:attachment":[{"href":"https:\/\/www.aquaquick2000.com\/it\/wp-json\/wp\/v2\/media?parent=3561"}],"curies":[{"name":"wp","href":"https:\/\/api.w.org\/{rel}","templated":true}]}}